{"id":982,"date":"2026-02-02T10:22:48","date_gmt":"2026-02-02T10:22:48","guid":{"rendered":"https:\/\/handdoekeninclusieflogo.shop.hidalgo.nl\/product\/k133-vintage-fouta\/"},"modified":"2026-02-17T11:59:37","modified_gmt":"2026-02-17T11:59:37","slug":"k133-vintage-fouta","status":"publish","type":"product","link":"https:\/\/handdoekinclusieflogo.nl\/de\/product\/982\/hamamtuch-k133-vintage-fouta-bedrucken-leicht-sauna-one-size\/","title":{"rendered":"K133 &#8211; Vintage fouta"},"content":{"rendered":"<p>100% katoen. Afmetingen: 165\u00a0cm x 90 cm. Verwassen look. Gevlochten franjes met een knoop. Dit product kreeg een speciale behandeling om het er verouderd te laten uitzien. Dit ambachtelijke proced\u00e9 maakt dat er kleurverschillen zijn tussen de producten, waardoor elk stuk uniek is.<\/p>\n","protected":false},"excerpt":{"rendered":"<p>100% katoen. Afmetingen: 165\u00a0cm x 90 cm. Verwassen look. Gevlochten franjes met een knoop. Dit product kreeg een speciale behandeling om het er verouderd te laten uitzien. Dit ambachtelijke proced\u00e9 maakt dat er kleurverschillen zijn tussen de producten, waardoor elk stuk uniek is.<\/p>\n","protected":false},"featured_media":983,"template":"","meta":{"_acf_changed":false,"om_disable_all_campaigns":false,"_monsterinsights_skip_tracking":false,"_monsterinsights_sitenote_active":false,"_monsterinsights_sitenote_note":"","_monsterinsights_sitenote_category":0,"_uf_show_specific_survey":0,"_uf_disable_surveys":false},"product_brand":[95],"product_cat":[171,40,164],"product_tag":[],"class_list":{"0":"post-982","1":"product","2":"type-product","3":"status-publish","4":"has-post-thumbnail","6":"product_supplier-a403","7":"product_material-katoen","8":"product_brand-kariban","9":"product_cat-bedrukken","10":"product_cat-handdoeken-hammam-doeken","11":"product_cat-handdoeken","12":"entry","14":"first","15":"instock","16":"taxable","17":"shipping-taxable","18":"purchasable","19":"product-type-variable"},"acf":{"imprint_cost":[{"imprint_cost_key":"33483b79de35c41f6a5968127e3727b83ce2fe0b","product_quantity_price_range":[{"imprint_cost_recommended_selling_price":"0","imprint_cost_recommended_selling_quantity":"1"}],"product_quantity_price_range_buying":false,"imprint_cost_setup_costs":"","imprint_cost_handling_costs":""}]},"aioseo_notices":[],"aioseo_head":"\n\t\t<!-- All in One SEO Pro 4.9.6.2 - aioseo.com -->\n\t<meta name=\"description\" content=\"Erlebe den Komfort eines vielseitigen Hamamtuchs: leicht, schnell trocknend und platzsparend. Perfekt f\u00fcr Reisen, Strand und Fitness. Personalisiere es mit deinem eigenen Logo &amp; nutze es als einzigartigen Werbetr\u00e4ger. Die Vintage-Waschung verleiht jedem St\u00fcck seinen individuellen Charme.\" \/>\n\t<meta name=\"robots\" content=\"max-image-preview:large\" \/>\n\t<meta name=\"google-site-verification\" content=\"BBMiYHShnVBoc8v9xoHf0FXMC27otVB0wiWxw_hFRrM\" \/>\n\t<link rel=\"canonical\" href=\"https:\/\/handdoekinclusieflogo.nl\/de\/wp-json\/wp\/v2\/product\/982\" \/>\n\t<meta name=\"generator\" content=\"All in One SEO Pro (AIOSEO) 4.9.6.2\" \/>\n\t\t<meta property=\"og:locale\" content=\"de_DE\" \/>\n\t\t<meta property=\"og:site_name\" content=\"Handdoekeninclusieflogo -\" \/>\n\t\t<meta property=\"og:type\" content=\"article\" \/>\n\t\t<meta property=\"og:title\" content=\"Hamamtuch K133-Vintage Fouta-bedrucken-leicht-Sauna-One-size\" \/>\n\t\t<meta property=\"og:description\" content=\"Erlebe den Komfort eines vielseitigen Hamamtuchs: leicht, schnell trocknend und platzsparend. Perfekt f\u00fcr Reisen, Strand und Fitness. Personalisiere es mit deinem eigenen Logo &amp; nutze es als einzigartigen Werbetr\u00e4ger. Die Vintage-Waschung verleiht jedem St\u00fcck seinen individuellen Charme.\" \/>\n\t\t<meta property=\"og:url\" content=\"https:\/\/handdoekinclusieflogo.nl\/de\/wp-json\/wp\/v2\/product\/982\" \/>\n\t\t<meta property=\"og:image\" content=\"https:\/\/shop.hidalgo.nl\/wp-content\/uploads\/2026\/02\/cropped-logo-handdoek.png\" \/>\n\t\t<meta property=\"og:image:secure_url\" content=\"https:\/\/shop.hidalgo.nl\/wp-content\/uploads\/2026\/02\/cropped-logo-handdoek.png\" \/>\n\t\t<meta property=\"article:published_time\" content=\"2026-02-02T10:22:48+00:00\" \/>\n\t\t<meta property=\"article:modified_time\" content=\"2026-02-17T11:59:37+00:00\" \/>\n\t\t<meta property=\"article:publisher\" content=\"https:\/\/www.facebook.com\/hidalgobagsandmore\/\" \/>\n\t\t<meta name=\"twitter:card\" content=\"summary_large_image\" \/>\n\t\t<meta name=\"twitter:site\" content=\"@Hidalgo_BV\" \/>\n\t\t<meta name=\"twitter:title\" content=\"Hamamtuch K133-Vintage Fouta-bedrucken-leicht-Sauna-One-size\" \/>\n\t\t<meta name=\"twitter:description\" content=\"Erlebe den Komfort eines vielseitigen Hamamtuchs: leicht, schnell trocknend und platzsparend. Perfekt f\u00fcr Reisen, Strand und Fitness. Personalisiere es mit deinem eigenen Logo &amp; nutze es als einzigartigen Werbetr\u00e4ger. Die Vintage-Waschung verleiht jedem St\u00fcck seinen individuellen Charme.\" \/>\n\t\t<meta name=\"twitter:image\" content=\"https:\/\/shop.hidalgo.nl\/wp-content\/uploads\/2026\/02\/cropped-logo-handdoek.png\" \/>\n\t\t<script type=\"application\/ld+json\" class=\"aioseo-schema\">\n\t\t\t{\"@context\":\"https:\\\/\\\/schema.org\",\"@graph\":[{\"@type\":\"BreadcrumbList\",\"@id\":\"https:\\\/\\\/handdoekinclusieflogo.nl\\\/de\\\/product\\\/982\\\/hamamtuch-k133-vintage-fouta-bedrucken-leicht-sauna-one-size\\\/#breadcrumblist\",\"itemListElement\":[{\"@type\":\"ListItem\",\"@id\":\"https:\\\/\\\/handdoekinclusieflogo.nl\\\/de\\\/#listItem\",\"position\":1,\"name\":\"Home\",\"item\":\"https:\\\/\\\/handdoekinclusieflogo.nl\\\/de\\\/\",\"nextItem\":{\"@type\":\"ListItem\",\"@id\":\"https:\\\/\\\/handdoekinclusieflogo.nl\\\/shop\\\/#listItem\",\"name\":\"Shop\"}},{\"@type\":\"ListItem\",\"@id\":\"https:\\\/\\\/handdoekinclusieflogo.nl\\\/shop\\\/#listItem\",\"position\":2,\"name\":\"Shop\",\"item\":\"https:\\\/\\\/handdoekinclusieflogo.nl\\\/shop\\\/\",\"nextItem\":{\"@type\":\"ListItem\",\"@id\":\"https:\\\/\\\/handdoekinclusieflogo.nl\\\/de\\\/product-supplier\\\/a403\\\/#listItem\",\"name\":\"A403-TopTex\"},\"previousItem\":{\"@type\":\"ListItem\",\"@id\":\"https:\\\/\\\/handdoekinclusieflogo.nl\\\/de\\\/#listItem\",\"name\":\"Home\"}},{\"@type\":\"ListItem\",\"@id\":\"https:\\\/\\\/handdoekinclusieflogo.nl\\\/de\\\/product-supplier\\\/a403\\\/#listItem\",\"position\":3,\"name\":\"A403-TopTex\",\"item\":\"https:\\\/\\\/handdoekinclusieflogo.nl\\\/de\\\/product-supplier\\\/a403\\\/\",\"nextItem\":{\"@type\":\"ListItem\",\"@id\":\"https:\\\/\\\/handdoekinclusieflogo.nl\\\/de\\\/product\\\/982\\\/hamamtuch-k133-vintage-fouta-bedrucken-leicht-sauna-one-size\\\/#listItem\",\"name\":\"K133 &#8211; Vintage fouta\"},\"previousItem\":{\"@type\":\"ListItem\",\"@id\":\"https:\\\/\\\/handdoekinclusieflogo.nl\\\/shop\\\/#listItem\",\"name\":\"Shop\"}},{\"@type\":\"ListItem\",\"@id\":\"https:\\\/\\\/handdoekinclusieflogo.nl\\\/de\\\/product\\\/982\\\/hamamtuch-k133-vintage-fouta-bedrucken-leicht-sauna-one-size\\\/#listItem\",\"position\":4,\"name\":\"K133 &#8211; Vintage fouta\",\"previousItem\":{\"@type\":\"ListItem\",\"@id\":\"https:\\\/\\\/handdoekinclusieflogo.nl\\\/de\\\/product-supplier\\\/a403\\\/#listItem\",\"name\":\"A403-TopTex\"}}]},{\"@type\":\"ItemPage\",\"@id\":\"https:\\\/\\\/handdoekinclusieflogo.nl\\\/de\\\/product\\\/982\\\/hamamtuch-k133-vintage-fouta-bedrucken-leicht-sauna-one-size\\\/#itempage\",\"url\":\"https:\\\/\\\/handdoekinclusieflogo.nl\\\/de\\\/product\\\/982\\\/hamamtuch-k133-vintage-fouta-bedrucken-leicht-sauna-one-size\\\/\",\"name\":\"Hamamtuch K133-Vintage Fouta-bedrucken-leicht-Sauna-One-size\",\"description\":\"Erlebe den Komfort eines vielseitigen Hamamtuchs: leicht, schnell trocknend und platzsparend. Perfekt f\\u00fcr Reisen, Strand und Fitness. Personalisiere es mit deinem eigenen Logo & nutze es als einzigartigen Werbetr\\u00e4ger. Die Vintage-Waschung verleiht jedem St\\u00fcck seinen individuellen Charme.\",\"inLanguage\":\"de-DE\",\"isPartOf\":{\"@id\":\"https:\\\/\\\/handdoekinclusieflogo.nl\\\/de\\\/#website\"},\"breadcrumb\":{\"@id\":\"https:\\\/\\\/handdoekinclusieflogo.nl\\\/de\\\/product\\\/982\\\/hamamtuch-k133-vintage-fouta-bedrucken-leicht-sauna-one-size\\\/#breadcrumblist\"},\"image\":{\"@type\":\"ImageObject\",\"url\":\"https:\\\/\\\/shop.hidalgo.nl\\\/wp-content\\\/uploads\\\/2025\\\/04\\\/05451aa85bf84371808369b9190265d4199f353a32acf24638a0448e3ff57a74.png\",\"@id\":\"https:\\\/\\\/handdoekinclusieflogo.nl\\\/de\\\/product\\\/982\\\/hamamtuch-k133-vintage-fouta-bedrucken-leicht-sauna-one-size\\\/#mainImage\"},\"primaryImageOfPage\":{\"@id\":\"https:\\\/\\\/handdoekinclusieflogo.nl\\\/de\\\/product\\\/982\\\/hamamtuch-k133-vintage-fouta-bedrucken-leicht-sauna-one-size\\\/#mainImage\"},\"datePublished\":\"2026-02-02T10:22:48+00:00\",\"dateModified\":\"2026-02-17T11:59:37+00:00\"},{\"@type\":\"Organization\",\"@id\":\"https:\\\/\\\/handdoekinclusieflogo.nl\\\/de\\\/#organization\",\"name\":\"Handdoekeninclusieflogo\",\"url\":\"https:\\\/\\\/handdoekinclusieflogo.nl\\\/de\\\/\",\"telephone\":\"+31793310133\",\"logo\":{\"@type\":\"ImageObject\",\"url\":\"https:\\\/\\\/shop.hidalgo.nl\\\/wp-content\\\/uploads\\\/2026\\\/02\\\/logo-handdoek.png\",\"@id\":\"https:\\\/\\\/handdoekinclusieflogo.nl\\\/de\\\/product\\\/982\\\/hamamtuch-k133-vintage-fouta-bedrucken-leicht-sauna-one-size\\\/#organizationLogo\",\"width\":600,\"height\":264},\"image\":{\"@id\":\"https:\\\/\\\/handdoekinclusieflogo.nl\\\/de\\\/product\\\/982\\\/hamamtuch-k133-vintage-fouta-bedrucken-leicht-sauna-one-size\\\/#organizationLogo\"},\"sameAs\":[\"https:\\\/\\\/www.facebook.com\\\/hidalgobagsandmore\\\/\",\"https:\\\/\\\/x.com\\\/Hidalgo_BV\",\"https:\\\/\\\/www.instagram.com\\\/hidalgobagsandmore\",\"https:\\\/\\\/www.youtube.com\\\/@hidalgobagsandmore\",\"https:\\\/\\\/linkedin.com\\\/in\\\/rutgerblommers\"]},{\"@type\":\"WebPage\",\"@id\":\"https:\\\/\\\/handdoekinclusieflogo.nl\\\/de\\\/product\\\/982\\\/hamamtuch-k133-vintage-fouta-bedrucken-leicht-sauna-one-size\\\/#webpage\",\"url\":\"https:\\\/\\\/handdoekinclusieflogo.nl\\\/de\\\/product\\\/982\\\/hamamtuch-k133-vintage-fouta-bedrucken-leicht-sauna-one-size\\\/\",\"name\":\"Hamamtuch K133-Vintage Fouta-bedrucken-leicht-Sauna-One-size\",\"description\":\"Erlebe den Komfort eines vielseitigen Hamamtuchs: leicht, schnell trocknend und platzsparend. Perfekt f\\u00fcr Reisen, Strand und Fitness. Personalisiere es mit deinem eigenen Logo & nutze es als einzigartigen Werbetr\\u00e4ger. Die Vintage-Waschung verleiht jedem St\\u00fcck seinen individuellen Charme.\",\"inLanguage\":\"de-DE\",\"isPartOf\":{\"@id\":\"https:\\\/\\\/handdoekinclusieflogo.nl\\\/de\\\/#website\"},\"breadcrumb\":{\"@id\":\"https:\\\/\\\/handdoekinclusieflogo.nl\\\/de\\\/product\\\/982\\\/hamamtuch-k133-vintage-fouta-bedrucken-leicht-sauna-one-size\\\/#breadcrumblist\"},\"image\":{\"@type\":\"ImageObject\",\"url\":\"https:\\\/\\\/shop.hidalgo.nl\\\/wp-content\\\/uploads\\\/2025\\\/04\\\/05451aa85bf84371808369b9190265d4199f353a32acf24638a0448e3ff57a74.png\",\"@id\":\"https:\\\/\\\/handdoekinclusieflogo.nl\\\/de\\\/product\\\/982\\\/hamamtuch-k133-vintage-fouta-bedrucken-leicht-sauna-one-size\\\/#mainImage\"},\"primaryImageOfPage\":{\"@id\":\"https:\\\/\\\/handdoekinclusieflogo.nl\\\/de\\\/product\\\/982\\\/hamamtuch-k133-vintage-fouta-bedrucken-leicht-sauna-one-size\\\/#mainImage\"},\"datePublished\":\"2026-02-02T10:22:48+00:00\",\"dateModified\":\"2026-02-17T11:59:37+00:00\"},{\"@type\":\"WebSite\",\"@id\":\"https:\\\/\\\/handdoekinclusieflogo.nl\\\/de\\\/#website\",\"url\":\"https:\\\/\\\/handdoekinclusieflogo.nl\\\/de\\\/\",\"name\":\"Handdoekeninclusieflogo\",\"inLanguage\":\"de-DE\",\"publisher\":{\"@id\":\"https:\\\/\\\/handdoekinclusieflogo.nl\\\/de\\\/#organization\"}}]}\n\t\t<\/script>\n\t\t<!-- All in One SEO Pro -->\r\n\t\t<title>Hamamtuch K133-Vintage Fouta-bedrucken-leicht-Sauna-One-size<\/title>\n\n","aioseo_head_json":{"title":"Hamamtuch K133-Vintage Fouta-bedrucken-leicht-Sauna-One-size","description":"Erlebe den Komfort eines vielseitigen Hamamtuchs: leicht, schnell trocknend und platzsparend. Perfekt f\u00fcr Reisen, Strand und Fitness. Personalisiere es mit deinem eigenen Logo & nutze es als einzigartigen Werbetr\u00e4ger. Die Vintage-Waschung verleiht jedem St\u00fcck seinen individuellen Charme.","canonical_url":"https:\/\/handdoekinclusieflogo.nl\/de\/wp-json\/wp\/v2\/product\/982","robots":"max-image-preview:large","keywords":"","webmasterTools":{"google-site-verification":"BBMiYHShnVBoc8v9xoHf0FXMC27otVB0wiWxw_hFRrM","miscellaneous":""},"schema":{"@context":"https:\/\/schema.org","@graph":[{"@type":"BreadcrumbList","@id":"https:\/\/handdoekinclusieflogo.nl\/de\/product\/982\/hamamtuch-k133-vintage-fouta-bedrucken-leicht-sauna-one-size\/#breadcrumblist","itemListElement":[{"@type":"ListItem","@id":"https:\/\/handdoekinclusieflogo.nl\/de\/#listItem","position":1,"name":"Home","item":"https:\/\/handdoekinclusieflogo.nl\/de\/","nextItem":{"@type":"ListItem","@id":"https:\/\/handdoekinclusieflogo.nl\/shop\/#listItem","name":"Shop"}},{"@type":"ListItem","@id":"https:\/\/handdoekinclusieflogo.nl\/shop\/#listItem","position":2,"name":"Shop","item":"https:\/\/handdoekinclusieflogo.nl\/shop\/","nextItem":{"@type":"ListItem","@id":"https:\/\/handdoekinclusieflogo.nl\/de\/product-supplier\/a403\/#listItem","name":"A403-TopTex"},"previousItem":{"@type":"ListItem","@id":"https:\/\/handdoekinclusieflogo.nl\/de\/#listItem","name":"Home"}},{"@type":"ListItem","@id":"https:\/\/handdoekinclusieflogo.nl\/de\/product-supplier\/a403\/#listItem","position":3,"name":"A403-TopTex","item":"https:\/\/handdoekinclusieflogo.nl\/de\/product-supplier\/a403\/","nextItem":{"@type":"ListItem","@id":"https:\/\/handdoekinclusieflogo.nl\/de\/product\/982\/hamamtuch-k133-vintage-fouta-bedrucken-leicht-sauna-one-size\/#listItem","name":"K133 &#8211; Vintage fouta"},"previousItem":{"@type":"ListItem","@id":"https:\/\/handdoekinclusieflogo.nl\/shop\/#listItem","name":"Shop"}},{"@type":"ListItem","@id":"https:\/\/handdoekinclusieflogo.nl\/de\/product\/982\/hamamtuch-k133-vintage-fouta-bedrucken-leicht-sauna-one-size\/#listItem","position":4,"name":"K133 &#8211; Vintage fouta","previousItem":{"@type":"ListItem","@id":"https:\/\/handdoekinclusieflogo.nl\/de\/product-supplier\/a403\/#listItem","name":"A403-TopTex"}}]},{"@type":"ItemPage","@id":"https:\/\/handdoekinclusieflogo.nl\/de\/product\/982\/hamamtuch-k133-vintage-fouta-bedrucken-leicht-sauna-one-size\/#itempage","url":"https:\/\/handdoekinclusieflogo.nl\/de\/product\/982\/hamamtuch-k133-vintage-fouta-bedrucken-leicht-sauna-one-size\/","name":"Hamamtuch K133-Vintage Fouta-bedrucken-leicht-Sauna-One-size","description":"Erlebe den Komfort eines vielseitigen Hamamtuchs: leicht, schnell trocknend und platzsparend. Perfekt f\u00fcr Reisen, Strand und Fitness. Personalisiere es mit deinem eigenen Logo & nutze es als einzigartigen Werbetr\u00e4ger. Die Vintage-Waschung verleiht jedem St\u00fcck seinen individuellen Charme.","inLanguage":"de-DE","isPartOf":{"@id":"https:\/\/handdoekinclusieflogo.nl\/de\/#website"},"breadcrumb":{"@id":"https:\/\/handdoekinclusieflogo.nl\/de\/product\/982\/hamamtuch-k133-vintage-fouta-bedrucken-leicht-sauna-one-size\/#breadcrumblist"},"image":{"@type":"ImageObject","url":"https:\/\/shop.hidalgo.nl\/wp-content\/uploads\/2025\/04\/05451aa85bf84371808369b9190265d4199f353a32acf24638a0448e3ff57a74.png","@id":"https:\/\/handdoekinclusieflogo.nl\/de\/product\/982\/hamamtuch-k133-vintage-fouta-bedrucken-leicht-sauna-one-size\/#mainImage"},"primaryImageOfPage":{"@id":"https:\/\/handdoekinclusieflogo.nl\/de\/product\/982\/hamamtuch-k133-vintage-fouta-bedrucken-leicht-sauna-one-size\/#mainImage"},"datePublished":"2026-02-02T10:22:48+00:00","dateModified":"2026-02-17T11:59:37+00:00"},{"@type":"Organization","@id":"https:\/\/handdoekinclusieflogo.nl\/de\/#organization","name":"Handdoekeninclusieflogo","url":"https:\/\/handdoekinclusieflogo.nl\/de\/","telephone":"+31793310133","logo":{"@type":"ImageObject","url":"https:\/\/shop.hidalgo.nl\/wp-content\/uploads\/2026\/02\/logo-handdoek.png","@id":"https:\/\/handdoekinclusieflogo.nl\/de\/product\/982\/hamamtuch-k133-vintage-fouta-bedrucken-leicht-sauna-one-size\/#organizationLogo","width":600,"height":264},"image":{"@id":"https:\/\/handdoekinclusieflogo.nl\/de\/product\/982\/hamamtuch-k133-vintage-fouta-bedrucken-leicht-sauna-one-size\/#organizationLogo"},"sameAs":["https:\/\/www.facebook.com\/hidalgobagsandmore\/","https:\/\/x.com\/Hidalgo_BV","https:\/\/www.instagram.com\/hidalgobagsandmore","https:\/\/www.youtube.com\/@hidalgobagsandmore","https:\/\/linkedin.com\/in\/rutgerblommers"]},{"@type":"WebPage","@id":"https:\/\/handdoekinclusieflogo.nl\/de\/product\/982\/hamamtuch-k133-vintage-fouta-bedrucken-leicht-sauna-one-size\/#webpage","url":"https:\/\/handdoekinclusieflogo.nl\/de\/product\/982\/hamamtuch-k133-vintage-fouta-bedrucken-leicht-sauna-one-size\/","name":"Hamamtuch K133-Vintage Fouta-bedrucken-leicht-Sauna-One-size","description":"Erlebe den Komfort eines vielseitigen Hamamtuchs: leicht, schnell trocknend und platzsparend. Perfekt f\u00fcr Reisen, Strand und Fitness. Personalisiere es mit deinem eigenen Logo & nutze es als einzigartigen Werbetr\u00e4ger. Die Vintage-Waschung verleiht jedem St\u00fcck seinen individuellen Charme.","inLanguage":"de-DE","isPartOf":{"@id":"https:\/\/handdoekinclusieflogo.nl\/de\/#website"},"breadcrumb":{"@id":"https:\/\/handdoekinclusieflogo.nl\/de\/product\/982\/hamamtuch-k133-vintage-fouta-bedrucken-leicht-sauna-one-size\/#breadcrumblist"},"image":{"@type":"ImageObject","url":"https:\/\/shop.hidalgo.nl\/wp-content\/uploads\/2025\/04\/05451aa85bf84371808369b9190265d4199f353a32acf24638a0448e3ff57a74.png","@id":"https:\/\/handdoekinclusieflogo.nl\/de\/product\/982\/hamamtuch-k133-vintage-fouta-bedrucken-leicht-sauna-one-size\/#mainImage"},"primaryImageOfPage":{"@id":"https:\/\/handdoekinclusieflogo.nl\/de\/product\/982\/hamamtuch-k133-vintage-fouta-bedrucken-leicht-sauna-one-size\/#mainImage"},"datePublished":"2026-02-02T10:22:48+00:00","dateModified":"2026-02-17T11:59:37+00:00"},{"@type":"WebSite","@id":"https:\/\/handdoekinclusieflogo.nl\/de\/#website","url":"https:\/\/handdoekinclusieflogo.nl\/de\/","name":"Handdoekeninclusieflogo","inLanguage":"de-DE","publisher":{"@id":"https:\/\/handdoekinclusieflogo.nl\/de\/#organization"}}]},"og:locale":"de_DE","og:site_name":"Handdoekeninclusieflogo -","og:type":"article","og:title":"Hamamtuch K133-Vintage Fouta-bedrucken-leicht-Sauna-One-size","og:description":"Erlebe den Komfort eines vielseitigen Hamamtuchs: leicht, schnell trocknend und platzsparend. Perfekt f\u00fcr Reisen, Strand und Fitness. Personalisiere es mit deinem eigenen Logo &amp; nutze es als einzigartigen Werbetr\u00e4ger. Die Vintage-Waschung verleiht jedem St\u00fcck seinen individuellen Charme.","og:url":"https:\/\/handdoekinclusieflogo.nl\/de\/wp-json\/wp\/v2\/product\/982","og:image":"https:\/\/shop.hidalgo.nl\/wp-content\/uploads\/2026\/02\/cropped-logo-handdoek.png","og:image:secure_url":"https:\/\/shop.hidalgo.nl\/wp-content\/uploads\/2026\/02\/cropped-logo-handdoek.png","article:published_time":"2026-02-02T10:22:48+00:00","article:modified_time":"2026-02-17T11:59:37+00:00","article:publisher":"https:\/\/www.facebook.com\/hidalgobagsandmore\/","twitter:card":"summary_large_image","twitter:site":"@Hidalgo_BV","twitter:title":"Hamamtuch K133-Vintage Fouta-bedrucken-leicht-Sauna-One-size","twitter:description":"Erlebe den Komfort eines vielseitigen Hamamtuchs: leicht, schnell trocknend und platzsparend. Perfekt f\u00fcr Reisen, Strand und Fitness. Personalisiere es mit deinem eigenen Logo &amp; nutze es als einzigartigen Werbetr\u00e4ger. Die Vintage-Waschung verleiht jedem St\u00fcck seinen individuellen Charme.","twitter:image":"https:\/\/shop.hidalgo.nl\/wp-content\/uploads\/2026\/02\/cropped-logo-handdoek.png"},"aioseo_meta_data":{"post_id":"982","title":null,"description":null,"keywords":null,"keyphrases":null,"primary_term":null,"canonical_url":null,"og_title":null,"og_description":null,"og_object_type":"default","og_image_type":"default","og_image_url":null,"og_image_width":null,"og_image_height":null,"og_image_custom_url":null,"og_image_custom_fields":null,"og_video":null,"og_custom_url":null,"og_article_section":null,"og_article_tags":null,"twitter_use_og":false,"twitter_card":"default","twitter_image_type":"default","twitter_image_url":null,"twitter_image_custom_url":null,"twitter_image_custom_fields":null,"twitter_title":null,"twitter_description":null,"schema":{"blockGraphs":[],"customGraphs":[],"default":{"data":{"Article":[],"Course":[],"Dataset":[],"FAQPage":[],"Movie":[],"Person":[],"Product":[],"ProductReview":[],"Car":[],"Recipe":[],"Service":[],"SoftwareApplication":[],"WebPage":[]},"graphName":"","isEnabled":true},"graphs":[]},"schema_type":"default","schema_type_options":null,"pillar_content":false,"robots_default":true,"robots_noindex":false,"robots_noarchive":false,"robots_nosnippet":false,"robots_nofollow":false,"robots_noimageindex":false,"robots_noodp":false,"robots_notranslate":false,"robots_max_snippet":null,"robots_max_videopreview":null,"robots_max_imagepreview":"large","priority":null,"frequency":null,"local_seo":null,"seo_analyzer_scan_date":"2026-02-10 13:37:11","breadcrumb_settings":null,"limit_modified_date":false,"reviewed_by":null,"open_ai":null,"ai":null,"created":"2026-02-02 10:23:04","updated":"2026-02-17 15:25:01"},"aioseo_breadcrumb":"<div class=\"aioseo-breadcrumbs\"><span class=\"aioseo-breadcrumb\">\n\t<a href=\"https:\/\/handdoekinclusieflogo.nl\/de\/\" title=\"Home\">Home<\/a>\n<\/span><span class=\"aioseo-breadcrumb-separator\">\u00bb<\/span><span class=\"aioseo-breadcrumb\">\n\t<a href=\"https:\/\/handdoekinclusieflogo.nl\/shop\/\" title=\"Shop\">Shop<\/a>\n<\/span><span class=\"aioseo-breadcrumb-separator\">\u00bb<\/span><span class=\"aioseo-breadcrumb\">\n\t<a href=\"https:\/\/handdoekinclusieflogo.nl\/de\/product-supplier\/a403\/\" title=\"A403-TopTex\">A403-TopTex<\/a>\n<\/span><span class=\"aioseo-breadcrumb-separator\">\u00bb<\/span><span class=\"aioseo-breadcrumb\">\n\tK133 \u2013 Vintage fouta\n<\/span><\/div>","aioseo_breadcrumb_json":[{"label":"Home","link":"https:\/\/handdoekinclusieflogo.nl\/de\/"},{"label":"Shop","link":"https:\/\/handdoekinclusieflogo.nl\/shop\/"},{"label":"A403-TopTex","link":"https:\/\/handdoekinclusieflogo.nl\/de\/product-supplier\/a403\/"},{"label":"K133 &#8211; Vintage fouta","link":"https:\/\/handdoekinclusieflogo.nl\/de\/product\/982\/hamamtuch-k133-vintage-fouta-bedrucken-leicht-sauna-one-size\/"}],"_links":{"self":[{"href":"https:\/\/handdoekinclusieflogo.nl\/de\/wp-json\/wp\/v2\/product\/982","targetHints":{"allow":["GET"]}}],"collection":[{"href":"https:\/\/handdoekinclusieflogo.nl\/de\/wp-json\/wp\/v2\/product"}],"about":[{"href":"https:\/\/handdoekinclusieflogo.nl\/de\/wp-json\/wp\/v2\/types\/product"}],"wp:featuredmedia":[{"embeddable":true,"href":"https:\/\/handdoekinclusieflogo.nl\/de\/wp-json\/wp\/v2\/media\/983"}],"wp:attachment":[{"href":"https:\/\/handdoekinclusieflogo.nl\/de\/wp-json\/wp\/v2\/media?parent=982"}],"wp:term":[{"taxonomy":"product_brand","embeddable":true,"href":"https:\/\/handdoekinclusieflogo.nl\/de\/wp-json\/wp\/v2\/product_brand?post=982"},{"taxonomy":"product_cat","embeddable":true,"href":"https:\/\/handdoekinclusieflogo.nl\/de\/wp-json\/wp\/v2\/product_cat?post=982"},{"taxonomy":"product_tag","embeddable":true,"href":"https:\/\/handdoekinclusieflogo.nl\/de\/wp-json\/wp\/v2\/product_tag?post=982"}],"curies":[{"name":"wp","href":"https:\/\/api.w.org\/{rel}","templated":true}]}}