{"id":848,"date":"2026-02-02T10:16:52","date_gmt":"2026-02-02T10:16:52","guid":{"rendered":"https:\/\/handdoekeninclusieflogo.shop.hidalgo.nl\/product\/sophie-muval-sublimatie-handdoek-140x70-cm-350-gr-m%c2%b2\/"},"modified":"2026-02-17T11:59:37","modified_gmt":"2026-02-17T11:59:37","slug":"sophie-muval-sublimatie-handdoek-140x70-cm-350-gr-m%c2%b2","status":"publish","type":"product","link":"https:\/\/handdoekinclusieflogo.nl\/de\/product\/848\/handtuch-bedrucken-sophie-muval-alloverdruck-350-g-m%c2%b2-140x70\/","title":{"rendered":"Sophie Muval sublimatie handdoek 140&#215;70 cm, 350 gr\/m\u00b2"},"content":{"rendered":"<p>Deze extra zachte doubleface handdoek van 140&#215;70 cm is een echte must-have! De handdoek is gemaakt van 50% katoen en 50% polyester en heeft een grammage van 350 gr\/m\u00b2. De bovenkant kan bedrukt worden met een all over sublimatieprint. <\/p>\n","protected":false},"excerpt":{"rendered":"<p>Sophie Muval sublimatie handdoek 140&#215;70 cm, 350 gr\/m\u00b2. 50% katoen, 50% polyester. <\/p>\n","protected":false},"featured_media":849,"template":"","meta":{"_acf_changed":false,"om_disable_all_campaigns":false,"_monsterinsights_skip_tracking":false,"_monsterinsights_sitenote_active":false,"_monsterinsights_sitenote_note":"","_monsterinsights_sitenote_category":0,"_uf_show_specific_survey":0,"_uf_disable_surveys":false},"product_brand":[],"product_cat":[59,173,164],"product_tag":[],"class_list":{"0":"post-848","1":"product","2":"type-product","3":"status-publish","4":"has-post-thumbnail","6":"product_supplier-a86","7":"product_material-50-katoen","8":"product_material-50-polyester","9":"product_cat-handdoeken-badhanddoeken","10":"product_cat-full-colour-sublimatie","11":"product_cat-handdoeken","12":"entry","14":"first","15":"instock","16":"taxable","17":"shipping-taxable","18":"purchasable","19":"product-type-variable"},"acf":{"imprint_cost":[{"imprint_cost_key":"39cd74f8b87ee4d4803eb9f9d891f64d3dc755a2","product_quantity_price_range":[{"imprint_cost_recommended_selling_price":"8.295","imprint_cost_recommended_selling_quantity":"25"},{"imprint_cost_recommended_selling_price":"6.255","imprint_cost_recommended_selling_quantity":"50"},{"imprint_cost_recommended_selling_price":"4.23","imprint_cost_recommended_selling_quantity":"100"},{"imprint_cost_recommended_selling_price":"4.17","imprint_cost_recommended_selling_quantity":"250"},{"imprint_cost_recommended_selling_price":"4.035","imprint_cost_recommended_selling_quantity":"500"},{"imprint_cost_recommended_selling_price":"3.945","imprint_cost_recommended_selling_quantity":"1000"},{"imprint_cost_recommended_selling_price":"3.885","imprint_cost_recommended_selling_quantity":"2500"}],"product_quantity_price_range_buying":[{"imprint_cost_general_buying_price":"5.53","imprint_cost_general_buying_quantity":"25"},{"imprint_cost_general_buying_price":"4.17","imprint_cost_general_buying_quantity":"50"},{"imprint_cost_general_buying_price":"2.82","imprint_cost_general_buying_quantity":"100"},{"imprint_cost_general_buying_price":"2.78","imprint_cost_general_buying_quantity":"250"},{"imprint_cost_general_buying_price":"2.69","imprint_cost_general_buying_quantity":"500"},{"imprint_cost_general_buying_price":"2.63","imprint_cost_general_buying_quantity":"1000"},{"imprint_cost_general_buying_price":"2.59","imprint_cost_general_buying_quantity":"2500"}],"imprint_cost_setup_costs":"41.25","imprint_cost_handling_costs":"0"}]},"aioseo_notices":[],"aioseo_head":"\n\t\t<!-- All in One SEO Pro 4.9.5.2 - aioseo.com -->\n\t<meta name=\"description\" content=\"Gestalte dein Sport- &amp; Fitnesserlebnis mit einem personalisierten Design. Die weiche R\u00fcckseite sorgt f\u00fcr Komfort, w\u00e4hrend die wei\u00dfe Fl\u00e4che dein individuelles Logo perfekt zur Geltung bringt. Ideal f\u00fcr Unternehmen und Vereine, die ein einzigartiges Werbegeschenk suchen.\" \/>\n\t<meta name=\"robots\" content=\"max-image-preview:large\" \/>\n\t<meta name=\"google-site-verification\" content=\"BBMiYHShnVBoc8v9xoHf0FXMC27otVB0wiWxw_hFRrM\" \/>\n\t<link rel=\"canonical\" href=\"https:\/\/handdoekinclusieflogo.nl\/de\/wp-json\/wp\/v2\/product\/848\" \/>\n\t<meta name=\"generator\" content=\"All in One SEO Pro (AIOSEO) 4.9.5.2\" \/>\n\t\t<meta property=\"og:locale\" content=\"de_DE\" \/>\n\t\t<meta property=\"og:site_name\" content=\"Handdoekeninclusieflogo -\" \/>\n\t\t<meta property=\"og:type\" content=\"article\" \/>\n\t\t<meta property=\"og:title\" content=\"Handtuch bedrucken Sophie Muval Alloverdruck 350 g\/m\u00b2 140\u00d770\" \/>\n\t\t<meta property=\"og:description\" content=\"Gestalte dein Sport- &amp; Fitnesserlebnis mit einem personalisierten Design. Die weiche R\u00fcckseite sorgt f\u00fcr Komfort, w\u00e4hrend die wei\u00dfe Fl\u00e4che dein individuelles Logo perfekt zur Geltung bringt. Ideal f\u00fcr Unternehmen und Vereine, die ein einzigartiges Werbegeschenk suchen.\" \/>\n\t\t<meta property=\"og:url\" content=\"https:\/\/handdoekinclusieflogo.nl\/de\/wp-json\/wp\/v2\/product\/848\" \/>\n\t\t<meta property=\"og:image\" content=\"https:\/\/shop.hidalgo.nl\/wp-content\/uploads\/2026\/02\/cropped-logo-handdoek.png\" \/>\n\t\t<meta property=\"og:image:secure_url\" content=\"https:\/\/shop.hidalgo.nl\/wp-content\/uploads\/2026\/02\/cropped-logo-handdoek.png\" \/>\n\t\t<meta property=\"article:published_time\" content=\"2026-02-02T10:16:52+00:00\" \/>\n\t\t<meta property=\"article:modified_time\" content=\"2026-02-17T11:59:37+00:00\" \/>\n\t\t<meta property=\"article:publisher\" content=\"https:\/\/www.facebook.com\/hidalgobagsandmore\/\" \/>\n\t\t<meta name=\"twitter:card\" content=\"summary_large_image\" \/>\n\t\t<meta name=\"twitter:site\" content=\"@Hidalgo_BV\" \/>\n\t\t<meta name=\"twitter:title\" content=\"Handtuch bedrucken Sophie Muval Alloverdruck 350 g\/m\u00b2 140\u00d770\" \/>\n\t\t<meta name=\"twitter:description\" content=\"Gestalte dein Sport- &amp; Fitnesserlebnis mit einem personalisierten Design. Die weiche R\u00fcckseite sorgt f\u00fcr Komfort, w\u00e4hrend die wei\u00dfe Fl\u00e4che dein individuelles Logo perfekt zur Geltung bringt. Ideal f\u00fcr Unternehmen und Vereine, die ein einzigartiges Werbegeschenk suchen.\" \/>\n\t\t<meta name=\"twitter:image\" content=\"https:\/\/shop.hidalgo.nl\/wp-content\/uploads\/2026\/02\/cropped-logo-handdoek.png\" \/>\n\t\t<script type=\"application\/ld+json\" class=\"aioseo-schema\">\n\t\t\t{\"@context\":\"https:\\\/\\\/schema.org\",\"@graph\":[{\"@type\":\"BreadcrumbList\",\"@id\":\"https:\\\/\\\/handdoekinclusieflogo.nl\\\/de\\\/product\\\/848\\\/handtuch-bedrucken-sophie-muval-alloverdruck-350-g-m%c2%b2-140x70\\\/#breadcrumblist\",\"itemListElement\":[{\"@type\":\"ListItem\",\"@id\":\"https:\\\/\\\/handdoekinclusieflogo.nl\\\/de\\\/#listItem\",\"position\":1,\"name\":\"Home\",\"item\":\"https:\\\/\\\/handdoekinclusieflogo.nl\\\/de\\\/\",\"nextItem\":{\"@type\":\"ListItem\",\"@id\":\"https:\\\/\\\/handdoekinclusieflogo.nl\\\/shop\\\/#listItem\",\"name\":\"Shop\"}},{\"@type\":\"ListItem\",\"@id\":\"https:\\\/\\\/handdoekinclusieflogo.nl\\\/shop\\\/#listItem\",\"position\":2,\"name\":\"Shop\",\"item\":\"https:\\\/\\\/handdoekinclusieflogo.nl\\\/shop\\\/\",\"nextItem\":{\"@type\":\"ListItem\",\"@id\":\"https:\\\/\\\/handdoekinclusieflogo.nl\\\/de\\\/product-supplier\\\/a86\\\/#listItem\",\"name\":\"A86-Araco\"},\"previousItem\":{\"@type\":\"ListItem\",\"@id\":\"https:\\\/\\\/handdoekinclusieflogo.nl\\\/de\\\/#listItem\",\"name\":\"Home\"}},{\"@type\":\"ListItem\",\"@id\":\"https:\\\/\\\/handdoekinclusieflogo.nl\\\/de\\\/product-supplier\\\/a86\\\/#listItem\",\"position\":3,\"name\":\"A86-Araco\",\"item\":\"https:\\\/\\\/handdoekinclusieflogo.nl\\\/de\\\/product-supplier\\\/a86\\\/\",\"nextItem\":{\"@type\":\"ListItem\",\"@id\":\"https:\\\/\\\/handdoekinclusieflogo.nl\\\/de\\\/product\\\/848\\\/handtuch-bedrucken-sophie-muval-alloverdruck-350-g-m%c2%b2-140x70\\\/#listItem\",\"name\":\"Sophie Muval sublimatie handdoek 140&#215;70 cm, 350 gr\\\/m\\u00b2\"},\"previousItem\":{\"@type\":\"ListItem\",\"@id\":\"https:\\\/\\\/handdoekinclusieflogo.nl\\\/shop\\\/#listItem\",\"name\":\"Shop\"}},{\"@type\":\"ListItem\",\"@id\":\"https:\\\/\\\/handdoekinclusieflogo.nl\\\/de\\\/product\\\/848\\\/handtuch-bedrucken-sophie-muval-alloverdruck-350-g-m%c2%b2-140x70\\\/#listItem\",\"position\":4,\"name\":\"Sophie Muval sublimatie handdoek 140&#215;70 cm, 350 gr\\\/m\\u00b2\",\"previousItem\":{\"@type\":\"ListItem\",\"@id\":\"https:\\\/\\\/handdoekinclusieflogo.nl\\\/de\\\/product-supplier\\\/a86\\\/#listItem\",\"name\":\"A86-Araco\"}}]},{\"@type\":\"ItemPage\",\"@id\":\"https:\\\/\\\/handdoekinclusieflogo.nl\\\/de\\\/product\\\/848\\\/handtuch-bedrucken-sophie-muval-alloverdruck-350-g-m%c2%b2-140x70\\\/#itempage\",\"url\":\"https:\\\/\\\/handdoekinclusieflogo.nl\\\/de\\\/product\\\/848\\\/handtuch-bedrucken-sophie-muval-alloverdruck-350-g-m%c2%b2-140x70\\\/\",\"name\":\"Handtuch bedrucken Sophie Muval Alloverdruck 350 g\\\/m\\u00b2 140\\u00d770\",\"description\":\"Gestalte dein Sport- & Fitnesserlebnis mit einem personalisierten Design. Die weiche R\\u00fcckseite sorgt f\\u00fcr Komfort, w\\u00e4hrend die wei\\u00dfe Fl\\u00e4che dein individuelles Logo perfekt zur Geltung bringt. Ideal f\\u00fcr Unternehmen und Vereine, die ein einzigartiges Werbegeschenk suchen.\",\"inLanguage\":\"de-DE\",\"isPartOf\":{\"@id\":\"https:\\\/\\\/handdoekinclusieflogo.nl\\\/de\\\/#website\"},\"breadcrumb\":{\"@id\":\"https:\\\/\\\/handdoekinclusieflogo.nl\\\/de\\\/product\\\/848\\\/handtuch-bedrucken-sophie-muval-alloverdruck-350-g-m%c2%b2-140x70\\\/#breadcrumblist\"},\"image\":{\"@type\":\"ImageObject\",\"url\":\"https:\\\/\\\/shop.hidalgo.nl\\\/wp-content\\\/uploads\\\/2025\\\/03\\\/714aad42d9f51b820ab9cfd34b179c65603ea036bc1649da95a202d356098ddf.jpg\",\"@id\":\"https:\\\/\\\/handdoekinclusieflogo.nl\\\/de\\\/product\\\/848\\\/handtuch-bedrucken-sophie-muval-alloverdruck-350-g-m%c2%b2-140x70\\\/#mainImage\"},\"primaryImageOfPage\":{\"@id\":\"https:\\\/\\\/handdoekinclusieflogo.nl\\\/de\\\/product\\\/848\\\/handtuch-bedrucken-sophie-muval-alloverdruck-350-g-m%c2%b2-140x70\\\/#mainImage\"},\"datePublished\":\"2026-02-02T10:16:52+00:00\",\"dateModified\":\"2026-02-17T11:59:37+00:00\"},{\"@type\":\"Organization\",\"@id\":\"https:\\\/\\\/handdoekinclusieflogo.nl\\\/de\\\/#organization\",\"name\":\"Handdoekeninclusieflogo\",\"url\":\"https:\\\/\\\/handdoekinclusieflogo.nl\\\/de\\\/\",\"telephone\":\"+31793310133\",\"logo\":{\"@type\":\"ImageObject\",\"url\":\"https:\\\/\\\/shop.hidalgo.nl\\\/wp-content\\\/uploads\\\/2026\\\/02\\\/logo-handdoek.png\",\"@id\":\"https:\\\/\\\/handdoekinclusieflogo.nl\\\/de\\\/product\\\/848\\\/handtuch-bedrucken-sophie-muval-alloverdruck-350-g-m%c2%b2-140x70\\\/#organizationLogo\",\"width\":600,\"height\":264},\"image\":{\"@id\":\"https:\\\/\\\/handdoekinclusieflogo.nl\\\/de\\\/product\\\/848\\\/handtuch-bedrucken-sophie-muval-alloverdruck-350-g-m%c2%b2-140x70\\\/#organizationLogo\"},\"sameAs\":[\"https:\\\/\\\/www.facebook.com\\\/hidalgobagsandmore\\\/\",\"https:\\\/\\\/x.com\\\/Hidalgo_BV\",\"https:\\\/\\\/www.instagram.com\\\/hidalgobagsandmore\",\"https:\\\/\\\/www.youtube.com\\\/@hidalgobagsandmore\",\"https:\\\/\\\/linkedin.com\\\/in\\\/rutgerblommers\"]},{\"@type\":\"WebPage\",\"@id\":\"https:\\\/\\\/handdoekinclusieflogo.nl\\\/de\\\/product\\\/848\\\/handtuch-bedrucken-sophie-muval-alloverdruck-350-g-m%c2%b2-140x70\\\/#webpage\",\"url\":\"https:\\\/\\\/handdoekinclusieflogo.nl\\\/de\\\/product\\\/848\\\/handtuch-bedrucken-sophie-muval-alloverdruck-350-g-m%c2%b2-140x70\\\/\",\"name\":\"Handtuch bedrucken Sophie Muval Alloverdruck 350 g\\\/m\\u00b2 140\\u00d770\",\"description\":\"Gestalte dein Sport- & Fitnesserlebnis mit einem personalisierten Design. Die weiche R\\u00fcckseite sorgt f\\u00fcr Komfort, w\\u00e4hrend die wei\\u00dfe Fl\\u00e4che dein individuelles Logo perfekt zur Geltung bringt. Ideal f\\u00fcr Unternehmen und Vereine, die ein einzigartiges Werbegeschenk suchen.\",\"inLanguage\":\"de-DE\",\"isPartOf\":{\"@id\":\"https:\\\/\\\/handdoekinclusieflogo.nl\\\/de\\\/#website\"},\"breadcrumb\":{\"@id\":\"https:\\\/\\\/handdoekinclusieflogo.nl\\\/de\\\/product\\\/848\\\/handtuch-bedrucken-sophie-muval-alloverdruck-350-g-m%c2%b2-140x70\\\/#breadcrumblist\"},\"image\":{\"@type\":\"ImageObject\",\"url\":\"https:\\\/\\\/shop.hidalgo.nl\\\/wp-content\\\/uploads\\\/2025\\\/03\\\/714aad42d9f51b820ab9cfd34b179c65603ea036bc1649da95a202d356098ddf.jpg\",\"@id\":\"https:\\\/\\\/handdoekinclusieflogo.nl\\\/de\\\/product\\\/848\\\/handtuch-bedrucken-sophie-muval-alloverdruck-350-g-m%c2%b2-140x70\\\/#mainImage\"},\"primaryImageOfPage\":{\"@id\":\"https:\\\/\\\/handdoekinclusieflogo.nl\\\/de\\\/product\\\/848\\\/handtuch-bedrucken-sophie-muval-alloverdruck-350-g-m%c2%b2-140x70\\\/#mainImage\"},\"datePublished\":\"2026-02-02T10:16:52+00:00\",\"dateModified\":\"2026-02-17T11:59:37+00:00\"},{\"@type\":\"WebSite\",\"@id\":\"https:\\\/\\\/handdoekinclusieflogo.nl\\\/de\\\/#website\",\"url\":\"https:\\\/\\\/handdoekinclusieflogo.nl\\\/de\\\/\",\"name\":\"Handdoekeninclusieflogo\",\"inLanguage\":\"de-DE\",\"publisher\":{\"@id\":\"https:\\\/\\\/handdoekinclusieflogo.nl\\\/de\\\/#organization\"}}]}\n\t\t<\/script>\n\t\t<!-- All in One SEO Pro -->\r\n\t\t<title>Handtuch bedrucken Sophie Muval Alloverdruck 350 g\/m\u00b2 140\u00d770<\/title>\n\n","aioseo_head_json":{"title":"Handtuch bedrucken Sophie Muval Alloverdruck 350 g\/m\u00b2 140\u00d770","description":"Gestalte dein Sport- & Fitnesserlebnis mit einem personalisierten Design. Die weiche R\u00fcckseite sorgt f\u00fcr Komfort, w\u00e4hrend die wei\u00dfe Fl\u00e4che dein individuelles Logo perfekt zur Geltung bringt. Ideal f\u00fcr Unternehmen und Vereine, die ein einzigartiges Werbegeschenk suchen.","canonical_url":"https:\/\/handdoekinclusieflogo.nl\/de\/wp-json\/wp\/v2\/product\/848","robots":"max-image-preview:large","keywords":"","webmasterTools":{"google-site-verification":"BBMiYHShnVBoc8v9xoHf0FXMC27otVB0wiWxw_hFRrM","miscellaneous":""},"schema":{"@context":"https:\/\/schema.org","@graph":[{"@type":"BreadcrumbList","@id":"https:\/\/handdoekinclusieflogo.nl\/de\/product\/848\/handtuch-bedrucken-sophie-muval-alloverdruck-350-g-m%c2%b2-140x70\/#breadcrumblist","itemListElement":[{"@type":"ListItem","@id":"https:\/\/handdoekinclusieflogo.nl\/de\/#listItem","position":1,"name":"Home","item":"https:\/\/handdoekinclusieflogo.nl\/de\/","nextItem":{"@type":"ListItem","@id":"https:\/\/handdoekinclusieflogo.nl\/shop\/#listItem","name":"Shop"}},{"@type":"ListItem","@id":"https:\/\/handdoekinclusieflogo.nl\/shop\/#listItem","position":2,"name":"Shop","item":"https:\/\/handdoekinclusieflogo.nl\/shop\/","nextItem":{"@type":"ListItem","@id":"https:\/\/handdoekinclusieflogo.nl\/de\/product-supplier\/a86\/#listItem","name":"A86-Araco"},"previousItem":{"@type":"ListItem","@id":"https:\/\/handdoekinclusieflogo.nl\/de\/#listItem","name":"Home"}},{"@type":"ListItem","@id":"https:\/\/handdoekinclusieflogo.nl\/de\/product-supplier\/a86\/#listItem","position":3,"name":"A86-Araco","item":"https:\/\/handdoekinclusieflogo.nl\/de\/product-supplier\/a86\/","nextItem":{"@type":"ListItem","@id":"https:\/\/handdoekinclusieflogo.nl\/de\/product\/848\/handtuch-bedrucken-sophie-muval-alloverdruck-350-g-m%c2%b2-140x70\/#listItem","name":"Sophie Muval sublimatie handdoek 140&#215;70 cm, 350 gr\/m\u00b2"},"previousItem":{"@type":"ListItem","@id":"https:\/\/handdoekinclusieflogo.nl\/shop\/#listItem","name":"Shop"}},{"@type":"ListItem","@id":"https:\/\/handdoekinclusieflogo.nl\/de\/product\/848\/handtuch-bedrucken-sophie-muval-alloverdruck-350-g-m%c2%b2-140x70\/#listItem","position":4,"name":"Sophie Muval sublimatie handdoek 140&#215;70 cm, 350 gr\/m\u00b2","previousItem":{"@type":"ListItem","@id":"https:\/\/handdoekinclusieflogo.nl\/de\/product-supplier\/a86\/#listItem","name":"A86-Araco"}}]},{"@type":"ItemPage","@id":"https:\/\/handdoekinclusieflogo.nl\/de\/product\/848\/handtuch-bedrucken-sophie-muval-alloverdruck-350-g-m%c2%b2-140x70\/#itempage","url":"https:\/\/handdoekinclusieflogo.nl\/de\/product\/848\/handtuch-bedrucken-sophie-muval-alloverdruck-350-g-m%c2%b2-140x70\/","name":"Handtuch bedrucken Sophie Muval Alloverdruck 350 g\/m\u00b2 140\u00d770","description":"Gestalte dein Sport- & Fitnesserlebnis mit einem personalisierten Design. Die weiche R\u00fcckseite sorgt f\u00fcr Komfort, w\u00e4hrend die wei\u00dfe Fl\u00e4che dein individuelles Logo perfekt zur Geltung bringt. Ideal f\u00fcr Unternehmen und Vereine, die ein einzigartiges Werbegeschenk suchen.","inLanguage":"de-DE","isPartOf":{"@id":"https:\/\/handdoekinclusieflogo.nl\/de\/#website"},"breadcrumb":{"@id":"https:\/\/handdoekinclusieflogo.nl\/de\/product\/848\/handtuch-bedrucken-sophie-muval-alloverdruck-350-g-m%c2%b2-140x70\/#breadcrumblist"},"image":{"@type":"ImageObject","url":"https:\/\/shop.hidalgo.nl\/wp-content\/uploads\/2025\/03\/714aad42d9f51b820ab9cfd34b179c65603ea036bc1649da95a202d356098ddf.jpg","@id":"https:\/\/handdoekinclusieflogo.nl\/de\/product\/848\/handtuch-bedrucken-sophie-muval-alloverdruck-350-g-m%c2%b2-140x70\/#mainImage"},"primaryImageOfPage":{"@id":"https:\/\/handdoekinclusieflogo.nl\/de\/product\/848\/handtuch-bedrucken-sophie-muval-alloverdruck-350-g-m%c2%b2-140x70\/#mainImage"},"datePublished":"2026-02-02T10:16:52+00:00","dateModified":"2026-02-17T11:59:37+00:00"},{"@type":"Organization","@id":"https:\/\/handdoekinclusieflogo.nl\/de\/#organization","name":"Handdoekeninclusieflogo","url":"https:\/\/handdoekinclusieflogo.nl\/de\/","telephone":"+31793310133","logo":{"@type":"ImageObject","url":"https:\/\/shop.hidalgo.nl\/wp-content\/uploads\/2026\/02\/logo-handdoek.png","@id":"https:\/\/handdoekinclusieflogo.nl\/de\/product\/848\/handtuch-bedrucken-sophie-muval-alloverdruck-350-g-m%c2%b2-140x70\/#organizationLogo","width":600,"height":264},"image":{"@id":"https:\/\/handdoekinclusieflogo.nl\/de\/product\/848\/handtuch-bedrucken-sophie-muval-alloverdruck-350-g-m%c2%b2-140x70\/#organizationLogo"},"sameAs":["https:\/\/www.facebook.com\/hidalgobagsandmore\/","https:\/\/x.com\/Hidalgo_BV","https:\/\/www.instagram.com\/hidalgobagsandmore","https:\/\/www.youtube.com\/@hidalgobagsandmore","https:\/\/linkedin.com\/in\/rutgerblommers"]},{"@type":"WebPage","@id":"https:\/\/handdoekinclusieflogo.nl\/de\/product\/848\/handtuch-bedrucken-sophie-muval-alloverdruck-350-g-m%c2%b2-140x70\/#webpage","url":"https:\/\/handdoekinclusieflogo.nl\/de\/product\/848\/handtuch-bedrucken-sophie-muval-alloverdruck-350-g-m%c2%b2-140x70\/","name":"Handtuch bedrucken Sophie Muval Alloverdruck 350 g\/m\u00b2 140\u00d770","description":"Gestalte dein Sport- & Fitnesserlebnis mit einem personalisierten Design. Die weiche R\u00fcckseite sorgt f\u00fcr Komfort, w\u00e4hrend die wei\u00dfe Fl\u00e4che dein individuelles Logo perfekt zur Geltung bringt. Ideal f\u00fcr Unternehmen und Vereine, die ein einzigartiges Werbegeschenk suchen.","inLanguage":"de-DE","isPartOf":{"@id":"https:\/\/handdoekinclusieflogo.nl\/de\/#website"},"breadcrumb":{"@id":"https:\/\/handdoekinclusieflogo.nl\/de\/product\/848\/handtuch-bedrucken-sophie-muval-alloverdruck-350-g-m%c2%b2-140x70\/#breadcrumblist"},"image":{"@type":"ImageObject","url":"https:\/\/shop.hidalgo.nl\/wp-content\/uploads\/2025\/03\/714aad42d9f51b820ab9cfd34b179c65603ea036bc1649da95a202d356098ddf.jpg","@id":"https:\/\/handdoekinclusieflogo.nl\/de\/product\/848\/handtuch-bedrucken-sophie-muval-alloverdruck-350-g-m%c2%b2-140x70\/#mainImage"},"primaryImageOfPage":{"@id":"https:\/\/handdoekinclusieflogo.nl\/de\/product\/848\/handtuch-bedrucken-sophie-muval-alloverdruck-350-g-m%c2%b2-140x70\/#mainImage"},"datePublished":"2026-02-02T10:16:52+00:00","dateModified":"2026-02-17T11:59:37+00:00"},{"@type":"WebSite","@id":"https:\/\/handdoekinclusieflogo.nl\/de\/#website","url":"https:\/\/handdoekinclusieflogo.nl\/de\/","name":"Handdoekeninclusieflogo","inLanguage":"de-DE","publisher":{"@id":"https:\/\/handdoekinclusieflogo.nl\/de\/#organization"}}]},"og:locale":"de_DE","og:site_name":"Handdoekeninclusieflogo -","og:type":"article","og:title":"Handtuch bedrucken Sophie Muval Alloverdruck 350 g\/m\u00b2 140\u00d770","og:description":"Gestalte dein Sport- &amp; Fitnesserlebnis mit einem personalisierten Design. Die weiche R\u00fcckseite sorgt f\u00fcr Komfort, w\u00e4hrend die wei\u00dfe Fl\u00e4che dein individuelles Logo perfekt zur Geltung bringt. Ideal f\u00fcr Unternehmen und Vereine, die ein einzigartiges Werbegeschenk suchen.","og:url":"https:\/\/handdoekinclusieflogo.nl\/de\/wp-json\/wp\/v2\/product\/848","og:image":"https:\/\/shop.hidalgo.nl\/wp-content\/uploads\/2026\/02\/cropped-logo-handdoek.png","og:image:secure_url":"https:\/\/shop.hidalgo.nl\/wp-content\/uploads\/2026\/02\/cropped-logo-handdoek.png","article:published_time":"2026-02-02T10:16:52+00:00","article:modified_time":"2026-02-17T11:59:37+00:00","article:publisher":"https:\/\/www.facebook.com\/hidalgobagsandmore\/","twitter:card":"summary_large_image","twitter:site":"@Hidalgo_BV","twitter:title":"Handtuch bedrucken Sophie Muval Alloverdruck 350 g\/m\u00b2 140\u00d770","twitter:description":"Gestalte dein Sport- &amp; Fitnesserlebnis mit einem personalisierten Design. Die weiche R\u00fcckseite sorgt f\u00fcr Komfort, w\u00e4hrend die wei\u00dfe Fl\u00e4che dein individuelles Logo perfekt zur Geltung bringt. Ideal f\u00fcr Unternehmen und Vereine, die ein einzigartiges Werbegeschenk suchen.","twitter:image":"https:\/\/shop.hidalgo.nl\/wp-content\/uploads\/2026\/02\/cropped-logo-handdoek.png"},"aioseo_meta_data":{"post_id":"848","title":null,"description":null,"keywords":null,"keyphrases":null,"primary_term":null,"canonical_url":null,"og_title":null,"og_description":null,"og_object_type":"default","og_image_type":"default","og_image_url":null,"og_image_width":null,"og_image_height":null,"og_image_custom_url":null,"og_image_custom_fields":null,"og_video":null,"og_custom_url":null,"og_article_section":null,"og_article_tags":null,"twitter_use_og":false,"twitter_card":"default","twitter_image_type":"default","twitter_image_url":null,"twitter_image_custom_url":null,"twitter_image_custom_fields":null,"twitter_title":null,"twitter_description":null,"schema":{"blockGraphs":[],"customGraphs":[],"default":{"data":{"Article":[],"Course":[],"Dataset":[],"FAQPage":[],"Movie":[],"Person":[],"Product":[],"ProductReview":[],"Car":[],"Recipe":[],"Service":[],"SoftwareApplication":[],"WebPage":[]},"graphName":"","isEnabled":true},"graphs":[]},"schema_type":"default","schema_type_options":null,"pillar_content":false,"robots_default":true,"robots_noindex":false,"robots_noarchive":false,"robots_nosnippet":false,"robots_nofollow":false,"robots_noimageindex":false,"robots_noodp":false,"robots_notranslate":false,"robots_max_snippet":null,"robots_max_videopreview":null,"robots_max_imagepreview":"large","priority":null,"frequency":null,"local_seo":null,"seo_analyzer_scan_date":"2026-02-10 13:15:00","breadcrumb_settings":null,"limit_modified_date":false,"reviewed_by":null,"open_ai":null,"ai":null,"created":"2026-02-02 10:17:44","updated":"2026-02-17 15:25:01"},"aioseo_breadcrumb":"<div class=\"aioseo-breadcrumbs\"><span class=\"aioseo-breadcrumb\">\n\t<a href=\"https:\/\/handdoekinclusieflogo.nl\/de\/\" title=\"Home\">Home<\/a>\n<\/span><span class=\"aioseo-breadcrumb-separator\">\u00bb<\/span><span class=\"aioseo-breadcrumb\">\n\t<a href=\"https:\/\/handdoekinclusieflogo.nl\/shop\/\" title=\"Shop\">Shop<\/a>\n<\/span><span class=\"aioseo-breadcrumb-separator\">\u00bb<\/span><span class=\"aioseo-breadcrumb\">\n\t<a href=\"https:\/\/handdoekinclusieflogo.nl\/de\/product-supplier\/a86\/\" title=\"A86-Araco\">A86-Araco<\/a>\n<\/span><span class=\"aioseo-breadcrumb-separator\">\u00bb<\/span><span class=\"aioseo-breadcrumb\">\n\tSophie Muval sublimatie handdoek 140\u00d770 cm, 350 gr\/m\u00b2\n<\/span><\/div>","aioseo_breadcrumb_json":[{"label":"Home","link":"https:\/\/handdoekinclusieflogo.nl\/de\/"},{"label":"Shop","link":"https:\/\/handdoekinclusieflogo.nl\/shop\/"},{"label":"A86-Araco","link":"https:\/\/handdoekinclusieflogo.nl\/de\/product-supplier\/a86\/"},{"label":"Sophie Muval sublimatie handdoek 140&#215;70 cm, 350 gr\/m\u00b2","link":"https:\/\/handdoekinclusieflogo.nl\/de\/product\/848\/handtuch-bedrucken-sophie-muval-alloverdruck-350-g-m%c2%b2-140x70\/"}],"_links":{"self":[{"href":"https:\/\/handdoekinclusieflogo.nl\/de\/wp-json\/wp\/v2\/product\/848","targetHints":{"allow":["GET"]}}],"collection":[{"href":"https:\/\/handdoekinclusieflogo.nl\/de\/wp-json\/wp\/v2\/product"}],"about":[{"href":"https:\/\/handdoekinclusieflogo.nl\/de\/wp-json\/wp\/v2\/types\/product"}],"wp:featuredmedia":[{"embeddable":true,"href":"https:\/\/handdoekinclusieflogo.nl\/de\/wp-json\/wp\/v2\/media\/849"}],"wp:attachment":[{"href":"https:\/\/handdoekinclusieflogo.nl\/de\/wp-json\/wp\/v2\/media?parent=848"}],"wp:term":[{"taxonomy":"product_brand","embeddable":true,"href":"https:\/\/handdoekinclusieflogo.nl\/de\/wp-json\/wp\/v2\/product_brand?post=848"},{"taxonomy":"product_cat","embeddable":true,"href":"https:\/\/handdoekinclusieflogo.nl\/de\/wp-json\/wp\/v2\/product_cat?post=848"},{"taxonomy":"product_tag","embeddable":true,"href":"https:\/\/handdoekinclusieflogo.nl\/de\/wp-json\/wp\/v2\/product_tag?post=848"}],"curies":[{"name":"wp","href":"https:\/\/api.w.org\/{rel}","templated":true}]}}