{"id":717,"date":"2026-02-02T10:16:46","date_gmt":"2026-02-02T10:16:46","guid":{"rendered":"https:\/\/handdoekeninclusieflogo.shop.hidalgo.nl\/product\/fouta-handdoek\/"},"modified":"2026-02-17T11:59:38","modified_gmt":"2026-02-17T11:59:38","slug":"fouta-handdoek","status":"publish","type":"product","link":"https:\/\/handdoekinclusieflogo.nl\/de\/product\/717\/fouta-handtuch-bedrucken-baumwolle-frottee-one-size\/","title":{"rendered":"&#8211; Fouta Handdoek"},"content":{"rendered":"<p>100% katoen. E\u00e9n kant geweven en de andere kant in badstof. Gecontrasteerde zoom met franjes. Afmeting: 180 x 100 cm.<\/p>\n","protected":false},"excerpt":{"rendered":"<p>100% katoen. E\u00e9n kant geweven en de andere kant in badstof. Gecontrasteerde zoom met franjes. Afmeting: 180 x 100 cm.<\/p>\n","protected":false},"featured_media":999,"template":"","meta":{"_acf_changed":false,"om_disable_all_campaigns":false,"_monsterinsights_skip_tracking":false,"_monsterinsights_sitenote_active":false,"_monsterinsights_sitenote_note":"","_monsterinsights_sitenote_category":0,"_uf_show_specific_survey":0,"_uf_disable_surveys":false},"product_brand":[95],"product_cat":[171,40,164],"product_tag":[],"class_list":{"0":"post-717","1":"product","2":"type-product","3":"status-publish","4":"has-post-thumbnail","6":"product_supplier-a403","7":"product_material-katoen","8":"product_brand-kariban","9":"product_cat-bedrukken","10":"product_cat-handdoeken-hammam-doeken","11":"product_cat-handdoeken","12":"entry","14":"first","15":"instock","16":"taxable","17":"shipping-taxable","18":"purchasable","19":"product-type-variable"},"acf":{"imprint_cost":[{"imprint_cost_key":"33483b79de35c41f6a5968127e3727b83ce2fe0b","product_quantity_price_range":[{"imprint_cost_recommended_selling_price":"0","imprint_cost_recommended_selling_quantity":"1"}],"product_quantity_price_range_buying":false,"imprint_cost_setup_costs":"","imprint_cost_handling_costs":""}]},"aioseo_notices":[],"aioseo_head":"\n\t\t<!-- All in One SEO Pro 4.9.6.1 - aioseo.com -->\n\t<meta name=\"description\" content=\"Erlebe die Vielseitigkeit dieses leichten Hammam-Tuchs, ideal f\u00fcr Events &amp; Promotion. Die Kombination aus flach gewebter und Frottee-Seite bietet einzigartigen Komfort. Perfekt f\u00fcr die Personalisierung mit deinem Logo, ist dieses Tuch die ideale Wahl f\u00fcr kreative Werbegeschenke.\" \/>\n\t<meta name=\"robots\" content=\"max-image-preview:large\" \/>\n\t<meta name=\"google-site-verification\" content=\"BBMiYHShnVBoc8v9xoHf0FXMC27otVB0wiWxw_hFRrM\" \/>\n\t<link rel=\"canonical\" href=\"https:\/\/handdoekinclusieflogo.nl\/de\/wp-json\/wp\/v2\/product\/717\" \/>\n\t<meta name=\"generator\" content=\"All in One SEO Pro (AIOSEO) 4.9.6.1\" \/>\n\t\t<meta property=\"og:locale\" content=\"de_DE\" \/>\n\t\t<meta property=\"og:site_name\" content=\"Handdoekeninclusieflogo -\" \/>\n\t\t<meta property=\"og:type\" content=\"article\" \/>\n\t\t<meta property=\"og:title\" content=\"Fouta Handtuch - Bedrucken - Baumwolle - Frottee - One-size\" \/>\n\t\t<meta property=\"og:description\" content=\"Erlebe die Vielseitigkeit dieses leichten Hammam-Tuchs, ideal f\u00fcr Events &amp; Promotion. Die Kombination aus flach gewebter und Frottee-Seite bietet einzigartigen Komfort. Perfekt f\u00fcr die Personalisierung mit deinem Logo, ist dieses Tuch die ideale Wahl f\u00fcr kreative Werbegeschenke.\" \/>\n\t\t<meta property=\"og:url\" content=\"https:\/\/handdoekinclusieflogo.nl\/de\/wp-json\/wp\/v2\/product\/717\" \/>\n\t\t<meta property=\"og:image\" content=\"https:\/\/shop.hidalgo.nl\/wp-content\/uploads\/2026\/02\/cropped-logo-handdoek.png\" \/>\n\t\t<meta property=\"og:image:secure_url\" content=\"https:\/\/shop.hidalgo.nl\/wp-content\/uploads\/2026\/02\/cropped-logo-handdoek.png\" \/>\n\t\t<meta property=\"article:published_time\" content=\"2026-02-02T10:16:46+00:00\" \/>\n\t\t<meta property=\"article:modified_time\" content=\"2026-02-17T11:59:38+00:00\" \/>\n\t\t<meta property=\"article:publisher\" content=\"https:\/\/www.facebook.com\/hidalgobagsandmore\/\" \/>\n\t\t<meta name=\"twitter:card\" content=\"summary_large_image\" \/>\n\t\t<meta name=\"twitter:site\" content=\"@Hidalgo_BV\" \/>\n\t\t<meta name=\"twitter:title\" content=\"Fouta Handtuch - Bedrucken - Baumwolle - Frottee - One-size\" \/>\n\t\t<meta name=\"twitter:description\" content=\"Erlebe die Vielseitigkeit dieses leichten Hammam-Tuchs, ideal f\u00fcr Events &amp; Promotion. Die Kombination aus flach gewebter und Frottee-Seite bietet einzigartigen Komfort. Perfekt f\u00fcr die Personalisierung mit deinem Logo, ist dieses Tuch die ideale Wahl f\u00fcr kreative Werbegeschenke.\" \/>\n\t\t<meta name=\"twitter:image\" content=\"https:\/\/shop.hidalgo.nl\/wp-content\/uploads\/2026\/02\/cropped-logo-handdoek.png\" \/>\n\t\t<script type=\"application\/ld+json\" class=\"aioseo-schema\">\n\t\t\t{\"@context\":\"https:\\\/\\\/schema.org\",\"@graph\":[{\"@type\":\"BreadcrumbList\",\"@id\":\"https:\\\/\\\/handdoekinclusieflogo.nl\\\/de\\\/product\\\/717\\\/fouta-handtuch-bedrucken-baumwolle-frottee-one-size\\\/#breadcrumblist\",\"itemListElement\":[{\"@type\":\"ListItem\",\"@id\":\"https:\\\/\\\/handdoekinclusieflogo.nl\\\/de\\\/#listItem\",\"position\":1,\"name\":\"Home\",\"item\":\"https:\\\/\\\/handdoekinclusieflogo.nl\\\/de\\\/\",\"nextItem\":{\"@type\":\"ListItem\",\"@id\":\"https:\\\/\\\/handdoekinclusieflogo.nl\\\/shop\\\/#listItem\",\"name\":\"Shop\"}},{\"@type\":\"ListItem\",\"@id\":\"https:\\\/\\\/handdoekinclusieflogo.nl\\\/shop\\\/#listItem\",\"position\":2,\"name\":\"Shop\",\"item\":\"https:\\\/\\\/handdoekinclusieflogo.nl\\\/shop\\\/\",\"nextItem\":{\"@type\":\"ListItem\",\"@id\":\"https:\\\/\\\/handdoekinclusieflogo.nl\\\/de\\\/product-supplier\\\/a403\\\/#listItem\",\"name\":\"A403-TopTex\"},\"previousItem\":{\"@type\":\"ListItem\",\"@id\":\"https:\\\/\\\/handdoekinclusieflogo.nl\\\/de\\\/#listItem\",\"name\":\"Home\"}},{\"@type\":\"ListItem\",\"@id\":\"https:\\\/\\\/handdoekinclusieflogo.nl\\\/de\\\/product-supplier\\\/a403\\\/#listItem\",\"position\":3,\"name\":\"A403-TopTex\",\"item\":\"https:\\\/\\\/handdoekinclusieflogo.nl\\\/de\\\/product-supplier\\\/a403\\\/\",\"nextItem\":{\"@type\":\"ListItem\",\"@id\":\"https:\\\/\\\/handdoekinclusieflogo.nl\\\/de\\\/product\\\/717\\\/fouta-handtuch-bedrucken-baumwolle-frottee-one-size\\\/#listItem\",\"name\":\"&#8211; Fouta Handdoek\"},\"previousItem\":{\"@type\":\"ListItem\",\"@id\":\"https:\\\/\\\/handdoekinclusieflogo.nl\\\/shop\\\/#listItem\",\"name\":\"Shop\"}},{\"@type\":\"ListItem\",\"@id\":\"https:\\\/\\\/handdoekinclusieflogo.nl\\\/de\\\/product\\\/717\\\/fouta-handtuch-bedrucken-baumwolle-frottee-one-size\\\/#listItem\",\"position\":4,\"name\":\"&#8211; Fouta Handdoek\",\"previousItem\":{\"@type\":\"ListItem\",\"@id\":\"https:\\\/\\\/handdoekinclusieflogo.nl\\\/de\\\/product-supplier\\\/a403\\\/#listItem\",\"name\":\"A403-TopTex\"}}]},{\"@type\":\"ItemPage\",\"@id\":\"https:\\\/\\\/handdoekinclusieflogo.nl\\\/de\\\/product\\\/717\\\/fouta-handtuch-bedrucken-baumwolle-frottee-one-size\\\/#itempage\",\"url\":\"https:\\\/\\\/handdoekinclusieflogo.nl\\\/de\\\/product\\\/717\\\/fouta-handtuch-bedrucken-baumwolle-frottee-one-size\\\/\",\"name\":\"Fouta Handtuch - Bedrucken - Baumwolle - Frottee - One-size\",\"description\":\"Erlebe die Vielseitigkeit dieses leichten Hammam-Tuchs, ideal f\\u00fcr Events & Promotion. Die Kombination aus flach gewebter und Frottee-Seite bietet einzigartigen Komfort. Perfekt f\\u00fcr die Personalisierung mit deinem Logo, ist dieses Tuch die ideale Wahl f\\u00fcr kreative Werbegeschenke.\",\"inLanguage\":\"de-DE\",\"isPartOf\":{\"@id\":\"https:\\\/\\\/handdoekinclusieflogo.nl\\\/de\\\/#website\"},\"breadcrumb\":{\"@id\":\"https:\\\/\\\/handdoekinclusieflogo.nl\\\/de\\\/product\\\/717\\\/fouta-handtuch-bedrucken-baumwolle-frottee-one-size\\\/#breadcrumblist\"},\"image\":{\"@type\":\"ImageObject\",\"url\":\"https:\\\/\\\/shop.hidalgo.nl\\\/wp-content\\\/uploads\\\/2025\\\/04\\\/c69d5433f33fad23b388a0897571de0252858b37fbbd4ea1ad818a5644008308.png\",\"@id\":\"https:\\\/\\\/handdoekinclusieflogo.nl\\\/de\\\/product\\\/717\\\/fouta-handtuch-bedrucken-baumwolle-frottee-one-size\\\/#mainImage\"},\"primaryImageOfPage\":{\"@id\":\"https:\\\/\\\/handdoekinclusieflogo.nl\\\/de\\\/product\\\/717\\\/fouta-handtuch-bedrucken-baumwolle-frottee-one-size\\\/#mainImage\"},\"datePublished\":\"2026-02-02T10:16:46+00:00\",\"dateModified\":\"2026-02-17T11:59:38+00:00\"},{\"@type\":\"Organization\",\"@id\":\"https:\\\/\\\/handdoekinclusieflogo.nl\\\/de\\\/#organization\",\"name\":\"Handdoekeninclusieflogo\",\"url\":\"https:\\\/\\\/handdoekinclusieflogo.nl\\\/de\\\/\",\"telephone\":\"+31793310133\",\"logo\":{\"@type\":\"ImageObject\",\"url\":\"https:\\\/\\\/shop.hidalgo.nl\\\/wp-content\\\/uploads\\\/2026\\\/02\\\/logo-handdoek.png\",\"@id\":\"https:\\\/\\\/handdoekinclusieflogo.nl\\\/de\\\/product\\\/717\\\/fouta-handtuch-bedrucken-baumwolle-frottee-one-size\\\/#organizationLogo\",\"width\":600,\"height\":264},\"image\":{\"@id\":\"https:\\\/\\\/handdoekinclusieflogo.nl\\\/de\\\/product\\\/717\\\/fouta-handtuch-bedrucken-baumwolle-frottee-one-size\\\/#organizationLogo\"},\"sameAs\":[\"https:\\\/\\\/www.facebook.com\\\/hidalgobagsandmore\\\/\",\"https:\\\/\\\/x.com\\\/Hidalgo_BV\",\"https:\\\/\\\/www.instagram.com\\\/hidalgobagsandmore\",\"https:\\\/\\\/www.youtube.com\\\/@hidalgobagsandmore\",\"https:\\\/\\\/linkedin.com\\\/in\\\/rutgerblommers\"]},{\"@type\":\"WebPage\",\"@id\":\"https:\\\/\\\/handdoekinclusieflogo.nl\\\/de\\\/product\\\/717\\\/fouta-handtuch-bedrucken-baumwolle-frottee-one-size\\\/#webpage\",\"url\":\"https:\\\/\\\/handdoekinclusieflogo.nl\\\/de\\\/product\\\/717\\\/fouta-handtuch-bedrucken-baumwolle-frottee-one-size\\\/\",\"name\":\"Fouta Handtuch - Bedrucken - Baumwolle - Frottee - One-size\",\"description\":\"Erlebe die Vielseitigkeit dieses leichten Hammam-Tuchs, ideal f\\u00fcr Events & Promotion. Die Kombination aus flach gewebter und Frottee-Seite bietet einzigartigen Komfort. Perfekt f\\u00fcr die Personalisierung mit deinem Logo, ist dieses Tuch die ideale Wahl f\\u00fcr kreative Werbegeschenke.\",\"inLanguage\":\"de-DE\",\"isPartOf\":{\"@id\":\"https:\\\/\\\/handdoekinclusieflogo.nl\\\/de\\\/#website\"},\"breadcrumb\":{\"@id\":\"https:\\\/\\\/handdoekinclusieflogo.nl\\\/de\\\/product\\\/717\\\/fouta-handtuch-bedrucken-baumwolle-frottee-one-size\\\/#breadcrumblist\"},\"image\":{\"@type\":\"ImageObject\",\"url\":\"https:\\\/\\\/shop.hidalgo.nl\\\/wp-content\\\/uploads\\\/2025\\\/04\\\/c69d5433f33fad23b388a0897571de0252858b37fbbd4ea1ad818a5644008308.png\",\"@id\":\"https:\\\/\\\/handdoekinclusieflogo.nl\\\/de\\\/product\\\/717\\\/fouta-handtuch-bedrucken-baumwolle-frottee-one-size\\\/#mainImage\"},\"primaryImageOfPage\":{\"@id\":\"https:\\\/\\\/handdoekinclusieflogo.nl\\\/de\\\/product\\\/717\\\/fouta-handtuch-bedrucken-baumwolle-frottee-one-size\\\/#mainImage\"},\"datePublished\":\"2026-02-02T10:16:46+00:00\",\"dateModified\":\"2026-02-17T11:59:38+00:00\"},{\"@type\":\"WebSite\",\"@id\":\"https:\\\/\\\/handdoekinclusieflogo.nl\\\/de\\\/#website\",\"url\":\"https:\\\/\\\/handdoekinclusieflogo.nl\\\/de\\\/\",\"name\":\"Handdoekeninclusieflogo\",\"inLanguage\":\"de-DE\",\"publisher\":{\"@id\":\"https:\\\/\\\/handdoekinclusieflogo.nl\\\/de\\\/#organization\"}}]}\n\t\t<\/script>\n\t\t<!-- All in One SEO Pro -->\r\n\t\t<title>Fouta Handtuch - Bedrucken - Baumwolle - Frottee - One-size<\/title>\n\n","aioseo_head_json":{"title":"Fouta Handtuch - Bedrucken - Baumwolle - Frottee - One-size","description":"Erlebe die Vielseitigkeit dieses leichten Hammam-Tuchs, ideal f\u00fcr Events & Promotion. Die Kombination aus flach gewebter und Frottee-Seite bietet einzigartigen Komfort. Perfekt f\u00fcr die Personalisierung mit deinem Logo, ist dieses Tuch die ideale Wahl f\u00fcr kreative Werbegeschenke.","canonical_url":"https:\/\/handdoekinclusieflogo.nl\/de\/wp-json\/wp\/v2\/product\/717","robots":"max-image-preview:large","keywords":"","webmasterTools":{"google-site-verification":"BBMiYHShnVBoc8v9xoHf0FXMC27otVB0wiWxw_hFRrM","miscellaneous":""},"schema":{"@context":"https:\/\/schema.org","@graph":[{"@type":"BreadcrumbList","@id":"https:\/\/handdoekinclusieflogo.nl\/de\/product\/717\/fouta-handtuch-bedrucken-baumwolle-frottee-one-size\/#breadcrumblist","itemListElement":[{"@type":"ListItem","@id":"https:\/\/handdoekinclusieflogo.nl\/de\/#listItem","position":1,"name":"Home","item":"https:\/\/handdoekinclusieflogo.nl\/de\/","nextItem":{"@type":"ListItem","@id":"https:\/\/handdoekinclusieflogo.nl\/shop\/#listItem","name":"Shop"}},{"@type":"ListItem","@id":"https:\/\/handdoekinclusieflogo.nl\/shop\/#listItem","position":2,"name":"Shop","item":"https:\/\/handdoekinclusieflogo.nl\/shop\/","nextItem":{"@type":"ListItem","@id":"https:\/\/handdoekinclusieflogo.nl\/de\/product-supplier\/a403\/#listItem","name":"A403-TopTex"},"previousItem":{"@type":"ListItem","@id":"https:\/\/handdoekinclusieflogo.nl\/de\/#listItem","name":"Home"}},{"@type":"ListItem","@id":"https:\/\/handdoekinclusieflogo.nl\/de\/product-supplier\/a403\/#listItem","position":3,"name":"A403-TopTex","item":"https:\/\/handdoekinclusieflogo.nl\/de\/product-supplier\/a403\/","nextItem":{"@type":"ListItem","@id":"https:\/\/handdoekinclusieflogo.nl\/de\/product\/717\/fouta-handtuch-bedrucken-baumwolle-frottee-one-size\/#listItem","name":"&#8211; Fouta Handdoek"},"previousItem":{"@type":"ListItem","@id":"https:\/\/handdoekinclusieflogo.nl\/shop\/#listItem","name":"Shop"}},{"@type":"ListItem","@id":"https:\/\/handdoekinclusieflogo.nl\/de\/product\/717\/fouta-handtuch-bedrucken-baumwolle-frottee-one-size\/#listItem","position":4,"name":"&#8211; Fouta Handdoek","previousItem":{"@type":"ListItem","@id":"https:\/\/handdoekinclusieflogo.nl\/de\/product-supplier\/a403\/#listItem","name":"A403-TopTex"}}]},{"@type":"ItemPage","@id":"https:\/\/handdoekinclusieflogo.nl\/de\/product\/717\/fouta-handtuch-bedrucken-baumwolle-frottee-one-size\/#itempage","url":"https:\/\/handdoekinclusieflogo.nl\/de\/product\/717\/fouta-handtuch-bedrucken-baumwolle-frottee-one-size\/","name":"Fouta Handtuch - Bedrucken - Baumwolle - Frottee - One-size","description":"Erlebe die Vielseitigkeit dieses leichten Hammam-Tuchs, ideal f\u00fcr Events & Promotion. Die Kombination aus flach gewebter und Frottee-Seite bietet einzigartigen Komfort. Perfekt f\u00fcr die Personalisierung mit deinem Logo, ist dieses Tuch die ideale Wahl f\u00fcr kreative Werbegeschenke.","inLanguage":"de-DE","isPartOf":{"@id":"https:\/\/handdoekinclusieflogo.nl\/de\/#website"},"breadcrumb":{"@id":"https:\/\/handdoekinclusieflogo.nl\/de\/product\/717\/fouta-handtuch-bedrucken-baumwolle-frottee-one-size\/#breadcrumblist"},"image":{"@type":"ImageObject","url":"https:\/\/shop.hidalgo.nl\/wp-content\/uploads\/2025\/04\/c69d5433f33fad23b388a0897571de0252858b37fbbd4ea1ad818a5644008308.png","@id":"https:\/\/handdoekinclusieflogo.nl\/de\/product\/717\/fouta-handtuch-bedrucken-baumwolle-frottee-one-size\/#mainImage"},"primaryImageOfPage":{"@id":"https:\/\/handdoekinclusieflogo.nl\/de\/product\/717\/fouta-handtuch-bedrucken-baumwolle-frottee-one-size\/#mainImage"},"datePublished":"2026-02-02T10:16:46+00:00","dateModified":"2026-02-17T11:59:38+00:00"},{"@type":"Organization","@id":"https:\/\/handdoekinclusieflogo.nl\/de\/#organization","name":"Handdoekeninclusieflogo","url":"https:\/\/handdoekinclusieflogo.nl\/de\/","telephone":"+31793310133","logo":{"@type":"ImageObject","url":"https:\/\/shop.hidalgo.nl\/wp-content\/uploads\/2026\/02\/logo-handdoek.png","@id":"https:\/\/handdoekinclusieflogo.nl\/de\/product\/717\/fouta-handtuch-bedrucken-baumwolle-frottee-one-size\/#organizationLogo","width":600,"height":264},"image":{"@id":"https:\/\/handdoekinclusieflogo.nl\/de\/product\/717\/fouta-handtuch-bedrucken-baumwolle-frottee-one-size\/#organizationLogo"},"sameAs":["https:\/\/www.facebook.com\/hidalgobagsandmore\/","https:\/\/x.com\/Hidalgo_BV","https:\/\/www.instagram.com\/hidalgobagsandmore","https:\/\/www.youtube.com\/@hidalgobagsandmore","https:\/\/linkedin.com\/in\/rutgerblommers"]},{"@type":"WebPage","@id":"https:\/\/handdoekinclusieflogo.nl\/de\/product\/717\/fouta-handtuch-bedrucken-baumwolle-frottee-one-size\/#webpage","url":"https:\/\/handdoekinclusieflogo.nl\/de\/product\/717\/fouta-handtuch-bedrucken-baumwolle-frottee-one-size\/","name":"Fouta Handtuch - Bedrucken - Baumwolle - Frottee - One-size","description":"Erlebe die Vielseitigkeit dieses leichten Hammam-Tuchs, ideal f\u00fcr Events & Promotion. Die Kombination aus flach gewebter und Frottee-Seite bietet einzigartigen Komfort. Perfekt f\u00fcr die Personalisierung mit deinem Logo, ist dieses Tuch die ideale Wahl f\u00fcr kreative Werbegeschenke.","inLanguage":"de-DE","isPartOf":{"@id":"https:\/\/handdoekinclusieflogo.nl\/de\/#website"},"breadcrumb":{"@id":"https:\/\/handdoekinclusieflogo.nl\/de\/product\/717\/fouta-handtuch-bedrucken-baumwolle-frottee-one-size\/#breadcrumblist"},"image":{"@type":"ImageObject","url":"https:\/\/shop.hidalgo.nl\/wp-content\/uploads\/2025\/04\/c69d5433f33fad23b388a0897571de0252858b37fbbd4ea1ad818a5644008308.png","@id":"https:\/\/handdoekinclusieflogo.nl\/de\/product\/717\/fouta-handtuch-bedrucken-baumwolle-frottee-one-size\/#mainImage"},"primaryImageOfPage":{"@id":"https:\/\/handdoekinclusieflogo.nl\/de\/product\/717\/fouta-handtuch-bedrucken-baumwolle-frottee-one-size\/#mainImage"},"datePublished":"2026-02-02T10:16:46+00:00","dateModified":"2026-02-17T11:59:38+00:00"},{"@type":"WebSite","@id":"https:\/\/handdoekinclusieflogo.nl\/de\/#website","url":"https:\/\/handdoekinclusieflogo.nl\/de\/","name":"Handdoekeninclusieflogo","inLanguage":"de-DE","publisher":{"@id":"https:\/\/handdoekinclusieflogo.nl\/de\/#organization"}}]},"og:locale":"de_DE","og:site_name":"Handdoekeninclusieflogo -","og:type":"article","og:title":"Fouta Handtuch - Bedrucken - Baumwolle - Frottee - One-size","og:description":"Erlebe die Vielseitigkeit dieses leichten Hammam-Tuchs, ideal f\u00fcr Events &amp; Promotion. Die Kombination aus flach gewebter und Frottee-Seite bietet einzigartigen Komfort. Perfekt f\u00fcr die Personalisierung mit deinem Logo, ist dieses Tuch die ideale Wahl f\u00fcr kreative Werbegeschenke.","og:url":"https:\/\/handdoekinclusieflogo.nl\/de\/wp-json\/wp\/v2\/product\/717","og:image":"https:\/\/shop.hidalgo.nl\/wp-content\/uploads\/2026\/02\/cropped-logo-handdoek.png","og:image:secure_url":"https:\/\/shop.hidalgo.nl\/wp-content\/uploads\/2026\/02\/cropped-logo-handdoek.png","article:published_time":"2026-02-02T10:16:46+00:00","article:modified_time":"2026-02-17T11:59:38+00:00","article:publisher":"https:\/\/www.facebook.com\/hidalgobagsandmore\/","twitter:card":"summary_large_image","twitter:site":"@Hidalgo_BV","twitter:title":"Fouta Handtuch - Bedrucken - Baumwolle - Frottee - One-size","twitter:description":"Erlebe die Vielseitigkeit dieses leichten Hammam-Tuchs, ideal f\u00fcr Events &amp; Promotion. Die Kombination aus flach gewebter und Frottee-Seite bietet einzigartigen Komfort. Perfekt f\u00fcr die Personalisierung mit deinem Logo, ist dieses Tuch die ideale Wahl f\u00fcr kreative Werbegeschenke.","twitter:image":"https:\/\/shop.hidalgo.nl\/wp-content\/uploads\/2026\/02\/cropped-logo-handdoek.png"},"aioseo_meta_data":{"post_id":"717","title":null,"description":null,"keywords":null,"keyphrases":null,"primary_term":null,"canonical_url":null,"og_title":null,"og_description":null,"og_object_type":"default","og_image_type":"default","og_image_url":null,"og_image_width":null,"og_image_height":null,"og_image_custom_url":null,"og_image_custom_fields":null,"og_video":null,"og_custom_url":null,"og_article_section":null,"og_article_tags":null,"twitter_use_og":false,"twitter_card":"default","twitter_image_type":"default","twitter_image_url":null,"twitter_image_custom_url":null,"twitter_image_custom_fields":null,"twitter_title":null,"twitter_description":null,"schema":{"blockGraphs":[],"customGraphs":[],"default":{"data":{"Article":[],"Course":[],"Dataset":[],"FAQPage":[],"Movie":[],"Person":[],"Product":[],"ProductReview":[],"Car":[],"Recipe":[],"Service":[],"SoftwareApplication":[],"WebPage":[]},"graphName":"","isEnabled":true},"graphs":[]},"schema_type":"default","schema_type_options":null,"pillar_content":false,"robots_default":true,"robots_noindex":false,"robots_noarchive":false,"robots_nosnippet":false,"robots_nofollow":false,"robots_noimageindex":false,"robots_noodp":false,"robots_notranslate":false,"robots_max_snippet":null,"robots_max_videopreview":null,"robots_max_imagepreview":"large","priority":null,"frequency":null,"local_seo":null,"seo_analyzer_scan_date":"2026-02-10 13:40:26","breadcrumb_settings":null,"limit_modified_date":false,"reviewed_by":null,"open_ai":null,"ai":null,"created":"2026-02-02 10:17:43","updated":"2026-02-17 15:23:52"},"aioseo_breadcrumb":"<div class=\"aioseo-breadcrumbs\"><span class=\"aioseo-breadcrumb\">\n\t<a href=\"https:\/\/handdoekinclusieflogo.nl\/de\/\" title=\"Home\">Home<\/a>\n<\/span><span class=\"aioseo-breadcrumb-separator\">\u00bb<\/span><span class=\"aioseo-breadcrumb\">\n\t<a href=\"https:\/\/handdoekinclusieflogo.nl\/shop\/\" title=\"Shop\">Shop<\/a>\n<\/span><span class=\"aioseo-breadcrumb-separator\">\u00bb<\/span><span class=\"aioseo-breadcrumb\">\n\t<a href=\"https:\/\/handdoekinclusieflogo.nl\/de\/product-supplier\/a403\/\" title=\"A403-TopTex\">A403-TopTex<\/a>\n<\/span><span class=\"aioseo-breadcrumb-separator\">\u00bb<\/span><span class=\"aioseo-breadcrumb\">\n\t\u2013 Fouta Handdoek\n<\/span><\/div>","aioseo_breadcrumb_json":[{"label":"Home","link":"https:\/\/handdoekinclusieflogo.nl\/de\/"},{"label":"Shop","link":"https:\/\/handdoekinclusieflogo.nl\/shop\/"},{"label":"A403-TopTex","link":"https:\/\/handdoekinclusieflogo.nl\/de\/product-supplier\/a403\/"},{"label":"&#8211; Fouta Handdoek","link":"https:\/\/handdoekinclusieflogo.nl\/de\/product\/717\/fouta-handtuch-bedrucken-baumwolle-frottee-one-size\/"}],"_links":{"self":[{"href":"https:\/\/handdoekinclusieflogo.nl\/de\/wp-json\/wp\/v2\/product\/717","targetHints":{"allow":["GET"]}}],"collection":[{"href":"https:\/\/handdoekinclusieflogo.nl\/de\/wp-json\/wp\/v2\/product"}],"about":[{"href":"https:\/\/handdoekinclusieflogo.nl\/de\/wp-json\/wp\/v2\/types\/product"}],"wp:featuredmedia":[{"embeddable":true,"href":"https:\/\/handdoekinclusieflogo.nl\/de\/wp-json\/wp\/v2\/media\/999"}],"wp:attachment":[{"href":"https:\/\/handdoekinclusieflogo.nl\/de\/wp-json\/wp\/v2\/media?parent=717"}],"wp:term":[{"taxonomy":"product_brand","embeddable":true,"href":"https:\/\/handdoekinclusieflogo.nl\/de\/wp-json\/wp\/v2\/product_brand?post=717"},{"taxonomy":"product_cat","embeddable":true,"href":"https:\/\/handdoekinclusieflogo.nl\/de\/wp-json\/wp\/v2\/product_cat?post=717"},{"taxonomy":"product_tag","embeddable":true,"href":"https:\/\/handdoekinclusieflogo.nl\/de\/wp-json\/wp\/v2\/product_tag?post=717"}],"curies":[{"name":"wp","href":"https:\/\/api.w.org\/{rel}","templated":true}]}}