{"id":344,"date":"2026-02-02T09:55:42","date_gmt":"2026-02-02T09:55:42","guid":{"rendered":"https:\/\/handdoekeninclusieflogo.shop.hidalgo.nl\/product\/printed-rpet-beachtowel-350-g-m%c2%b2-100x180-strandlaken\/"},"modified":"2026-02-17T11:59:39","modified_gmt":"2026-02-17T11:59:39","slug":"printed-rpet-beachtowel-350-g-m%c2%b2-100x180-strandlaken","status":"publish","type":"product","link":"https:\/\/handdoekinclusieflogo.nl\/de\/product\/344\/strandtuch-bedrucken-rpet-beachtowel-saugfaehig-100x180\/","title":{"rendered":"Printed RPET BeachTowel 350 g\/m\u00b2 100&#215;180 strandlaken"},"content":{"rendered":"<p>Luxe strandlaken inclusief je eigen unieke full-colour opdruk. Bestaat uit 30% RPET, 10% polyester en 60% katoen (350 g\/m\u00b2). De handdoek is licht in gewicht en absorbeert prima. Comfortabel en zacht. Per stuk verpakt in cellofaan.<\/p>\n","protected":false},"excerpt":{"rendered":"<p>Luxe strandlaken inclusief je eigen unieke full-colour opdruk. Bestaat uit 30% RPET, 10% polyester en 60% katoen (350 g\/m\u00b2). De handdoek is licht in gewicht en absorbeert prima. Comfortabel en zacht. Per stuk verpakt in cellofaan.<\/p>\n","protected":false},"featured_media":345,"template":"","meta":{"_acf_changed":false,"om_disable_all_campaigns":false,"_monsterinsights_skip_tracking":false,"_monsterinsights_sitenote_active":false,"_monsterinsights_sitenote_note":"","_monsterinsights_sitenote_category":0,"_uf_show_specific_survey":0,"_uf_disable_surveys":false},"product_brand":[],"product_cat":[173,164,47],"product_tag":[],"class_list":{"0":"post-344","1":"product","2":"type-product","3":"status-publish","4":"has-post-thumbnail","6":"product_supplier-a508","7":"product_material-katoenrpet","8":"product_cat-full-colour-sublimatie","9":"product_cat-handdoeken","10":"product_cat-handdoeken-strandhanddoeken","11":"entry","13":"first","14":"instock","15":"taxable","16":"shipping-taxable","17":"purchasable","18":"product-type-variable"},"acf":{"imprint_cost":[{"imprint_cost_key":"050e976904437fc6f5c521be4fca5bda3b85c08d","product_quantity_price_range":[{"imprint_cost_recommended_selling_price":"0","imprint_cost_recommended_selling_quantity":"1"},{"imprint_cost_recommended_selling_price":"0","imprint_cost_recommended_selling_quantity":"25"},{"imprint_cost_recommended_selling_price":"0","imprint_cost_recommended_selling_quantity":"50"},{"imprint_cost_recommended_selling_price":"0","imprint_cost_recommended_selling_quantity":"100"},{"imprint_cost_recommended_selling_price":"0","imprint_cost_recommended_selling_quantity":"250"},{"imprint_cost_recommended_selling_price":"0","imprint_cost_recommended_selling_quantity":"500"},{"imprint_cost_recommended_selling_price":"0","imprint_cost_recommended_selling_quantity":"1000"},{"imprint_cost_recommended_selling_price":"0","imprint_cost_recommended_selling_quantity":"2500"},{"imprint_cost_recommended_selling_price":"0","imprint_cost_recommended_selling_quantity":"5000"}],"product_quantity_price_range_buying":[{"imprint_cost_general_buying_price":"0","imprint_cost_general_buying_quantity":"1"},{"imprint_cost_general_buying_price":"0","imprint_cost_general_buying_quantity":"25"},{"imprint_cost_general_buying_price":"0","imprint_cost_general_buying_quantity":"50"},{"imprint_cost_general_buying_price":"0","imprint_cost_general_buying_quantity":"100"},{"imprint_cost_general_buying_price":"0","imprint_cost_general_buying_quantity":"250"},{"imprint_cost_general_buying_price":"0","imprint_cost_general_buying_quantity":"500"},{"imprint_cost_general_buying_price":"0","imprint_cost_general_buying_quantity":"1000"},{"imprint_cost_general_buying_price":"0","imprint_cost_general_buying_quantity":"2500"},{"imprint_cost_general_buying_price":"0","imprint_cost_general_buying_quantity":"5000"}],"imprint_cost_setup_costs":"52.5","imprint_cost_handling_costs":"0"}]},"aioseo_notices":[],"aioseo_head":"\n\t\t<!-- All in One SEO Pro 4.9.6.2 - aioseo.com -->\n\t<meta name=\"description\" content=\"Verleihe deinem Event Individualit\u00e4t mit einem ma\u00dfgefertigten Strandtuch, das vollfarbig bedruckt ist. Ideal f\u00fcr Promotions, bietet es eine optimale Werbefl\u00e4che. Das leichte Textil ist aus recyceltem Material gefertigt und somit nachhaltig f\u00fcr Strand, Pool &amp; Reisen.\" \/>\n\t<meta name=\"robots\" content=\"max-image-preview:large\" \/>\n\t<meta name=\"google-site-verification\" content=\"BBMiYHShnVBoc8v9xoHf0FXMC27otVB0wiWxw_hFRrM\" \/>\n\t<link rel=\"canonical\" href=\"https:\/\/handdoekinclusieflogo.nl\/de\/wp-json\/wp\/v2\/product\/344\" \/>\n\t<meta name=\"generator\" content=\"All in One SEO Pro (AIOSEO) 4.9.6.2\" \/>\n\t\t<meta property=\"og:locale\" content=\"de_DE\" \/>\n\t\t<meta property=\"og:site_name\" content=\"Handdoekeninclusieflogo -\" \/>\n\t\t<meta property=\"og:type\" content=\"article\" \/>\n\t\t<meta property=\"og:title\" content=\"Strandtuch bedrucken - RPET BeachTowel - saugf\u00e4hig - 100x180\" \/>\n\t\t<meta property=\"og:description\" content=\"Verleihe deinem Event Individualit\u00e4t mit einem ma\u00dfgefertigten Strandtuch, das vollfarbig bedruckt ist. Ideal f\u00fcr Promotions, bietet es eine optimale Werbefl\u00e4che. Das leichte Textil ist aus recyceltem Material gefertigt und somit nachhaltig f\u00fcr Strand, Pool &amp; Reisen.\" \/>\n\t\t<meta property=\"og:url\" content=\"https:\/\/handdoekinclusieflogo.nl\/de\/wp-json\/wp\/v2\/product\/344\" \/>\n\t\t<meta property=\"og:image\" content=\"https:\/\/shop.hidalgo.nl\/wp-content\/uploads\/2026\/02\/cropped-logo-handdoek.png\" \/>\n\t\t<meta property=\"og:image:secure_url\" content=\"https:\/\/shop.hidalgo.nl\/wp-content\/uploads\/2026\/02\/cropped-logo-handdoek.png\" \/>\n\t\t<meta property=\"article:published_time\" content=\"2026-02-02T09:55:42+00:00\" \/>\n\t\t<meta property=\"article:modified_time\" content=\"2026-02-17T11:59:39+00:00\" \/>\n\t\t<meta property=\"article:publisher\" content=\"https:\/\/www.facebook.com\/hidalgobagsandmore\/\" \/>\n\t\t<meta name=\"twitter:card\" content=\"summary_large_image\" \/>\n\t\t<meta name=\"twitter:site\" content=\"@Hidalgo_BV\" \/>\n\t\t<meta name=\"twitter:title\" content=\"Strandtuch bedrucken - RPET BeachTowel - saugf\u00e4hig - 100x180\" \/>\n\t\t<meta name=\"twitter:description\" content=\"Verleihe deinem Event Individualit\u00e4t mit einem ma\u00dfgefertigten Strandtuch, das vollfarbig bedruckt ist. Ideal f\u00fcr Promotions, bietet es eine optimale Werbefl\u00e4che. Das leichte Textil ist aus recyceltem Material gefertigt und somit nachhaltig f\u00fcr Strand, Pool &amp; Reisen.\" \/>\n\t\t<meta name=\"twitter:image\" content=\"https:\/\/shop.hidalgo.nl\/wp-content\/uploads\/2026\/02\/cropped-logo-handdoek.png\" \/>\n\t\t<script type=\"application\/ld+json\" class=\"aioseo-schema\">\n\t\t\t{\"@context\":\"https:\\\/\\\/schema.org\",\"@graph\":[{\"@type\":\"BreadcrumbList\",\"@id\":\"https:\\\/\\\/handdoekinclusieflogo.nl\\\/de\\\/product\\\/344\\\/strandtuch-bedrucken-rpet-beachtowel-saugfaehig-100x180\\\/#breadcrumblist\",\"itemListElement\":[{\"@type\":\"ListItem\",\"@id\":\"https:\\\/\\\/handdoekinclusieflogo.nl\\\/de\\\/#listItem\",\"position\":1,\"name\":\"Home\",\"item\":\"https:\\\/\\\/handdoekinclusieflogo.nl\\\/de\\\/\",\"nextItem\":{\"@type\":\"ListItem\",\"@id\":\"https:\\\/\\\/handdoekinclusieflogo.nl\\\/shop\\\/#listItem\",\"name\":\"Shop\"}},{\"@type\":\"ListItem\",\"@id\":\"https:\\\/\\\/handdoekinclusieflogo.nl\\\/shop\\\/#listItem\",\"position\":2,\"name\":\"Shop\",\"item\":\"https:\\\/\\\/handdoekinclusieflogo.nl\\\/shop\\\/\",\"nextItem\":{\"@type\":\"ListItem\",\"@id\":\"https:\\\/\\\/handdoekinclusieflogo.nl\\\/de\\\/product-supplier\\\/a508\\\/#listItem\",\"name\":\"A508-Clipper Brands\"},\"previousItem\":{\"@type\":\"ListItem\",\"@id\":\"https:\\\/\\\/handdoekinclusieflogo.nl\\\/de\\\/#listItem\",\"name\":\"Home\"}},{\"@type\":\"ListItem\",\"@id\":\"https:\\\/\\\/handdoekinclusieflogo.nl\\\/de\\\/product-supplier\\\/a508\\\/#listItem\",\"position\":3,\"name\":\"A508-Clipper Brands\",\"item\":\"https:\\\/\\\/handdoekinclusieflogo.nl\\\/de\\\/product-supplier\\\/a508\\\/\",\"nextItem\":{\"@type\":\"ListItem\",\"@id\":\"https:\\\/\\\/handdoekinclusieflogo.nl\\\/de\\\/product\\\/344\\\/strandtuch-bedrucken-rpet-beachtowel-saugfaehig-100x180\\\/#listItem\",\"name\":\"Printed RPET BeachTowel 350 g\\\/m\\u00b2 100&#215;180 strandlaken\"},\"previousItem\":{\"@type\":\"ListItem\",\"@id\":\"https:\\\/\\\/handdoekinclusieflogo.nl\\\/shop\\\/#listItem\",\"name\":\"Shop\"}},{\"@type\":\"ListItem\",\"@id\":\"https:\\\/\\\/handdoekinclusieflogo.nl\\\/de\\\/product\\\/344\\\/strandtuch-bedrucken-rpet-beachtowel-saugfaehig-100x180\\\/#listItem\",\"position\":4,\"name\":\"Printed RPET BeachTowel 350 g\\\/m\\u00b2 100&#215;180 strandlaken\",\"previousItem\":{\"@type\":\"ListItem\",\"@id\":\"https:\\\/\\\/handdoekinclusieflogo.nl\\\/de\\\/product-supplier\\\/a508\\\/#listItem\",\"name\":\"A508-Clipper Brands\"}}]},{\"@type\":\"ItemPage\",\"@id\":\"https:\\\/\\\/handdoekinclusieflogo.nl\\\/de\\\/product\\\/344\\\/strandtuch-bedrucken-rpet-beachtowel-saugfaehig-100x180\\\/#itempage\",\"url\":\"https:\\\/\\\/handdoekinclusieflogo.nl\\\/de\\\/product\\\/344\\\/strandtuch-bedrucken-rpet-beachtowel-saugfaehig-100x180\\\/\",\"name\":\"Strandtuch bedrucken - RPET BeachTowel - saugf\\u00e4hig - 100x180\",\"description\":\"Verleihe deinem Event Individualit\\u00e4t mit einem ma\\u00dfgefertigten Strandtuch, das vollfarbig bedruckt ist. Ideal f\\u00fcr Promotions, bietet es eine optimale Werbefl\\u00e4che. Das leichte Textil ist aus recyceltem Material gefertigt und somit nachhaltig f\\u00fcr Strand, Pool & Reisen.\",\"inLanguage\":\"de-DE\",\"isPartOf\":{\"@id\":\"https:\\\/\\\/handdoekinclusieflogo.nl\\\/de\\\/#website\"},\"breadcrumb\":{\"@id\":\"https:\\\/\\\/handdoekinclusieflogo.nl\\\/de\\\/product\\\/344\\\/strandtuch-bedrucken-rpet-beachtowel-saugfaehig-100x180\\\/#breadcrumblist\"},\"image\":{\"@type\":\"ImageObject\",\"url\":\"https:\\\/\\\/shop.hidalgo.nl\\\/wp-content\\\/uploads\\\/2025\\\/04\\\/7fdffd7d5ba29fd60eb75515c056456b5aac8b74fa62b5f690745d78dadcb119.jpg\",\"@id\":\"https:\\\/\\\/handdoekinclusieflogo.nl\\\/de\\\/product\\\/344\\\/strandtuch-bedrucken-rpet-beachtowel-saugfaehig-100x180\\\/#mainImage\"},\"primaryImageOfPage\":{\"@id\":\"https:\\\/\\\/handdoekinclusieflogo.nl\\\/de\\\/product\\\/344\\\/strandtuch-bedrucken-rpet-beachtowel-saugfaehig-100x180\\\/#mainImage\"},\"datePublished\":\"2026-02-02T09:55:42+00:00\",\"dateModified\":\"2026-02-17T11:59:39+00:00\"},{\"@type\":\"Organization\",\"@id\":\"https:\\\/\\\/handdoekinclusieflogo.nl\\\/de\\\/#organization\",\"name\":\"Handdoekeninclusieflogo\",\"url\":\"https:\\\/\\\/handdoekinclusieflogo.nl\\\/de\\\/\",\"telephone\":\"+31793310133\",\"logo\":{\"@type\":\"ImageObject\",\"url\":\"https:\\\/\\\/shop.hidalgo.nl\\\/wp-content\\\/uploads\\\/2026\\\/02\\\/logo-handdoek.png\",\"@id\":\"https:\\\/\\\/handdoekinclusieflogo.nl\\\/de\\\/product\\\/344\\\/strandtuch-bedrucken-rpet-beachtowel-saugfaehig-100x180\\\/#organizationLogo\",\"width\":600,\"height\":264},\"image\":{\"@id\":\"https:\\\/\\\/handdoekinclusieflogo.nl\\\/de\\\/product\\\/344\\\/strandtuch-bedrucken-rpet-beachtowel-saugfaehig-100x180\\\/#organizationLogo\"},\"sameAs\":[\"https:\\\/\\\/www.facebook.com\\\/hidalgobagsandmore\\\/\",\"https:\\\/\\\/x.com\\\/Hidalgo_BV\",\"https:\\\/\\\/www.instagram.com\\\/hidalgobagsandmore\",\"https:\\\/\\\/www.youtube.com\\\/@hidalgobagsandmore\",\"https:\\\/\\\/linkedin.com\\\/in\\\/rutgerblommers\"]},{\"@type\":\"WebPage\",\"@id\":\"https:\\\/\\\/handdoekinclusieflogo.nl\\\/de\\\/product\\\/344\\\/strandtuch-bedrucken-rpet-beachtowel-saugfaehig-100x180\\\/#webpage\",\"url\":\"https:\\\/\\\/handdoekinclusieflogo.nl\\\/de\\\/product\\\/344\\\/strandtuch-bedrucken-rpet-beachtowel-saugfaehig-100x180\\\/\",\"name\":\"Strandtuch bedrucken - RPET BeachTowel - saugf\\u00e4hig - 100x180\",\"description\":\"Verleihe deinem Event Individualit\\u00e4t mit einem ma\\u00dfgefertigten Strandtuch, das vollfarbig bedruckt ist. Ideal f\\u00fcr Promotions, bietet es eine optimale Werbefl\\u00e4che. Das leichte Textil ist aus recyceltem Material gefertigt und somit nachhaltig f\\u00fcr Strand, Pool & Reisen.\",\"inLanguage\":\"de-DE\",\"isPartOf\":{\"@id\":\"https:\\\/\\\/handdoekinclusieflogo.nl\\\/de\\\/#website\"},\"breadcrumb\":{\"@id\":\"https:\\\/\\\/handdoekinclusieflogo.nl\\\/de\\\/product\\\/344\\\/strandtuch-bedrucken-rpet-beachtowel-saugfaehig-100x180\\\/#breadcrumblist\"},\"image\":{\"@type\":\"ImageObject\",\"url\":\"https:\\\/\\\/shop.hidalgo.nl\\\/wp-content\\\/uploads\\\/2025\\\/04\\\/7fdffd7d5ba29fd60eb75515c056456b5aac8b74fa62b5f690745d78dadcb119.jpg\",\"@id\":\"https:\\\/\\\/handdoekinclusieflogo.nl\\\/de\\\/product\\\/344\\\/strandtuch-bedrucken-rpet-beachtowel-saugfaehig-100x180\\\/#mainImage\"},\"primaryImageOfPage\":{\"@id\":\"https:\\\/\\\/handdoekinclusieflogo.nl\\\/de\\\/product\\\/344\\\/strandtuch-bedrucken-rpet-beachtowel-saugfaehig-100x180\\\/#mainImage\"},\"datePublished\":\"2026-02-02T09:55:42+00:00\",\"dateModified\":\"2026-02-17T11:59:39+00:00\"},{\"@type\":\"WebSite\",\"@id\":\"https:\\\/\\\/handdoekinclusieflogo.nl\\\/de\\\/#website\",\"url\":\"https:\\\/\\\/handdoekinclusieflogo.nl\\\/de\\\/\",\"name\":\"Handdoekeninclusieflogo\",\"inLanguage\":\"de-DE\",\"publisher\":{\"@id\":\"https:\\\/\\\/handdoekinclusieflogo.nl\\\/de\\\/#organization\"}}]}\n\t\t<\/script>\n\t\t<!-- All in One SEO Pro -->\r\n\t\t<title>Strandtuch bedrucken - RPET BeachTowel - saugf\u00e4hig - 100x180<\/title>\n\n","aioseo_head_json":{"title":"Strandtuch bedrucken - RPET BeachTowel - saugf\u00e4hig - 100x180","description":"Verleihe deinem Event Individualit\u00e4t mit einem ma\u00dfgefertigten Strandtuch, das vollfarbig bedruckt ist. Ideal f\u00fcr Promotions, bietet es eine optimale Werbefl\u00e4che. Das leichte Textil ist aus recyceltem Material gefertigt und somit nachhaltig f\u00fcr Strand, Pool & Reisen.","canonical_url":"https:\/\/handdoekinclusieflogo.nl\/de\/wp-json\/wp\/v2\/product\/344","robots":"max-image-preview:large","keywords":"","webmasterTools":{"google-site-verification":"BBMiYHShnVBoc8v9xoHf0FXMC27otVB0wiWxw_hFRrM","miscellaneous":""},"schema":{"@context":"https:\/\/schema.org","@graph":[{"@type":"BreadcrumbList","@id":"https:\/\/handdoekinclusieflogo.nl\/de\/product\/344\/strandtuch-bedrucken-rpet-beachtowel-saugfaehig-100x180\/#breadcrumblist","itemListElement":[{"@type":"ListItem","@id":"https:\/\/handdoekinclusieflogo.nl\/de\/#listItem","position":1,"name":"Home","item":"https:\/\/handdoekinclusieflogo.nl\/de\/","nextItem":{"@type":"ListItem","@id":"https:\/\/handdoekinclusieflogo.nl\/shop\/#listItem","name":"Shop"}},{"@type":"ListItem","@id":"https:\/\/handdoekinclusieflogo.nl\/shop\/#listItem","position":2,"name":"Shop","item":"https:\/\/handdoekinclusieflogo.nl\/shop\/","nextItem":{"@type":"ListItem","@id":"https:\/\/handdoekinclusieflogo.nl\/de\/product-supplier\/a508\/#listItem","name":"A508-Clipper Brands"},"previousItem":{"@type":"ListItem","@id":"https:\/\/handdoekinclusieflogo.nl\/de\/#listItem","name":"Home"}},{"@type":"ListItem","@id":"https:\/\/handdoekinclusieflogo.nl\/de\/product-supplier\/a508\/#listItem","position":3,"name":"A508-Clipper Brands","item":"https:\/\/handdoekinclusieflogo.nl\/de\/product-supplier\/a508\/","nextItem":{"@type":"ListItem","@id":"https:\/\/handdoekinclusieflogo.nl\/de\/product\/344\/strandtuch-bedrucken-rpet-beachtowel-saugfaehig-100x180\/#listItem","name":"Printed RPET BeachTowel 350 g\/m\u00b2 100&#215;180 strandlaken"},"previousItem":{"@type":"ListItem","@id":"https:\/\/handdoekinclusieflogo.nl\/shop\/#listItem","name":"Shop"}},{"@type":"ListItem","@id":"https:\/\/handdoekinclusieflogo.nl\/de\/product\/344\/strandtuch-bedrucken-rpet-beachtowel-saugfaehig-100x180\/#listItem","position":4,"name":"Printed RPET BeachTowel 350 g\/m\u00b2 100&#215;180 strandlaken","previousItem":{"@type":"ListItem","@id":"https:\/\/handdoekinclusieflogo.nl\/de\/product-supplier\/a508\/#listItem","name":"A508-Clipper Brands"}}]},{"@type":"ItemPage","@id":"https:\/\/handdoekinclusieflogo.nl\/de\/product\/344\/strandtuch-bedrucken-rpet-beachtowel-saugfaehig-100x180\/#itempage","url":"https:\/\/handdoekinclusieflogo.nl\/de\/product\/344\/strandtuch-bedrucken-rpet-beachtowel-saugfaehig-100x180\/","name":"Strandtuch bedrucken - RPET BeachTowel - saugf\u00e4hig - 100x180","description":"Verleihe deinem Event Individualit\u00e4t mit einem ma\u00dfgefertigten Strandtuch, das vollfarbig bedruckt ist. Ideal f\u00fcr Promotions, bietet es eine optimale Werbefl\u00e4che. Das leichte Textil ist aus recyceltem Material gefertigt und somit nachhaltig f\u00fcr Strand, Pool & Reisen.","inLanguage":"de-DE","isPartOf":{"@id":"https:\/\/handdoekinclusieflogo.nl\/de\/#website"},"breadcrumb":{"@id":"https:\/\/handdoekinclusieflogo.nl\/de\/product\/344\/strandtuch-bedrucken-rpet-beachtowel-saugfaehig-100x180\/#breadcrumblist"},"image":{"@type":"ImageObject","url":"https:\/\/shop.hidalgo.nl\/wp-content\/uploads\/2025\/04\/7fdffd7d5ba29fd60eb75515c056456b5aac8b74fa62b5f690745d78dadcb119.jpg","@id":"https:\/\/handdoekinclusieflogo.nl\/de\/product\/344\/strandtuch-bedrucken-rpet-beachtowel-saugfaehig-100x180\/#mainImage"},"primaryImageOfPage":{"@id":"https:\/\/handdoekinclusieflogo.nl\/de\/product\/344\/strandtuch-bedrucken-rpet-beachtowel-saugfaehig-100x180\/#mainImage"},"datePublished":"2026-02-02T09:55:42+00:00","dateModified":"2026-02-17T11:59:39+00:00"},{"@type":"Organization","@id":"https:\/\/handdoekinclusieflogo.nl\/de\/#organization","name":"Handdoekeninclusieflogo","url":"https:\/\/handdoekinclusieflogo.nl\/de\/","telephone":"+31793310133","logo":{"@type":"ImageObject","url":"https:\/\/shop.hidalgo.nl\/wp-content\/uploads\/2026\/02\/logo-handdoek.png","@id":"https:\/\/handdoekinclusieflogo.nl\/de\/product\/344\/strandtuch-bedrucken-rpet-beachtowel-saugfaehig-100x180\/#organizationLogo","width":600,"height":264},"image":{"@id":"https:\/\/handdoekinclusieflogo.nl\/de\/product\/344\/strandtuch-bedrucken-rpet-beachtowel-saugfaehig-100x180\/#organizationLogo"},"sameAs":["https:\/\/www.facebook.com\/hidalgobagsandmore\/","https:\/\/x.com\/Hidalgo_BV","https:\/\/www.instagram.com\/hidalgobagsandmore","https:\/\/www.youtube.com\/@hidalgobagsandmore","https:\/\/linkedin.com\/in\/rutgerblommers"]},{"@type":"WebPage","@id":"https:\/\/handdoekinclusieflogo.nl\/de\/product\/344\/strandtuch-bedrucken-rpet-beachtowel-saugfaehig-100x180\/#webpage","url":"https:\/\/handdoekinclusieflogo.nl\/de\/product\/344\/strandtuch-bedrucken-rpet-beachtowel-saugfaehig-100x180\/","name":"Strandtuch bedrucken - RPET BeachTowel - saugf\u00e4hig - 100x180","description":"Verleihe deinem Event Individualit\u00e4t mit einem ma\u00dfgefertigten Strandtuch, das vollfarbig bedruckt ist. Ideal f\u00fcr Promotions, bietet es eine optimale Werbefl\u00e4che. Das leichte Textil ist aus recyceltem Material gefertigt und somit nachhaltig f\u00fcr Strand, Pool & Reisen.","inLanguage":"de-DE","isPartOf":{"@id":"https:\/\/handdoekinclusieflogo.nl\/de\/#website"},"breadcrumb":{"@id":"https:\/\/handdoekinclusieflogo.nl\/de\/product\/344\/strandtuch-bedrucken-rpet-beachtowel-saugfaehig-100x180\/#breadcrumblist"},"image":{"@type":"ImageObject","url":"https:\/\/shop.hidalgo.nl\/wp-content\/uploads\/2025\/04\/7fdffd7d5ba29fd60eb75515c056456b5aac8b74fa62b5f690745d78dadcb119.jpg","@id":"https:\/\/handdoekinclusieflogo.nl\/de\/product\/344\/strandtuch-bedrucken-rpet-beachtowel-saugfaehig-100x180\/#mainImage"},"primaryImageOfPage":{"@id":"https:\/\/handdoekinclusieflogo.nl\/de\/product\/344\/strandtuch-bedrucken-rpet-beachtowel-saugfaehig-100x180\/#mainImage"},"datePublished":"2026-02-02T09:55:42+00:00","dateModified":"2026-02-17T11:59:39+00:00"},{"@type":"WebSite","@id":"https:\/\/handdoekinclusieflogo.nl\/de\/#website","url":"https:\/\/handdoekinclusieflogo.nl\/de\/","name":"Handdoekeninclusieflogo","inLanguage":"de-DE","publisher":{"@id":"https:\/\/handdoekinclusieflogo.nl\/de\/#organization"}}]},"og:locale":"de_DE","og:site_name":"Handdoekeninclusieflogo -","og:type":"article","og:title":"Strandtuch bedrucken - RPET BeachTowel - saugf\u00e4hig - 100x180","og:description":"Verleihe deinem Event Individualit\u00e4t mit einem ma\u00dfgefertigten Strandtuch, das vollfarbig bedruckt ist. Ideal f\u00fcr Promotions, bietet es eine optimale Werbefl\u00e4che. Das leichte Textil ist aus recyceltem Material gefertigt und somit nachhaltig f\u00fcr Strand, Pool &amp; Reisen.","og:url":"https:\/\/handdoekinclusieflogo.nl\/de\/wp-json\/wp\/v2\/product\/344","og:image":"https:\/\/shop.hidalgo.nl\/wp-content\/uploads\/2026\/02\/cropped-logo-handdoek.png","og:image:secure_url":"https:\/\/shop.hidalgo.nl\/wp-content\/uploads\/2026\/02\/cropped-logo-handdoek.png","article:published_time":"2026-02-02T09:55:42+00:00","article:modified_time":"2026-02-17T11:59:39+00:00","article:publisher":"https:\/\/www.facebook.com\/hidalgobagsandmore\/","twitter:card":"summary_large_image","twitter:site":"@Hidalgo_BV","twitter:title":"Strandtuch bedrucken - RPET BeachTowel - saugf\u00e4hig - 100x180","twitter:description":"Verleihe deinem Event Individualit\u00e4t mit einem ma\u00dfgefertigten Strandtuch, das vollfarbig bedruckt ist. Ideal f\u00fcr Promotions, bietet es eine optimale Werbefl\u00e4che. Das leichte Textil ist aus recyceltem Material gefertigt und somit nachhaltig f\u00fcr Strand, Pool &amp; Reisen.","twitter:image":"https:\/\/shop.hidalgo.nl\/wp-content\/uploads\/2026\/02\/cropped-logo-handdoek.png"},"aioseo_meta_data":{"post_id":"344","title":null,"description":null,"keywords":null,"keyphrases":null,"primary_term":null,"canonical_url":null,"og_title":null,"og_description":null,"og_object_type":"default","og_image_type":"default","og_image_url":null,"og_image_width":null,"og_image_height":null,"og_image_custom_url":null,"og_image_custom_fields":null,"og_video":null,"og_custom_url":null,"og_article_section":null,"og_article_tags":null,"twitter_use_og":false,"twitter_card":"default","twitter_image_type":"default","twitter_image_url":null,"twitter_image_custom_url":null,"twitter_image_custom_fields":null,"twitter_title":null,"twitter_description":null,"schema":{"blockGraphs":[],"customGraphs":[],"default":{"data":{"Article":[],"Course":[],"Dataset":[],"FAQPage":[],"Movie":[],"Person":[],"Product":[],"ProductReview":[],"Car":[],"Recipe":[],"Service":[],"SoftwareApplication":[],"WebPage":[]},"graphName":"","isEnabled":true},"graphs":[]},"schema_type":"default","schema_type_options":null,"pillar_content":false,"robots_default":true,"robots_noindex":false,"robots_noarchive":false,"robots_nosnippet":false,"robots_nofollow":false,"robots_noimageindex":false,"robots_noodp":false,"robots_notranslate":false,"robots_max_snippet":null,"robots_max_videopreview":null,"robots_max_imagepreview":"large","priority":null,"frequency":null,"local_seo":null,"seo_analyzer_scan_date":"2026-02-10 14:14:49","breadcrumb_settings":null,"limit_modified_date":false,"reviewed_by":null,"open_ai":null,"ai":null,"created":"2026-02-02 10:01:56","updated":"2026-02-17 12:57:33"},"aioseo_breadcrumb":"<div class=\"aioseo-breadcrumbs\"><span class=\"aioseo-breadcrumb\">\n\t<a href=\"https:\/\/handdoekinclusieflogo.nl\/de\/\" title=\"Home\">Home<\/a>\n<\/span><span class=\"aioseo-breadcrumb-separator\">\u00bb<\/span><span class=\"aioseo-breadcrumb\">\n\t<a href=\"https:\/\/handdoekinclusieflogo.nl\/shop\/\" title=\"Shop\">Shop<\/a>\n<\/span><span class=\"aioseo-breadcrumb-separator\">\u00bb<\/span><span class=\"aioseo-breadcrumb\">\n\t<a href=\"https:\/\/handdoekinclusieflogo.nl\/de\/product-supplier\/a508\/\" title=\"A508-Clipper Brands\">A508-Clipper Brands<\/a>\n<\/span><span class=\"aioseo-breadcrumb-separator\">\u00bb<\/span><span class=\"aioseo-breadcrumb\">\n\tPrinted RPET BeachTowel 350 g\/m\u00b2 100\u00d7180 strandlaken\n<\/span><\/div>","aioseo_breadcrumb_json":[{"label":"Home","link":"https:\/\/handdoekinclusieflogo.nl\/de\/"},{"label":"Shop","link":"https:\/\/handdoekinclusieflogo.nl\/shop\/"},{"label":"A508-Clipper Brands","link":"https:\/\/handdoekinclusieflogo.nl\/de\/product-supplier\/a508\/"},{"label":"Printed RPET BeachTowel 350 g\/m\u00b2 100&#215;180 strandlaken","link":"https:\/\/handdoekinclusieflogo.nl\/de\/product\/344\/strandtuch-bedrucken-rpet-beachtowel-saugfaehig-100x180\/"}],"_links":{"self":[{"href":"https:\/\/handdoekinclusieflogo.nl\/de\/wp-json\/wp\/v2\/product\/344","targetHints":{"allow":["GET"]}}],"collection":[{"href":"https:\/\/handdoekinclusieflogo.nl\/de\/wp-json\/wp\/v2\/product"}],"about":[{"href":"https:\/\/handdoekinclusieflogo.nl\/de\/wp-json\/wp\/v2\/types\/product"}],"wp:featuredmedia":[{"embeddable":true,"href":"https:\/\/handdoekinclusieflogo.nl\/de\/wp-json\/wp\/v2\/media\/345"}],"wp:attachment":[{"href":"https:\/\/handdoekinclusieflogo.nl\/de\/wp-json\/wp\/v2\/media?parent=344"}],"wp:term":[{"taxonomy":"product_brand","embeddable":true,"href":"https:\/\/handdoekinclusieflogo.nl\/de\/wp-json\/wp\/v2\/product_brand?post=344"},{"taxonomy":"product_cat","embeddable":true,"href":"https:\/\/handdoekinclusieflogo.nl\/de\/wp-json\/wp\/v2\/product_cat?post=344"},{"taxonomy":"product_tag","embeddable":true,"href":"https:\/\/handdoekinclusieflogo.nl\/de\/wp-json\/wp\/v2\/product_tag?post=344"}],"curies":[{"name":"wp","href":"https:\/\/api.w.org\/{rel}","templated":true}]}}