{"id":302,"date":"2026-02-02T09:55:19","date_gmt":"2026-02-02T09:55:19","guid":{"rendered":"https:\/\/handdoekeninclusieflogo.shop.hidalgo.nl\/product\/oxious-hammam-towels-promo-hamamdoek\/"},"modified":"2026-02-17T11:59:39","modified_gmt":"2026-02-17T11:59:39","slug":"oxious-hammam-towels-promo-hamamdoek","status":"publish","type":"product","link":"https:\/\/handdoekinclusieflogo.nl\/de\/product\/302\/hamamtuch-bedrucken-oxious-promo-leicht-recycelt-groessenwahl\/","title":{"rendered":"Oxious Hammam Towels &#8211; Promo hamamdoek"},"content":{"rendered":"<p>Een multifunctionele hamam handdoek van Oxious. Gemaakt van 50% katoen en 50% gerecycled industrieel textielafval (140 g\/m\u00b2). Promo is een heerlijk zacht en stijlvol doek met een wit streeppatroon. Prachtig als shawl, kleed op de bank, luxe (hamam)doek of handdoek. Het doek is handgemaakt.      Deze mooie, zachte doeken worden gemaakt door lokale vrouwen in een klein dorpje in Turkije. Zij werken daar in een sociale context, met ruimte voor groei en ontwikkeling. De doeken zijn handgemaakt met liefde en zorg voor het milieu. Met een product uit de Oxious collectie kan het pure genieten beginnen. Optioneel: Per stuk in kraft envelop en\/of met kraft sleeve.<\/p>\n","protected":false},"excerpt":{"rendered":"<p>Een multifunctionele hamam handdoek van Oxious. Gemaakt van 50% katoen en 50% gerecycled industrieel textielafval (140 g\/m\u00b2). Promo is een heerlijk zacht en stijlvol doek met een wit streeppatroon. Prachtig als shawl, kleed op de bank, luxe (hamam)doek of handdoek. Het doek is handgemaakt. Deze mooie, zachte doeken worden gemaakt door lokale vrouwen in een&hellip; <a class=\"more-link\" href=\"https:\/\/handdoekinclusieflogo.nl\/de\/product\/302\/hamamtuch-bedrucken-oxious-promo-leicht-recycelt-groessenwahl\/\"><span class=\"screen-reader-text\">Oxious Hammam Towels &#8211; Promo hamamdoek<\/span> weiterlesen<\/a><\/p>\n","protected":false},"featured_media":303,"template":"","meta":{"_acf_changed":false,"om_disable_all_campaigns":false,"_monsterinsights_skip_tracking":false,"_monsterinsights_sitenote_active":false,"_monsterinsights_sitenote_note":"","_monsterinsights_sitenote_category":0,"_uf_show_specific_survey":0,"_uf_disable_surveys":false},"product_brand":[],"product_cat":[171,40,164],"product_tag":[],"class_list":{"0":"post-302","1":"product","2":"type-product","3":"status-publish","4":"has-post-thumbnail","6":"product_supplier-a508","7":"product_material-katoengerecycled-textiel","8":"product_cat-bedrukken","9":"product_cat-handdoeken-hammam-doeken","10":"product_cat-handdoeken","11":"entry","13":"first","14":"instock","15":"taxable","16":"shipping-taxable","17":"purchasable","18":"product-type-variable"},"acf":{"imprint_cost":[{"imprint_cost_key":"bc5759a86cb08febad51dc1e99fef8a87e10ff1c","product_quantity_price_range":[{"imprint_cost_recommended_selling_price":"2.625","imprint_cost_recommended_selling_quantity":"1"},{"imprint_cost_recommended_selling_price":"2.175","imprint_cost_recommended_selling_quantity":"25"},{"imprint_cost_recommended_selling_price":"1.875","imprint_cost_recommended_selling_quantity":"50"},{"imprint_cost_recommended_selling_price":"1.575","imprint_cost_recommended_selling_quantity":"100"},{"imprint_cost_recommended_selling_price":"1.425","imprint_cost_recommended_selling_quantity":"250"},{"imprint_cost_recommended_selling_price":"1.275","imprint_cost_recommended_selling_quantity":"500"},{"imprint_cost_recommended_selling_price":"1.125","imprint_cost_recommended_selling_quantity":"1000"},{"imprint_cost_recommended_selling_price":"1.05","imprint_cost_recommended_selling_quantity":"2500"},{"imprint_cost_recommended_selling_price":"0.975","imprint_cost_recommended_selling_quantity":"5000"}],"product_quantity_price_range_buying":[{"imprint_cost_general_buying_price":"1.75","imprint_cost_general_buying_quantity":"1"},{"imprint_cost_general_buying_price":"1.45","imprint_cost_general_buying_quantity":"25"},{"imprint_cost_general_buying_price":"1.25","imprint_cost_general_buying_quantity":"50"},{"imprint_cost_general_buying_price":"1.05","imprint_cost_general_buying_quantity":"100"},{"imprint_cost_general_buying_price":"0.95","imprint_cost_general_buying_quantity":"250"},{"imprint_cost_general_buying_price":"0.85","imprint_cost_general_buying_quantity":"500"},{"imprint_cost_general_buying_price":"0.75","imprint_cost_general_buying_quantity":"1000"},{"imprint_cost_general_buying_price":"0.7","imprint_cost_general_buying_quantity":"2500"},{"imprint_cost_general_buying_price":"0.65","imprint_cost_general_buying_quantity":"5000"}],"imprint_cost_setup_costs":"45","imprint_cost_handling_costs":"0"}]},"aioseo_notices":[],"aioseo_head":"\n\t\t<!-- All in One SEO Pro 4.9.6.2 - aioseo.com -->\n\t<meta name=\"description\" content=\"Setze dein Logo stilvoll in Szene: Dieses vielseitige, handgefertigte Textil aus Recyclingmaterial ist ideal f\u00fcr Promotion-Events &amp; Messen. Perfekt als Hammam- oder Strandtuch mit minimalem Packma\u00df. Entdecke den Komfort &amp; die Nachhaltigkeit f\u00fcr dein n\u00e4chstes Projekt.\" \/>\n\t<meta name=\"robots\" content=\"max-image-preview:large\" \/>\n\t<meta name=\"google-site-verification\" content=\"BBMiYHShnVBoc8v9xoHf0FXMC27otVB0wiWxw_hFRrM\" \/>\n\t<link rel=\"canonical\" href=\"https:\/\/handdoekinclusieflogo.nl\/de\/wp-json\/wp\/v2\/product\/302\" \/>\n\t<meta name=\"generator\" content=\"All in One SEO Pro (AIOSEO) 4.9.6.2\" \/>\n\t\t<meta property=\"og:locale\" content=\"de_DE\" \/>\n\t\t<meta property=\"og:site_name\" content=\"Handdoekeninclusieflogo -\" \/>\n\t\t<meta property=\"og:type\" content=\"article\" \/>\n\t\t<meta property=\"og:title\" content=\"Hamamtuch bedrucken Oxious Promo leicht recycelt Gr\u00f6\u00dfenwahl\" \/>\n\t\t<meta property=\"og:description\" content=\"Setze dein Logo stilvoll in Szene: Dieses vielseitige, handgefertigte Textil aus Recyclingmaterial ist ideal f\u00fcr Promotion-Events &amp; Messen. Perfekt als Hammam- oder Strandtuch mit minimalem Packma\u00df. Entdecke den Komfort &amp; die Nachhaltigkeit f\u00fcr dein n\u00e4chstes Projekt.\" \/>\n\t\t<meta property=\"og:url\" content=\"https:\/\/handdoekinclusieflogo.nl\/de\/wp-json\/wp\/v2\/product\/302\" \/>\n\t\t<meta property=\"og:image\" content=\"https:\/\/shop.hidalgo.nl\/wp-content\/uploads\/2026\/02\/cropped-logo-handdoek.png\" \/>\n\t\t<meta property=\"og:image:secure_url\" content=\"https:\/\/shop.hidalgo.nl\/wp-content\/uploads\/2026\/02\/cropped-logo-handdoek.png\" \/>\n\t\t<meta property=\"article:published_time\" content=\"2026-02-02T09:55:19+00:00\" \/>\n\t\t<meta property=\"article:modified_time\" content=\"2026-02-17T11:59:39+00:00\" \/>\n\t\t<meta property=\"article:publisher\" content=\"https:\/\/www.facebook.com\/hidalgobagsandmore\/\" \/>\n\t\t<meta name=\"twitter:card\" content=\"summary_large_image\" \/>\n\t\t<meta name=\"twitter:site\" content=\"@Hidalgo_BV\" \/>\n\t\t<meta name=\"twitter:title\" content=\"Hamamtuch bedrucken Oxious Promo leicht recycelt Gr\u00f6\u00dfenwahl\" \/>\n\t\t<meta name=\"twitter:description\" content=\"Setze dein Logo stilvoll in Szene: Dieses vielseitige, handgefertigte Textil aus Recyclingmaterial ist ideal f\u00fcr Promotion-Events &amp; Messen. Perfekt als Hammam- oder Strandtuch mit minimalem Packma\u00df. Entdecke den Komfort &amp; die Nachhaltigkeit f\u00fcr dein n\u00e4chstes Projekt.\" \/>\n\t\t<meta name=\"twitter:image\" content=\"https:\/\/shop.hidalgo.nl\/wp-content\/uploads\/2026\/02\/cropped-logo-handdoek.png\" \/>\n\t\t<script type=\"application\/ld+json\" class=\"aioseo-schema\">\n\t\t\t{\"@context\":\"https:\\\/\\\/schema.org\",\"@graph\":[{\"@type\":\"BreadcrumbList\",\"@id\":\"https:\\\/\\\/handdoekinclusieflogo.nl\\\/de\\\/product\\\/302\\\/hamamtuch-bedrucken-oxious-promo-leicht-recycelt-groessenwahl\\\/#breadcrumblist\",\"itemListElement\":[{\"@type\":\"ListItem\",\"@id\":\"https:\\\/\\\/handdoekinclusieflogo.nl\\\/de\\\/#listItem\",\"position\":1,\"name\":\"Home\",\"item\":\"https:\\\/\\\/handdoekinclusieflogo.nl\\\/de\\\/\",\"nextItem\":{\"@type\":\"ListItem\",\"@id\":\"https:\\\/\\\/handdoekinclusieflogo.nl\\\/shop\\\/#listItem\",\"name\":\"Shop\"}},{\"@type\":\"ListItem\",\"@id\":\"https:\\\/\\\/handdoekinclusieflogo.nl\\\/shop\\\/#listItem\",\"position\":2,\"name\":\"Shop\",\"item\":\"https:\\\/\\\/handdoekinclusieflogo.nl\\\/shop\\\/\",\"nextItem\":{\"@type\":\"ListItem\",\"@id\":\"https:\\\/\\\/handdoekinclusieflogo.nl\\\/de\\\/product-supplier\\\/a508\\\/#listItem\",\"name\":\"A508-Clipper Brands\"},\"previousItem\":{\"@type\":\"ListItem\",\"@id\":\"https:\\\/\\\/handdoekinclusieflogo.nl\\\/de\\\/#listItem\",\"name\":\"Home\"}},{\"@type\":\"ListItem\",\"@id\":\"https:\\\/\\\/handdoekinclusieflogo.nl\\\/de\\\/product-supplier\\\/a508\\\/#listItem\",\"position\":3,\"name\":\"A508-Clipper Brands\",\"item\":\"https:\\\/\\\/handdoekinclusieflogo.nl\\\/de\\\/product-supplier\\\/a508\\\/\",\"nextItem\":{\"@type\":\"ListItem\",\"@id\":\"https:\\\/\\\/handdoekinclusieflogo.nl\\\/de\\\/product\\\/302\\\/hamamtuch-bedrucken-oxious-promo-leicht-recycelt-groessenwahl\\\/#listItem\",\"name\":\"Oxious Hammam Towels &#8211; Promo hamamdoek\"},\"previousItem\":{\"@type\":\"ListItem\",\"@id\":\"https:\\\/\\\/handdoekinclusieflogo.nl\\\/shop\\\/#listItem\",\"name\":\"Shop\"}},{\"@type\":\"ListItem\",\"@id\":\"https:\\\/\\\/handdoekinclusieflogo.nl\\\/de\\\/product\\\/302\\\/hamamtuch-bedrucken-oxious-promo-leicht-recycelt-groessenwahl\\\/#listItem\",\"position\":4,\"name\":\"Oxious Hammam Towels &#8211; Promo hamamdoek\",\"previousItem\":{\"@type\":\"ListItem\",\"@id\":\"https:\\\/\\\/handdoekinclusieflogo.nl\\\/de\\\/product-supplier\\\/a508\\\/#listItem\",\"name\":\"A508-Clipper Brands\"}}]},{\"@type\":\"ItemPage\",\"@id\":\"https:\\\/\\\/handdoekinclusieflogo.nl\\\/de\\\/product\\\/302\\\/hamamtuch-bedrucken-oxious-promo-leicht-recycelt-groessenwahl\\\/#itempage\",\"url\":\"https:\\\/\\\/handdoekinclusieflogo.nl\\\/de\\\/product\\\/302\\\/hamamtuch-bedrucken-oxious-promo-leicht-recycelt-groessenwahl\\\/\",\"name\":\"Hamamtuch bedrucken Oxious Promo leicht recycelt Gr\\u00f6\\u00dfenwahl\",\"description\":\"Setze dein Logo stilvoll in Szene: Dieses vielseitige, handgefertigte Textil aus Recyclingmaterial ist ideal f\\u00fcr Promotion-Events & Messen. Perfekt als Hammam- oder Strandtuch mit minimalem Packma\\u00df. Entdecke den Komfort & die Nachhaltigkeit f\\u00fcr dein n\\u00e4chstes Projekt.\",\"inLanguage\":\"de-DE\",\"isPartOf\":{\"@id\":\"https:\\\/\\\/handdoekinclusieflogo.nl\\\/de\\\/#website\"},\"breadcrumb\":{\"@id\":\"https:\\\/\\\/handdoekinclusieflogo.nl\\\/de\\\/product\\\/302\\\/hamamtuch-bedrucken-oxious-promo-leicht-recycelt-groessenwahl\\\/#breadcrumblist\"},\"image\":{\"@type\":\"ImageObject\",\"url\":\"https:\\\/\\\/shop.hidalgo.nl\\\/wp-content\\\/uploads\\\/2025\\\/04\\\/45e40b6e6cfadceb70173881742d16783b09f8fce92fe2ddf995a6dcb4eaa362.jpg\",\"@id\":\"https:\\\/\\\/handdoekinclusieflogo.nl\\\/de\\\/product\\\/302\\\/hamamtuch-bedrucken-oxious-promo-leicht-recycelt-groessenwahl\\\/#mainImage\"},\"primaryImageOfPage\":{\"@id\":\"https:\\\/\\\/handdoekinclusieflogo.nl\\\/de\\\/product\\\/302\\\/hamamtuch-bedrucken-oxious-promo-leicht-recycelt-groessenwahl\\\/#mainImage\"},\"datePublished\":\"2026-02-02T09:55:19+00:00\",\"dateModified\":\"2026-02-17T11:59:39+00:00\"},{\"@type\":\"Organization\",\"@id\":\"https:\\\/\\\/handdoekinclusieflogo.nl\\\/de\\\/#organization\",\"name\":\"Handdoekeninclusieflogo\",\"url\":\"https:\\\/\\\/handdoekinclusieflogo.nl\\\/de\\\/\",\"telephone\":\"+31793310133\",\"logo\":{\"@type\":\"ImageObject\",\"url\":\"https:\\\/\\\/shop.hidalgo.nl\\\/wp-content\\\/uploads\\\/2026\\\/02\\\/logo-handdoek.png\",\"@id\":\"https:\\\/\\\/handdoekinclusieflogo.nl\\\/de\\\/product\\\/302\\\/hamamtuch-bedrucken-oxious-promo-leicht-recycelt-groessenwahl\\\/#organizationLogo\",\"width\":600,\"height\":264},\"image\":{\"@id\":\"https:\\\/\\\/handdoekinclusieflogo.nl\\\/de\\\/product\\\/302\\\/hamamtuch-bedrucken-oxious-promo-leicht-recycelt-groessenwahl\\\/#organizationLogo\"},\"sameAs\":[\"https:\\\/\\\/www.facebook.com\\\/hidalgobagsandmore\\\/\",\"https:\\\/\\\/x.com\\\/Hidalgo_BV\",\"https:\\\/\\\/www.instagram.com\\\/hidalgobagsandmore\",\"https:\\\/\\\/www.youtube.com\\\/@hidalgobagsandmore\",\"https:\\\/\\\/linkedin.com\\\/in\\\/rutgerblommers\"]},{\"@type\":\"WebPage\",\"@id\":\"https:\\\/\\\/handdoekinclusieflogo.nl\\\/de\\\/product\\\/302\\\/hamamtuch-bedrucken-oxious-promo-leicht-recycelt-groessenwahl\\\/#webpage\",\"url\":\"https:\\\/\\\/handdoekinclusieflogo.nl\\\/de\\\/product\\\/302\\\/hamamtuch-bedrucken-oxious-promo-leicht-recycelt-groessenwahl\\\/\",\"name\":\"Hamamtuch bedrucken Oxious Promo leicht recycelt Gr\\u00f6\\u00dfenwahl\",\"description\":\"Setze dein Logo stilvoll in Szene: Dieses vielseitige, handgefertigte Textil aus Recyclingmaterial ist ideal f\\u00fcr Promotion-Events & Messen. Perfekt als Hammam- oder Strandtuch mit minimalem Packma\\u00df. Entdecke den Komfort & die Nachhaltigkeit f\\u00fcr dein n\\u00e4chstes Projekt.\",\"inLanguage\":\"de-DE\",\"isPartOf\":{\"@id\":\"https:\\\/\\\/handdoekinclusieflogo.nl\\\/de\\\/#website\"},\"breadcrumb\":{\"@id\":\"https:\\\/\\\/handdoekinclusieflogo.nl\\\/de\\\/product\\\/302\\\/hamamtuch-bedrucken-oxious-promo-leicht-recycelt-groessenwahl\\\/#breadcrumblist\"},\"image\":{\"@type\":\"ImageObject\",\"url\":\"https:\\\/\\\/shop.hidalgo.nl\\\/wp-content\\\/uploads\\\/2025\\\/04\\\/45e40b6e6cfadceb70173881742d16783b09f8fce92fe2ddf995a6dcb4eaa362.jpg\",\"@id\":\"https:\\\/\\\/handdoekinclusieflogo.nl\\\/de\\\/product\\\/302\\\/hamamtuch-bedrucken-oxious-promo-leicht-recycelt-groessenwahl\\\/#mainImage\"},\"primaryImageOfPage\":{\"@id\":\"https:\\\/\\\/handdoekinclusieflogo.nl\\\/de\\\/product\\\/302\\\/hamamtuch-bedrucken-oxious-promo-leicht-recycelt-groessenwahl\\\/#mainImage\"},\"datePublished\":\"2026-02-02T09:55:19+00:00\",\"dateModified\":\"2026-02-17T11:59:39+00:00\"},{\"@type\":\"WebSite\",\"@id\":\"https:\\\/\\\/handdoekinclusieflogo.nl\\\/de\\\/#website\",\"url\":\"https:\\\/\\\/handdoekinclusieflogo.nl\\\/de\\\/\",\"name\":\"Handdoekeninclusieflogo\",\"inLanguage\":\"de-DE\",\"publisher\":{\"@id\":\"https:\\\/\\\/handdoekinclusieflogo.nl\\\/de\\\/#organization\"}}]}\n\t\t<\/script>\n\t\t<!-- All in One SEO Pro -->\r\n\t\t<title>Hamamtuch bedrucken Oxious Promo leicht recycelt Gr\u00f6\u00dfenwahl<\/title>\n\n","aioseo_head_json":{"title":"Hamamtuch bedrucken Oxious Promo leicht recycelt Gr\u00f6\u00dfenwahl","description":"Setze dein Logo stilvoll in Szene: Dieses vielseitige, handgefertigte Textil aus Recyclingmaterial ist ideal f\u00fcr Promotion-Events & Messen. Perfekt als Hammam- oder Strandtuch mit minimalem Packma\u00df. Entdecke den Komfort & die Nachhaltigkeit f\u00fcr dein n\u00e4chstes Projekt.","canonical_url":"https:\/\/handdoekinclusieflogo.nl\/de\/wp-json\/wp\/v2\/product\/302","robots":"max-image-preview:large","keywords":"","webmasterTools":{"google-site-verification":"BBMiYHShnVBoc8v9xoHf0FXMC27otVB0wiWxw_hFRrM","miscellaneous":""},"schema":{"@context":"https:\/\/schema.org","@graph":[{"@type":"BreadcrumbList","@id":"https:\/\/handdoekinclusieflogo.nl\/de\/product\/302\/hamamtuch-bedrucken-oxious-promo-leicht-recycelt-groessenwahl\/#breadcrumblist","itemListElement":[{"@type":"ListItem","@id":"https:\/\/handdoekinclusieflogo.nl\/de\/#listItem","position":1,"name":"Home","item":"https:\/\/handdoekinclusieflogo.nl\/de\/","nextItem":{"@type":"ListItem","@id":"https:\/\/handdoekinclusieflogo.nl\/shop\/#listItem","name":"Shop"}},{"@type":"ListItem","@id":"https:\/\/handdoekinclusieflogo.nl\/shop\/#listItem","position":2,"name":"Shop","item":"https:\/\/handdoekinclusieflogo.nl\/shop\/","nextItem":{"@type":"ListItem","@id":"https:\/\/handdoekinclusieflogo.nl\/de\/product-supplier\/a508\/#listItem","name":"A508-Clipper Brands"},"previousItem":{"@type":"ListItem","@id":"https:\/\/handdoekinclusieflogo.nl\/de\/#listItem","name":"Home"}},{"@type":"ListItem","@id":"https:\/\/handdoekinclusieflogo.nl\/de\/product-supplier\/a508\/#listItem","position":3,"name":"A508-Clipper Brands","item":"https:\/\/handdoekinclusieflogo.nl\/de\/product-supplier\/a508\/","nextItem":{"@type":"ListItem","@id":"https:\/\/handdoekinclusieflogo.nl\/de\/product\/302\/hamamtuch-bedrucken-oxious-promo-leicht-recycelt-groessenwahl\/#listItem","name":"Oxious Hammam Towels &#8211; Promo hamamdoek"},"previousItem":{"@type":"ListItem","@id":"https:\/\/handdoekinclusieflogo.nl\/shop\/#listItem","name":"Shop"}},{"@type":"ListItem","@id":"https:\/\/handdoekinclusieflogo.nl\/de\/product\/302\/hamamtuch-bedrucken-oxious-promo-leicht-recycelt-groessenwahl\/#listItem","position":4,"name":"Oxious Hammam Towels &#8211; Promo hamamdoek","previousItem":{"@type":"ListItem","@id":"https:\/\/handdoekinclusieflogo.nl\/de\/product-supplier\/a508\/#listItem","name":"A508-Clipper Brands"}}]},{"@type":"ItemPage","@id":"https:\/\/handdoekinclusieflogo.nl\/de\/product\/302\/hamamtuch-bedrucken-oxious-promo-leicht-recycelt-groessenwahl\/#itempage","url":"https:\/\/handdoekinclusieflogo.nl\/de\/product\/302\/hamamtuch-bedrucken-oxious-promo-leicht-recycelt-groessenwahl\/","name":"Hamamtuch bedrucken Oxious Promo leicht recycelt Gr\u00f6\u00dfenwahl","description":"Setze dein Logo stilvoll in Szene: Dieses vielseitige, handgefertigte Textil aus Recyclingmaterial ist ideal f\u00fcr Promotion-Events & Messen. Perfekt als Hammam- oder Strandtuch mit minimalem Packma\u00df. Entdecke den Komfort & die Nachhaltigkeit f\u00fcr dein n\u00e4chstes Projekt.","inLanguage":"de-DE","isPartOf":{"@id":"https:\/\/handdoekinclusieflogo.nl\/de\/#website"},"breadcrumb":{"@id":"https:\/\/handdoekinclusieflogo.nl\/de\/product\/302\/hamamtuch-bedrucken-oxious-promo-leicht-recycelt-groessenwahl\/#breadcrumblist"},"image":{"@type":"ImageObject","url":"https:\/\/shop.hidalgo.nl\/wp-content\/uploads\/2025\/04\/45e40b6e6cfadceb70173881742d16783b09f8fce92fe2ddf995a6dcb4eaa362.jpg","@id":"https:\/\/handdoekinclusieflogo.nl\/de\/product\/302\/hamamtuch-bedrucken-oxious-promo-leicht-recycelt-groessenwahl\/#mainImage"},"primaryImageOfPage":{"@id":"https:\/\/handdoekinclusieflogo.nl\/de\/product\/302\/hamamtuch-bedrucken-oxious-promo-leicht-recycelt-groessenwahl\/#mainImage"},"datePublished":"2026-02-02T09:55:19+00:00","dateModified":"2026-02-17T11:59:39+00:00"},{"@type":"Organization","@id":"https:\/\/handdoekinclusieflogo.nl\/de\/#organization","name":"Handdoekeninclusieflogo","url":"https:\/\/handdoekinclusieflogo.nl\/de\/","telephone":"+31793310133","logo":{"@type":"ImageObject","url":"https:\/\/shop.hidalgo.nl\/wp-content\/uploads\/2026\/02\/logo-handdoek.png","@id":"https:\/\/handdoekinclusieflogo.nl\/de\/product\/302\/hamamtuch-bedrucken-oxious-promo-leicht-recycelt-groessenwahl\/#organizationLogo","width":600,"height":264},"image":{"@id":"https:\/\/handdoekinclusieflogo.nl\/de\/product\/302\/hamamtuch-bedrucken-oxious-promo-leicht-recycelt-groessenwahl\/#organizationLogo"},"sameAs":["https:\/\/www.facebook.com\/hidalgobagsandmore\/","https:\/\/x.com\/Hidalgo_BV","https:\/\/www.instagram.com\/hidalgobagsandmore","https:\/\/www.youtube.com\/@hidalgobagsandmore","https:\/\/linkedin.com\/in\/rutgerblommers"]},{"@type":"WebPage","@id":"https:\/\/handdoekinclusieflogo.nl\/de\/product\/302\/hamamtuch-bedrucken-oxious-promo-leicht-recycelt-groessenwahl\/#webpage","url":"https:\/\/handdoekinclusieflogo.nl\/de\/product\/302\/hamamtuch-bedrucken-oxious-promo-leicht-recycelt-groessenwahl\/","name":"Hamamtuch bedrucken Oxious Promo leicht recycelt Gr\u00f6\u00dfenwahl","description":"Setze dein Logo stilvoll in Szene: Dieses vielseitige, handgefertigte Textil aus Recyclingmaterial ist ideal f\u00fcr Promotion-Events & Messen. Perfekt als Hammam- oder Strandtuch mit minimalem Packma\u00df. Entdecke den Komfort & die Nachhaltigkeit f\u00fcr dein n\u00e4chstes Projekt.","inLanguage":"de-DE","isPartOf":{"@id":"https:\/\/handdoekinclusieflogo.nl\/de\/#website"},"breadcrumb":{"@id":"https:\/\/handdoekinclusieflogo.nl\/de\/product\/302\/hamamtuch-bedrucken-oxious-promo-leicht-recycelt-groessenwahl\/#breadcrumblist"},"image":{"@type":"ImageObject","url":"https:\/\/shop.hidalgo.nl\/wp-content\/uploads\/2025\/04\/45e40b6e6cfadceb70173881742d16783b09f8fce92fe2ddf995a6dcb4eaa362.jpg","@id":"https:\/\/handdoekinclusieflogo.nl\/de\/product\/302\/hamamtuch-bedrucken-oxious-promo-leicht-recycelt-groessenwahl\/#mainImage"},"primaryImageOfPage":{"@id":"https:\/\/handdoekinclusieflogo.nl\/de\/product\/302\/hamamtuch-bedrucken-oxious-promo-leicht-recycelt-groessenwahl\/#mainImage"},"datePublished":"2026-02-02T09:55:19+00:00","dateModified":"2026-02-17T11:59:39+00:00"},{"@type":"WebSite","@id":"https:\/\/handdoekinclusieflogo.nl\/de\/#website","url":"https:\/\/handdoekinclusieflogo.nl\/de\/","name":"Handdoekeninclusieflogo","inLanguage":"de-DE","publisher":{"@id":"https:\/\/handdoekinclusieflogo.nl\/de\/#organization"}}]},"og:locale":"de_DE","og:site_name":"Handdoekeninclusieflogo -","og:type":"article","og:title":"Hamamtuch bedrucken Oxious Promo leicht recycelt Gr\u00f6\u00dfenwahl","og:description":"Setze dein Logo stilvoll in Szene: Dieses vielseitige, handgefertigte Textil aus Recyclingmaterial ist ideal f\u00fcr Promotion-Events &amp; Messen. Perfekt als Hammam- oder Strandtuch mit minimalem Packma\u00df. Entdecke den Komfort &amp; die Nachhaltigkeit f\u00fcr dein n\u00e4chstes Projekt.","og:url":"https:\/\/handdoekinclusieflogo.nl\/de\/wp-json\/wp\/v2\/product\/302","og:image":"https:\/\/shop.hidalgo.nl\/wp-content\/uploads\/2026\/02\/cropped-logo-handdoek.png","og:image:secure_url":"https:\/\/shop.hidalgo.nl\/wp-content\/uploads\/2026\/02\/cropped-logo-handdoek.png","article:published_time":"2026-02-02T09:55:19+00:00","article:modified_time":"2026-02-17T11:59:39+00:00","article:publisher":"https:\/\/www.facebook.com\/hidalgobagsandmore\/","twitter:card":"summary_large_image","twitter:site":"@Hidalgo_BV","twitter:title":"Hamamtuch bedrucken Oxious Promo leicht recycelt Gr\u00f6\u00dfenwahl","twitter:description":"Setze dein Logo stilvoll in Szene: Dieses vielseitige, handgefertigte Textil aus Recyclingmaterial ist ideal f\u00fcr Promotion-Events &amp; Messen. Perfekt als Hammam- oder Strandtuch mit minimalem Packma\u00df. Entdecke den Komfort &amp; die Nachhaltigkeit f\u00fcr dein n\u00e4chstes Projekt.","twitter:image":"https:\/\/shop.hidalgo.nl\/wp-content\/uploads\/2026\/02\/cropped-logo-handdoek.png"},"aioseo_meta_data":{"post_id":"302","title":null,"description":null,"keywords":null,"keyphrases":null,"primary_term":null,"canonical_url":null,"og_title":null,"og_description":null,"og_object_type":"default","og_image_type":"default","og_image_url":null,"og_image_width":null,"og_image_height":null,"og_image_custom_url":null,"og_image_custom_fields":null,"og_video":null,"og_custom_url":null,"og_article_section":null,"og_article_tags":null,"twitter_use_og":false,"twitter_card":"default","twitter_image_type":"default","twitter_image_url":null,"twitter_image_custom_url":null,"twitter_image_custom_fields":null,"twitter_title":null,"twitter_description":null,"schema":{"blockGraphs":[],"customGraphs":[],"default":{"data":{"Article":[],"Course":[],"Dataset":[],"FAQPage":[],"Movie":[],"Person":[],"Product":[],"ProductReview":[],"Car":[],"Recipe":[],"Service":[],"SoftwareApplication":[],"WebPage":[]},"graphName":"","isEnabled":true},"graphs":[]},"schema_type":"default","schema_type_options":null,"pillar_content":false,"robots_default":true,"robots_noindex":false,"robots_noarchive":false,"robots_nosnippet":false,"robots_nofollow":false,"robots_noimageindex":false,"robots_noodp":false,"robots_notranslate":false,"robots_max_snippet":null,"robots_max_videopreview":null,"robots_max_imagepreview":"large","priority":null,"frequency":null,"local_seo":null,"seo_analyzer_scan_date":"2026-02-10 13:40:26","breadcrumb_settings":null,"limit_modified_date":false,"reviewed_by":null,"open_ai":null,"ai":null,"created":"2026-02-02 09:55:35","updated":"2026-02-17 12:11:28"},"aioseo_breadcrumb":"<div class=\"aioseo-breadcrumbs\"><span class=\"aioseo-breadcrumb\">\n\t<a href=\"https:\/\/handdoekinclusieflogo.nl\/de\/\" title=\"Home\">Home<\/a>\n<\/span><span class=\"aioseo-breadcrumb-separator\">\u00bb<\/span><span class=\"aioseo-breadcrumb\">\n\t<a href=\"https:\/\/handdoekinclusieflogo.nl\/shop\/\" title=\"Shop\">Shop<\/a>\n<\/span><span class=\"aioseo-breadcrumb-separator\">\u00bb<\/span><span class=\"aioseo-breadcrumb\">\n\t<a href=\"https:\/\/handdoekinclusieflogo.nl\/de\/product-supplier\/a508\/\" title=\"A508-Clipper Brands\">A508-Clipper Brands<\/a>\n<\/span><span class=\"aioseo-breadcrumb-separator\">\u00bb<\/span><span class=\"aioseo-breadcrumb\">\n\tOxious Hammam Towels \u2013 Promo hamamdoek\n<\/span><\/div>","aioseo_breadcrumb_json":[{"label":"Home","link":"https:\/\/handdoekinclusieflogo.nl\/de\/"},{"label":"Shop","link":"https:\/\/handdoekinclusieflogo.nl\/shop\/"},{"label":"A508-Clipper Brands","link":"https:\/\/handdoekinclusieflogo.nl\/de\/product-supplier\/a508\/"},{"label":"Oxious Hammam Towels &#8211; Promo hamamdoek","link":"https:\/\/handdoekinclusieflogo.nl\/de\/product\/302\/hamamtuch-bedrucken-oxious-promo-leicht-recycelt-groessenwahl\/"}],"_links":{"self":[{"href":"https:\/\/handdoekinclusieflogo.nl\/de\/wp-json\/wp\/v2\/product\/302","targetHints":{"allow":["GET"]}}],"collection":[{"href":"https:\/\/handdoekinclusieflogo.nl\/de\/wp-json\/wp\/v2\/product"}],"about":[{"href":"https:\/\/handdoekinclusieflogo.nl\/de\/wp-json\/wp\/v2\/types\/product"}],"wp:featuredmedia":[{"embeddable":true,"href":"https:\/\/handdoekinclusieflogo.nl\/de\/wp-json\/wp\/v2\/media\/303"}],"wp:attachment":[{"href":"https:\/\/handdoekinclusieflogo.nl\/de\/wp-json\/wp\/v2\/media?parent=302"}],"wp:term":[{"taxonomy":"product_brand","embeddable":true,"href":"https:\/\/handdoekinclusieflogo.nl\/de\/wp-json\/wp\/v2\/product_brand?post=302"},{"taxonomy":"product_cat","embeddable":true,"href":"https:\/\/handdoekinclusieflogo.nl\/de\/wp-json\/wp\/v2\/product_cat?post=302"},{"taxonomy":"product_tag","embeddable":true,"href":"https:\/\/handdoekinclusieflogo.nl\/de\/wp-json\/wp\/v2\/product_tag?post=302"}],"curies":[{"name":"wp","href":"https:\/\/api.w.org\/{rel}","templated":true}]}}