{"id":2568,"date":"2026-05-11T12:25:41","date_gmt":"2026-05-11T12:25:41","guid":{"rendered":"https:\/\/handdoekinclusieflogo.nl\/product\/pa574-sporthanddoek-microvezel-50-x-100-cm\/"},"modified":"2026-05-11T12:37:06","modified_gmt":"2026-05-11T12:37:06","slug":"pa574-sporthanddoek-microvezel-50-x-100-cm","status":"publish","type":"product","link":"https:\/\/handdoekinclusieflogo.nl\/de\/product\/2568\/pa574-super-saugfaehiges-mikrofaser-sporthandtuch-50-x-100-cm\/","title":{"rendered":"PA574 &#8211; Sporthanddoek microvezel &#8211; 50 x 100 cm"},"content":{"rendered":"<p>85% polyester \/ 15% polyamide. Licht, voor snel en doeltreffend drogen. Afgewerkt met overlocksteken en elastisch opvouw- \/draagbandje.<\/p>\n","protected":false},"excerpt":{"rendered":"<p>85% polyester \/ 15% polyamide. Licht, voor snel en doeltreffend drogen. Afgewerkt met overlocksteken en elastisch opvouw- \/draagbandje.<\/p>\n","protected":false},"featured_media":2569,"template":"","meta":{"_acf_changed":false,"om_disable_all_campaigns":false,"_monsterinsights_skip_tracking":false,"_monsterinsights_sitenote_active":false,"_monsterinsights_sitenote_note":"","_monsterinsights_sitenote_category":0,"_uf_show_specific_survey":0,"_uf_disable_surveys":false},"product_brand":[75],"product_cat":[171,174,164,53],"product_tag":[],"class_list":{"0":"post-2568","1":"product","2":"type-product","3":"status-publish","4":"has-post-thumbnail","6":"product_supplier-a404","7":"product_brand-proact","8":"product_cat-bedrukken","9":"product_cat-bedrukking-mogelijkheden","10":"product_cat-handdoeken","11":"product_cat-handdoeken-sport-handdoeken","12":"entry","14":"first","15":"outofstock","16":"taxable","17":"shipping-taxable","18":"purchasable","19":"product-type-variable"},"acf":{"english_short_description":"Ultra-light for quick and efficient drying.\nEasy to fold thanks to its matching sewn-on elastic.\nWide selection of colourways.","german_short_description":"Besonders leicht f\u00fcr ein rasches, effizientes Trocknen.\nLeicht zu falten, mit Ton-in-Ton-Elastikband.\nGro\u00dfe Farbauswahl."},"aioseo_notices":[],"aioseo_head":"\n\t\t<!-- All in One SEO Pro 4.9.6.2 - aioseo.com -->\n\t<meta name=\"description\" content=\"Besonders leicht f\u00fcr ein rasches, effizientes Trocknen. Leicht zu falten, mit Ton-in-Ton-Elastikband. Gro\u00dfe Farbauswahl.\" \/>\n\t<meta name=\"robots\" content=\"max-image-preview:large\" \/>\n\t<meta name=\"google-site-verification\" content=\"BBMiYHShnVBoc8v9xoHf0FXMC27otVB0wiWxw_hFRrM\" \/>\n\t<link rel=\"canonical\" href=\"https:\/\/handdoekinclusieflogo.nl\/de\/wp-json\/wp\/v2\/product\/2568\" \/>\n\t<meta name=\"generator\" content=\"All in One SEO Pro (AIOSEO) 4.9.6.2\" \/>\n\t\t<meta property=\"og:locale\" content=\"de_DE\" \/>\n\t\t<meta property=\"og:site_name\" content=\"Handdoekeninclusieflogo -\" \/>\n\t\t<meta property=\"og:type\" content=\"article\" \/>\n\t\t<meta property=\"og:title\" content=\"PA574 - Super saugf\u00e4higes Mikrofaser-Sporthandtuch - 50 x 100 cm\" \/>\n\t\t<meta property=\"og:description\" content=\"Besonders leicht f\u00fcr ein rasches, effizientes Trocknen. Leicht zu falten, mit Ton-in-Ton-Elastikband. Gro\u00dfe Farbauswahl.\" \/>\n\t\t<meta property=\"og:url\" content=\"https:\/\/handdoekinclusieflogo.nl\/de\/wp-json\/wp\/v2\/product\/2568\" \/>\n\t\t<meta property=\"og:image\" content=\"https:\/\/shop.hidalgo.nl\/wp-content\/uploads\/2026\/02\/cropped-logo-handdoek.png\" \/>\n\t\t<meta property=\"og:image:secure_url\" content=\"https:\/\/shop.hidalgo.nl\/wp-content\/uploads\/2026\/02\/cropped-logo-handdoek.png\" \/>\n\t\t<meta property=\"article:published_time\" content=\"2026-05-11T12:25:41+00:00\" \/>\n\t\t<meta property=\"article:modified_time\" content=\"2026-05-11T12:37:06+00:00\" \/>\n\t\t<meta property=\"article:publisher\" content=\"https:\/\/www.facebook.com\/hidalgobagsandmore\/\" \/>\n\t\t<meta name=\"twitter:card\" content=\"summary_large_image\" \/>\n\t\t<meta name=\"twitter:site\" content=\"@Hidalgo_BV\" \/>\n\t\t<meta name=\"twitter:title\" content=\"PA574 - Super saugf\u00e4higes Mikrofaser-Sporthandtuch - 50 x 100 cm\" \/>\n\t\t<meta name=\"twitter:description\" content=\"Besonders leicht f\u00fcr ein rasches, effizientes Trocknen. Leicht zu falten, mit Ton-in-Ton-Elastikband. Gro\u00dfe Farbauswahl.\" \/>\n\t\t<meta name=\"twitter:image\" content=\"https:\/\/shop.hidalgo.nl\/wp-content\/uploads\/2026\/02\/cropped-logo-handdoek.png\" \/>\n\t\t<script type=\"application\/ld+json\" class=\"aioseo-schema\">\n\t\t\t{\"@context\":\"https:\\\/\\\/schema.org\",\"@graph\":[{\"@type\":\"BreadcrumbList\",\"@id\":\"https:\\\/\\\/handdoekinclusieflogo.nl\\\/de\\\/product\\\/2568\\\/pa574-super-saugfaehiges-mikrofaser-sporthandtuch-50-x-100-cm\\\/#breadcrumblist\",\"itemListElement\":[{\"@type\":\"ListItem\",\"@id\":\"https:\\\/\\\/handdoekinclusieflogo.nl\\\/de\\\/#listItem\",\"position\":1,\"name\":\"Home\",\"item\":\"https:\\\/\\\/handdoekinclusieflogo.nl\\\/de\\\/\",\"nextItem\":{\"@type\":\"ListItem\",\"@id\":\"https:\\\/\\\/handdoekinclusieflogo.nl\\\/shop\\\/#listItem\",\"name\":\"Shop\"}},{\"@type\":\"ListItem\",\"@id\":\"https:\\\/\\\/handdoekinclusieflogo.nl\\\/shop\\\/#listItem\",\"position\":2,\"name\":\"Shop\",\"item\":\"https:\\\/\\\/handdoekinclusieflogo.nl\\\/shop\\\/\",\"nextItem\":{\"@type\":\"ListItem\",\"@id\":\"https:\\\/\\\/handdoekinclusieflogo.nl\\\/de\\\/product-supplier\\\/a404\\\/#listItem\",\"name\":\"A404\"},\"previousItem\":{\"@type\":\"ListItem\",\"@id\":\"https:\\\/\\\/handdoekinclusieflogo.nl\\\/de\\\/#listItem\",\"name\":\"Home\"}},{\"@type\":\"ListItem\",\"@id\":\"https:\\\/\\\/handdoekinclusieflogo.nl\\\/de\\\/product-supplier\\\/a404\\\/#listItem\",\"position\":3,\"name\":\"A404\",\"item\":\"https:\\\/\\\/handdoekinclusieflogo.nl\\\/de\\\/product-supplier\\\/a404\\\/\",\"nextItem\":{\"@type\":\"ListItem\",\"@id\":\"https:\\\/\\\/handdoekinclusieflogo.nl\\\/de\\\/product\\\/2568\\\/pa574-super-saugfaehiges-mikrofaser-sporthandtuch-50-x-100-cm\\\/#listItem\",\"name\":\"PA574 &#8211; Sporthanddoek microvezel &#8211; 50 x 100 cm\"},\"previousItem\":{\"@type\":\"ListItem\",\"@id\":\"https:\\\/\\\/handdoekinclusieflogo.nl\\\/shop\\\/#listItem\",\"name\":\"Shop\"}},{\"@type\":\"ListItem\",\"@id\":\"https:\\\/\\\/handdoekinclusieflogo.nl\\\/de\\\/product\\\/2568\\\/pa574-super-saugfaehiges-mikrofaser-sporthandtuch-50-x-100-cm\\\/#listItem\",\"position\":4,\"name\":\"PA574 &#8211; Sporthanddoek microvezel &#8211; 50 x 100 cm\",\"previousItem\":{\"@type\":\"ListItem\",\"@id\":\"https:\\\/\\\/handdoekinclusieflogo.nl\\\/de\\\/product-supplier\\\/a404\\\/#listItem\",\"name\":\"A404\"}}]},{\"@type\":\"ItemPage\",\"@id\":\"https:\\\/\\\/handdoekinclusieflogo.nl\\\/de\\\/product\\\/2568\\\/pa574-super-saugfaehiges-mikrofaser-sporthandtuch-50-x-100-cm\\\/#itempage\",\"url\":\"https:\\\/\\\/handdoekinclusieflogo.nl\\\/de\\\/product\\\/2568\\\/pa574-super-saugfaehiges-mikrofaser-sporthandtuch-50-x-100-cm\\\/\",\"name\":\"PA574 - Super saugf\\u00e4higes Mikrofaser-Sporthandtuch - 50 x 100 cm\",\"description\":\"Besonders leicht f\\u00fcr ein rasches, effizientes Trocknen. Leicht zu falten, mit Ton-in-Ton-Elastikband. Gro\\u00dfe Farbauswahl.\",\"inLanguage\":\"de-DE\",\"isPartOf\":{\"@id\":\"https:\\\/\\\/handdoekinclusieflogo.nl\\\/de\\\/#website\"},\"breadcrumb\":{\"@id\":\"https:\\\/\\\/handdoekinclusieflogo.nl\\\/de\\\/product\\\/2568\\\/pa574-super-saugfaehiges-mikrofaser-sporthandtuch-50-x-100-cm\\\/#breadcrumblist\"},\"image\":{\"@type\":\"ImageObject\",\"url\":\"https:\\\/\\\/shop.hidalgo.nl\\\/wp-content\\\/uploads\\\/2026\\\/04\\\/PA574-P_2017.jpg\",\"@id\":\"https:\\\/\\\/handdoekinclusieflogo.nl\\\/de\\\/product\\\/2568\\\/pa574-super-saugfaehiges-mikrofaser-sporthandtuch-50-x-100-cm\\\/#mainImage\"},\"primaryImageOfPage\":{\"@id\":\"https:\\\/\\\/handdoekinclusieflogo.nl\\\/de\\\/product\\\/2568\\\/pa574-super-saugfaehiges-mikrofaser-sporthandtuch-50-x-100-cm\\\/#mainImage\"},\"datePublished\":\"2026-05-11T12:25:41+00:00\",\"dateModified\":\"2026-05-11T12:37:06+00:00\"},{\"@type\":\"Organization\",\"@id\":\"https:\\\/\\\/handdoekinclusieflogo.nl\\\/de\\\/#organization\",\"name\":\"Handdoekeninclusieflogo\",\"url\":\"https:\\\/\\\/handdoekinclusieflogo.nl\\\/de\\\/\",\"telephone\":\"+31793310133\",\"logo\":{\"@type\":\"ImageObject\",\"url\":\"https:\\\/\\\/shop.hidalgo.nl\\\/wp-content\\\/uploads\\\/2026\\\/02\\\/logo-handdoek.png\",\"@id\":\"https:\\\/\\\/handdoekinclusieflogo.nl\\\/de\\\/product\\\/2568\\\/pa574-super-saugfaehiges-mikrofaser-sporthandtuch-50-x-100-cm\\\/#organizationLogo\",\"width\":600,\"height\":264},\"image\":{\"@id\":\"https:\\\/\\\/handdoekinclusieflogo.nl\\\/de\\\/product\\\/2568\\\/pa574-super-saugfaehiges-mikrofaser-sporthandtuch-50-x-100-cm\\\/#organizationLogo\"},\"sameAs\":[\"https:\\\/\\\/www.facebook.com\\\/hidalgobagsandmore\\\/\",\"https:\\\/\\\/x.com\\\/Hidalgo_BV\",\"https:\\\/\\\/www.instagram.com\\\/hidalgobagsandmore\",\"https:\\\/\\\/www.youtube.com\\\/@hidalgobagsandmore\",\"https:\\\/\\\/linkedin.com\\\/in\\\/rutgerblommers\"]},{\"@type\":\"WebPage\",\"@id\":\"https:\\\/\\\/handdoekinclusieflogo.nl\\\/de\\\/product\\\/2568\\\/pa574-super-saugfaehiges-mikrofaser-sporthandtuch-50-x-100-cm\\\/#webpage\",\"url\":\"https:\\\/\\\/handdoekinclusieflogo.nl\\\/de\\\/product\\\/2568\\\/pa574-super-saugfaehiges-mikrofaser-sporthandtuch-50-x-100-cm\\\/\",\"name\":\"PA574 - Super saugf\\u00e4higes Mikrofaser-Sporthandtuch - 50 x 100 cm\",\"description\":\"Besonders leicht f\\u00fcr ein rasches, effizientes Trocknen. Leicht zu falten, mit Ton-in-Ton-Elastikband. Gro\\u00dfe Farbauswahl.\",\"inLanguage\":\"de-DE\",\"isPartOf\":{\"@id\":\"https:\\\/\\\/handdoekinclusieflogo.nl\\\/de\\\/#website\"},\"breadcrumb\":{\"@id\":\"https:\\\/\\\/handdoekinclusieflogo.nl\\\/de\\\/product\\\/2568\\\/pa574-super-saugfaehiges-mikrofaser-sporthandtuch-50-x-100-cm\\\/#breadcrumblist\"},\"image\":{\"@type\":\"ImageObject\",\"url\":\"https:\\\/\\\/shop.hidalgo.nl\\\/wp-content\\\/uploads\\\/2026\\\/04\\\/PA574-P_2017.jpg\",\"@id\":\"https:\\\/\\\/handdoekinclusieflogo.nl\\\/de\\\/product\\\/2568\\\/pa574-super-saugfaehiges-mikrofaser-sporthandtuch-50-x-100-cm\\\/#mainImage\"},\"primaryImageOfPage\":{\"@id\":\"https:\\\/\\\/handdoekinclusieflogo.nl\\\/de\\\/product\\\/2568\\\/pa574-super-saugfaehiges-mikrofaser-sporthandtuch-50-x-100-cm\\\/#mainImage\"},\"datePublished\":\"2026-05-11T12:25:41+00:00\",\"dateModified\":\"2026-05-11T12:37:06+00:00\"},{\"@type\":\"WebSite\",\"@id\":\"https:\\\/\\\/handdoekinclusieflogo.nl\\\/de\\\/#website\",\"url\":\"https:\\\/\\\/handdoekinclusieflogo.nl\\\/de\\\/\",\"name\":\"Handdoekeninclusieflogo\",\"inLanguage\":\"de-DE\",\"publisher\":{\"@id\":\"https:\\\/\\\/handdoekinclusieflogo.nl\\\/de\\\/#organization\"}}]}\n\t\t<\/script>\n\t\t<!-- All in One SEO Pro -->\r\n\t\t<title>PA574 - Super saugf\u00e4higes Mikrofaser-Sporthandtuch - 50 x 100 cm<\/title>\n\n","aioseo_head_json":{"title":"PA574 - Super saugf\u00e4higes Mikrofaser-Sporthandtuch - 50 x 100 cm","description":"Besonders leicht f\u00fcr ein rasches, effizientes Trocknen. Leicht zu falten, mit Ton-in-Ton-Elastikband. Gro\u00dfe Farbauswahl.","canonical_url":"https:\/\/handdoekinclusieflogo.nl\/de\/wp-json\/wp\/v2\/product\/2568","robots":"max-image-preview:large","keywords":"","webmasterTools":{"google-site-verification":"BBMiYHShnVBoc8v9xoHf0FXMC27otVB0wiWxw_hFRrM","miscellaneous":""},"schema":{"@context":"https:\/\/schema.org","@graph":[{"@type":"BreadcrumbList","@id":"https:\/\/handdoekinclusieflogo.nl\/de\/product\/2568\/pa574-super-saugfaehiges-mikrofaser-sporthandtuch-50-x-100-cm\/#breadcrumblist","itemListElement":[{"@type":"ListItem","@id":"https:\/\/handdoekinclusieflogo.nl\/de\/#listItem","position":1,"name":"Home","item":"https:\/\/handdoekinclusieflogo.nl\/de\/","nextItem":{"@type":"ListItem","@id":"https:\/\/handdoekinclusieflogo.nl\/shop\/#listItem","name":"Shop"}},{"@type":"ListItem","@id":"https:\/\/handdoekinclusieflogo.nl\/shop\/#listItem","position":2,"name":"Shop","item":"https:\/\/handdoekinclusieflogo.nl\/shop\/","nextItem":{"@type":"ListItem","@id":"https:\/\/handdoekinclusieflogo.nl\/de\/product-supplier\/a404\/#listItem","name":"A404"},"previousItem":{"@type":"ListItem","@id":"https:\/\/handdoekinclusieflogo.nl\/de\/#listItem","name":"Home"}},{"@type":"ListItem","@id":"https:\/\/handdoekinclusieflogo.nl\/de\/product-supplier\/a404\/#listItem","position":3,"name":"A404","item":"https:\/\/handdoekinclusieflogo.nl\/de\/product-supplier\/a404\/","nextItem":{"@type":"ListItem","@id":"https:\/\/handdoekinclusieflogo.nl\/de\/product\/2568\/pa574-super-saugfaehiges-mikrofaser-sporthandtuch-50-x-100-cm\/#listItem","name":"PA574 &#8211; Sporthanddoek microvezel &#8211; 50 x 100 cm"},"previousItem":{"@type":"ListItem","@id":"https:\/\/handdoekinclusieflogo.nl\/shop\/#listItem","name":"Shop"}},{"@type":"ListItem","@id":"https:\/\/handdoekinclusieflogo.nl\/de\/product\/2568\/pa574-super-saugfaehiges-mikrofaser-sporthandtuch-50-x-100-cm\/#listItem","position":4,"name":"PA574 &#8211; Sporthanddoek microvezel &#8211; 50 x 100 cm","previousItem":{"@type":"ListItem","@id":"https:\/\/handdoekinclusieflogo.nl\/de\/product-supplier\/a404\/#listItem","name":"A404"}}]},{"@type":"ItemPage","@id":"https:\/\/handdoekinclusieflogo.nl\/de\/product\/2568\/pa574-super-saugfaehiges-mikrofaser-sporthandtuch-50-x-100-cm\/#itempage","url":"https:\/\/handdoekinclusieflogo.nl\/de\/product\/2568\/pa574-super-saugfaehiges-mikrofaser-sporthandtuch-50-x-100-cm\/","name":"PA574 - Super saugf\u00e4higes Mikrofaser-Sporthandtuch - 50 x 100 cm","description":"Besonders leicht f\u00fcr ein rasches, effizientes Trocknen. Leicht zu falten, mit Ton-in-Ton-Elastikband. Gro\u00dfe Farbauswahl.","inLanguage":"de-DE","isPartOf":{"@id":"https:\/\/handdoekinclusieflogo.nl\/de\/#website"},"breadcrumb":{"@id":"https:\/\/handdoekinclusieflogo.nl\/de\/product\/2568\/pa574-super-saugfaehiges-mikrofaser-sporthandtuch-50-x-100-cm\/#breadcrumblist"},"image":{"@type":"ImageObject","url":"https:\/\/shop.hidalgo.nl\/wp-content\/uploads\/2026\/04\/PA574-P_2017.jpg","@id":"https:\/\/handdoekinclusieflogo.nl\/de\/product\/2568\/pa574-super-saugfaehiges-mikrofaser-sporthandtuch-50-x-100-cm\/#mainImage"},"primaryImageOfPage":{"@id":"https:\/\/handdoekinclusieflogo.nl\/de\/product\/2568\/pa574-super-saugfaehiges-mikrofaser-sporthandtuch-50-x-100-cm\/#mainImage"},"datePublished":"2026-05-11T12:25:41+00:00","dateModified":"2026-05-11T12:37:06+00:00"},{"@type":"Organization","@id":"https:\/\/handdoekinclusieflogo.nl\/de\/#organization","name":"Handdoekeninclusieflogo","url":"https:\/\/handdoekinclusieflogo.nl\/de\/","telephone":"+31793310133","logo":{"@type":"ImageObject","url":"https:\/\/shop.hidalgo.nl\/wp-content\/uploads\/2026\/02\/logo-handdoek.png","@id":"https:\/\/handdoekinclusieflogo.nl\/de\/product\/2568\/pa574-super-saugfaehiges-mikrofaser-sporthandtuch-50-x-100-cm\/#organizationLogo","width":600,"height":264},"image":{"@id":"https:\/\/handdoekinclusieflogo.nl\/de\/product\/2568\/pa574-super-saugfaehiges-mikrofaser-sporthandtuch-50-x-100-cm\/#organizationLogo"},"sameAs":["https:\/\/www.facebook.com\/hidalgobagsandmore\/","https:\/\/x.com\/Hidalgo_BV","https:\/\/www.instagram.com\/hidalgobagsandmore","https:\/\/www.youtube.com\/@hidalgobagsandmore","https:\/\/linkedin.com\/in\/rutgerblommers"]},{"@type":"WebPage","@id":"https:\/\/handdoekinclusieflogo.nl\/de\/product\/2568\/pa574-super-saugfaehiges-mikrofaser-sporthandtuch-50-x-100-cm\/#webpage","url":"https:\/\/handdoekinclusieflogo.nl\/de\/product\/2568\/pa574-super-saugfaehiges-mikrofaser-sporthandtuch-50-x-100-cm\/","name":"PA574 - Super saugf\u00e4higes Mikrofaser-Sporthandtuch - 50 x 100 cm","description":"Besonders leicht f\u00fcr ein rasches, effizientes Trocknen. Leicht zu falten, mit Ton-in-Ton-Elastikband. Gro\u00dfe Farbauswahl.","inLanguage":"de-DE","isPartOf":{"@id":"https:\/\/handdoekinclusieflogo.nl\/de\/#website"},"breadcrumb":{"@id":"https:\/\/handdoekinclusieflogo.nl\/de\/product\/2568\/pa574-super-saugfaehiges-mikrofaser-sporthandtuch-50-x-100-cm\/#breadcrumblist"},"image":{"@type":"ImageObject","url":"https:\/\/shop.hidalgo.nl\/wp-content\/uploads\/2026\/04\/PA574-P_2017.jpg","@id":"https:\/\/handdoekinclusieflogo.nl\/de\/product\/2568\/pa574-super-saugfaehiges-mikrofaser-sporthandtuch-50-x-100-cm\/#mainImage"},"primaryImageOfPage":{"@id":"https:\/\/handdoekinclusieflogo.nl\/de\/product\/2568\/pa574-super-saugfaehiges-mikrofaser-sporthandtuch-50-x-100-cm\/#mainImage"},"datePublished":"2026-05-11T12:25:41+00:00","dateModified":"2026-05-11T12:37:06+00:00"},{"@type":"WebSite","@id":"https:\/\/handdoekinclusieflogo.nl\/de\/#website","url":"https:\/\/handdoekinclusieflogo.nl\/de\/","name":"Handdoekeninclusieflogo","inLanguage":"de-DE","publisher":{"@id":"https:\/\/handdoekinclusieflogo.nl\/de\/#organization"}}]},"og:locale":"de_DE","og:site_name":"Handdoekeninclusieflogo -","og:type":"article","og:title":"PA574 - Super saugf\u00e4higes Mikrofaser-Sporthandtuch - 50 x 100 cm","og:description":"Besonders leicht f\u00fcr ein rasches, effizientes Trocknen. Leicht zu falten, mit Ton-in-Ton-Elastikband. Gro\u00dfe Farbauswahl.","og:url":"https:\/\/handdoekinclusieflogo.nl\/de\/wp-json\/wp\/v2\/product\/2568","og:image":"https:\/\/shop.hidalgo.nl\/wp-content\/uploads\/2026\/02\/cropped-logo-handdoek.png","og:image:secure_url":"https:\/\/shop.hidalgo.nl\/wp-content\/uploads\/2026\/02\/cropped-logo-handdoek.png","article:published_time":"2026-05-11T12:25:41+00:00","article:modified_time":"2026-05-11T12:37:06+00:00","article:publisher":"https:\/\/www.facebook.com\/hidalgobagsandmore\/","twitter:card":"summary_large_image","twitter:site":"@Hidalgo_BV","twitter:title":"PA574 - Super saugf\u00e4higes Mikrofaser-Sporthandtuch - 50 x 100 cm","twitter:description":"Besonders leicht f\u00fcr ein rasches, effizientes Trocknen. Leicht zu falten, mit Ton-in-Ton-Elastikband. Gro\u00dfe Farbauswahl.","twitter:image":"https:\/\/shop.hidalgo.nl\/wp-content\/uploads\/2026\/02\/cropped-logo-handdoek.png"},"aioseo_meta_data":{"post_id":"2568","title":null,"description":null,"keywords":null,"keyphrases":null,"primary_term":null,"canonical_url":null,"og_title":null,"og_description":null,"og_object_type":"default","og_image_type":"default","og_image_url":null,"og_image_width":null,"og_image_height":null,"og_image_custom_url":null,"og_image_custom_fields":null,"og_video":null,"og_custom_url":null,"og_article_section":null,"og_article_tags":null,"twitter_use_og":false,"twitter_card":"default","twitter_image_type":"default","twitter_image_url":null,"twitter_image_custom_url":null,"twitter_image_custom_fields":null,"twitter_title":null,"twitter_description":null,"schema":{"blockGraphs":[],"customGraphs":[],"default":{"data":{"Article":[],"Course":[],"Dataset":[],"FAQPage":[],"Movie":[],"Person":[],"Product":[],"ProductReview":[],"Car":[],"Recipe":[],"Service":[],"SoftwareApplication":[],"WebPage":[]},"graphName":"","isEnabled":true},"graphs":[]},"schema_type":"default","schema_type_options":null,"pillar_content":false,"robots_default":true,"robots_noindex":false,"robots_noarchive":false,"robots_nosnippet":false,"robots_nofollow":false,"robots_noimageindex":false,"robots_noodp":false,"robots_notranslate":false,"robots_max_snippet":null,"robots_max_videopreview":null,"robots_max_imagepreview":"large","priority":null,"frequency":null,"local_seo":null,"seo_analyzer_scan_date":null,"breadcrumb_settings":null,"limit_modified_date":false,"reviewed_by":null,"open_ai":null,"ai":null,"created":"2026-05-11 12:26:48","updated":"2026-05-11 13:16:12"},"aioseo_breadcrumb":"<div class=\"aioseo-breadcrumbs\"><span class=\"aioseo-breadcrumb\">\n\t<a href=\"https:\/\/handdoekinclusieflogo.nl\/de\/\" title=\"Home\">Home<\/a>\n<\/span><span class=\"aioseo-breadcrumb-separator\">\u00bb<\/span><span class=\"aioseo-breadcrumb\">\n\t<a href=\"https:\/\/handdoekinclusieflogo.nl\/shop\/\" title=\"Shop\">Shop<\/a>\n<\/span><span class=\"aioseo-breadcrumb-separator\">\u00bb<\/span><span class=\"aioseo-breadcrumb\">\n\t<a href=\"https:\/\/handdoekinclusieflogo.nl\/de\/product-supplier\/a404\/\" title=\"A404\">A404<\/a>\n<\/span><span class=\"aioseo-breadcrumb-separator\">\u00bb<\/span><span class=\"aioseo-breadcrumb\">\n\tPA574 \u2013 Sporthanddoek microvezel \u2013 50 x 100 cm\n<\/span><\/div>","aioseo_breadcrumb_json":[{"label":"Home","link":"https:\/\/handdoekinclusieflogo.nl\/de\/"},{"label":"Shop","link":"https:\/\/handdoekinclusieflogo.nl\/shop\/"},{"label":"A404","link":"https:\/\/handdoekinclusieflogo.nl\/de\/product-supplier\/a404\/"},{"label":"PA574 &#8211; Sporthanddoek microvezel &#8211; 50 x 100 cm","link":"https:\/\/handdoekinclusieflogo.nl\/de\/product\/2568\/pa574-super-saugfaehiges-mikrofaser-sporthandtuch-50-x-100-cm\/"}],"_links":{"self":[{"href":"https:\/\/handdoekinclusieflogo.nl\/de\/wp-json\/wp\/v2\/product\/2568","targetHints":{"allow":["GET"]}}],"collection":[{"href":"https:\/\/handdoekinclusieflogo.nl\/de\/wp-json\/wp\/v2\/product"}],"about":[{"href":"https:\/\/handdoekinclusieflogo.nl\/de\/wp-json\/wp\/v2\/types\/product"}],"wp:featuredmedia":[{"embeddable":true,"href":"https:\/\/handdoekinclusieflogo.nl\/de\/wp-json\/wp\/v2\/media\/2569"}],"wp:attachment":[{"href":"https:\/\/handdoekinclusieflogo.nl\/de\/wp-json\/wp\/v2\/media?parent=2568"}],"wp:term":[{"taxonomy":"product_brand","embeddable":true,"href":"https:\/\/handdoekinclusieflogo.nl\/de\/wp-json\/wp\/v2\/product_brand?post=2568"},{"taxonomy":"product_cat","embeddable":true,"href":"https:\/\/handdoekinclusieflogo.nl\/de\/wp-json\/wp\/v2\/product_cat?post=2568"},{"taxonomy":"product_tag","embeddable":true,"href":"https:\/\/handdoekinclusieflogo.nl\/de\/wp-json\/wp\/v2\/product_tag?post=2568"}],"curies":[{"name":"wp","href":"https:\/\/api.w.org\/{rel}","templated":true}]}}