{"id":245,"date":"2026-02-02T09:55:04","date_gmt":"2026-02-02T09:55:04","guid":{"rendered":"https:\/\/handdoekeninclusieflogo.shop.hidalgo.nl\/product\/sp120-fouta\/"},"modified":"2026-02-17T11:59:40","modified_gmt":"2026-02-17T11:59:40","slug":"sp120-fouta","status":"publish","type":"product","link":"https:\/\/handdoekinclusieflogo.nl\/de\/product\/245\/hammam-tuch-sp120-fouta-bedrucken-135x180-leinenmix-one-size\/","title":{"rendered":"SP120 &#8211; Fouta"},"content":{"rendered":"<p>65% katoen, 35% linnen. Afmetingen: 135 x 180\u00a0cm (variaties mogelijk naargelang de complexiteit van het weefproces). Gewassen product. Fouta met franjes aan de uiteinden. Dubbelzijdig geweven met textuur-effect, waarvan \u00e9\u00e9n lichtere zijde in beige schakeringen.<\/p>\n","protected":false},"excerpt":{"rendered":"<p>65% katoen, 35% linnen. Afmetingen: 135 x 180\u00a0cm (variaties mogelijk naargelang de complexiteit van het weefproces). Gewassen product. Fouta met franjes aan de uiteinden. Dubbelzijdig geweven met textuur-effect, waarvan \u00e9\u00e9n lichtere zijde in beige schakeringen.<\/p>\n","protected":false},"featured_media":246,"template":"","meta":{"_acf_changed":false,"om_disable_all_campaigns":false,"_monsterinsights_skip_tracking":false,"_monsterinsights_sitenote_active":false,"_monsterinsights_sitenote_note":"","_monsterinsights_sitenote_category":0,"_uf_show_specific_survey":0,"_uf_disable_surveys":false},"product_brand":[43],"product_cat":[171,40,164],"product_tag":[],"class_list":{"0":"post-245","1":"product","2":"type-product","3":"status-publish","4":"has-post-thumbnail","6":"product_supplier-a403","7":"product_brand-spasso","8":"product_cat-bedrukken","9":"product_cat-handdoeken-hammam-doeken","10":"product_cat-handdoeken","11":"entry","13":"first","14":"instock","15":"taxable","16":"shipping-taxable","17":"purchasable","18":"product-type-variable"},"acf":{"imprint_cost":[{"imprint_cost_key":"33483b79de35c41f6a5968127e3727b83ce2fe0b","product_quantity_price_range":[{"imprint_cost_recommended_selling_price":"0","imprint_cost_recommended_selling_quantity":"1"}],"product_quantity_price_range_buying":false,"imprint_cost_setup_costs":"","imprint_cost_handling_costs":""}]},"aioseo_notices":[],"aioseo_head":"\n\t\t<!-- All in One SEO Pro 4.9.5.2 - aioseo.com -->\n\t<meta name=\"description\" content=\"Tauche ein in die Welt der personalisierten Hammam-T\u00fccher. Du kannst dein eigenes Logo auf das vielseitige, doppelseitig gewebte Tuch drucken lassen - perfekt f\u00fcr dein Event oder als Geschenk. Mit seiner One-size-passform bietet es Komfort &amp; Stil f\u00fcr jede Gelegenheit.\" \/>\n\t<meta name=\"robots\" content=\"max-image-preview:large\" \/>\n\t<meta name=\"google-site-verification\" content=\"BBMiYHShnVBoc8v9xoHf0FXMC27otVB0wiWxw_hFRrM\" \/>\n\t<link rel=\"canonical\" href=\"https:\/\/handdoekinclusieflogo.nl\/de\/wp-json\/wp\/v2\/product\/245\" \/>\n\t<meta name=\"generator\" content=\"All in One SEO Pro (AIOSEO) 4.9.5.2\" \/>\n\t\t<meta property=\"og:locale\" content=\"de_DE\" \/>\n\t\t<meta property=\"og:site_name\" content=\"Handdoekeninclusieflogo -\" \/>\n\t\t<meta property=\"og:type\" content=\"article\" \/>\n\t\t<meta property=\"og:title\" content=\"Hammam-Tuch SP120-Fouta-bedrucken-135x180-Leinenmix-One-size\" \/>\n\t\t<meta property=\"og:description\" content=\"Tauche ein in die Welt der personalisierten Hammam-T\u00fccher. Du kannst dein eigenes Logo auf das vielseitige, doppelseitig gewebte Tuch drucken lassen - perfekt f\u00fcr dein Event oder als Geschenk. Mit seiner One-size-passform bietet es Komfort &amp; Stil f\u00fcr jede Gelegenheit.\" \/>\n\t\t<meta property=\"og:url\" content=\"https:\/\/handdoekinclusieflogo.nl\/de\/wp-json\/wp\/v2\/product\/245\" \/>\n\t\t<meta property=\"og:image\" content=\"https:\/\/shop.hidalgo.nl\/wp-content\/uploads\/2026\/02\/cropped-logo-handdoek.png\" \/>\n\t\t<meta property=\"og:image:secure_url\" content=\"https:\/\/shop.hidalgo.nl\/wp-content\/uploads\/2026\/02\/cropped-logo-handdoek.png\" \/>\n\t\t<meta property=\"article:published_time\" content=\"2026-02-02T09:55:04+00:00\" \/>\n\t\t<meta property=\"article:modified_time\" content=\"2026-02-17T11:59:40+00:00\" \/>\n\t\t<meta property=\"article:publisher\" content=\"https:\/\/www.facebook.com\/hidalgobagsandmore\/\" \/>\n\t\t<meta name=\"twitter:card\" content=\"summary_large_image\" \/>\n\t\t<meta name=\"twitter:site\" content=\"@Hidalgo_BV\" \/>\n\t\t<meta name=\"twitter:title\" content=\"Hammam-Tuch SP120-Fouta-bedrucken-135x180-Leinenmix-One-size\" \/>\n\t\t<meta name=\"twitter:description\" content=\"Tauche ein in die Welt der personalisierten Hammam-T\u00fccher. Du kannst dein eigenes Logo auf das vielseitige, doppelseitig gewebte Tuch drucken lassen - perfekt f\u00fcr dein Event oder als Geschenk. Mit seiner One-size-passform bietet es Komfort &amp; Stil f\u00fcr jede Gelegenheit.\" \/>\n\t\t<meta name=\"twitter:image\" content=\"https:\/\/shop.hidalgo.nl\/wp-content\/uploads\/2026\/02\/cropped-logo-handdoek.png\" \/>\n\t\t<script type=\"application\/ld+json\" class=\"aioseo-schema\">\n\t\t\t{\"@context\":\"https:\\\/\\\/schema.org\",\"@graph\":[{\"@type\":\"BreadcrumbList\",\"@id\":\"https:\\\/\\\/handdoekinclusieflogo.nl\\\/de\\\/product\\\/245\\\/hammam-tuch-sp120-fouta-bedrucken-135x180-leinenmix-one-size\\\/#breadcrumblist\",\"itemListElement\":[{\"@type\":\"ListItem\",\"@id\":\"https:\\\/\\\/handdoekinclusieflogo.nl\\\/de\\\/#listItem\",\"position\":1,\"name\":\"Home\",\"item\":\"https:\\\/\\\/handdoekinclusieflogo.nl\\\/de\\\/\",\"nextItem\":{\"@type\":\"ListItem\",\"@id\":\"https:\\\/\\\/handdoekinclusieflogo.nl\\\/shop\\\/#listItem\",\"name\":\"Shop\"}},{\"@type\":\"ListItem\",\"@id\":\"https:\\\/\\\/handdoekinclusieflogo.nl\\\/shop\\\/#listItem\",\"position\":2,\"name\":\"Shop\",\"item\":\"https:\\\/\\\/handdoekinclusieflogo.nl\\\/shop\\\/\",\"nextItem\":{\"@type\":\"ListItem\",\"@id\":\"https:\\\/\\\/handdoekinclusieflogo.nl\\\/de\\\/product-supplier\\\/a403\\\/#listItem\",\"name\":\"A403-TopTex\"},\"previousItem\":{\"@type\":\"ListItem\",\"@id\":\"https:\\\/\\\/handdoekinclusieflogo.nl\\\/de\\\/#listItem\",\"name\":\"Home\"}},{\"@type\":\"ListItem\",\"@id\":\"https:\\\/\\\/handdoekinclusieflogo.nl\\\/de\\\/product-supplier\\\/a403\\\/#listItem\",\"position\":3,\"name\":\"A403-TopTex\",\"item\":\"https:\\\/\\\/handdoekinclusieflogo.nl\\\/de\\\/product-supplier\\\/a403\\\/\",\"nextItem\":{\"@type\":\"ListItem\",\"@id\":\"https:\\\/\\\/handdoekinclusieflogo.nl\\\/de\\\/product\\\/245\\\/hammam-tuch-sp120-fouta-bedrucken-135x180-leinenmix-one-size\\\/#listItem\",\"name\":\"SP120 &#8211; Fouta\"},\"previousItem\":{\"@type\":\"ListItem\",\"@id\":\"https:\\\/\\\/handdoekinclusieflogo.nl\\\/shop\\\/#listItem\",\"name\":\"Shop\"}},{\"@type\":\"ListItem\",\"@id\":\"https:\\\/\\\/handdoekinclusieflogo.nl\\\/de\\\/product\\\/245\\\/hammam-tuch-sp120-fouta-bedrucken-135x180-leinenmix-one-size\\\/#listItem\",\"position\":4,\"name\":\"SP120 &#8211; Fouta\",\"previousItem\":{\"@type\":\"ListItem\",\"@id\":\"https:\\\/\\\/handdoekinclusieflogo.nl\\\/de\\\/product-supplier\\\/a403\\\/#listItem\",\"name\":\"A403-TopTex\"}}]},{\"@type\":\"ItemPage\",\"@id\":\"https:\\\/\\\/handdoekinclusieflogo.nl\\\/de\\\/product\\\/245\\\/hammam-tuch-sp120-fouta-bedrucken-135x180-leinenmix-one-size\\\/#itempage\",\"url\":\"https:\\\/\\\/handdoekinclusieflogo.nl\\\/de\\\/product\\\/245\\\/hammam-tuch-sp120-fouta-bedrucken-135x180-leinenmix-one-size\\\/\",\"name\":\"Hammam-Tuch SP120-Fouta-bedrucken-135x180-Leinenmix-One-size\",\"description\":\"Tauche ein in die Welt der personalisierten Hammam-T\\u00fccher. Du kannst dein eigenes Logo auf das vielseitige, doppelseitig gewebte Tuch drucken lassen - perfekt f\\u00fcr dein Event oder als Geschenk. Mit seiner One-size-passform bietet es Komfort & Stil f\\u00fcr jede Gelegenheit.\",\"inLanguage\":\"de-DE\",\"isPartOf\":{\"@id\":\"https:\\\/\\\/handdoekinclusieflogo.nl\\\/de\\\/#website\"},\"breadcrumb\":{\"@id\":\"https:\\\/\\\/handdoekinclusieflogo.nl\\\/de\\\/product\\\/245\\\/hammam-tuch-sp120-fouta-bedrucken-135x180-leinenmix-one-size\\\/#breadcrumblist\"},\"image\":{\"@type\":\"ImageObject\",\"url\":\"https:\\\/\\\/shop.hidalgo.nl\\\/wp-content\\\/uploads\\\/2025\\\/12\\\/112ca86c74ab04a8b2f1342670f61b4060387c1bc21858f4f4a8ce2fdbeaa945.jpg\",\"@id\":\"https:\\\/\\\/handdoekinclusieflogo.nl\\\/de\\\/product\\\/245\\\/hammam-tuch-sp120-fouta-bedrucken-135x180-leinenmix-one-size\\\/#mainImage\"},\"primaryImageOfPage\":{\"@id\":\"https:\\\/\\\/handdoekinclusieflogo.nl\\\/de\\\/product\\\/245\\\/hammam-tuch-sp120-fouta-bedrucken-135x180-leinenmix-one-size\\\/#mainImage\"},\"datePublished\":\"2026-02-02T09:55:04+00:00\",\"dateModified\":\"2026-02-17T11:59:40+00:00\"},{\"@type\":\"Organization\",\"@id\":\"https:\\\/\\\/handdoekinclusieflogo.nl\\\/de\\\/#organization\",\"name\":\"Handdoekeninclusieflogo\",\"url\":\"https:\\\/\\\/handdoekinclusieflogo.nl\\\/de\\\/\",\"telephone\":\"+31793310133\",\"logo\":{\"@type\":\"ImageObject\",\"url\":\"https:\\\/\\\/shop.hidalgo.nl\\\/wp-content\\\/uploads\\\/2026\\\/02\\\/logo-handdoek.png\",\"@id\":\"https:\\\/\\\/handdoekinclusieflogo.nl\\\/de\\\/product\\\/245\\\/hammam-tuch-sp120-fouta-bedrucken-135x180-leinenmix-one-size\\\/#organizationLogo\",\"width\":600,\"height\":264},\"image\":{\"@id\":\"https:\\\/\\\/handdoekinclusieflogo.nl\\\/de\\\/product\\\/245\\\/hammam-tuch-sp120-fouta-bedrucken-135x180-leinenmix-one-size\\\/#organizationLogo\"},\"sameAs\":[\"https:\\\/\\\/www.facebook.com\\\/hidalgobagsandmore\\\/\",\"https:\\\/\\\/x.com\\\/Hidalgo_BV\",\"https:\\\/\\\/www.instagram.com\\\/hidalgobagsandmore\",\"https:\\\/\\\/www.youtube.com\\\/@hidalgobagsandmore\",\"https:\\\/\\\/linkedin.com\\\/in\\\/rutgerblommers\"]},{\"@type\":\"WebPage\",\"@id\":\"https:\\\/\\\/handdoekinclusieflogo.nl\\\/de\\\/product\\\/245\\\/hammam-tuch-sp120-fouta-bedrucken-135x180-leinenmix-one-size\\\/#webpage\",\"url\":\"https:\\\/\\\/handdoekinclusieflogo.nl\\\/de\\\/product\\\/245\\\/hammam-tuch-sp120-fouta-bedrucken-135x180-leinenmix-one-size\\\/\",\"name\":\"Hammam-Tuch SP120-Fouta-bedrucken-135x180-Leinenmix-One-size\",\"description\":\"Tauche ein in die Welt der personalisierten Hammam-T\\u00fccher. Du kannst dein eigenes Logo auf das vielseitige, doppelseitig gewebte Tuch drucken lassen - perfekt f\\u00fcr dein Event oder als Geschenk. Mit seiner One-size-passform bietet es Komfort & Stil f\\u00fcr jede Gelegenheit.\",\"inLanguage\":\"de-DE\",\"isPartOf\":{\"@id\":\"https:\\\/\\\/handdoekinclusieflogo.nl\\\/de\\\/#website\"},\"breadcrumb\":{\"@id\":\"https:\\\/\\\/handdoekinclusieflogo.nl\\\/de\\\/product\\\/245\\\/hammam-tuch-sp120-fouta-bedrucken-135x180-leinenmix-one-size\\\/#breadcrumblist\"},\"image\":{\"@type\":\"ImageObject\",\"url\":\"https:\\\/\\\/shop.hidalgo.nl\\\/wp-content\\\/uploads\\\/2025\\\/12\\\/112ca86c74ab04a8b2f1342670f61b4060387c1bc21858f4f4a8ce2fdbeaa945.jpg\",\"@id\":\"https:\\\/\\\/handdoekinclusieflogo.nl\\\/de\\\/product\\\/245\\\/hammam-tuch-sp120-fouta-bedrucken-135x180-leinenmix-one-size\\\/#mainImage\"},\"primaryImageOfPage\":{\"@id\":\"https:\\\/\\\/handdoekinclusieflogo.nl\\\/de\\\/product\\\/245\\\/hammam-tuch-sp120-fouta-bedrucken-135x180-leinenmix-one-size\\\/#mainImage\"},\"datePublished\":\"2026-02-02T09:55:04+00:00\",\"dateModified\":\"2026-02-17T11:59:40+00:00\"},{\"@type\":\"WebSite\",\"@id\":\"https:\\\/\\\/handdoekinclusieflogo.nl\\\/de\\\/#website\",\"url\":\"https:\\\/\\\/handdoekinclusieflogo.nl\\\/de\\\/\",\"name\":\"Handdoekeninclusieflogo\",\"inLanguage\":\"de-DE\",\"publisher\":{\"@id\":\"https:\\\/\\\/handdoekinclusieflogo.nl\\\/de\\\/#organization\"}}]}\n\t\t<\/script>\n\t\t<!-- All in One SEO Pro -->\r\n\t\t<title>Hammam-Tuch SP120-Fouta-bedrucken-135x180-Leinenmix-One-size<\/title>\n\n","aioseo_head_json":{"title":"Hammam-Tuch SP120-Fouta-bedrucken-135x180-Leinenmix-One-size","description":"Tauche ein in die Welt der personalisierten Hammam-T\u00fccher. Du kannst dein eigenes Logo auf das vielseitige, doppelseitig gewebte Tuch drucken lassen - perfekt f\u00fcr dein Event oder als Geschenk. Mit seiner One-size-passform bietet es Komfort & Stil f\u00fcr jede Gelegenheit.","canonical_url":"https:\/\/handdoekinclusieflogo.nl\/de\/wp-json\/wp\/v2\/product\/245","robots":"max-image-preview:large","keywords":"","webmasterTools":{"google-site-verification":"BBMiYHShnVBoc8v9xoHf0FXMC27otVB0wiWxw_hFRrM","miscellaneous":""},"schema":{"@context":"https:\/\/schema.org","@graph":[{"@type":"BreadcrumbList","@id":"https:\/\/handdoekinclusieflogo.nl\/de\/product\/245\/hammam-tuch-sp120-fouta-bedrucken-135x180-leinenmix-one-size\/#breadcrumblist","itemListElement":[{"@type":"ListItem","@id":"https:\/\/handdoekinclusieflogo.nl\/de\/#listItem","position":1,"name":"Home","item":"https:\/\/handdoekinclusieflogo.nl\/de\/","nextItem":{"@type":"ListItem","@id":"https:\/\/handdoekinclusieflogo.nl\/shop\/#listItem","name":"Shop"}},{"@type":"ListItem","@id":"https:\/\/handdoekinclusieflogo.nl\/shop\/#listItem","position":2,"name":"Shop","item":"https:\/\/handdoekinclusieflogo.nl\/shop\/","nextItem":{"@type":"ListItem","@id":"https:\/\/handdoekinclusieflogo.nl\/de\/product-supplier\/a403\/#listItem","name":"A403-TopTex"},"previousItem":{"@type":"ListItem","@id":"https:\/\/handdoekinclusieflogo.nl\/de\/#listItem","name":"Home"}},{"@type":"ListItem","@id":"https:\/\/handdoekinclusieflogo.nl\/de\/product-supplier\/a403\/#listItem","position":3,"name":"A403-TopTex","item":"https:\/\/handdoekinclusieflogo.nl\/de\/product-supplier\/a403\/","nextItem":{"@type":"ListItem","@id":"https:\/\/handdoekinclusieflogo.nl\/de\/product\/245\/hammam-tuch-sp120-fouta-bedrucken-135x180-leinenmix-one-size\/#listItem","name":"SP120 &#8211; Fouta"},"previousItem":{"@type":"ListItem","@id":"https:\/\/handdoekinclusieflogo.nl\/shop\/#listItem","name":"Shop"}},{"@type":"ListItem","@id":"https:\/\/handdoekinclusieflogo.nl\/de\/product\/245\/hammam-tuch-sp120-fouta-bedrucken-135x180-leinenmix-one-size\/#listItem","position":4,"name":"SP120 &#8211; Fouta","previousItem":{"@type":"ListItem","@id":"https:\/\/handdoekinclusieflogo.nl\/de\/product-supplier\/a403\/#listItem","name":"A403-TopTex"}}]},{"@type":"ItemPage","@id":"https:\/\/handdoekinclusieflogo.nl\/de\/product\/245\/hammam-tuch-sp120-fouta-bedrucken-135x180-leinenmix-one-size\/#itempage","url":"https:\/\/handdoekinclusieflogo.nl\/de\/product\/245\/hammam-tuch-sp120-fouta-bedrucken-135x180-leinenmix-one-size\/","name":"Hammam-Tuch SP120-Fouta-bedrucken-135x180-Leinenmix-One-size","description":"Tauche ein in die Welt der personalisierten Hammam-T\u00fccher. Du kannst dein eigenes Logo auf das vielseitige, doppelseitig gewebte Tuch drucken lassen - perfekt f\u00fcr dein Event oder als Geschenk. Mit seiner One-size-passform bietet es Komfort & Stil f\u00fcr jede Gelegenheit.","inLanguage":"de-DE","isPartOf":{"@id":"https:\/\/handdoekinclusieflogo.nl\/de\/#website"},"breadcrumb":{"@id":"https:\/\/handdoekinclusieflogo.nl\/de\/product\/245\/hammam-tuch-sp120-fouta-bedrucken-135x180-leinenmix-one-size\/#breadcrumblist"},"image":{"@type":"ImageObject","url":"https:\/\/shop.hidalgo.nl\/wp-content\/uploads\/2025\/12\/112ca86c74ab04a8b2f1342670f61b4060387c1bc21858f4f4a8ce2fdbeaa945.jpg","@id":"https:\/\/handdoekinclusieflogo.nl\/de\/product\/245\/hammam-tuch-sp120-fouta-bedrucken-135x180-leinenmix-one-size\/#mainImage"},"primaryImageOfPage":{"@id":"https:\/\/handdoekinclusieflogo.nl\/de\/product\/245\/hammam-tuch-sp120-fouta-bedrucken-135x180-leinenmix-one-size\/#mainImage"},"datePublished":"2026-02-02T09:55:04+00:00","dateModified":"2026-02-17T11:59:40+00:00"},{"@type":"Organization","@id":"https:\/\/handdoekinclusieflogo.nl\/de\/#organization","name":"Handdoekeninclusieflogo","url":"https:\/\/handdoekinclusieflogo.nl\/de\/","telephone":"+31793310133","logo":{"@type":"ImageObject","url":"https:\/\/shop.hidalgo.nl\/wp-content\/uploads\/2026\/02\/logo-handdoek.png","@id":"https:\/\/handdoekinclusieflogo.nl\/de\/product\/245\/hammam-tuch-sp120-fouta-bedrucken-135x180-leinenmix-one-size\/#organizationLogo","width":600,"height":264},"image":{"@id":"https:\/\/handdoekinclusieflogo.nl\/de\/product\/245\/hammam-tuch-sp120-fouta-bedrucken-135x180-leinenmix-one-size\/#organizationLogo"},"sameAs":["https:\/\/www.facebook.com\/hidalgobagsandmore\/","https:\/\/x.com\/Hidalgo_BV","https:\/\/www.instagram.com\/hidalgobagsandmore","https:\/\/www.youtube.com\/@hidalgobagsandmore","https:\/\/linkedin.com\/in\/rutgerblommers"]},{"@type":"WebPage","@id":"https:\/\/handdoekinclusieflogo.nl\/de\/product\/245\/hammam-tuch-sp120-fouta-bedrucken-135x180-leinenmix-one-size\/#webpage","url":"https:\/\/handdoekinclusieflogo.nl\/de\/product\/245\/hammam-tuch-sp120-fouta-bedrucken-135x180-leinenmix-one-size\/","name":"Hammam-Tuch SP120-Fouta-bedrucken-135x180-Leinenmix-One-size","description":"Tauche ein in die Welt der personalisierten Hammam-T\u00fccher. Du kannst dein eigenes Logo auf das vielseitige, doppelseitig gewebte Tuch drucken lassen - perfekt f\u00fcr dein Event oder als Geschenk. Mit seiner One-size-passform bietet es Komfort & Stil f\u00fcr jede Gelegenheit.","inLanguage":"de-DE","isPartOf":{"@id":"https:\/\/handdoekinclusieflogo.nl\/de\/#website"},"breadcrumb":{"@id":"https:\/\/handdoekinclusieflogo.nl\/de\/product\/245\/hammam-tuch-sp120-fouta-bedrucken-135x180-leinenmix-one-size\/#breadcrumblist"},"image":{"@type":"ImageObject","url":"https:\/\/shop.hidalgo.nl\/wp-content\/uploads\/2025\/12\/112ca86c74ab04a8b2f1342670f61b4060387c1bc21858f4f4a8ce2fdbeaa945.jpg","@id":"https:\/\/handdoekinclusieflogo.nl\/de\/product\/245\/hammam-tuch-sp120-fouta-bedrucken-135x180-leinenmix-one-size\/#mainImage"},"primaryImageOfPage":{"@id":"https:\/\/handdoekinclusieflogo.nl\/de\/product\/245\/hammam-tuch-sp120-fouta-bedrucken-135x180-leinenmix-one-size\/#mainImage"},"datePublished":"2026-02-02T09:55:04+00:00","dateModified":"2026-02-17T11:59:40+00:00"},{"@type":"WebSite","@id":"https:\/\/handdoekinclusieflogo.nl\/de\/#website","url":"https:\/\/handdoekinclusieflogo.nl\/de\/","name":"Handdoekeninclusieflogo","inLanguage":"de-DE","publisher":{"@id":"https:\/\/handdoekinclusieflogo.nl\/de\/#organization"}}]},"og:locale":"de_DE","og:site_name":"Handdoekeninclusieflogo -","og:type":"article","og:title":"Hammam-Tuch SP120-Fouta-bedrucken-135x180-Leinenmix-One-size","og:description":"Tauche ein in die Welt der personalisierten Hammam-T\u00fccher. Du kannst dein eigenes Logo auf das vielseitige, doppelseitig gewebte Tuch drucken lassen - perfekt f\u00fcr dein Event oder als Geschenk. Mit seiner One-size-passform bietet es Komfort &amp; Stil f\u00fcr jede Gelegenheit.","og:url":"https:\/\/handdoekinclusieflogo.nl\/de\/wp-json\/wp\/v2\/product\/245","og:image":"https:\/\/shop.hidalgo.nl\/wp-content\/uploads\/2026\/02\/cropped-logo-handdoek.png","og:image:secure_url":"https:\/\/shop.hidalgo.nl\/wp-content\/uploads\/2026\/02\/cropped-logo-handdoek.png","article:published_time":"2026-02-02T09:55:04+00:00","article:modified_time":"2026-02-17T11:59:40+00:00","article:publisher":"https:\/\/www.facebook.com\/hidalgobagsandmore\/","twitter:card":"summary_large_image","twitter:site":"@Hidalgo_BV","twitter:title":"Hammam-Tuch SP120-Fouta-bedrucken-135x180-Leinenmix-One-size","twitter:description":"Tauche ein in die Welt der personalisierten Hammam-T\u00fccher. Du kannst dein eigenes Logo auf das vielseitige, doppelseitig gewebte Tuch drucken lassen - perfekt f\u00fcr dein Event oder als Geschenk. Mit seiner One-size-passform bietet es Komfort &amp; Stil f\u00fcr jede Gelegenheit.","twitter:image":"https:\/\/shop.hidalgo.nl\/wp-content\/uploads\/2026\/02\/cropped-logo-handdoek.png"},"aioseo_meta_data":{"post_id":"245","title":null,"description":null,"keywords":null,"keyphrases":null,"primary_term":null,"canonical_url":null,"og_title":null,"og_description":null,"og_object_type":"default","og_image_type":"default","og_image_url":null,"og_image_width":null,"og_image_height":null,"og_image_custom_url":null,"og_image_custom_fields":null,"og_video":null,"og_custom_url":null,"og_article_section":null,"og_article_tags":null,"twitter_use_og":false,"twitter_card":"default","twitter_image_type":"default","twitter_image_url":null,"twitter_image_custom_url":null,"twitter_image_custom_fields":null,"twitter_title":null,"twitter_description":null,"schema":{"blockGraphs":[],"customGraphs":[],"default":{"data":{"Article":[],"Course":[],"Dataset":[],"FAQPage":[],"Movie":[],"Person":[],"Product":[],"ProductReview":[],"Car":[],"Recipe":[],"Service":[],"SoftwareApplication":[],"WebPage":[]},"graphName":"","isEnabled":true},"graphs":[]},"schema_type":"default","schema_type_options":null,"pillar_content":false,"robots_default":true,"robots_noindex":false,"robots_noarchive":false,"robots_nosnippet":false,"robots_nofollow":false,"robots_noimageindex":false,"robots_noodp":false,"robots_notranslate":false,"robots_max_snippet":null,"robots_max_videopreview":null,"robots_max_imagepreview":"large","priority":null,"frequency":null,"local_seo":null,"seo_analyzer_scan_date":"2026-02-10 13:37:10","breadcrumb_settings":null,"limit_modified_date":false,"reviewed_by":null,"open_ai":null,"ai":null,"created":"2026-02-02 09:55:34","updated":"2026-02-17 12:11:28"},"aioseo_breadcrumb":"<div class=\"aioseo-breadcrumbs\"><span class=\"aioseo-breadcrumb\">\n\t<a href=\"https:\/\/handdoekinclusieflogo.nl\/de\/\" title=\"Home\">Home<\/a>\n<\/span><span class=\"aioseo-breadcrumb-separator\">\u00bb<\/span><span class=\"aioseo-breadcrumb\">\n\t<a href=\"https:\/\/handdoekinclusieflogo.nl\/shop\/\" title=\"Shop\">Shop<\/a>\n<\/span><span class=\"aioseo-breadcrumb-separator\">\u00bb<\/span><span class=\"aioseo-breadcrumb\">\n\t<a href=\"https:\/\/handdoekinclusieflogo.nl\/de\/product-supplier\/a403\/\" title=\"A403-TopTex\">A403-TopTex<\/a>\n<\/span><span class=\"aioseo-breadcrumb-separator\">\u00bb<\/span><span class=\"aioseo-breadcrumb\">\n\tSP120 \u2013 Fouta\n<\/span><\/div>","aioseo_breadcrumb_json":[{"label":"Home","link":"https:\/\/handdoekinclusieflogo.nl\/de\/"},{"label":"Shop","link":"https:\/\/handdoekinclusieflogo.nl\/shop\/"},{"label":"A403-TopTex","link":"https:\/\/handdoekinclusieflogo.nl\/de\/product-supplier\/a403\/"},{"label":"SP120 &#8211; Fouta","link":"https:\/\/handdoekinclusieflogo.nl\/de\/product\/245\/hammam-tuch-sp120-fouta-bedrucken-135x180-leinenmix-one-size\/"}],"_links":{"self":[{"href":"https:\/\/handdoekinclusieflogo.nl\/de\/wp-json\/wp\/v2\/product\/245","targetHints":{"allow":["GET"]}}],"collection":[{"href":"https:\/\/handdoekinclusieflogo.nl\/de\/wp-json\/wp\/v2\/product"}],"about":[{"href":"https:\/\/handdoekinclusieflogo.nl\/de\/wp-json\/wp\/v2\/types\/product"}],"wp:featuredmedia":[{"embeddable":true,"href":"https:\/\/handdoekinclusieflogo.nl\/de\/wp-json\/wp\/v2\/media\/246"}],"wp:attachment":[{"href":"https:\/\/handdoekinclusieflogo.nl\/de\/wp-json\/wp\/v2\/media?parent=245"}],"wp:term":[{"taxonomy":"product_brand","embeddable":true,"href":"https:\/\/handdoekinclusieflogo.nl\/de\/wp-json\/wp\/v2\/product_brand?post=245"},{"taxonomy":"product_cat","embeddable":true,"href":"https:\/\/handdoekinclusieflogo.nl\/de\/wp-json\/wp\/v2\/product_cat?post=245"},{"taxonomy":"product_tag","embeddable":true,"href":"https:\/\/handdoekinclusieflogo.nl\/de\/wp-json\/wp\/v2\/product_tag?post=245"}],"curies":[{"name":"wp","href":"https:\/\/api.w.org\/{rel}","templated":true}]}}