{"id":1723,"date":"2026-02-02T10:47:52","date_gmt":"2026-02-02T10:47:52","guid":{"rendered":"https:\/\/handdoekeninclusieflogo.shop.hidalgo.nl\/product\/sagaform-ella-hamam-90x170cm\/"},"modified":"2026-02-17T11:59:34","modified_gmt":"2026-02-17T11:59:34","slug":"sagaform-ella-hamam-90x170cm","status":"publish","type":"product","link":"https:\/\/handdoekinclusieflogo.nl\/de\/product\/1723\/hamamtuch-sagaform-ella-bedrucken-leicht-recycelt-90x170-cm\/","title":{"rendered":"Sagaform Ella hamam 90x170cm"},"content":{"rendered":"<p>Deze mooie Ella hamamdoek van Sagaform is gemaakt van dun, geweven gerecycled katoen (70%) en polyester (30%). Het karakteristieke patroon van de strepen is typisch voor Sagaform. Droogt snel en is gemakkelijk op te hangen. Zo te gebruiken als badlaken, maar net zo makkelijk opgerold mee te nemen naar het strand, het zwembad of in je trainingstas. Verpakt in een mooie kartonnen sleeve.. <\/p>\n","protected":false},"excerpt":{"rendered":"<p>Deze mooie Ella hamamdoek van Sagaform is gemaakt van dun, geweven gerecycled katoen (70%) en polyester (30%). Het karakteristieke patroon van de strepen is typisch voor Sagaform. Droogt snel en is gemakkelijk op te hangen. Zo te gebruiken als badlaken, maar net zo makkelijk opgerold mee te nemen naar het strand, het zwembad of in&hellip; <a class=\"more-link\" href=\"https:\/\/handdoekinclusieflogo.nl\/de\/product\/1723\/hamamtuch-sagaform-ella-bedrucken-leicht-recycelt-90x170-cm\/\"><span class=\"screen-reader-text\">Sagaform Ella hamam 90x170cm<\/span> weiterlesen<\/a><\/p>\n","protected":false},"featured_media":1724,"template":"","meta":{"_acf_changed":false,"om_disable_all_campaigns":false,"_monsterinsights_skip_tracking":false,"_monsterinsights_sitenote_active":false,"_monsterinsights_sitenote_note":"","_monsterinsights_sitenote_category":0,"_uf_show_specific_survey":0,"_uf_disable_surveys":false},"product_brand":[],"product_cat":[171,40,164],"product_tag":[],"class_list":{"0":"post-1723","1":"product","2":"type-product","3":"status-publish","4":"has-post-thumbnail","6":"product_supplier-a53","7":"product_cat-bedrukken","8":"product_cat-handdoeken-hammam-doeken","9":"product_cat-handdoeken","10":"entry","12":"first","13":"instock","14":"taxable","15":"shipping-taxable","16":"purchasable","17":"product-type-variable"},"acf":{"imprint_cost":false},"aioseo_notices":[],"aioseo_head":"\n\t\t<!-- All in One SEO Pro 4.9.6.2 - aioseo.com -->\n\t<meta name=\"description\" content=\"Entdecke ein stilvolles Hamamtuch aus recyceltem Material, ideal f\u00fcr den Sommer am Strand oder beim Sport. Genie\u00df die Vielseitigkeit in Blau, Grau, Gelb oder Gr\u00fcn und personalisiere es mit deinem Logo f\u00fcr einen individuellen Touch. Perfekt f\u00fcr Reisende und Freiluftliebhaber.\" \/>\n\t<meta name=\"robots\" content=\"max-image-preview:large\" \/>\n\t<meta name=\"google-site-verification\" content=\"BBMiYHShnVBoc8v9xoHf0FXMC27otVB0wiWxw_hFRrM\" \/>\n\t<link rel=\"canonical\" href=\"https:\/\/handdoekinclusieflogo.nl\/de\/wp-json\/wp\/v2\/product\/1723\" \/>\n\t<meta name=\"generator\" content=\"All in One SEO Pro (AIOSEO) 4.9.6.2\" \/>\n\t\t<meta property=\"og:locale\" content=\"de_DE\" \/>\n\t\t<meta property=\"og:site_name\" content=\"Handdoekeninclusieflogo -\" \/>\n\t\t<meta property=\"og:type\" content=\"article\" \/>\n\t\t<meta property=\"og:title\" content=\"Hamamtuch Sagaform Ella-bedrucken-leicht-recycelt-90x170 cm\" \/>\n\t\t<meta property=\"og:description\" content=\"Entdecke ein stilvolles Hamamtuch aus recyceltem Material, ideal f\u00fcr den Sommer am Strand oder beim Sport. Genie\u00df die Vielseitigkeit in Blau, Grau, Gelb oder Gr\u00fcn und personalisiere es mit deinem Logo f\u00fcr einen individuellen Touch. Perfekt f\u00fcr Reisende und Freiluftliebhaber.\" \/>\n\t\t<meta property=\"og:url\" content=\"https:\/\/handdoekinclusieflogo.nl\/de\/wp-json\/wp\/v2\/product\/1723\" \/>\n\t\t<meta property=\"og:image\" content=\"https:\/\/shop.hidalgo.nl\/wp-content\/uploads\/2026\/02\/cropped-logo-handdoek.png\" \/>\n\t\t<meta property=\"og:image:secure_url\" content=\"https:\/\/shop.hidalgo.nl\/wp-content\/uploads\/2026\/02\/cropped-logo-handdoek.png\" \/>\n\t\t<meta property=\"article:published_time\" content=\"2026-02-02T10:47:52+00:00\" \/>\n\t\t<meta property=\"article:modified_time\" content=\"2026-02-17T11:59:34+00:00\" \/>\n\t\t<meta property=\"article:publisher\" content=\"https:\/\/www.facebook.com\/hidalgobagsandmore\/\" \/>\n\t\t<meta name=\"twitter:card\" content=\"summary_large_image\" \/>\n\t\t<meta name=\"twitter:site\" content=\"@Hidalgo_BV\" \/>\n\t\t<meta name=\"twitter:title\" content=\"Hamamtuch Sagaform Ella-bedrucken-leicht-recycelt-90x170 cm\" \/>\n\t\t<meta name=\"twitter:description\" content=\"Entdecke ein stilvolles Hamamtuch aus recyceltem Material, ideal f\u00fcr den Sommer am Strand oder beim Sport. Genie\u00df die Vielseitigkeit in Blau, Grau, Gelb oder Gr\u00fcn und personalisiere es mit deinem Logo f\u00fcr einen individuellen Touch. Perfekt f\u00fcr Reisende und Freiluftliebhaber.\" \/>\n\t\t<meta name=\"twitter:image\" content=\"https:\/\/shop.hidalgo.nl\/wp-content\/uploads\/2026\/02\/cropped-logo-handdoek.png\" \/>\n\t\t<script type=\"application\/ld+json\" class=\"aioseo-schema\">\n\t\t\t{\"@context\":\"https:\\\/\\\/schema.org\",\"@graph\":[{\"@type\":\"BreadcrumbList\",\"@id\":\"https:\\\/\\\/handdoekinclusieflogo.nl\\\/de\\\/product\\\/1723\\\/hamamtuch-sagaform-ella-bedrucken-leicht-recycelt-90x170-cm\\\/#breadcrumblist\",\"itemListElement\":[{\"@type\":\"ListItem\",\"@id\":\"https:\\\/\\\/handdoekinclusieflogo.nl\\\/de\\\/#listItem\",\"position\":1,\"name\":\"Home\",\"item\":\"https:\\\/\\\/handdoekinclusieflogo.nl\\\/de\\\/\",\"nextItem\":{\"@type\":\"ListItem\",\"@id\":\"https:\\\/\\\/handdoekinclusieflogo.nl\\\/shop\\\/#listItem\",\"name\":\"Shop\"}},{\"@type\":\"ListItem\",\"@id\":\"https:\\\/\\\/handdoekinclusieflogo.nl\\\/shop\\\/#listItem\",\"position\":2,\"name\":\"Shop\",\"item\":\"https:\\\/\\\/handdoekinclusieflogo.nl\\\/shop\\\/\",\"nextItem\":{\"@type\":\"ListItem\",\"@id\":\"https:\\\/\\\/handdoekinclusieflogo.nl\\\/de\\\/product-supplier\\\/a53\\\/#listItem\",\"name\":\"A53-Toppoint\"},\"previousItem\":{\"@type\":\"ListItem\",\"@id\":\"https:\\\/\\\/handdoekinclusieflogo.nl\\\/de\\\/#listItem\",\"name\":\"Home\"}},{\"@type\":\"ListItem\",\"@id\":\"https:\\\/\\\/handdoekinclusieflogo.nl\\\/de\\\/product-supplier\\\/a53\\\/#listItem\",\"position\":3,\"name\":\"A53-Toppoint\",\"item\":\"https:\\\/\\\/handdoekinclusieflogo.nl\\\/de\\\/product-supplier\\\/a53\\\/\",\"nextItem\":{\"@type\":\"ListItem\",\"@id\":\"https:\\\/\\\/handdoekinclusieflogo.nl\\\/de\\\/product\\\/1723\\\/hamamtuch-sagaform-ella-bedrucken-leicht-recycelt-90x170-cm\\\/#listItem\",\"name\":\"Sagaform Ella hamam 90x170cm\"},\"previousItem\":{\"@type\":\"ListItem\",\"@id\":\"https:\\\/\\\/handdoekinclusieflogo.nl\\\/shop\\\/#listItem\",\"name\":\"Shop\"}},{\"@type\":\"ListItem\",\"@id\":\"https:\\\/\\\/handdoekinclusieflogo.nl\\\/de\\\/product\\\/1723\\\/hamamtuch-sagaform-ella-bedrucken-leicht-recycelt-90x170-cm\\\/#listItem\",\"position\":4,\"name\":\"Sagaform Ella hamam 90x170cm\",\"previousItem\":{\"@type\":\"ListItem\",\"@id\":\"https:\\\/\\\/handdoekinclusieflogo.nl\\\/de\\\/product-supplier\\\/a53\\\/#listItem\",\"name\":\"A53-Toppoint\"}}]},{\"@type\":\"ItemPage\",\"@id\":\"https:\\\/\\\/handdoekinclusieflogo.nl\\\/de\\\/product\\\/1723\\\/hamamtuch-sagaform-ella-bedrucken-leicht-recycelt-90x170-cm\\\/#itempage\",\"url\":\"https:\\\/\\\/handdoekinclusieflogo.nl\\\/de\\\/product\\\/1723\\\/hamamtuch-sagaform-ella-bedrucken-leicht-recycelt-90x170-cm\\\/\",\"name\":\"Hamamtuch Sagaform Ella-bedrucken-leicht-recycelt-90x170 cm\",\"description\":\"Entdecke ein stilvolles Hamamtuch aus recyceltem Material, ideal f\\u00fcr den Sommer am Strand oder beim Sport. Genie\\u00df die Vielseitigkeit in Blau, Grau, Gelb oder Gr\\u00fcn und personalisiere es mit deinem Logo f\\u00fcr einen individuellen Touch. Perfekt f\\u00fcr Reisende und Freiluftliebhaber.\",\"inLanguage\":\"de-DE\",\"isPartOf\":{\"@id\":\"https:\\\/\\\/handdoekinclusieflogo.nl\\\/de\\\/#website\"},\"breadcrumb\":{\"@id\":\"https:\\\/\\\/handdoekinclusieflogo.nl\\\/de\\\/product\\\/1723\\\/hamamtuch-sagaform-ella-bedrucken-leicht-recycelt-90x170-cm\\\/#breadcrumblist\"},\"image\":{\"@type\":\"ImageObject\",\"url\":\"https:\\\/\\\/shop.hidalgo.nl\\\/wp-content\\\/uploads\\\/2025\\\/04\\\/9f100d6812001e8d80c989631336d89b6d6759a91ff69e578aa0acf4090d82c3.jpg\",\"@id\":\"https:\\\/\\\/handdoekinclusieflogo.nl\\\/de\\\/product\\\/1723\\\/hamamtuch-sagaform-ella-bedrucken-leicht-recycelt-90x170-cm\\\/#mainImage\"},\"primaryImageOfPage\":{\"@id\":\"https:\\\/\\\/handdoekinclusieflogo.nl\\\/de\\\/product\\\/1723\\\/hamamtuch-sagaform-ella-bedrucken-leicht-recycelt-90x170-cm\\\/#mainImage\"},\"datePublished\":\"2026-02-02T10:47:52+00:00\",\"dateModified\":\"2026-02-17T11:59:34+00:00\"},{\"@type\":\"Organization\",\"@id\":\"https:\\\/\\\/handdoekinclusieflogo.nl\\\/de\\\/#organization\",\"name\":\"Handdoekeninclusieflogo\",\"url\":\"https:\\\/\\\/handdoekinclusieflogo.nl\\\/de\\\/\",\"telephone\":\"+31793310133\",\"logo\":{\"@type\":\"ImageObject\",\"url\":\"https:\\\/\\\/shop.hidalgo.nl\\\/wp-content\\\/uploads\\\/2026\\\/02\\\/logo-handdoek.png\",\"@id\":\"https:\\\/\\\/handdoekinclusieflogo.nl\\\/de\\\/product\\\/1723\\\/hamamtuch-sagaform-ella-bedrucken-leicht-recycelt-90x170-cm\\\/#organizationLogo\",\"width\":600,\"height\":264},\"image\":{\"@id\":\"https:\\\/\\\/handdoekinclusieflogo.nl\\\/de\\\/product\\\/1723\\\/hamamtuch-sagaform-ella-bedrucken-leicht-recycelt-90x170-cm\\\/#organizationLogo\"},\"sameAs\":[\"https:\\\/\\\/www.facebook.com\\\/hidalgobagsandmore\\\/\",\"https:\\\/\\\/x.com\\\/Hidalgo_BV\",\"https:\\\/\\\/www.instagram.com\\\/hidalgobagsandmore\",\"https:\\\/\\\/www.youtube.com\\\/@hidalgobagsandmore\",\"https:\\\/\\\/linkedin.com\\\/in\\\/rutgerblommers\"]},{\"@type\":\"WebPage\",\"@id\":\"https:\\\/\\\/handdoekinclusieflogo.nl\\\/de\\\/product\\\/1723\\\/hamamtuch-sagaform-ella-bedrucken-leicht-recycelt-90x170-cm\\\/#webpage\",\"url\":\"https:\\\/\\\/handdoekinclusieflogo.nl\\\/de\\\/product\\\/1723\\\/hamamtuch-sagaform-ella-bedrucken-leicht-recycelt-90x170-cm\\\/\",\"name\":\"Hamamtuch Sagaform Ella-bedrucken-leicht-recycelt-90x170 cm\",\"description\":\"Entdecke ein stilvolles Hamamtuch aus recyceltem Material, ideal f\\u00fcr den Sommer am Strand oder beim Sport. Genie\\u00df die Vielseitigkeit in Blau, Grau, Gelb oder Gr\\u00fcn und personalisiere es mit deinem Logo f\\u00fcr einen individuellen Touch. Perfekt f\\u00fcr Reisende und Freiluftliebhaber.\",\"inLanguage\":\"de-DE\",\"isPartOf\":{\"@id\":\"https:\\\/\\\/handdoekinclusieflogo.nl\\\/de\\\/#website\"},\"breadcrumb\":{\"@id\":\"https:\\\/\\\/handdoekinclusieflogo.nl\\\/de\\\/product\\\/1723\\\/hamamtuch-sagaform-ella-bedrucken-leicht-recycelt-90x170-cm\\\/#breadcrumblist\"},\"image\":{\"@type\":\"ImageObject\",\"url\":\"https:\\\/\\\/shop.hidalgo.nl\\\/wp-content\\\/uploads\\\/2025\\\/04\\\/9f100d6812001e8d80c989631336d89b6d6759a91ff69e578aa0acf4090d82c3.jpg\",\"@id\":\"https:\\\/\\\/handdoekinclusieflogo.nl\\\/de\\\/product\\\/1723\\\/hamamtuch-sagaform-ella-bedrucken-leicht-recycelt-90x170-cm\\\/#mainImage\"},\"primaryImageOfPage\":{\"@id\":\"https:\\\/\\\/handdoekinclusieflogo.nl\\\/de\\\/product\\\/1723\\\/hamamtuch-sagaform-ella-bedrucken-leicht-recycelt-90x170-cm\\\/#mainImage\"},\"datePublished\":\"2026-02-02T10:47:52+00:00\",\"dateModified\":\"2026-02-17T11:59:34+00:00\"},{\"@type\":\"WebSite\",\"@id\":\"https:\\\/\\\/handdoekinclusieflogo.nl\\\/de\\\/#website\",\"url\":\"https:\\\/\\\/handdoekinclusieflogo.nl\\\/de\\\/\",\"name\":\"Handdoekeninclusieflogo\",\"inLanguage\":\"de-DE\",\"publisher\":{\"@id\":\"https:\\\/\\\/handdoekinclusieflogo.nl\\\/de\\\/#organization\"}}]}\n\t\t<\/script>\n\t\t<!-- All in One SEO Pro -->\r\n\t\t<title>Hamamtuch Sagaform Ella-bedrucken-leicht-recycelt-90x170 cm<\/title>\n\n","aioseo_head_json":{"title":"Hamamtuch Sagaform Ella-bedrucken-leicht-recycelt-90x170 cm","description":"Entdecke ein stilvolles Hamamtuch aus recyceltem Material, ideal f\u00fcr den Sommer am Strand oder beim Sport. Genie\u00df die Vielseitigkeit in Blau, Grau, Gelb oder Gr\u00fcn und personalisiere es mit deinem Logo f\u00fcr einen individuellen Touch. Perfekt f\u00fcr Reisende und Freiluftliebhaber.","canonical_url":"https:\/\/handdoekinclusieflogo.nl\/de\/wp-json\/wp\/v2\/product\/1723","robots":"max-image-preview:large","keywords":"","webmasterTools":{"google-site-verification":"BBMiYHShnVBoc8v9xoHf0FXMC27otVB0wiWxw_hFRrM","miscellaneous":""},"schema":{"@context":"https:\/\/schema.org","@graph":[{"@type":"BreadcrumbList","@id":"https:\/\/handdoekinclusieflogo.nl\/de\/product\/1723\/hamamtuch-sagaform-ella-bedrucken-leicht-recycelt-90x170-cm\/#breadcrumblist","itemListElement":[{"@type":"ListItem","@id":"https:\/\/handdoekinclusieflogo.nl\/de\/#listItem","position":1,"name":"Home","item":"https:\/\/handdoekinclusieflogo.nl\/de\/","nextItem":{"@type":"ListItem","@id":"https:\/\/handdoekinclusieflogo.nl\/shop\/#listItem","name":"Shop"}},{"@type":"ListItem","@id":"https:\/\/handdoekinclusieflogo.nl\/shop\/#listItem","position":2,"name":"Shop","item":"https:\/\/handdoekinclusieflogo.nl\/shop\/","nextItem":{"@type":"ListItem","@id":"https:\/\/handdoekinclusieflogo.nl\/de\/product-supplier\/a53\/#listItem","name":"A53-Toppoint"},"previousItem":{"@type":"ListItem","@id":"https:\/\/handdoekinclusieflogo.nl\/de\/#listItem","name":"Home"}},{"@type":"ListItem","@id":"https:\/\/handdoekinclusieflogo.nl\/de\/product-supplier\/a53\/#listItem","position":3,"name":"A53-Toppoint","item":"https:\/\/handdoekinclusieflogo.nl\/de\/product-supplier\/a53\/","nextItem":{"@type":"ListItem","@id":"https:\/\/handdoekinclusieflogo.nl\/de\/product\/1723\/hamamtuch-sagaform-ella-bedrucken-leicht-recycelt-90x170-cm\/#listItem","name":"Sagaform Ella hamam 90x170cm"},"previousItem":{"@type":"ListItem","@id":"https:\/\/handdoekinclusieflogo.nl\/shop\/#listItem","name":"Shop"}},{"@type":"ListItem","@id":"https:\/\/handdoekinclusieflogo.nl\/de\/product\/1723\/hamamtuch-sagaform-ella-bedrucken-leicht-recycelt-90x170-cm\/#listItem","position":4,"name":"Sagaform Ella hamam 90x170cm","previousItem":{"@type":"ListItem","@id":"https:\/\/handdoekinclusieflogo.nl\/de\/product-supplier\/a53\/#listItem","name":"A53-Toppoint"}}]},{"@type":"ItemPage","@id":"https:\/\/handdoekinclusieflogo.nl\/de\/product\/1723\/hamamtuch-sagaform-ella-bedrucken-leicht-recycelt-90x170-cm\/#itempage","url":"https:\/\/handdoekinclusieflogo.nl\/de\/product\/1723\/hamamtuch-sagaform-ella-bedrucken-leicht-recycelt-90x170-cm\/","name":"Hamamtuch Sagaform Ella-bedrucken-leicht-recycelt-90x170 cm","description":"Entdecke ein stilvolles Hamamtuch aus recyceltem Material, ideal f\u00fcr den Sommer am Strand oder beim Sport. Genie\u00df die Vielseitigkeit in Blau, Grau, Gelb oder Gr\u00fcn und personalisiere es mit deinem Logo f\u00fcr einen individuellen Touch. Perfekt f\u00fcr Reisende und Freiluftliebhaber.","inLanguage":"de-DE","isPartOf":{"@id":"https:\/\/handdoekinclusieflogo.nl\/de\/#website"},"breadcrumb":{"@id":"https:\/\/handdoekinclusieflogo.nl\/de\/product\/1723\/hamamtuch-sagaform-ella-bedrucken-leicht-recycelt-90x170-cm\/#breadcrumblist"},"image":{"@type":"ImageObject","url":"https:\/\/shop.hidalgo.nl\/wp-content\/uploads\/2025\/04\/9f100d6812001e8d80c989631336d89b6d6759a91ff69e578aa0acf4090d82c3.jpg","@id":"https:\/\/handdoekinclusieflogo.nl\/de\/product\/1723\/hamamtuch-sagaform-ella-bedrucken-leicht-recycelt-90x170-cm\/#mainImage"},"primaryImageOfPage":{"@id":"https:\/\/handdoekinclusieflogo.nl\/de\/product\/1723\/hamamtuch-sagaform-ella-bedrucken-leicht-recycelt-90x170-cm\/#mainImage"},"datePublished":"2026-02-02T10:47:52+00:00","dateModified":"2026-02-17T11:59:34+00:00"},{"@type":"Organization","@id":"https:\/\/handdoekinclusieflogo.nl\/de\/#organization","name":"Handdoekeninclusieflogo","url":"https:\/\/handdoekinclusieflogo.nl\/de\/","telephone":"+31793310133","logo":{"@type":"ImageObject","url":"https:\/\/shop.hidalgo.nl\/wp-content\/uploads\/2026\/02\/logo-handdoek.png","@id":"https:\/\/handdoekinclusieflogo.nl\/de\/product\/1723\/hamamtuch-sagaform-ella-bedrucken-leicht-recycelt-90x170-cm\/#organizationLogo","width":600,"height":264},"image":{"@id":"https:\/\/handdoekinclusieflogo.nl\/de\/product\/1723\/hamamtuch-sagaform-ella-bedrucken-leicht-recycelt-90x170-cm\/#organizationLogo"},"sameAs":["https:\/\/www.facebook.com\/hidalgobagsandmore\/","https:\/\/x.com\/Hidalgo_BV","https:\/\/www.instagram.com\/hidalgobagsandmore","https:\/\/www.youtube.com\/@hidalgobagsandmore","https:\/\/linkedin.com\/in\/rutgerblommers"]},{"@type":"WebPage","@id":"https:\/\/handdoekinclusieflogo.nl\/de\/product\/1723\/hamamtuch-sagaform-ella-bedrucken-leicht-recycelt-90x170-cm\/#webpage","url":"https:\/\/handdoekinclusieflogo.nl\/de\/product\/1723\/hamamtuch-sagaform-ella-bedrucken-leicht-recycelt-90x170-cm\/","name":"Hamamtuch Sagaform Ella-bedrucken-leicht-recycelt-90x170 cm","description":"Entdecke ein stilvolles Hamamtuch aus recyceltem Material, ideal f\u00fcr den Sommer am Strand oder beim Sport. Genie\u00df die Vielseitigkeit in Blau, Grau, Gelb oder Gr\u00fcn und personalisiere es mit deinem Logo f\u00fcr einen individuellen Touch. Perfekt f\u00fcr Reisende und Freiluftliebhaber.","inLanguage":"de-DE","isPartOf":{"@id":"https:\/\/handdoekinclusieflogo.nl\/de\/#website"},"breadcrumb":{"@id":"https:\/\/handdoekinclusieflogo.nl\/de\/product\/1723\/hamamtuch-sagaform-ella-bedrucken-leicht-recycelt-90x170-cm\/#breadcrumblist"},"image":{"@type":"ImageObject","url":"https:\/\/shop.hidalgo.nl\/wp-content\/uploads\/2025\/04\/9f100d6812001e8d80c989631336d89b6d6759a91ff69e578aa0acf4090d82c3.jpg","@id":"https:\/\/handdoekinclusieflogo.nl\/de\/product\/1723\/hamamtuch-sagaform-ella-bedrucken-leicht-recycelt-90x170-cm\/#mainImage"},"primaryImageOfPage":{"@id":"https:\/\/handdoekinclusieflogo.nl\/de\/product\/1723\/hamamtuch-sagaform-ella-bedrucken-leicht-recycelt-90x170-cm\/#mainImage"},"datePublished":"2026-02-02T10:47:52+00:00","dateModified":"2026-02-17T11:59:34+00:00"},{"@type":"WebSite","@id":"https:\/\/handdoekinclusieflogo.nl\/de\/#website","url":"https:\/\/handdoekinclusieflogo.nl\/de\/","name":"Handdoekeninclusieflogo","inLanguage":"de-DE","publisher":{"@id":"https:\/\/handdoekinclusieflogo.nl\/de\/#organization"}}]},"og:locale":"de_DE","og:site_name":"Handdoekeninclusieflogo -","og:type":"article","og:title":"Hamamtuch Sagaform Ella-bedrucken-leicht-recycelt-90x170 cm","og:description":"Entdecke ein stilvolles Hamamtuch aus recyceltem Material, ideal f\u00fcr den Sommer am Strand oder beim Sport. Genie\u00df die Vielseitigkeit in Blau, Grau, Gelb oder Gr\u00fcn und personalisiere es mit deinem Logo f\u00fcr einen individuellen Touch. Perfekt f\u00fcr Reisende und Freiluftliebhaber.","og:url":"https:\/\/handdoekinclusieflogo.nl\/de\/wp-json\/wp\/v2\/product\/1723","og:image":"https:\/\/shop.hidalgo.nl\/wp-content\/uploads\/2026\/02\/cropped-logo-handdoek.png","og:image:secure_url":"https:\/\/shop.hidalgo.nl\/wp-content\/uploads\/2026\/02\/cropped-logo-handdoek.png","article:published_time":"2026-02-02T10:47:52+00:00","article:modified_time":"2026-02-17T11:59:34+00:00","article:publisher":"https:\/\/www.facebook.com\/hidalgobagsandmore\/","twitter:card":"summary_large_image","twitter:site":"@Hidalgo_BV","twitter:title":"Hamamtuch Sagaform Ella-bedrucken-leicht-recycelt-90x170 cm","twitter:description":"Entdecke ein stilvolles Hamamtuch aus recyceltem Material, ideal f\u00fcr den Sommer am Strand oder beim Sport. Genie\u00df die Vielseitigkeit in Blau, Grau, Gelb oder Gr\u00fcn und personalisiere es mit deinem Logo f\u00fcr einen individuellen Touch. Perfekt f\u00fcr Reisende und Freiluftliebhaber.","twitter:image":"https:\/\/shop.hidalgo.nl\/wp-content\/uploads\/2026\/02\/cropped-logo-handdoek.png"},"aioseo_meta_data":{"post_id":"1723","title":null,"description":null,"keywords":null,"keyphrases":null,"primary_term":null,"canonical_url":null,"og_title":null,"og_description":null,"og_object_type":"default","og_image_type":"default","og_image_url":null,"og_image_width":null,"og_image_height":null,"og_image_custom_url":null,"og_image_custom_fields":null,"og_video":null,"og_custom_url":null,"og_article_section":null,"og_article_tags":null,"twitter_use_og":false,"twitter_card":"default","twitter_image_type":"default","twitter_image_url":null,"twitter_image_custom_url":null,"twitter_image_custom_fields":null,"twitter_title":null,"twitter_description":null,"schema":{"blockGraphs":[],"customGraphs":[],"default":{"data":{"Article":[],"Course":[],"Dataset":[],"FAQPage":[],"Movie":[],"Person":[],"Product":[],"ProductReview":[],"Car":[],"Recipe":[],"Service":[],"SoftwareApplication":[],"WebPage":[]},"graphName":"","isEnabled":true},"graphs":[]},"schema_type":"default","schema_type_options":null,"pillar_content":false,"robots_default":true,"robots_noindex":false,"robots_noarchive":false,"robots_nosnippet":false,"robots_nofollow":false,"robots_noimageindex":false,"robots_noodp":false,"robots_notranslate":false,"robots_max_snippet":null,"robots_max_videopreview":null,"robots_max_imagepreview":"large","priority":null,"frequency":null,"local_seo":null,"seo_analyzer_scan_date":"2026-02-10 13:39:24","breadcrumb_settings":null,"limit_modified_date":false,"reviewed_by":null,"open_ai":null,"ai":null,"created":"2026-02-02 10:48:16","updated":"2026-02-18 11:40:10"},"aioseo_breadcrumb":"<div class=\"aioseo-breadcrumbs\"><span class=\"aioseo-breadcrumb\">\n\t<a href=\"https:\/\/handdoekinclusieflogo.nl\/de\/\" title=\"Home\">Home<\/a>\n<\/span><span class=\"aioseo-breadcrumb-separator\">\u00bb<\/span><span class=\"aioseo-breadcrumb\">\n\t<a href=\"https:\/\/handdoekinclusieflogo.nl\/shop\/\" title=\"Shop\">Shop<\/a>\n<\/span><span class=\"aioseo-breadcrumb-separator\">\u00bb<\/span><span class=\"aioseo-breadcrumb\">\n\t<a href=\"https:\/\/handdoekinclusieflogo.nl\/de\/product-supplier\/a53\/\" title=\"A53-Toppoint\">A53-Toppoint<\/a>\n<\/span><span class=\"aioseo-breadcrumb-separator\">\u00bb<\/span><span class=\"aioseo-breadcrumb\">\n\tSagaform Ella hamam 90x170cm\n<\/span><\/div>","aioseo_breadcrumb_json":[{"label":"Home","link":"https:\/\/handdoekinclusieflogo.nl\/de\/"},{"label":"Shop","link":"https:\/\/handdoekinclusieflogo.nl\/shop\/"},{"label":"A53-Toppoint","link":"https:\/\/handdoekinclusieflogo.nl\/de\/product-supplier\/a53\/"},{"label":"Sagaform Ella hamam 90x170cm","link":"https:\/\/handdoekinclusieflogo.nl\/de\/product\/1723\/hamamtuch-sagaform-ella-bedrucken-leicht-recycelt-90x170-cm\/"}],"_links":{"self":[{"href":"https:\/\/handdoekinclusieflogo.nl\/de\/wp-json\/wp\/v2\/product\/1723","targetHints":{"allow":["GET"]}}],"collection":[{"href":"https:\/\/handdoekinclusieflogo.nl\/de\/wp-json\/wp\/v2\/product"}],"about":[{"href":"https:\/\/handdoekinclusieflogo.nl\/de\/wp-json\/wp\/v2\/types\/product"}],"wp:featuredmedia":[{"embeddable":true,"href":"https:\/\/handdoekinclusieflogo.nl\/de\/wp-json\/wp\/v2\/media\/1724"}],"wp:attachment":[{"href":"https:\/\/handdoekinclusieflogo.nl\/de\/wp-json\/wp\/v2\/media?parent=1723"}],"wp:term":[{"taxonomy":"product_brand","embeddable":true,"href":"https:\/\/handdoekinclusieflogo.nl\/de\/wp-json\/wp\/v2\/product_brand?post=1723"},{"taxonomy":"product_cat","embeddable":true,"href":"https:\/\/handdoekinclusieflogo.nl\/de\/wp-json\/wp\/v2\/product_cat?post=1723"},{"taxonomy":"product_tag","embeddable":true,"href":"https:\/\/handdoekinclusieflogo.nl\/de\/wp-json\/wp\/v2\/product_tag?post=1723"}],"curies":[{"name":"wp","href":"https:\/\/api.w.org\/{rel}","templated":true}]}}