{"id":1708,"date":"2026-02-02T10:47:51","date_gmt":"2026-02-02T10:47:51","guid":{"rendered":"https:\/\/handdoekeninclusieflogo.shop.hidalgo.nl\/product\/sagaform-ella-grote-hamamdoek-145x250cm\/"},"modified":"2026-02-19T14:19:20","modified_gmt":"2026-02-19T14:19:20","slug":"sagaform-ella-grote-hamamdoek-145x250cm","status":"publish","type":"product","link":"https:\/\/handdoekinclusieflogo.nl\/de\/product\/1708\/hamamtuch-bedrucken-sagaform-ella-leicht-recycelt-145x250cm\/","title":{"rendered":"Sagaform Ella grote hamamdoek 145x250cm"},"content":{"rendered":"<p>Deze mooie grote Ella hamamdoek van Sagaform is gemaakt van dun, geweven gerecycled katoen (70%) en polyester (30%). Het karakteristieke patroon van de strepen is typisch voor Sagaform. Droogt snel en is gemakkelijk op te hangen. Ook te gebruiken als picknick kleed, tafellaken, maar net zo makkelijk opgerold mee te nemen naar het strand, het zwembad of in je trainingstas. Verpakt in een mooie kartonnen sleeve..<\/p>\n","protected":false},"excerpt":{"rendered":"<p>Deze mooie grote Ella hamamdoek van Sagaform is gemaakt van dun, geweven gerecycled katoen (70%) en polyester (30%). Het karakteristieke patroon van de strepen is typisch voor Sagaform. Droogt snel en is gemakkelijk op te hangen. Ook te gebruiken als picknick kleed, tafellaken, maar net zo makkelijk opgerold mee te nemen naar het strand, het&hellip; <a class=\"more-link\" href=\"https:\/\/handdoekinclusieflogo.nl\/de\/product\/1708\/hamamtuch-bedrucken-sagaform-ella-leicht-recycelt-145x250cm\/\"><span class=\"screen-reader-text\">Sagaform Ella grote hamamdoek 145x250cm<\/span> weiterlesen<\/a><\/p>\n","protected":false},"featured_media":1709,"template":"","meta":{"_acf_changed":false,"om_disable_all_campaigns":false,"_monsterinsights_skip_tracking":false,"_monsterinsights_sitenote_active":false,"_monsterinsights_sitenote_note":"","_monsterinsights_sitenote_category":0,"_uf_show_specific_survey":0,"_uf_disable_surveys":false},"product_brand":[175],"product_cat":[171,40,164],"product_tag":[],"class_list":{"0":"post-1708","1":"product","2":"type-product","3":"status-publish","4":"has-post-thumbnail","6":"product_supplier-a53","7":"product_brand-hidalgo","8":"product_cat-bedrukken","9":"product_cat-handdoeken-hammam-doeken","10":"product_cat-handdoeken","11":"entry","13":"first","14":"instock","15":"taxable","16":"shipping-taxable","17":"purchasable","18":"product-type-variable"},"acf":{"imprint_cost":false},"aioseo_notices":[],"aioseo_head":"\n\t\t<!-- All in One SEO Pro 4.9.6.2 - aioseo.com -->\n\t<meta name=\"description\" content=\"Entdecke das vielseitige Hamamtuch, ideal f\u00fcr Strandtage und Picknicks. Leicht zu tragen, aus recyceltem Material gefertigt, und schnell trocknend - perfekt f\u00fcr unterwegs. Individuell gestaltbar mit deinem Logo f\u00fcr Events oder als Geschenk f\u00fcr 20- bis 40-J\u00e4hrige.\" \/>\n\t<meta name=\"robots\" content=\"max-image-preview:large\" \/>\n\t<meta name=\"google-site-verification\" content=\"BBMiYHShnVBoc8v9xoHf0FXMC27otVB0wiWxw_hFRrM\" \/>\n\t<link rel=\"canonical\" href=\"https:\/\/handdoekinclusieflogo.nl\/de\/wp-json\/wp\/v2\/product\/1708\" \/>\n\t<meta name=\"generator\" content=\"All in One SEO Pro (AIOSEO) 4.9.6.2\" \/>\n\t\t<meta property=\"og:locale\" content=\"de_DE\" \/>\n\t\t<meta property=\"og:site_name\" content=\"Handdoekeninclusieflogo -\" \/>\n\t\t<meta property=\"og:type\" content=\"article\" \/>\n\t\t<meta property=\"og:title\" content=\"Hamamtuch bedrucken Sagaform Ella leicht recycelt 145x250cm\" \/>\n\t\t<meta property=\"og:description\" content=\"Entdecke das vielseitige Hamamtuch, ideal f\u00fcr Strandtage und Picknicks. Leicht zu tragen, aus recyceltem Material gefertigt, und schnell trocknend - perfekt f\u00fcr unterwegs. Individuell gestaltbar mit deinem Logo f\u00fcr Events oder als Geschenk f\u00fcr 20- bis 40-J\u00e4hrige.\" \/>\n\t\t<meta property=\"og:url\" content=\"https:\/\/handdoekinclusieflogo.nl\/de\/wp-json\/wp\/v2\/product\/1708\" \/>\n\t\t<meta property=\"og:image\" content=\"https:\/\/shop.hidalgo.nl\/wp-content\/uploads\/2026\/02\/cropped-logo-handdoek.png\" \/>\n\t\t<meta property=\"og:image:secure_url\" content=\"https:\/\/shop.hidalgo.nl\/wp-content\/uploads\/2026\/02\/cropped-logo-handdoek.png\" \/>\n\t\t<meta property=\"article:published_time\" content=\"2026-02-02T10:47:51+00:00\" \/>\n\t\t<meta property=\"article:modified_time\" content=\"2026-02-19T14:19:20+00:00\" \/>\n\t\t<meta property=\"article:publisher\" content=\"https:\/\/www.facebook.com\/hidalgobagsandmore\/\" \/>\n\t\t<meta name=\"twitter:card\" content=\"summary_large_image\" \/>\n\t\t<meta name=\"twitter:site\" content=\"@Hidalgo_BV\" \/>\n\t\t<meta name=\"twitter:title\" content=\"Hamamtuch bedrucken Sagaform Ella leicht recycelt 145x250cm\" \/>\n\t\t<meta name=\"twitter:description\" content=\"Entdecke das vielseitige Hamamtuch, ideal f\u00fcr Strandtage und Picknicks. Leicht zu tragen, aus recyceltem Material gefertigt, und schnell trocknend - perfekt f\u00fcr unterwegs. Individuell gestaltbar mit deinem Logo f\u00fcr Events oder als Geschenk f\u00fcr 20- bis 40-J\u00e4hrige.\" \/>\n\t\t<meta name=\"twitter:image\" content=\"https:\/\/shop.hidalgo.nl\/wp-content\/uploads\/2026\/02\/cropped-logo-handdoek.png\" \/>\n\t\t<script type=\"application\/ld+json\" class=\"aioseo-schema\">\n\t\t\t{\"@context\":\"https:\\\/\\\/schema.org\",\"@graph\":[{\"@type\":\"BreadcrumbList\",\"@id\":\"https:\\\/\\\/handdoekinclusieflogo.nl\\\/de\\\/product\\\/1708\\\/hamamtuch-bedrucken-sagaform-ella-leicht-recycelt-145x250cm\\\/#breadcrumblist\",\"itemListElement\":[{\"@type\":\"ListItem\",\"@id\":\"https:\\\/\\\/handdoekinclusieflogo.nl\\\/de\\\/#listItem\",\"position\":1,\"name\":\"Home\",\"item\":\"https:\\\/\\\/handdoekinclusieflogo.nl\\\/de\\\/\",\"nextItem\":{\"@type\":\"ListItem\",\"@id\":\"https:\\\/\\\/handdoekinclusieflogo.nl\\\/shop\\\/#listItem\",\"name\":\"Shop\"}},{\"@type\":\"ListItem\",\"@id\":\"https:\\\/\\\/handdoekinclusieflogo.nl\\\/shop\\\/#listItem\",\"position\":2,\"name\":\"Shop\",\"item\":\"https:\\\/\\\/handdoekinclusieflogo.nl\\\/shop\\\/\",\"nextItem\":{\"@type\":\"ListItem\",\"@id\":\"https:\\\/\\\/handdoekinclusieflogo.nl\\\/de\\\/product-supplier\\\/a53\\\/#listItem\",\"name\":\"A53-Toppoint\"},\"previousItem\":{\"@type\":\"ListItem\",\"@id\":\"https:\\\/\\\/handdoekinclusieflogo.nl\\\/de\\\/#listItem\",\"name\":\"Home\"}},{\"@type\":\"ListItem\",\"@id\":\"https:\\\/\\\/handdoekinclusieflogo.nl\\\/de\\\/product-supplier\\\/a53\\\/#listItem\",\"position\":3,\"name\":\"A53-Toppoint\",\"item\":\"https:\\\/\\\/handdoekinclusieflogo.nl\\\/de\\\/product-supplier\\\/a53\\\/\",\"nextItem\":{\"@type\":\"ListItem\",\"@id\":\"https:\\\/\\\/handdoekinclusieflogo.nl\\\/de\\\/product\\\/1708\\\/hamamtuch-bedrucken-sagaform-ella-leicht-recycelt-145x250cm\\\/#listItem\",\"name\":\"Sagaform Ella grote hamamdoek 145x250cm\"},\"previousItem\":{\"@type\":\"ListItem\",\"@id\":\"https:\\\/\\\/handdoekinclusieflogo.nl\\\/shop\\\/#listItem\",\"name\":\"Shop\"}},{\"@type\":\"ListItem\",\"@id\":\"https:\\\/\\\/handdoekinclusieflogo.nl\\\/de\\\/product\\\/1708\\\/hamamtuch-bedrucken-sagaform-ella-leicht-recycelt-145x250cm\\\/#listItem\",\"position\":4,\"name\":\"Sagaform Ella grote hamamdoek 145x250cm\",\"previousItem\":{\"@type\":\"ListItem\",\"@id\":\"https:\\\/\\\/handdoekinclusieflogo.nl\\\/de\\\/product-supplier\\\/a53\\\/#listItem\",\"name\":\"A53-Toppoint\"}}]},{\"@type\":\"ItemPage\",\"@id\":\"https:\\\/\\\/handdoekinclusieflogo.nl\\\/de\\\/product\\\/1708\\\/hamamtuch-bedrucken-sagaform-ella-leicht-recycelt-145x250cm\\\/#itempage\",\"url\":\"https:\\\/\\\/handdoekinclusieflogo.nl\\\/de\\\/product\\\/1708\\\/hamamtuch-bedrucken-sagaform-ella-leicht-recycelt-145x250cm\\\/\",\"name\":\"Hamamtuch bedrucken Sagaform Ella leicht recycelt 145x250cm\",\"description\":\"Entdecke das vielseitige Hamamtuch, ideal f\\u00fcr Strandtage und Picknicks. Leicht zu tragen, aus recyceltem Material gefertigt, und schnell trocknend - perfekt f\\u00fcr unterwegs. Individuell gestaltbar mit deinem Logo f\\u00fcr Events oder als Geschenk f\\u00fcr 20- bis 40-J\\u00e4hrige.\",\"inLanguage\":\"de-DE\",\"isPartOf\":{\"@id\":\"https:\\\/\\\/handdoekinclusieflogo.nl\\\/de\\\/#website\"},\"breadcrumb\":{\"@id\":\"https:\\\/\\\/handdoekinclusieflogo.nl\\\/de\\\/product\\\/1708\\\/hamamtuch-bedrucken-sagaform-ella-leicht-recycelt-145x250cm\\\/#breadcrumblist\"},\"image\":{\"@type\":\"ImageObject\",\"url\":\"https:\\\/\\\/shop.hidalgo.nl\\\/wp-content\\\/uploads\\\/2025\\\/04\\\/80097d1001ecc73e6dbd318f758ab4c43ae378f472aa93cb333bc367dd06a6c2.jpg\",\"@id\":\"https:\\\/\\\/handdoekinclusieflogo.nl\\\/de\\\/product\\\/1708\\\/hamamtuch-bedrucken-sagaform-ella-leicht-recycelt-145x250cm\\\/#mainImage\"},\"primaryImageOfPage\":{\"@id\":\"https:\\\/\\\/handdoekinclusieflogo.nl\\\/de\\\/product\\\/1708\\\/hamamtuch-bedrucken-sagaform-ella-leicht-recycelt-145x250cm\\\/#mainImage\"},\"datePublished\":\"2026-02-02T10:47:51+00:00\",\"dateModified\":\"2026-02-19T14:19:20+00:00\"},{\"@type\":\"Organization\",\"@id\":\"https:\\\/\\\/handdoekinclusieflogo.nl\\\/de\\\/#organization\",\"name\":\"Handdoekeninclusieflogo\",\"url\":\"https:\\\/\\\/handdoekinclusieflogo.nl\\\/de\\\/\",\"telephone\":\"+31793310133\",\"logo\":{\"@type\":\"ImageObject\",\"url\":\"https:\\\/\\\/shop.hidalgo.nl\\\/wp-content\\\/uploads\\\/2026\\\/02\\\/logo-handdoek.png\",\"@id\":\"https:\\\/\\\/handdoekinclusieflogo.nl\\\/de\\\/product\\\/1708\\\/hamamtuch-bedrucken-sagaform-ella-leicht-recycelt-145x250cm\\\/#organizationLogo\",\"width\":600,\"height\":264},\"image\":{\"@id\":\"https:\\\/\\\/handdoekinclusieflogo.nl\\\/de\\\/product\\\/1708\\\/hamamtuch-bedrucken-sagaform-ella-leicht-recycelt-145x250cm\\\/#organizationLogo\"},\"sameAs\":[\"https:\\\/\\\/www.facebook.com\\\/hidalgobagsandmore\\\/\",\"https:\\\/\\\/x.com\\\/Hidalgo_BV\",\"https:\\\/\\\/www.instagram.com\\\/hidalgobagsandmore\",\"https:\\\/\\\/www.youtube.com\\\/@hidalgobagsandmore\",\"https:\\\/\\\/linkedin.com\\\/in\\\/rutgerblommers\"]},{\"@type\":\"WebPage\",\"@id\":\"https:\\\/\\\/handdoekinclusieflogo.nl\\\/de\\\/product\\\/1708\\\/hamamtuch-bedrucken-sagaform-ella-leicht-recycelt-145x250cm\\\/#webpage\",\"url\":\"https:\\\/\\\/handdoekinclusieflogo.nl\\\/de\\\/product\\\/1708\\\/hamamtuch-bedrucken-sagaform-ella-leicht-recycelt-145x250cm\\\/\",\"name\":\"Hamamtuch bedrucken Sagaform Ella leicht recycelt 145x250cm\",\"description\":\"Entdecke das vielseitige Hamamtuch, ideal f\\u00fcr Strandtage und Picknicks. Leicht zu tragen, aus recyceltem Material gefertigt, und schnell trocknend - perfekt f\\u00fcr unterwegs. Individuell gestaltbar mit deinem Logo f\\u00fcr Events oder als Geschenk f\\u00fcr 20- bis 40-J\\u00e4hrige.\",\"inLanguage\":\"de-DE\",\"isPartOf\":{\"@id\":\"https:\\\/\\\/handdoekinclusieflogo.nl\\\/de\\\/#website\"},\"breadcrumb\":{\"@id\":\"https:\\\/\\\/handdoekinclusieflogo.nl\\\/de\\\/product\\\/1708\\\/hamamtuch-bedrucken-sagaform-ella-leicht-recycelt-145x250cm\\\/#breadcrumblist\"},\"image\":{\"@type\":\"ImageObject\",\"url\":\"https:\\\/\\\/shop.hidalgo.nl\\\/wp-content\\\/uploads\\\/2025\\\/04\\\/80097d1001ecc73e6dbd318f758ab4c43ae378f472aa93cb333bc367dd06a6c2.jpg\",\"@id\":\"https:\\\/\\\/handdoekinclusieflogo.nl\\\/de\\\/product\\\/1708\\\/hamamtuch-bedrucken-sagaform-ella-leicht-recycelt-145x250cm\\\/#mainImage\"},\"primaryImageOfPage\":{\"@id\":\"https:\\\/\\\/handdoekinclusieflogo.nl\\\/de\\\/product\\\/1708\\\/hamamtuch-bedrucken-sagaform-ella-leicht-recycelt-145x250cm\\\/#mainImage\"},\"datePublished\":\"2026-02-02T10:47:51+00:00\",\"dateModified\":\"2026-02-19T14:19:20+00:00\"},{\"@type\":\"WebSite\",\"@id\":\"https:\\\/\\\/handdoekinclusieflogo.nl\\\/de\\\/#website\",\"url\":\"https:\\\/\\\/handdoekinclusieflogo.nl\\\/de\\\/\",\"name\":\"Handdoekeninclusieflogo\",\"inLanguage\":\"de-DE\",\"publisher\":{\"@id\":\"https:\\\/\\\/handdoekinclusieflogo.nl\\\/de\\\/#organization\"}}]}\n\t\t<\/script>\n\t\t<!-- All in One SEO Pro -->\r\n\t\t<title>Hamamtuch bedrucken Sagaform Ella leicht recycelt 145x250cm<\/title>\n\n","aioseo_head_json":{"title":"Hamamtuch bedrucken Sagaform Ella leicht recycelt 145x250cm","description":"Entdecke das vielseitige Hamamtuch, ideal f\u00fcr Strandtage und Picknicks. Leicht zu tragen, aus recyceltem Material gefertigt, und schnell trocknend - perfekt f\u00fcr unterwegs. Individuell gestaltbar mit deinem Logo f\u00fcr Events oder als Geschenk f\u00fcr 20- bis 40-J\u00e4hrige.","canonical_url":"https:\/\/handdoekinclusieflogo.nl\/de\/wp-json\/wp\/v2\/product\/1708","robots":"max-image-preview:large","keywords":"","webmasterTools":{"google-site-verification":"BBMiYHShnVBoc8v9xoHf0FXMC27otVB0wiWxw_hFRrM","miscellaneous":""},"schema":{"@context":"https:\/\/schema.org","@graph":[{"@type":"BreadcrumbList","@id":"https:\/\/handdoekinclusieflogo.nl\/de\/product\/1708\/hamamtuch-bedrucken-sagaform-ella-leicht-recycelt-145x250cm\/#breadcrumblist","itemListElement":[{"@type":"ListItem","@id":"https:\/\/handdoekinclusieflogo.nl\/de\/#listItem","position":1,"name":"Home","item":"https:\/\/handdoekinclusieflogo.nl\/de\/","nextItem":{"@type":"ListItem","@id":"https:\/\/handdoekinclusieflogo.nl\/shop\/#listItem","name":"Shop"}},{"@type":"ListItem","@id":"https:\/\/handdoekinclusieflogo.nl\/shop\/#listItem","position":2,"name":"Shop","item":"https:\/\/handdoekinclusieflogo.nl\/shop\/","nextItem":{"@type":"ListItem","@id":"https:\/\/handdoekinclusieflogo.nl\/de\/product-supplier\/a53\/#listItem","name":"A53-Toppoint"},"previousItem":{"@type":"ListItem","@id":"https:\/\/handdoekinclusieflogo.nl\/de\/#listItem","name":"Home"}},{"@type":"ListItem","@id":"https:\/\/handdoekinclusieflogo.nl\/de\/product-supplier\/a53\/#listItem","position":3,"name":"A53-Toppoint","item":"https:\/\/handdoekinclusieflogo.nl\/de\/product-supplier\/a53\/","nextItem":{"@type":"ListItem","@id":"https:\/\/handdoekinclusieflogo.nl\/de\/product\/1708\/hamamtuch-bedrucken-sagaform-ella-leicht-recycelt-145x250cm\/#listItem","name":"Sagaform Ella grote hamamdoek 145x250cm"},"previousItem":{"@type":"ListItem","@id":"https:\/\/handdoekinclusieflogo.nl\/shop\/#listItem","name":"Shop"}},{"@type":"ListItem","@id":"https:\/\/handdoekinclusieflogo.nl\/de\/product\/1708\/hamamtuch-bedrucken-sagaform-ella-leicht-recycelt-145x250cm\/#listItem","position":4,"name":"Sagaform Ella grote hamamdoek 145x250cm","previousItem":{"@type":"ListItem","@id":"https:\/\/handdoekinclusieflogo.nl\/de\/product-supplier\/a53\/#listItem","name":"A53-Toppoint"}}]},{"@type":"ItemPage","@id":"https:\/\/handdoekinclusieflogo.nl\/de\/product\/1708\/hamamtuch-bedrucken-sagaform-ella-leicht-recycelt-145x250cm\/#itempage","url":"https:\/\/handdoekinclusieflogo.nl\/de\/product\/1708\/hamamtuch-bedrucken-sagaform-ella-leicht-recycelt-145x250cm\/","name":"Hamamtuch bedrucken Sagaform Ella leicht recycelt 145x250cm","description":"Entdecke das vielseitige Hamamtuch, ideal f\u00fcr Strandtage und Picknicks. Leicht zu tragen, aus recyceltem Material gefertigt, und schnell trocknend - perfekt f\u00fcr unterwegs. Individuell gestaltbar mit deinem Logo f\u00fcr Events oder als Geschenk f\u00fcr 20- bis 40-J\u00e4hrige.","inLanguage":"de-DE","isPartOf":{"@id":"https:\/\/handdoekinclusieflogo.nl\/de\/#website"},"breadcrumb":{"@id":"https:\/\/handdoekinclusieflogo.nl\/de\/product\/1708\/hamamtuch-bedrucken-sagaform-ella-leicht-recycelt-145x250cm\/#breadcrumblist"},"image":{"@type":"ImageObject","url":"https:\/\/shop.hidalgo.nl\/wp-content\/uploads\/2025\/04\/80097d1001ecc73e6dbd318f758ab4c43ae378f472aa93cb333bc367dd06a6c2.jpg","@id":"https:\/\/handdoekinclusieflogo.nl\/de\/product\/1708\/hamamtuch-bedrucken-sagaform-ella-leicht-recycelt-145x250cm\/#mainImage"},"primaryImageOfPage":{"@id":"https:\/\/handdoekinclusieflogo.nl\/de\/product\/1708\/hamamtuch-bedrucken-sagaform-ella-leicht-recycelt-145x250cm\/#mainImage"},"datePublished":"2026-02-02T10:47:51+00:00","dateModified":"2026-02-19T14:19:20+00:00"},{"@type":"Organization","@id":"https:\/\/handdoekinclusieflogo.nl\/de\/#organization","name":"Handdoekeninclusieflogo","url":"https:\/\/handdoekinclusieflogo.nl\/de\/","telephone":"+31793310133","logo":{"@type":"ImageObject","url":"https:\/\/shop.hidalgo.nl\/wp-content\/uploads\/2026\/02\/logo-handdoek.png","@id":"https:\/\/handdoekinclusieflogo.nl\/de\/product\/1708\/hamamtuch-bedrucken-sagaform-ella-leicht-recycelt-145x250cm\/#organizationLogo","width":600,"height":264},"image":{"@id":"https:\/\/handdoekinclusieflogo.nl\/de\/product\/1708\/hamamtuch-bedrucken-sagaform-ella-leicht-recycelt-145x250cm\/#organizationLogo"},"sameAs":["https:\/\/www.facebook.com\/hidalgobagsandmore\/","https:\/\/x.com\/Hidalgo_BV","https:\/\/www.instagram.com\/hidalgobagsandmore","https:\/\/www.youtube.com\/@hidalgobagsandmore","https:\/\/linkedin.com\/in\/rutgerblommers"]},{"@type":"WebPage","@id":"https:\/\/handdoekinclusieflogo.nl\/de\/product\/1708\/hamamtuch-bedrucken-sagaform-ella-leicht-recycelt-145x250cm\/#webpage","url":"https:\/\/handdoekinclusieflogo.nl\/de\/product\/1708\/hamamtuch-bedrucken-sagaform-ella-leicht-recycelt-145x250cm\/","name":"Hamamtuch bedrucken Sagaform Ella leicht recycelt 145x250cm","description":"Entdecke das vielseitige Hamamtuch, ideal f\u00fcr Strandtage und Picknicks. Leicht zu tragen, aus recyceltem Material gefertigt, und schnell trocknend - perfekt f\u00fcr unterwegs. Individuell gestaltbar mit deinem Logo f\u00fcr Events oder als Geschenk f\u00fcr 20- bis 40-J\u00e4hrige.","inLanguage":"de-DE","isPartOf":{"@id":"https:\/\/handdoekinclusieflogo.nl\/de\/#website"},"breadcrumb":{"@id":"https:\/\/handdoekinclusieflogo.nl\/de\/product\/1708\/hamamtuch-bedrucken-sagaform-ella-leicht-recycelt-145x250cm\/#breadcrumblist"},"image":{"@type":"ImageObject","url":"https:\/\/shop.hidalgo.nl\/wp-content\/uploads\/2025\/04\/80097d1001ecc73e6dbd318f758ab4c43ae378f472aa93cb333bc367dd06a6c2.jpg","@id":"https:\/\/handdoekinclusieflogo.nl\/de\/product\/1708\/hamamtuch-bedrucken-sagaform-ella-leicht-recycelt-145x250cm\/#mainImage"},"primaryImageOfPage":{"@id":"https:\/\/handdoekinclusieflogo.nl\/de\/product\/1708\/hamamtuch-bedrucken-sagaform-ella-leicht-recycelt-145x250cm\/#mainImage"},"datePublished":"2026-02-02T10:47:51+00:00","dateModified":"2026-02-19T14:19:20+00:00"},{"@type":"WebSite","@id":"https:\/\/handdoekinclusieflogo.nl\/de\/#website","url":"https:\/\/handdoekinclusieflogo.nl\/de\/","name":"Handdoekeninclusieflogo","inLanguage":"de-DE","publisher":{"@id":"https:\/\/handdoekinclusieflogo.nl\/de\/#organization"}}]},"og:locale":"de_DE","og:site_name":"Handdoekeninclusieflogo -","og:type":"article","og:title":"Hamamtuch bedrucken Sagaform Ella leicht recycelt 145x250cm","og:description":"Entdecke das vielseitige Hamamtuch, ideal f\u00fcr Strandtage und Picknicks. Leicht zu tragen, aus recyceltem Material gefertigt, und schnell trocknend - perfekt f\u00fcr unterwegs. Individuell gestaltbar mit deinem Logo f\u00fcr Events oder als Geschenk f\u00fcr 20- bis 40-J\u00e4hrige.","og:url":"https:\/\/handdoekinclusieflogo.nl\/de\/wp-json\/wp\/v2\/product\/1708","og:image":"https:\/\/shop.hidalgo.nl\/wp-content\/uploads\/2026\/02\/cropped-logo-handdoek.png","og:image:secure_url":"https:\/\/shop.hidalgo.nl\/wp-content\/uploads\/2026\/02\/cropped-logo-handdoek.png","article:published_time":"2026-02-02T10:47:51+00:00","article:modified_time":"2026-02-19T14:19:20+00:00","article:publisher":"https:\/\/www.facebook.com\/hidalgobagsandmore\/","twitter:card":"summary_large_image","twitter:site":"@Hidalgo_BV","twitter:title":"Hamamtuch bedrucken Sagaform Ella leicht recycelt 145x250cm","twitter:description":"Entdecke das vielseitige Hamamtuch, ideal f\u00fcr Strandtage und Picknicks. Leicht zu tragen, aus recyceltem Material gefertigt, und schnell trocknend - perfekt f\u00fcr unterwegs. Individuell gestaltbar mit deinem Logo f\u00fcr Events oder als Geschenk f\u00fcr 20- bis 40-J\u00e4hrige.","twitter:image":"https:\/\/shop.hidalgo.nl\/wp-content\/uploads\/2026\/02\/cropped-logo-handdoek.png"},"aioseo_meta_data":{"post_id":"1708","title":null,"description":null,"keywords":null,"keyphrases":null,"primary_term":null,"canonical_url":null,"og_title":null,"og_description":null,"og_object_type":"default","og_image_type":"default","og_image_url":null,"og_image_width":null,"og_image_height":null,"og_image_custom_url":null,"og_image_custom_fields":null,"og_video":null,"og_custom_url":null,"og_article_section":null,"og_article_tags":null,"twitter_use_og":false,"twitter_card":"default","twitter_image_type":"default","twitter_image_url":null,"twitter_image_custom_url":null,"twitter_image_custom_fields":null,"twitter_title":null,"twitter_description":null,"schema":{"blockGraphs":[],"customGraphs":[],"default":{"data":{"Article":[],"Course":[],"Dataset":[],"FAQPage":[],"Movie":[],"Person":[],"Product":[],"ProductReview":[],"Car":[],"Recipe":[],"Service":[],"SoftwareApplication":[],"WebPage":[]},"graphName":"","isEnabled":true},"graphs":[]},"schema_type":"default","schema_type_options":null,"pillar_content":false,"robots_default":true,"robots_noindex":false,"robots_noarchive":false,"robots_nosnippet":false,"robots_nofollow":false,"robots_noimageindex":false,"robots_noodp":false,"robots_notranslate":false,"robots_max_snippet":null,"robots_max_videopreview":null,"robots_max_imagepreview":"large","priority":null,"frequency":null,"local_seo":null,"seo_analyzer_scan_date":"2026-02-10 13:39:24","breadcrumb_settings":null,"limit_modified_date":false,"reviewed_by":null,"open_ai":null,"ai":null,"created":"2026-02-02 10:48:16","updated":"2026-02-19 14:46:58"},"aioseo_breadcrumb":"<div class=\"aioseo-breadcrumbs\"><span class=\"aioseo-breadcrumb\">\n\t<a href=\"https:\/\/handdoekinclusieflogo.nl\/de\/\" title=\"Home\">Home<\/a>\n<\/span><span class=\"aioseo-breadcrumb-separator\">\u00bb<\/span><span class=\"aioseo-breadcrumb\">\n\t<a href=\"https:\/\/handdoekinclusieflogo.nl\/shop\/\" title=\"Shop\">Shop<\/a>\n<\/span><span class=\"aioseo-breadcrumb-separator\">\u00bb<\/span><span class=\"aioseo-breadcrumb\">\n\t<a href=\"https:\/\/handdoekinclusieflogo.nl\/de\/product-supplier\/a53\/\" title=\"A53-Toppoint\">A53-Toppoint<\/a>\n<\/span><span class=\"aioseo-breadcrumb-separator\">\u00bb<\/span><span class=\"aioseo-breadcrumb\">\n\tSagaform Ella grote hamamdoek 145x250cm\n<\/span><\/div>","aioseo_breadcrumb_json":[{"label":"Home","link":"https:\/\/handdoekinclusieflogo.nl\/de\/"},{"label":"Shop","link":"https:\/\/handdoekinclusieflogo.nl\/shop\/"},{"label":"A53-Toppoint","link":"https:\/\/handdoekinclusieflogo.nl\/de\/product-supplier\/a53\/"},{"label":"Sagaform Ella grote hamamdoek 145x250cm","link":"https:\/\/handdoekinclusieflogo.nl\/de\/product\/1708\/hamamtuch-bedrucken-sagaform-ella-leicht-recycelt-145x250cm\/"}],"_links":{"self":[{"href":"https:\/\/handdoekinclusieflogo.nl\/de\/wp-json\/wp\/v2\/product\/1708","targetHints":{"allow":["GET"]}}],"collection":[{"href":"https:\/\/handdoekinclusieflogo.nl\/de\/wp-json\/wp\/v2\/product"}],"about":[{"href":"https:\/\/handdoekinclusieflogo.nl\/de\/wp-json\/wp\/v2\/types\/product"}],"wp:featuredmedia":[{"embeddable":true,"href":"https:\/\/handdoekinclusieflogo.nl\/de\/wp-json\/wp\/v2\/media\/1709"}],"wp:attachment":[{"href":"https:\/\/handdoekinclusieflogo.nl\/de\/wp-json\/wp\/v2\/media?parent=1708"}],"wp:term":[{"taxonomy":"product_brand","embeddable":true,"href":"https:\/\/handdoekinclusieflogo.nl\/de\/wp-json\/wp\/v2\/product_brand?post=1708"},{"taxonomy":"product_cat","embeddable":true,"href":"https:\/\/handdoekinclusieflogo.nl\/de\/wp-json\/wp\/v2\/product_cat?post=1708"},{"taxonomy":"product_tag","embeddable":true,"href":"https:\/\/handdoekinclusieflogo.nl\/de\/wp-json\/wp\/v2\/product_tag?post=1708"}],"curies":[{"name":"wp","href":"https:\/\/api.w.org\/{rel}","templated":true}]}}