{"id":1601,"date":"2026-02-02T10:44:14","date_gmt":"2026-02-02T10:44:14","guid":{"rendered":"https:\/\/handdoekeninclusieflogo.shop.hidalgo.nl\/product\/sophie-muval-sublimatie-strandhanddoek-180x100-cm-350-gr-m%c2%b2\/"},"modified":"2026-02-17T11:59:35","modified_gmt":"2026-02-17T11:59:35","slug":"sophie-muval-sublimatie-strandhanddoek-180x100-cm-350-gr-m%c2%b2","status":"publish","type":"product","link":"https:\/\/handdoekinclusieflogo.nl\/de\/product\/1601\/strandtuch-sophie-muval-bedrucken-allover-frottee-180x100cm\/","title":{"rendered":"Sophie Muval sublimatie strandhanddoek 180&#215;100 cm, 350 gr\/m\u00b2"},"content":{"rendered":"<p>Deze extra zachte doubleface strandhanddoek van 180&#215;100 cm is een echte must-have! De strandhanddoek is gemaakt van 50% katoen en 50% polyester en heeft een grammage van 350 gr\/m\u00b2. De bovenkant kan bedrukt worden met een all over sublimatieprint. <\/p>\n","protected":false},"excerpt":{"rendered":"<p>Sophie Muval sublimatie strandhanddoek 180&#215;100 cm, 350 gr\/m\u00b2. 50% katoen, 50% polyester. <\/p>\n","protected":false},"featured_media":1602,"template":"","meta":{"_acf_changed":false,"om_disable_all_campaigns":false,"_monsterinsights_skip_tracking":false,"_monsterinsights_sitenote_active":false,"_monsterinsights_sitenote_note":"","_monsterinsights_sitenote_category":0,"_uf_show_specific_survey":0,"_uf_disable_surveys":false},"product_brand":[],"product_cat":[173,164,47],"product_tag":[],"class_list":{"0":"post-1601","1":"product","2":"type-product","3":"status-publish","4":"has-post-thumbnail","6":"product_supplier-a86","7":"product_material-50-katoen","8":"product_material-50-polyester","9":"product_cat-full-colour-sublimatie","10":"product_cat-handdoeken","11":"product_cat-handdoeken-strandhanddoeken","12":"entry","14":"first","15":"instock","16":"taxable","17":"shipping-taxable","18":"purchasable","19":"product-type-variable"},"acf":{"imprint_cost":[{"imprint_cost_key":"42766c8824b07b15755cf2684b4ab709c5ab1d37","product_quantity_price_range":[{"imprint_cost_recommended_selling_price":"14.385","imprint_cost_recommended_selling_quantity":"25"},{"imprint_cost_recommended_selling_price":"11.025","imprint_cost_recommended_selling_quantity":"50"},{"imprint_cost_recommended_selling_price":"7.62","imprint_cost_recommended_selling_quantity":"100"},{"imprint_cost_recommended_selling_price":"7.44","imprint_cost_recommended_selling_quantity":"250"},{"imprint_cost_recommended_selling_price":"7.32","imprint_cost_recommended_selling_quantity":"500"},{"imprint_cost_recommended_selling_price":"7.215","imprint_cost_recommended_selling_quantity":"1000"},{"imprint_cost_recommended_selling_price":"6.09","imprint_cost_recommended_selling_quantity":"2500"}],"product_quantity_price_range_buying":[{"imprint_cost_general_buying_price":"9.59","imprint_cost_general_buying_quantity":"25"},{"imprint_cost_general_buying_price":"7.35","imprint_cost_general_buying_quantity":"50"},{"imprint_cost_general_buying_price":"5.08","imprint_cost_general_buying_quantity":"100"},{"imprint_cost_general_buying_price":"4.96","imprint_cost_general_buying_quantity":"250"},{"imprint_cost_general_buying_price":"4.88","imprint_cost_general_buying_quantity":"500"},{"imprint_cost_general_buying_price":"4.81","imprint_cost_general_buying_quantity":"1000"},{"imprint_cost_general_buying_price":"4.06","imprint_cost_general_buying_quantity":"2500"}],"imprint_cost_setup_costs":"41.25","imprint_cost_handling_costs":"0"}]},"aioseo_notices":[],"aioseo_head":"\n\t\t<!-- All in One SEO Pro 4.9.5.2 - aioseo.com -->\n\t<meta name=\"description\" content=\"Individualisiere dein Strandoutfit mit dieser sublimierbaren Handtuchoption, die sich ideal f\u00fcr Promotions und Veranstaltungen eignet. Dank der bedruckbaren Oberfl\u00e4che kannst du dein pers\u00f6nliches Logo hinzuf\u00fcgen, w\u00e4hrend die saugf\u00e4hige Unterseite aus Baumwolle f\u00fcr Komfort sorgt.\" \/>\n\t<meta name=\"robots\" content=\"max-image-preview:large\" \/>\n\t<meta name=\"google-site-verification\" content=\"BBMiYHShnVBoc8v9xoHf0FXMC27otVB0wiWxw_hFRrM\" \/>\n\t<link rel=\"canonical\" href=\"https:\/\/handdoekinclusieflogo.nl\/de\/wp-json\/wp\/v2\/product\/1601\" \/>\n\t<meta name=\"generator\" content=\"All in One SEO Pro (AIOSEO) 4.9.5.2\" \/>\n\t\t<meta property=\"og:locale\" content=\"de_DE\" \/>\n\t\t<meta property=\"og:site_name\" content=\"Handdoekeninclusieflogo -\" \/>\n\t\t<meta property=\"og:type\" content=\"article\" \/>\n\t\t<meta property=\"og:title\" content=\"Strandtuch Sophie Muval bedrucken-Allover-Frottee-180\u00d7100cm\" \/>\n\t\t<meta property=\"og:description\" content=\"Individualisiere dein Strandoutfit mit dieser sublimierbaren Handtuchoption, die sich ideal f\u00fcr Promotions und Veranstaltungen eignet. Dank der bedruckbaren Oberfl\u00e4che kannst du dein pers\u00f6nliches Logo hinzuf\u00fcgen, w\u00e4hrend die saugf\u00e4hige Unterseite aus Baumwolle f\u00fcr Komfort sorgt.\" \/>\n\t\t<meta property=\"og:url\" content=\"https:\/\/handdoekinclusieflogo.nl\/de\/wp-json\/wp\/v2\/product\/1601\" \/>\n\t\t<meta property=\"og:image\" content=\"https:\/\/shop.hidalgo.nl\/wp-content\/uploads\/2026\/02\/cropped-logo-handdoek.png\" \/>\n\t\t<meta property=\"og:image:secure_url\" content=\"https:\/\/shop.hidalgo.nl\/wp-content\/uploads\/2026\/02\/cropped-logo-handdoek.png\" \/>\n\t\t<meta property=\"article:published_time\" content=\"2026-02-02T10:44:14+00:00\" \/>\n\t\t<meta property=\"article:modified_time\" content=\"2026-02-17T11:59:35+00:00\" \/>\n\t\t<meta property=\"article:publisher\" content=\"https:\/\/www.facebook.com\/hidalgobagsandmore\/\" \/>\n\t\t<meta name=\"twitter:card\" content=\"summary_large_image\" \/>\n\t\t<meta name=\"twitter:site\" content=\"@Hidalgo_BV\" \/>\n\t\t<meta name=\"twitter:title\" content=\"Strandtuch Sophie Muval bedrucken-Allover-Frottee-180\u00d7100cm\" \/>\n\t\t<meta name=\"twitter:description\" content=\"Individualisiere dein Strandoutfit mit dieser sublimierbaren Handtuchoption, die sich ideal f\u00fcr Promotions und Veranstaltungen eignet. Dank der bedruckbaren Oberfl\u00e4che kannst du dein pers\u00f6nliches Logo hinzuf\u00fcgen, w\u00e4hrend die saugf\u00e4hige Unterseite aus Baumwolle f\u00fcr Komfort sorgt.\" \/>\n\t\t<meta name=\"twitter:image\" content=\"https:\/\/shop.hidalgo.nl\/wp-content\/uploads\/2026\/02\/cropped-logo-handdoek.png\" \/>\n\t\t<script type=\"application\/ld+json\" class=\"aioseo-schema\">\n\t\t\t{\"@context\":\"https:\\\/\\\/schema.org\",\"@graph\":[{\"@type\":\"BreadcrumbList\",\"@id\":\"https:\\\/\\\/handdoekinclusieflogo.nl\\\/de\\\/product\\\/1601\\\/strandtuch-sophie-muval-bedrucken-allover-frottee-180x100cm\\\/#breadcrumblist\",\"itemListElement\":[{\"@type\":\"ListItem\",\"@id\":\"https:\\\/\\\/handdoekinclusieflogo.nl\\\/de\\\/#listItem\",\"position\":1,\"name\":\"Home\",\"item\":\"https:\\\/\\\/handdoekinclusieflogo.nl\\\/de\\\/\",\"nextItem\":{\"@type\":\"ListItem\",\"@id\":\"https:\\\/\\\/handdoekinclusieflogo.nl\\\/shop\\\/#listItem\",\"name\":\"Shop\"}},{\"@type\":\"ListItem\",\"@id\":\"https:\\\/\\\/handdoekinclusieflogo.nl\\\/shop\\\/#listItem\",\"position\":2,\"name\":\"Shop\",\"item\":\"https:\\\/\\\/handdoekinclusieflogo.nl\\\/shop\\\/\",\"nextItem\":{\"@type\":\"ListItem\",\"@id\":\"https:\\\/\\\/handdoekinclusieflogo.nl\\\/de\\\/product-supplier\\\/a86\\\/#listItem\",\"name\":\"A86-Araco\"},\"previousItem\":{\"@type\":\"ListItem\",\"@id\":\"https:\\\/\\\/handdoekinclusieflogo.nl\\\/de\\\/#listItem\",\"name\":\"Home\"}},{\"@type\":\"ListItem\",\"@id\":\"https:\\\/\\\/handdoekinclusieflogo.nl\\\/de\\\/product-supplier\\\/a86\\\/#listItem\",\"position\":3,\"name\":\"A86-Araco\",\"item\":\"https:\\\/\\\/handdoekinclusieflogo.nl\\\/de\\\/product-supplier\\\/a86\\\/\",\"nextItem\":{\"@type\":\"ListItem\",\"@id\":\"https:\\\/\\\/handdoekinclusieflogo.nl\\\/de\\\/product\\\/1601\\\/strandtuch-sophie-muval-bedrucken-allover-frottee-180x100cm\\\/#listItem\",\"name\":\"Sophie Muval sublimatie strandhanddoek 180&#215;100 cm, 350 gr\\\/m\\u00b2\"},\"previousItem\":{\"@type\":\"ListItem\",\"@id\":\"https:\\\/\\\/handdoekinclusieflogo.nl\\\/shop\\\/#listItem\",\"name\":\"Shop\"}},{\"@type\":\"ListItem\",\"@id\":\"https:\\\/\\\/handdoekinclusieflogo.nl\\\/de\\\/product\\\/1601\\\/strandtuch-sophie-muval-bedrucken-allover-frottee-180x100cm\\\/#listItem\",\"position\":4,\"name\":\"Sophie Muval sublimatie strandhanddoek 180&#215;100 cm, 350 gr\\\/m\\u00b2\",\"previousItem\":{\"@type\":\"ListItem\",\"@id\":\"https:\\\/\\\/handdoekinclusieflogo.nl\\\/de\\\/product-supplier\\\/a86\\\/#listItem\",\"name\":\"A86-Araco\"}}]},{\"@type\":\"ItemPage\",\"@id\":\"https:\\\/\\\/handdoekinclusieflogo.nl\\\/de\\\/product\\\/1601\\\/strandtuch-sophie-muval-bedrucken-allover-frottee-180x100cm\\\/#itempage\",\"url\":\"https:\\\/\\\/handdoekinclusieflogo.nl\\\/de\\\/product\\\/1601\\\/strandtuch-sophie-muval-bedrucken-allover-frottee-180x100cm\\\/\",\"name\":\"Strandtuch Sophie Muval bedrucken-Allover-Frottee-180\\u00d7100cm\",\"description\":\"Individualisiere dein Strandoutfit mit dieser sublimierbaren Handtuchoption, die sich ideal f\\u00fcr Promotions und Veranstaltungen eignet. Dank der bedruckbaren Oberfl\\u00e4che kannst du dein pers\\u00f6nliches Logo hinzuf\\u00fcgen, w\\u00e4hrend die saugf\\u00e4hige Unterseite aus Baumwolle f\\u00fcr Komfort sorgt.\",\"inLanguage\":\"de-DE\",\"isPartOf\":{\"@id\":\"https:\\\/\\\/handdoekinclusieflogo.nl\\\/de\\\/#website\"},\"breadcrumb\":{\"@id\":\"https:\\\/\\\/handdoekinclusieflogo.nl\\\/de\\\/product\\\/1601\\\/strandtuch-sophie-muval-bedrucken-allover-frottee-180x100cm\\\/#breadcrumblist\"},\"image\":{\"@type\":\"ImageObject\",\"url\":\"https:\\\/\\\/shop.hidalgo.nl\\\/wp-content\\\/uploads\\\/2025\\\/03\\\/612726079c546b3d5a5d4278ffcfd69934207c09e011534bacd4c54180786bb2.jpg\",\"@id\":\"https:\\\/\\\/handdoekinclusieflogo.nl\\\/de\\\/product\\\/1601\\\/strandtuch-sophie-muval-bedrucken-allover-frottee-180x100cm\\\/#mainImage\"},\"primaryImageOfPage\":{\"@id\":\"https:\\\/\\\/handdoekinclusieflogo.nl\\\/de\\\/product\\\/1601\\\/strandtuch-sophie-muval-bedrucken-allover-frottee-180x100cm\\\/#mainImage\"},\"datePublished\":\"2026-02-02T10:44:14+00:00\",\"dateModified\":\"2026-02-17T11:59:35+00:00\"},{\"@type\":\"Organization\",\"@id\":\"https:\\\/\\\/handdoekinclusieflogo.nl\\\/de\\\/#organization\",\"name\":\"Handdoekeninclusieflogo\",\"url\":\"https:\\\/\\\/handdoekinclusieflogo.nl\\\/de\\\/\",\"telephone\":\"+31793310133\",\"logo\":{\"@type\":\"ImageObject\",\"url\":\"https:\\\/\\\/shop.hidalgo.nl\\\/wp-content\\\/uploads\\\/2026\\\/02\\\/logo-handdoek.png\",\"@id\":\"https:\\\/\\\/handdoekinclusieflogo.nl\\\/de\\\/product\\\/1601\\\/strandtuch-sophie-muval-bedrucken-allover-frottee-180x100cm\\\/#organizationLogo\",\"width\":600,\"height\":264},\"image\":{\"@id\":\"https:\\\/\\\/handdoekinclusieflogo.nl\\\/de\\\/product\\\/1601\\\/strandtuch-sophie-muval-bedrucken-allover-frottee-180x100cm\\\/#organizationLogo\"},\"sameAs\":[\"https:\\\/\\\/www.facebook.com\\\/hidalgobagsandmore\\\/\",\"https:\\\/\\\/x.com\\\/Hidalgo_BV\",\"https:\\\/\\\/www.instagram.com\\\/hidalgobagsandmore\",\"https:\\\/\\\/www.youtube.com\\\/@hidalgobagsandmore\",\"https:\\\/\\\/linkedin.com\\\/in\\\/rutgerblommers\"]},{\"@type\":\"WebPage\",\"@id\":\"https:\\\/\\\/handdoekinclusieflogo.nl\\\/de\\\/product\\\/1601\\\/strandtuch-sophie-muval-bedrucken-allover-frottee-180x100cm\\\/#webpage\",\"url\":\"https:\\\/\\\/handdoekinclusieflogo.nl\\\/de\\\/product\\\/1601\\\/strandtuch-sophie-muval-bedrucken-allover-frottee-180x100cm\\\/\",\"name\":\"Strandtuch Sophie Muval bedrucken-Allover-Frottee-180\\u00d7100cm\",\"description\":\"Individualisiere dein Strandoutfit mit dieser sublimierbaren Handtuchoption, die sich ideal f\\u00fcr Promotions und Veranstaltungen eignet. Dank der bedruckbaren Oberfl\\u00e4che kannst du dein pers\\u00f6nliches Logo hinzuf\\u00fcgen, w\\u00e4hrend die saugf\\u00e4hige Unterseite aus Baumwolle f\\u00fcr Komfort sorgt.\",\"inLanguage\":\"de-DE\",\"isPartOf\":{\"@id\":\"https:\\\/\\\/handdoekinclusieflogo.nl\\\/de\\\/#website\"},\"breadcrumb\":{\"@id\":\"https:\\\/\\\/handdoekinclusieflogo.nl\\\/de\\\/product\\\/1601\\\/strandtuch-sophie-muval-bedrucken-allover-frottee-180x100cm\\\/#breadcrumblist\"},\"image\":{\"@type\":\"ImageObject\",\"url\":\"https:\\\/\\\/shop.hidalgo.nl\\\/wp-content\\\/uploads\\\/2025\\\/03\\\/612726079c546b3d5a5d4278ffcfd69934207c09e011534bacd4c54180786bb2.jpg\",\"@id\":\"https:\\\/\\\/handdoekinclusieflogo.nl\\\/de\\\/product\\\/1601\\\/strandtuch-sophie-muval-bedrucken-allover-frottee-180x100cm\\\/#mainImage\"},\"primaryImageOfPage\":{\"@id\":\"https:\\\/\\\/handdoekinclusieflogo.nl\\\/de\\\/product\\\/1601\\\/strandtuch-sophie-muval-bedrucken-allover-frottee-180x100cm\\\/#mainImage\"},\"datePublished\":\"2026-02-02T10:44:14+00:00\",\"dateModified\":\"2026-02-17T11:59:35+00:00\"},{\"@type\":\"WebSite\",\"@id\":\"https:\\\/\\\/handdoekinclusieflogo.nl\\\/de\\\/#website\",\"url\":\"https:\\\/\\\/handdoekinclusieflogo.nl\\\/de\\\/\",\"name\":\"Handdoekeninclusieflogo\",\"inLanguage\":\"de-DE\",\"publisher\":{\"@id\":\"https:\\\/\\\/handdoekinclusieflogo.nl\\\/de\\\/#organization\"}}]}\n\t\t<\/script>\n\t\t<!-- All in One SEO Pro -->\r\n\t\t<title>Strandtuch Sophie Muval bedrucken-Allover-Frottee-180\u00d7100cm<\/title>\n\n","aioseo_head_json":{"title":"Strandtuch Sophie Muval bedrucken-Allover-Frottee-180\u00d7100cm","description":"Individualisiere dein Strandoutfit mit dieser sublimierbaren Handtuchoption, die sich ideal f\u00fcr Promotions und Veranstaltungen eignet. Dank der bedruckbaren Oberfl\u00e4che kannst du dein pers\u00f6nliches Logo hinzuf\u00fcgen, w\u00e4hrend die saugf\u00e4hige Unterseite aus Baumwolle f\u00fcr Komfort sorgt.","canonical_url":"https:\/\/handdoekinclusieflogo.nl\/de\/wp-json\/wp\/v2\/product\/1601","robots":"max-image-preview:large","keywords":"","webmasterTools":{"google-site-verification":"BBMiYHShnVBoc8v9xoHf0FXMC27otVB0wiWxw_hFRrM","miscellaneous":""},"schema":{"@context":"https:\/\/schema.org","@graph":[{"@type":"BreadcrumbList","@id":"https:\/\/handdoekinclusieflogo.nl\/de\/product\/1601\/strandtuch-sophie-muval-bedrucken-allover-frottee-180x100cm\/#breadcrumblist","itemListElement":[{"@type":"ListItem","@id":"https:\/\/handdoekinclusieflogo.nl\/de\/#listItem","position":1,"name":"Home","item":"https:\/\/handdoekinclusieflogo.nl\/de\/","nextItem":{"@type":"ListItem","@id":"https:\/\/handdoekinclusieflogo.nl\/shop\/#listItem","name":"Shop"}},{"@type":"ListItem","@id":"https:\/\/handdoekinclusieflogo.nl\/shop\/#listItem","position":2,"name":"Shop","item":"https:\/\/handdoekinclusieflogo.nl\/shop\/","nextItem":{"@type":"ListItem","@id":"https:\/\/handdoekinclusieflogo.nl\/de\/product-supplier\/a86\/#listItem","name":"A86-Araco"},"previousItem":{"@type":"ListItem","@id":"https:\/\/handdoekinclusieflogo.nl\/de\/#listItem","name":"Home"}},{"@type":"ListItem","@id":"https:\/\/handdoekinclusieflogo.nl\/de\/product-supplier\/a86\/#listItem","position":3,"name":"A86-Araco","item":"https:\/\/handdoekinclusieflogo.nl\/de\/product-supplier\/a86\/","nextItem":{"@type":"ListItem","@id":"https:\/\/handdoekinclusieflogo.nl\/de\/product\/1601\/strandtuch-sophie-muval-bedrucken-allover-frottee-180x100cm\/#listItem","name":"Sophie Muval sublimatie strandhanddoek 180&#215;100 cm, 350 gr\/m\u00b2"},"previousItem":{"@type":"ListItem","@id":"https:\/\/handdoekinclusieflogo.nl\/shop\/#listItem","name":"Shop"}},{"@type":"ListItem","@id":"https:\/\/handdoekinclusieflogo.nl\/de\/product\/1601\/strandtuch-sophie-muval-bedrucken-allover-frottee-180x100cm\/#listItem","position":4,"name":"Sophie Muval sublimatie strandhanddoek 180&#215;100 cm, 350 gr\/m\u00b2","previousItem":{"@type":"ListItem","@id":"https:\/\/handdoekinclusieflogo.nl\/de\/product-supplier\/a86\/#listItem","name":"A86-Araco"}}]},{"@type":"ItemPage","@id":"https:\/\/handdoekinclusieflogo.nl\/de\/product\/1601\/strandtuch-sophie-muval-bedrucken-allover-frottee-180x100cm\/#itempage","url":"https:\/\/handdoekinclusieflogo.nl\/de\/product\/1601\/strandtuch-sophie-muval-bedrucken-allover-frottee-180x100cm\/","name":"Strandtuch Sophie Muval bedrucken-Allover-Frottee-180\u00d7100cm","description":"Individualisiere dein Strandoutfit mit dieser sublimierbaren Handtuchoption, die sich ideal f\u00fcr Promotions und Veranstaltungen eignet. Dank der bedruckbaren Oberfl\u00e4che kannst du dein pers\u00f6nliches Logo hinzuf\u00fcgen, w\u00e4hrend die saugf\u00e4hige Unterseite aus Baumwolle f\u00fcr Komfort sorgt.","inLanguage":"de-DE","isPartOf":{"@id":"https:\/\/handdoekinclusieflogo.nl\/de\/#website"},"breadcrumb":{"@id":"https:\/\/handdoekinclusieflogo.nl\/de\/product\/1601\/strandtuch-sophie-muval-bedrucken-allover-frottee-180x100cm\/#breadcrumblist"},"image":{"@type":"ImageObject","url":"https:\/\/shop.hidalgo.nl\/wp-content\/uploads\/2025\/03\/612726079c546b3d5a5d4278ffcfd69934207c09e011534bacd4c54180786bb2.jpg","@id":"https:\/\/handdoekinclusieflogo.nl\/de\/product\/1601\/strandtuch-sophie-muval-bedrucken-allover-frottee-180x100cm\/#mainImage"},"primaryImageOfPage":{"@id":"https:\/\/handdoekinclusieflogo.nl\/de\/product\/1601\/strandtuch-sophie-muval-bedrucken-allover-frottee-180x100cm\/#mainImage"},"datePublished":"2026-02-02T10:44:14+00:00","dateModified":"2026-02-17T11:59:35+00:00"},{"@type":"Organization","@id":"https:\/\/handdoekinclusieflogo.nl\/de\/#organization","name":"Handdoekeninclusieflogo","url":"https:\/\/handdoekinclusieflogo.nl\/de\/","telephone":"+31793310133","logo":{"@type":"ImageObject","url":"https:\/\/shop.hidalgo.nl\/wp-content\/uploads\/2026\/02\/logo-handdoek.png","@id":"https:\/\/handdoekinclusieflogo.nl\/de\/product\/1601\/strandtuch-sophie-muval-bedrucken-allover-frottee-180x100cm\/#organizationLogo","width":600,"height":264},"image":{"@id":"https:\/\/handdoekinclusieflogo.nl\/de\/product\/1601\/strandtuch-sophie-muval-bedrucken-allover-frottee-180x100cm\/#organizationLogo"},"sameAs":["https:\/\/www.facebook.com\/hidalgobagsandmore\/","https:\/\/x.com\/Hidalgo_BV","https:\/\/www.instagram.com\/hidalgobagsandmore","https:\/\/www.youtube.com\/@hidalgobagsandmore","https:\/\/linkedin.com\/in\/rutgerblommers"]},{"@type":"WebPage","@id":"https:\/\/handdoekinclusieflogo.nl\/de\/product\/1601\/strandtuch-sophie-muval-bedrucken-allover-frottee-180x100cm\/#webpage","url":"https:\/\/handdoekinclusieflogo.nl\/de\/product\/1601\/strandtuch-sophie-muval-bedrucken-allover-frottee-180x100cm\/","name":"Strandtuch Sophie Muval bedrucken-Allover-Frottee-180\u00d7100cm","description":"Individualisiere dein Strandoutfit mit dieser sublimierbaren Handtuchoption, die sich ideal f\u00fcr Promotions und Veranstaltungen eignet. Dank der bedruckbaren Oberfl\u00e4che kannst du dein pers\u00f6nliches Logo hinzuf\u00fcgen, w\u00e4hrend die saugf\u00e4hige Unterseite aus Baumwolle f\u00fcr Komfort sorgt.","inLanguage":"de-DE","isPartOf":{"@id":"https:\/\/handdoekinclusieflogo.nl\/de\/#website"},"breadcrumb":{"@id":"https:\/\/handdoekinclusieflogo.nl\/de\/product\/1601\/strandtuch-sophie-muval-bedrucken-allover-frottee-180x100cm\/#breadcrumblist"},"image":{"@type":"ImageObject","url":"https:\/\/shop.hidalgo.nl\/wp-content\/uploads\/2025\/03\/612726079c546b3d5a5d4278ffcfd69934207c09e011534bacd4c54180786bb2.jpg","@id":"https:\/\/handdoekinclusieflogo.nl\/de\/product\/1601\/strandtuch-sophie-muval-bedrucken-allover-frottee-180x100cm\/#mainImage"},"primaryImageOfPage":{"@id":"https:\/\/handdoekinclusieflogo.nl\/de\/product\/1601\/strandtuch-sophie-muval-bedrucken-allover-frottee-180x100cm\/#mainImage"},"datePublished":"2026-02-02T10:44:14+00:00","dateModified":"2026-02-17T11:59:35+00:00"},{"@type":"WebSite","@id":"https:\/\/handdoekinclusieflogo.nl\/de\/#website","url":"https:\/\/handdoekinclusieflogo.nl\/de\/","name":"Handdoekeninclusieflogo","inLanguage":"de-DE","publisher":{"@id":"https:\/\/handdoekinclusieflogo.nl\/de\/#organization"}}]},"og:locale":"de_DE","og:site_name":"Handdoekeninclusieflogo -","og:type":"article","og:title":"Strandtuch Sophie Muval bedrucken-Allover-Frottee-180\u00d7100cm","og:description":"Individualisiere dein Strandoutfit mit dieser sublimierbaren Handtuchoption, die sich ideal f\u00fcr Promotions und Veranstaltungen eignet. Dank der bedruckbaren Oberfl\u00e4che kannst du dein pers\u00f6nliches Logo hinzuf\u00fcgen, w\u00e4hrend die saugf\u00e4hige Unterseite aus Baumwolle f\u00fcr Komfort sorgt.","og:url":"https:\/\/handdoekinclusieflogo.nl\/de\/wp-json\/wp\/v2\/product\/1601","og:image":"https:\/\/shop.hidalgo.nl\/wp-content\/uploads\/2026\/02\/cropped-logo-handdoek.png","og:image:secure_url":"https:\/\/shop.hidalgo.nl\/wp-content\/uploads\/2026\/02\/cropped-logo-handdoek.png","article:published_time":"2026-02-02T10:44:14+00:00","article:modified_time":"2026-02-17T11:59:35+00:00","article:publisher":"https:\/\/www.facebook.com\/hidalgobagsandmore\/","twitter:card":"summary_large_image","twitter:site":"@Hidalgo_BV","twitter:title":"Strandtuch Sophie Muval bedrucken-Allover-Frottee-180\u00d7100cm","twitter:description":"Individualisiere dein Strandoutfit mit dieser sublimierbaren Handtuchoption, die sich ideal f\u00fcr Promotions und Veranstaltungen eignet. Dank der bedruckbaren Oberfl\u00e4che kannst du dein pers\u00f6nliches Logo hinzuf\u00fcgen, w\u00e4hrend die saugf\u00e4hige Unterseite aus Baumwolle f\u00fcr Komfort sorgt.","twitter:image":"https:\/\/shop.hidalgo.nl\/wp-content\/uploads\/2026\/02\/cropped-logo-handdoek.png"},"aioseo_meta_data":{"post_id":"1601","title":null,"description":null,"keywords":null,"keyphrases":null,"primary_term":null,"canonical_url":null,"og_title":null,"og_description":null,"og_object_type":"default","og_image_type":"default","og_image_url":null,"og_image_width":null,"og_image_height":null,"og_image_custom_url":null,"og_image_custom_fields":null,"og_video":null,"og_custom_url":null,"og_article_section":null,"og_article_tags":null,"twitter_use_og":false,"twitter_card":"default","twitter_image_type":"default","twitter_image_url":null,"twitter_image_custom_url":null,"twitter_image_custom_fields":null,"twitter_title":null,"twitter_description":null,"schema":{"blockGraphs":[],"customGraphs":[],"default":{"data":{"Article":[],"Course":[],"Dataset":[],"FAQPage":[],"Movie":[],"Person":[],"Product":[],"ProductReview":[],"Car":[],"Recipe":[],"Service":[],"SoftwareApplication":[],"WebPage":[]},"graphName":"","isEnabled":true},"graphs":[]},"schema_type":"default","schema_type_options":null,"pillar_content":false,"robots_default":true,"robots_noindex":false,"robots_noarchive":false,"robots_nosnippet":false,"robots_nofollow":false,"robots_noimageindex":false,"robots_noodp":false,"robots_notranslate":false,"robots_max_snippet":null,"robots_max_videopreview":null,"robots_max_imagepreview":"large","priority":null,"frequency":null,"local_seo":null,"seo_analyzer_scan_date":"2026-02-10 14:13:38","breadcrumb_settings":null,"limit_modified_date":false,"reviewed_by":null,"open_ai":null,"ai":null,"created":"2026-02-02 10:44:52","updated":"2026-02-18 11:38:53"},"aioseo_breadcrumb":"<div class=\"aioseo-breadcrumbs\"><span class=\"aioseo-breadcrumb\">\n\t<a href=\"https:\/\/handdoekinclusieflogo.nl\/de\/\" title=\"Home\">Home<\/a>\n<\/span><span class=\"aioseo-breadcrumb-separator\">\u00bb<\/span><span class=\"aioseo-breadcrumb\">\n\t<a href=\"https:\/\/handdoekinclusieflogo.nl\/shop\/\" title=\"Shop\">Shop<\/a>\n<\/span><span class=\"aioseo-breadcrumb-separator\">\u00bb<\/span><span class=\"aioseo-breadcrumb\">\n\t<a href=\"https:\/\/handdoekinclusieflogo.nl\/de\/product-supplier\/a86\/\" title=\"A86-Araco\">A86-Araco<\/a>\n<\/span><span class=\"aioseo-breadcrumb-separator\">\u00bb<\/span><span class=\"aioseo-breadcrumb\">\n\tSophie Muval sublimatie strandhanddoek 180\u00d7100 cm, 350 gr\/m\u00b2\n<\/span><\/div>","aioseo_breadcrumb_json":[{"label":"Home","link":"https:\/\/handdoekinclusieflogo.nl\/de\/"},{"label":"Shop","link":"https:\/\/handdoekinclusieflogo.nl\/shop\/"},{"label":"A86-Araco","link":"https:\/\/handdoekinclusieflogo.nl\/de\/product-supplier\/a86\/"},{"label":"Sophie Muval sublimatie strandhanddoek 180&#215;100 cm, 350 gr\/m\u00b2","link":"https:\/\/handdoekinclusieflogo.nl\/de\/product\/1601\/strandtuch-sophie-muval-bedrucken-allover-frottee-180x100cm\/"}],"_links":{"self":[{"href":"https:\/\/handdoekinclusieflogo.nl\/de\/wp-json\/wp\/v2\/product\/1601","targetHints":{"allow":["GET"]}}],"collection":[{"href":"https:\/\/handdoekinclusieflogo.nl\/de\/wp-json\/wp\/v2\/product"}],"about":[{"href":"https:\/\/handdoekinclusieflogo.nl\/de\/wp-json\/wp\/v2\/types\/product"}],"wp:featuredmedia":[{"embeddable":true,"href":"https:\/\/handdoekinclusieflogo.nl\/de\/wp-json\/wp\/v2\/media\/1602"}],"wp:attachment":[{"href":"https:\/\/handdoekinclusieflogo.nl\/de\/wp-json\/wp\/v2\/media?parent=1601"}],"wp:term":[{"taxonomy":"product_brand","embeddable":true,"href":"https:\/\/handdoekinclusieflogo.nl\/de\/wp-json\/wp\/v2\/product_brand?post=1601"},{"taxonomy":"product_cat","embeddable":true,"href":"https:\/\/handdoekinclusieflogo.nl\/de\/wp-json\/wp\/v2\/product_cat?post=1601"},{"taxonomy":"product_tag","embeddable":true,"href":"https:\/\/handdoekinclusieflogo.nl\/de\/wp-json\/wp\/v2\/product_tag?post=1601"}],"curies":[{"name":"wp","href":"https:\/\/api.w.org\/{rel}","templated":true}]}}