{"id":1437,"date":"2026-02-02T10:39:11","date_gmt":"2026-02-02T10:39:11","guid":{"rendered":"https:\/\/handdoekeninclusieflogo.shop.hidalgo.nl\/product\/verkoelende-handdoek-r-pet-30x80cm-sublimatie\/"},"modified":"2026-02-17T11:59:35","modified_gmt":"2026-02-17T11:59:35","slug":"verkoelende-handdoek-r-pet-30x80cm-sublimatie","status":"publish","type":"product","link":"https:\/\/handdoekinclusieflogo.nl\/de\/product\/1437\/kuehlhandtuch-bedrucken-kuehleffekt-r-pet-30x80-cm\/","title":{"rendered":"Verkoelende handdoek R-PET 30x80cm sublimatie"},"content":{"rendered":"<p>Blijf koel tijdens trainingen met onze 30x80cm verkoelende handdoek gemaakt van R-PET. De stof voelt koel aan en is perfect om fris te blijven tijdens sport en buitenactiviteiten.<\/p>\n","protected":false},"excerpt":{"rendered":"<p>Blijf koel tijdens trainingen met onze 30x80cm verkoelende handdoek gemaakt van R-PET. De stof voelt koel aan en is perfect om fris te blijven tijdens sport en buitenactiviteiten.<\/p>\n","protected":false},"featured_media":1438,"template":"","meta":{"_acf_changed":false,"om_disable_all_campaigns":false,"_monsterinsights_skip_tracking":false,"_monsterinsights_sitenote_active":false,"_monsterinsights_sitenote_note":"","_monsterinsights_sitenote_category":0,"_uf_show_specific_survey":0,"_uf_disable_surveys":false},"product_brand":[],"product_cat":[173,164,53],"product_tag":[],"class_list":{"0":"post-1437","1":"product","2":"type-product","3":"status-publish","4":"has-post-thumbnail","6":"product_supplier-a53","7":"product_cat-full-colour-sublimatie","8":"product_cat-handdoeken","9":"product_cat-handdoeken-sport-handdoeken","10":"entry","12":"first","13":"instock","14":"taxable","15":"shipping-taxable","16":"purchasable","17":"product-type-variable"},"acf":{"imprint_cost":[{"imprint_cost_key":"5af8b03333797b92419ad5119c69782fcb6ee43c","product_quantity_price_range":[{"imprint_cost_recommended_selling_price":"4.0125","imprint_cost_recommended_selling_quantity":"1"},{"imprint_cost_recommended_selling_price":"3.225","imprint_cost_recommended_selling_quantity":"10"},{"imprint_cost_recommended_selling_price":"2.535","imprint_cost_recommended_selling_quantity":"25"},{"imprint_cost_recommended_selling_price":"2.3925","imprint_cost_recommended_selling_quantity":"50"},{"imprint_cost_recommended_selling_price":"2.13","imprint_cost_recommended_selling_quantity":"100"},{"imprint_cost_recommended_selling_price":"1.9875","imprint_cost_recommended_selling_quantity":"250"},{"imprint_cost_recommended_selling_price":"1.905","imprint_cost_recommended_selling_quantity":"500"},{"imprint_cost_recommended_selling_price":"1.7925","imprint_cost_recommended_selling_quantity":"1000"},{"imprint_cost_recommended_selling_price":"1.7625","imprint_cost_recommended_selling_quantity":"2500"},{"imprint_cost_recommended_selling_price":"1.7325","imprint_cost_recommended_selling_quantity":"5000"},{"imprint_cost_recommended_selling_price":"1.6575","imprint_cost_recommended_selling_quantity":"10000"}],"product_quantity_price_range_buying":[{"imprint_cost_general_buying_price":"2.675","imprint_cost_general_buying_quantity":"1"},{"imprint_cost_general_buying_price":"2.15","imprint_cost_general_buying_quantity":"10"},{"imprint_cost_general_buying_price":"1.69","imprint_cost_general_buying_quantity":"25"},{"imprint_cost_general_buying_price":"1.595","imprint_cost_general_buying_quantity":"50"},{"imprint_cost_general_buying_price":"1.42","imprint_cost_general_buying_quantity":"100"},{"imprint_cost_general_buying_price":"1.325","imprint_cost_general_buying_quantity":"250"},{"imprint_cost_general_buying_price":"1.27","imprint_cost_general_buying_quantity":"500"},{"imprint_cost_general_buying_price":"1.195","imprint_cost_general_buying_quantity":"1000"},{"imprint_cost_general_buying_price":"1.175","imprint_cost_general_buying_quantity":"2500"},{"imprint_cost_general_buying_price":"1.155","imprint_cost_general_buying_quantity":"5000"},{"imprint_cost_general_buying_price":"1.105","imprint_cost_general_buying_quantity":"10000"}],"imprint_cost_setup_costs":"54","imprint_cost_handling_costs":"0.12"}]},"aioseo_notices":[],"aioseo_head":"\n\t\t<!-- All in One SEO Pro 4.9.6.2 - aioseo.com -->\n\t<meta name=\"description\" content=\"Erlebe das k\u00fchlende Handtuch aus recyceltem Material, das sich perfekt f\u00fcr dein Sporttraining eignet. Mit einer schnellen Trocknung und der M\u00f6glichkeit, dein eigenes Design per Sublimation hinzuzuf\u00fcgen, ist es ideal f\u00fcr individuelle Promotionen und Events.\" \/>\n\t<meta name=\"robots\" content=\"max-image-preview:large\" \/>\n\t<meta name=\"google-site-verification\" content=\"BBMiYHShnVBoc8v9xoHf0FXMC27otVB0wiWxw_hFRrM\" \/>\n\t<link rel=\"canonical\" href=\"https:\/\/handdoekinclusieflogo.nl\/de\/wp-json\/wp\/v2\/product\/1437\" \/>\n\t<meta name=\"generator\" content=\"All in One SEO Pro (AIOSEO) 4.9.6.2\" \/>\n\t\t<meta property=\"og:locale\" content=\"de_DE\" \/>\n\t\t<meta property=\"og:site_name\" content=\"Handdoekeninclusieflogo -\" \/>\n\t\t<meta property=\"og:type\" content=\"article\" \/>\n\t\t<meta property=\"og:title\" content=\"K\u00fchlhandtuch bedrucken - K\u00fchleffekt - R-PET - 30x80 cm\" \/>\n\t\t<meta property=\"og:description\" content=\"Erlebe das k\u00fchlende Handtuch aus recyceltem Material, das sich perfekt f\u00fcr dein Sporttraining eignet. Mit einer schnellen Trocknung und der M\u00f6glichkeit, dein eigenes Design per Sublimation hinzuzuf\u00fcgen, ist es ideal f\u00fcr individuelle Promotionen und Events.\" \/>\n\t\t<meta property=\"og:url\" content=\"https:\/\/handdoekinclusieflogo.nl\/de\/wp-json\/wp\/v2\/product\/1437\" \/>\n\t\t<meta property=\"og:image\" content=\"https:\/\/shop.hidalgo.nl\/wp-content\/uploads\/2026\/02\/cropped-logo-handdoek.png\" \/>\n\t\t<meta property=\"og:image:secure_url\" content=\"https:\/\/shop.hidalgo.nl\/wp-content\/uploads\/2026\/02\/cropped-logo-handdoek.png\" \/>\n\t\t<meta property=\"article:published_time\" content=\"2026-02-02T10:39:11+00:00\" \/>\n\t\t<meta property=\"article:modified_time\" content=\"2026-02-17T11:59:35+00:00\" \/>\n\t\t<meta property=\"article:publisher\" content=\"https:\/\/www.facebook.com\/hidalgobagsandmore\/\" \/>\n\t\t<meta name=\"twitter:card\" content=\"summary_large_image\" \/>\n\t\t<meta name=\"twitter:site\" content=\"@Hidalgo_BV\" \/>\n\t\t<meta name=\"twitter:title\" content=\"K\u00fchlhandtuch bedrucken - K\u00fchleffekt - R-PET - 30x80 cm\" \/>\n\t\t<meta name=\"twitter:description\" content=\"Erlebe das k\u00fchlende Handtuch aus recyceltem Material, das sich perfekt f\u00fcr dein Sporttraining eignet. Mit einer schnellen Trocknung und der M\u00f6glichkeit, dein eigenes Design per Sublimation hinzuzuf\u00fcgen, ist es ideal f\u00fcr individuelle Promotionen und Events.\" \/>\n\t\t<meta name=\"twitter:image\" content=\"https:\/\/shop.hidalgo.nl\/wp-content\/uploads\/2026\/02\/cropped-logo-handdoek.png\" \/>\n\t\t<script type=\"application\/ld+json\" class=\"aioseo-schema\">\n\t\t\t{\"@context\":\"https:\\\/\\\/schema.org\",\"@graph\":[{\"@type\":\"BreadcrumbList\",\"@id\":\"https:\\\/\\\/handdoekinclusieflogo.nl\\\/de\\\/product\\\/1437\\\/kuehlhandtuch-bedrucken-kuehleffekt-r-pet-30x80-cm\\\/#breadcrumblist\",\"itemListElement\":[{\"@type\":\"ListItem\",\"@id\":\"https:\\\/\\\/handdoekinclusieflogo.nl\\\/de\\\/#listItem\",\"position\":1,\"name\":\"Home\",\"item\":\"https:\\\/\\\/handdoekinclusieflogo.nl\\\/de\\\/\",\"nextItem\":{\"@type\":\"ListItem\",\"@id\":\"https:\\\/\\\/handdoekinclusieflogo.nl\\\/shop\\\/#listItem\",\"name\":\"Shop\"}},{\"@type\":\"ListItem\",\"@id\":\"https:\\\/\\\/handdoekinclusieflogo.nl\\\/shop\\\/#listItem\",\"position\":2,\"name\":\"Shop\",\"item\":\"https:\\\/\\\/handdoekinclusieflogo.nl\\\/shop\\\/\",\"nextItem\":{\"@type\":\"ListItem\",\"@id\":\"https:\\\/\\\/handdoekinclusieflogo.nl\\\/de\\\/product-supplier\\\/a53\\\/#listItem\",\"name\":\"A53-Toppoint\"},\"previousItem\":{\"@type\":\"ListItem\",\"@id\":\"https:\\\/\\\/handdoekinclusieflogo.nl\\\/de\\\/#listItem\",\"name\":\"Home\"}},{\"@type\":\"ListItem\",\"@id\":\"https:\\\/\\\/handdoekinclusieflogo.nl\\\/de\\\/product-supplier\\\/a53\\\/#listItem\",\"position\":3,\"name\":\"A53-Toppoint\",\"item\":\"https:\\\/\\\/handdoekinclusieflogo.nl\\\/de\\\/product-supplier\\\/a53\\\/\",\"nextItem\":{\"@type\":\"ListItem\",\"@id\":\"https:\\\/\\\/handdoekinclusieflogo.nl\\\/de\\\/product\\\/1437\\\/kuehlhandtuch-bedrucken-kuehleffekt-r-pet-30x80-cm\\\/#listItem\",\"name\":\"Verkoelende handdoek R-PET 30x80cm sublimatie\"},\"previousItem\":{\"@type\":\"ListItem\",\"@id\":\"https:\\\/\\\/handdoekinclusieflogo.nl\\\/shop\\\/#listItem\",\"name\":\"Shop\"}},{\"@type\":\"ListItem\",\"@id\":\"https:\\\/\\\/handdoekinclusieflogo.nl\\\/de\\\/product\\\/1437\\\/kuehlhandtuch-bedrucken-kuehleffekt-r-pet-30x80-cm\\\/#listItem\",\"position\":4,\"name\":\"Verkoelende handdoek R-PET 30x80cm sublimatie\",\"previousItem\":{\"@type\":\"ListItem\",\"@id\":\"https:\\\/\\\/handdoekinclusieflogo.nl\\\/de\\\/product-supplier\\\/a53\\\/#listItem\",\"name\":\"A53-Toppoint\"}}]},{\"@type\":\"ItemPage\",\"@id\":\"https:\\\/\\\/handdoekinclusieflogo.nl\\\/de\\\/product\\\/1437\\\/kuehlhandtuch-bedrucken-kuehleffekt-r-pet-30x80-cm\\\/#itempage\",\"url\":\"https:\\\/\\\/handdoekinclusieflogo.nl\\\/de\\\/product\\\/1437\\\/kuehlhandtuch-bedrucken-kuehleffekt-r-pet-30x80-cm\\\/\",\"name\":\"K\\u00fchlhandtuch bedrucken - K\\u00fchleffekt - R-PET - 30x80 cm\",\"description\":\"Erlebe das k\\u00fchlende Handtuch aus recyceltem Material, das sich perfekt f\\u00fcr dein Sporttraining eignet. Mit einer schnellen Trocknung und der M\\u00f6glichkeit, dein eigenes Design per Sublimation hinzuzuf\\u00fcgen, ist es ideal f\\u00fcr individuelle Promotionen und Events.\",\"inLanguage\":\"de-DE\",\"isPartOf\":{\"@id\":\"https:\\\/\\\/handdoekinclusieflogo.nl\\\/de\\\/#website\"},\"breadcrumb\":{\"@id\":\"https:\\\/\\\/handdoekinclusieflogo.nl\\\/de\\\/product\\\/1437\\\/kuehlhandtuch-bedrucken-kuehleffekt-r-pet-30x80-cm\\\/#breadcrumblist\"},\"image\":{\"@type\":\"ImageObject\",\"url\":\"https:\\\/\\\/shop.hidalgo.nl\\\/wp-content\\\/uploads\\\/2025\\\/04\\\/c49f321b2e5a6718fe9e934bef8d7b8b93d6bcc38389c0bdb23626e2afec24b1.jpg\",\"@id\":\"https:\\\/\\\/handdoekinclusieflogo.nl\\\/de\\\/product\\\/1437\\\/kuehlhandtuch-bedrucken-kuehleffekt-r-pet-30x80-cm\\\/#mainImage\"},\"primaryImageOfPage\":{\"@id\":\"https:\\\/\\\/handdoekinclusieflogo.nl\\\/de\\\/product\\\/1437\\\/kuehlhandtuch-bedrucken-kuehleffekt-r-pet-30x80-cm\\\/#mainImage\"},\"datePublished\":\"2026-02-02T10:39:11+00:00\",\"dateModified\":\"2026-02-17T11:59:35+00:00\"},{\"@type\":\"Organization\",\"@id\":\"https:\\\/\\\/handdoekinclusieflogo.nl\\\/de\\\/#organization\",\"name\":\"Handdoekeninclusieflogo\",\"url\":\"https:\\\/\\\/handdoekinclusieflogo.nl\\\/de\\\/\",\"telephone\":\"+31793310133\",\"logo\":{\"@type\":\"ImageObject\",\"url\":\"https:\\\/\\\/shop.hidalgo.nl\\\/wp-content\\\/uploads\\\/2026\\\/02\\\/logo-handdoek.png\",\"@id\":\"https:\\\/\\\/handdoekinclusieflogo.nl\\\/de\\\/product\\\/1437\\\/kuehlhandtuch-bedrucken-kuehleffekt-r-pet-30x80-cm\\\/#organizationLogo\",\"width\":600,\"height\":264},\"image\":{\"@id\":\"https:\\\/\\\/handdoekinclusieflogo.nl\\\/de\\\/product\\\/1437\\\/kuehlhandtuch-bedrucken-kuehleffekt-r-pet-30x80-cm\\\/#organizationLogo\"},\"sameAs\":[\"https:\\\/\\\/www.facebook.com\\\/hidalgobagsandmore\\\/\",\"https:\\\/\\\/x.com\\\/Hidalgo_BV\",\"https:\\\/\\\/www.instagram.com\\\/hidalgobagsandmore\",\"https:\\\/\\\/www.youtube.com\\\/@hidalgobagsandmore\",\"https:\\\/\\\/linkedin.com\\\/in\\\/rutgerblommers\"]},{\"@type\":\"WebPage\",\"@id\":\"https:\\\/\\\/handdoekinclusieflogo.nl\\\/de\\\/product\\\/1437\\\/kuehlhandtuch-bedrucken-kuehleffekt-r-pet-30x80-cm\\\/#webpage\",\"url\":\"https:\\\/\\\/handdoekinclusieflogo.nl\\\/de\\\/product\\\/1437\\\/kuehlhandtuch-bedrucken-kuehleffekt-r-pet-30x80-cm\\\/\",\"name\":\"K\\u00fchlhandtuch bedrucken - K\\u00fchleffekt - R-PET - 30x80 cm\",\"description\":\"Erlebe das k\\u00fchlende Handtuch aus recyceltem Material, das sich perfekt f\\u00fcr dein Sporttraining eignet. Mit einer schnellen Trocknung und der M\\u00f6glichkeit, dein eigenes Design per Sublimation hinzuzuf\\u00fcgen, ist es ideal f\\u00fcr individuelle Promotionen und Events.\",\"inLanguage\":\"de-DE\",\"isPartOf\":{\"@id\":\"https:\\\/\\\/handdoekinclusieflogo.nl\\\/de\\\/#website\"},\"breadcrumb\":{\"@id\":\"https:\\\/\\\/handdoekinclusieflogo.nl\\\/de\\\/product\\\/1437\\\/kuehlhandtuch-bedrucken-kuehleffekt-r-pet-30x80-cm\\\/#breadcrumblist\"},\"image\":{\"@type\":\"ImageObject\",\"url\":\"https:\\\/\\\/shop.hidalgo.nl\\\/wp-content\\\/uploads\\\/2025\\\/04\\\/c49f321b2e5a6718fe9e934bef8d7b8b93d6bcc38389c0bdb23626e2afec24b1.jpg\",\"@id\":\"https:\\\/\\\/handdoekinclusieflogo.nl\\\/de\\\/product\\\/1437\\\/kuehlhandtuch-bedrucken-kuehleffekt-r-pet-30x80-cm\\\/#mainImage\"},\"primaryImageOfPage\":{\"@id\":\"https:\\\/\\\/handdoekinclusieflogo.nl\\\/de\\\/product\\\/1437\\\/kuehlhandtuch-bedrucken-kuehleffekt-r-pet-30x80-cm\\\/#mainImage\"},\"datePublished\":\"2026-02-02T10:39:11+00:00\",\"dateModified\":\"2026-02-17T11:59:35+00:00\"},{\"@type\":\"WebSite\",\"@id\":\"https:\\\/\\\/handdoekinclusieflogo.nl\\\/de\\\/#website\",\"url\":\"https:\\\/\\\/handdoekinclusieflogo.nl\\\/de\\\/\",\"name\":\"Handdoekeninclusieflogo\",\"inLanguage\":\"de-DE\",\"publisher\":{\"@id\":\"https:\\\/\\\/handdoekinclusieflogo.nl\\\/de\\\/#organization\"}}]}\n\t\t<\/script>\n\t\t<!-- All in One SEO Pro -->\r\n\t\t<title>K\u00fchlhandtuch bedrucken - K\u00fchleffekt - R-PET - 30x80 cm<\/title>\n\n","aioseo_head_json":{"title":"K\u00fchlhandtuch bedrucken - K\u00fchleffekt - R-PET - 30x80 cm","description":"Erlebe das k\u00fchlende Handtuch aus recyceltem Material, das sich perfekt f\u00fcr dein Sporttraining eignet. Mit einer schnellen Trocknung und der M\u00f6glichkeit, dein eigenes Design per Sublimation hinzuzuf\u00fcgen, ist es ideal f\u00fcr individuelle Promotionen und Events.","canonical_url":"https:\/\/handdoekinclusieflogo.nl\/de\/wp-json\/wp\/v2\/product\/1437","robots":"max-image-preview:large","keywords":"","webmasterTools":{"google-site-verification":"BBMiYHShnVBoc8v9xoHf0FXMC27otVB0wiWxw_hFRrM","miscellaneous":""},"schema":{"@context":"https:\/\/schema.org","@graph":[{"@type":"BreadcrumbList","@id":"https:\/\/handdoekinclusieflogo.nl\/de\/product\/1437\/kuehlhandtuch-bedrucken-kuehleffekt-r-pet-30x80-cm\/#breadcrumblist","itemListElement":[{"@type":"ListItem","@id":"https:\/\/handdoekinclusieflogo.nl\/de\/#listItem","position":1,"name":"Home","item":"https:\/\/handdoekinclusieflogo.nl\/de\/","nextItem":{"@type":"ListItem","@id":"https:\/\/handdoekinclusieflogo.nl\/shop\/#listItem","name":"Shop"}},{"@type":"ListItem","@id":"https:\/\/handdoekinclusieflogo.nl\/shop\/#listItem","position":2,"name":"Shop","item":"https:\/\/handdoekinclusieflogo.nl\/shop\/","nextItem":{"@type":"ListItem","@id":"https:\/\/handdoekinclusieflogo.nl\/de\/product-supplier\/a53\/#listItem","name":"A53-Toppoint"},"previousItem":{"@type":"ListItem","@id":"https:\/\/handdoekinclusieflogo.nl\/de\/#listItem","name":"Home"}},{"@type":"ListItem","@id":"https:\/\/handdoekinclusieflogo.nl\/de\/product-supplier\/a53\/#listItem","position":3,"name":"A53-Toppoint","item":"https:\/\/handdoekinclusieflogo.nl\/de\/product-supplier\/a53\/","nextItem":{"@type":"ListItem","@id":"https:\/\/handdoekinclusieflogo.nl\/de\/product\/1437\/kuehlhandtuch-bedrucken-kuehleffekt-r-pet-30x80-cm\/#listItem","name":"Verkoelende handdoek R-PET 30x80cm sublimatie"},"previousItem":{"@type":"ListItem","@id":"https:\/\/handdoekinclusieflogo.nl\/shop\/#listItem","name":"Shop"}},{"@type":"ListItem","@id":"https:\/\/handdoekinclusieflogo.nl\/de\/product\/1437\/kuehlhandtuch-bedrucken-kuehleffekt-r-pet-30x80-cm\/#listItem","position":4,"name":"Verkoelende handdoek R-PET 30x80cm sublimatie","previousItem":{"@type":"ListItem","@id":"https:\/\/handdoekinclusieflogo.nl\/de\/product-supplier\/a53\/#listItem","name":"A53-Toppoint"}}]},{"@type":"ItemPage","@id":"https:\/\/handdoekinclusieflogo.nl\/de\/product\/1437\/kuehlhandtuch-bedrucken-kuehleffekt-r-pet-30x80-cm\/#itempage","url":"https:\/\/handdoekinclusieflogo.nl\/de\/product\/1437\/kuehlhandtuch-bedrucken-kuehleffekt-r-pet-30x80-cm\/","name":"K\u00fchlhandtuch bedrucken - K\u00fchleffekt - R-PET - 30x80 cm","description":"Erlebe das k\u00fchlende Handtuch aus recyceltem Material, das sich perfekt f\u00fcr dein Sporttraining eignet. Mit einer schnellen Trocknung und der M\u00f6glichkeit, dein eigenes Design per Sublimation hinzuzuf\u00fcgen, ist es ideal f\u00fcr individuelle Promotionen und Events.","inLanguage":"de-DE","isPartOf":{"@id":"https:\/\/handdoekinclusieflogo.nl\/de\/#website"},"breadcrumb":{"@id":"https:\/\/handdoekinclusieflogo.nl\/de\/product\/1437\/kuehlhandtuch-bedrucken-kuehleffekt-r-pet-30x80-cm\/#breadcrumblist"},"image":{"@type":"ImageObject","url":"https:\/\/shop.hidalgo.nl\/wp-content\/uploads\/2025\/04\/c49f321b2e5a6718fe9e934bef8d7b8b93d6bcc38389c0bdb23626e2afec24b1.jpg","@id":"https:\/\/handdoekinclusieflogo.nl\/de\/product\/1437\/kuehlhandtuch-bedrucken-kuehleffekt-r-pet-30x80-cm\/#mainImage"},"primaryImageOfPage":{"@id":"https:\/\/handdoekinclusieflogo.nl\/de\/product\/1437\/kuehlhandtuch-bedrucken-kuehleffekt-r-pet-30x80-cm\/#mainImage"},"datePublished":"2026-02-02T10:39:11+00:00","dateModified":"2026-02-17T11:59:35+00:00"},{"@type":"Organization","@id":"https:\/\/handdoekinclusieflogo.nl\/de\/#organization","name":"Handdoekeninclusieflogo","url":"https:\/\/handdoekinclusieflogo.nl\/de\/","telephone":"+31793310133","logo":{"@type":"ImageObject","url":"https:\/\/shop.hidalgo.nl\/wp-content\/uploads\/2026\/02\/logo-handdoek.png","@id":"https:\/\/handdoekinclusieflogo.nl\/de\/product\/1437\/kuehlhandtuch-bedrucken-kuehleffekt-r-pet-30x80-cm\/#organizationLogo","width":600,"height":264},"image":{"@id":"https:\/\/handdoekinclusieflogo.nl\/de\/product\/1437\/kuehlhandtuch-bedrucken-kuehleffekt-r-pet-30x80-cm\/#organizationLogo"},"sameAs":["https:\/\/www.facebook.com\/hidalgobagsandmore\/","https:\/\/x.com\/Hidalgo_BV","https:\/\/www.instagram.com\/hidalgobagsandmore","https:\/\/www.youtube.com\/@hidalgobagsandmore","https:\/\/linkedin.com\/in\/rutgerblommers"]},{"@type":"WebPage","@id":"https:\/\/handdoekinclusieflogo.nl\/de\/product\/1437\/kuehlhandtuch-bedrucken-kuehleffekt-r-pet-30x80-cm\/#webpage","url":"https:\/\/handdoekinclusieflogo.nl\/de\/product\/1437\/kuehlhandtuch-bedrucken-kuehleffekt-r-pet-30x80-cm\/","name":"K\u00fchlhandtuch bedrucken - K\u00fchleffekt - R-PET - 30x80 cm","description":"Erlebe das k\u00fchlende Handtuch aus recyceltem Material, das sich perfekt f\u00fcr dein Sporttraining eignet. Mit einer schnellen Trocknung und der M\u00f6glichkeit, dein eigenes Design per Sublimation hinzuzuf\u00fcgen, ist es ideal f\u00fcr individuelle Promotionen und Events.","inLanguage":"de-DE","isPartOf":{"@id":"https:\/\/handdoekinclusieflogo.nl\/de\/#website"},"breadcrumb":{"@id":"https:\/\/handdoekinclusieflogo.nl\/de\/product\/1437\/kuehlhandtuch-bedrucken-kuehleffekt-r-pet-30x80-cm\/#breadcrumblist"},"image":{"@type":"ImageObject","url":"https:\/\/shop.hidalgo.nl\/wp-content\/uploads\/2025\/04\/c49f321b2e5a6718fe9e934bef8d7b8b93d6bcc38389c0bdb23626e2afec24b1.jpg","@id":"https:\/\/handdoekinclusieflogo.nl\/de\/product\/1437\/kuehlhandtuch-bedrucken-kuehleffekt-r-pet-30x80-cm\/#mainImage"},"primaryImageOfPage":{"@id":"https:\/\/handdoekinclusieflogo.nl\/de\/product\/1437\/kuehlhandtuch-bedrucken-kuehleffekt-r-pet-30x80-cm\/#mainImage"},"datePublished":"2026-02-02T10:39:11+00:00","dateModified":"2026-02-17T11:59:35+00:00"},{"@type":"WebSite","@id":"https:\/\/handdoekinclusieflogo.nl\/de\/#website","url":"https:\/\/handdoekinclusieflogo.nl\/de\/","name":"Handdoekeninclusieflogo","inLanguage":"de-DE","publisher":{"@id":"https:\/\/handdoekinclusieflogo.nl\/de\/#organization"}}]},"og:locale":"de_DE","og:site_name":"Handdoekeninclusieflogo -","og:type":"article","og:title":"K\u00fchlhandtuch bedrucken - K\u00fchleffekt - R-PET - 30x80 cm","og:description":"Erlebe das k\u00fchlende Handtuch aus recyceltem Material, das sich perfekt f\u00fcr dein Sporttraining eignet. Mit einer schnellen Trocknung und der M\u00f6glichkeit, dein eigenes Design per Sublimation hinzuzuf\u00fcgen, ist es ideal f\u00fcr individuelle Promotionen und Events.","og:url":"https:\/\/handdoekinclusieflogo.nl\/de\/wp-json\/wp\/v2\/product\/1437","og:image":"https:\/\/shop.hidalgo.nl\/wp-content\/uploads\/2026\/02\/cropped-logo-handdoek.png","og:image:secure_url":"https:\/\/shop.hidalgo.nl\/wp-content\/uploads\/2026\/02\/cropped-logo-handdoek.png","article:published_time":"2026-02-02T10:39:11+00:00","article:modified_time":"2026-02-17T11:59:35+00:00","article:publisher":"https:\/\/www.facebook.com\/hidalgobagsandmore\/","twitter:card":"summary_large_image","twitter:site":"@Hidalgo_BV","twitter:title":"K\u00fchlhandtuch bedrucken - K\u00fchleffekt - R-PET - 30x80 cm","twitter:description":"Erlebe das k\u00fchlende Handtuch aus recyceltem Material, das sich perfekt f\u00fcr dein Sporttraining eignet. Mit einer schnellen Trocknung und der M\u00f6glichkeit, dein eigenes Design per Sublimation hinzuzuf\u00fcgen, ist es ideal f\u00fcr individuelle Promotionen und Events.","twitter:image":"https:\/\/shop.hidalgo.nl\/wp-content\/uploads\/2026\/02\/cropped-logo-handdoek.png"},"aioseo_meta_data":{"post_id":"1437","title":null,"description":null,"keywords":null,"keyphrases":null,"primary_term":null,"canonical_url":null,"og_title":null,"og_description":null,"og_object_type":"default","og_image_type":"default","og_image_url":null,"og_image_width":null,"og_image_height":null,"og_image_custom_url":null,"og_image_custom_fields":null,"og_video":null,"og_custom_url":null,"og_article_section":null,"og_article_tags":null,"twitter_use_og":false,"twitter_card":"default","twitter_image_type":"default","twitter_image_url":null,"twitter_image_custom_url":null,"twitter_image_custom_fields":null,"twitter_title":null,"twitter_description":null,"schema":{"blockGraphs":[],"customGraphs":[],"default":{"data":{"Article":[],"Course":[],"Dataset":[],"FAQPage":[],"Movie":[],"Person":[],"Product":[],"ProductReview":[],"Car":[],"Recipe":[],"Service":[],"SoftwareApplication":[],"WebPage":[]},"graphName":"","isEnabled":true},"graphs":[]},"schema_type":"default","schema_type_options":null,"pillar_content":false,"robots_default":true,"robots_noindex":false,"robots_noarchive":false,"robots_nosnippet":false,"robots_nofollow":false,"robots_noimageindex":false,"robots_noodp":false,"robots_notranslate":false,"robots_max_snippet":null,"robots_max_videopreview":null,"robots_max_imagepreview":"large","priority":null,"frequency":null,"local_seo":null,"seo_analyzer_scan_date":"2026-02-10 13:43:40","breadcrumb_settings":null,"limit_modified_date":false,"reviewed_by":null,"open_ai":null,"ai":null,"created":"2026-02-02 10:39:37","updated":"2026-02-18 06:33:50"},"aioseo_breadcrumb":"<div class=\"aioseo-breadcrumbs\"><span class=\"aioseo-breadcrumb\">\n\t<a href=\"https:\/\/handdoekinclusieflogo.nl\/de\/\" title=\"Home\">Home<\/a>\n<\/span><span class=\"aioseo-breadcrumb-separator\">\u00bb<\/span><span class=\"aioseo-breadcrumb\">\n\t<a href=\"https:\/\/handdoekinclusieflogo.nl\/shop\/\" title=\"Shop\">Shop<\/a>\n<\/span><span class=\"aioseo-breadcrumb-separator\">\u00bb<\/span><span class=\"aioseo-breadcrumb\">\n\t<a href=\"https:\/\/handdoekinclusieflogo.nl\/de\/product-supplier\/a53\/\" title=\"A53-Toppoint\">A53-Toppoint<\/a>\n<\/span><span class=\"aioseo-breadcrumb-separator\">\u00bb<\/span><span class=\"aioseo-breadcrumb\">\n\tVerkoelende handdoek R-PET 30x80cm sublimatie\n<\/span><\/div>","aioseo_breadcrumb_json":[{"label":"Home","link":"https:\/\/handdoekinclusieflogo.nl\/de\/"},{"label":"Shop","link":"https:\/\/handdoekinclusieflogo.nl\/shop\/"},{"label":"A53-Toppoint","link":"https:\/\/handdoekinclusieflogo.nl\/de\/product-supplier\/a53\/"},{"label":"Verkoelende handdoek R-PET 30x80cm sublimatie","link":"https:\/\/handdoekinclusieflogo.nl\/de\/product\/1437\/kuehlhandtuch-bedrucken-kuehleffekt-r-pet-30x80-cm\/"}],"_links":{"self":[{"href":"https:\/\/handdoekinclusieflogo.nl\/de\/wp-json\/wp\/v2\/product\/1437","targetHints":{"allow":["GET"]}}],"collection":[{"href":"https:\/\/handdoekinclusieflogo.nl\/de\/wp-json\/wp\/v2\/product"}],"about":[{"href":"https:\/\/handdoekinclusieflogo.nl\/de\/wp-json\/wp\/v2\/types\/product"}],"wp:featuredmedia":[{"embeddable":true,"href":"https:\/\/handdoekinclusieflogo.nl\/de\/wp-json\/wp\/v2\/media\/1438"}],"wp:attachment":[{"href":"https:\/\/handdoekinclusieflogo.nl\/de\/wp-json\/wp\/v2\/media?parent=1437"}],"wp:term":[{"taxonomy":"product_brand","embeddable":true,"href":"https:\/\/handdoekinclusieflogo.nl\/de\/wp-json\/wp\/v2\/product_brand?post=1437"},{"taxonomy":"product_cat","embeddable":true,"href":"https:\/\/handdoekinclusieflogo.nl\/de\/wp-json\/wp\/v2\/product_cat?post=1437"},{"taxonomy":"product_tag","embeddable":true,"href":"https:\/\/handdoekinclusieflogo.nl\/de\/wp-json\/wp\/v2\/product_tag?post=1437"}],"curies":[{"name":"wp","href":"https:\/\/api.w.org\/{rel}","templated":true}]}}