{"id":1413,"date":"2026-02-02T10:39:10","date_gmt":"2026-02-02T10:39:10","guid":{"rendered":"https:\/\/handdoekeninclusieflogo.shop.hidalgo.nl\/product\/sneldrogende-handdoek-r-pet-100-x-180-cm-sublimatie\/"},"modified":"2026-02-17T11:59:35","modified_gmt":"2026-02-17T11:59:35","slug":"sneldrogende-handdoek-r-pet-100-x-180-cm-sublimatie","status":"publish","type":"product","link":"https:\/\/handdoekinclusieflogo.nl\/de\/product\/1413\/schnelltrocknendes-handtuch-bedrucken-r-pet-100-x-180-cm\/","title":{"rendered":"Sneldrogende handdoek R-PET 100 x 180 cm sublimatie"},"content":{"rendered":"<p>Droog snel af met onze 100 x 180 cm sneldrogende handdoek, gemaakt van R-PET. Ideaal voor sportsessies, het strand of zelfs op reis. Het sneldrogende materiaal maakt het de perfecte accessoire om in je tas mee te nemen.<\/p>\n","protected":false},"excerpt":{"rendered":"<p>Droog snel af met onze 100 x 180 cm sneldrogende handdoek, gemaakt van R-PET. Ideaal voor sportsessies, het strand of zelfs op reis. Het sneldrogende materiaal maakt het de perfecte accessoire om in je tas mee te nemen.<\/p>\n","protected":false},"featured_media":1414,"template":"","meta":{"_acf_changed":false,"om_disable_all_campaigns":false,"_monsterinsights_skip_tracking":false,"_monsterinsights_sitenote_active":false,"_monsterinsights_sitenote_note":"","_monsterinsights_sitenote_category":0,"_uf_show_specific_survey":0,"_uf_disable_surveys":false},"product_brand":[],"product_cat":[173,164,47],"product_tag":[],"class_list":{"0":"post-1413","1":"product","2":"type-product","3":"status-publish","4":"has-post-thumbnail","6":"product_supplier-a53","7":"product_cat-full-colour-sublimatie","8":"product_cat-handdoeken","9":"product_cat-handdoeken-strandhanddoeken","10":"entry","12":"first","13":"instock","14":"taxable","15":"shipping-taxable","16":"purchasable","17":"product-type-variable"},"acf":{"imprint_cost":[{"imprint_cost_key":"abd254780830b45f63fa55f04ffe03b648c9da4e","product_quantity_price_range":[{"imprint_cost_recommended_selling_price":"17.0925","imprint_cost_recommended_selling_quantity":"1"},{"imprint_cost_recommended_selling_price":"13.59","imprint_cost_recommended_selling_quantity":"10"},{"imprint_cost_recommended_selling_price":"10.71","imprint_cost_recommended_selling_quantity":"25"},{"imprint_cost_recommended_selling_price":"10.11","imprint_cost_recommended_selling_quantity":"50"},{"imprint_cost_recommended_selling_price":"8.9775","imprint_cost_recommended_selling_quantity":"100"},{"imprint_cost_recommended_selling_price":"8.3775","imprint_cost_recommended_selling_quantity":"250"},{"imprint_cost_recommended_selling_price":"8.0175","imprint_cost_recommended_selling_quantity":"500"},{"imprint_cost_recommended_selling_price":"7.575","imprint_cost_recommended_selling_quantity":"1000"},{"imprint_cost_recommended_selling_price":"7.4025","imprint_cost_recommended_selling_quantity":"2500"},{"imprint_cost_recommended_selling_price":"7.1475","imprint_cost_recommended_selling_quantity":"5000"},{"imprint_cost_recommended_selling_price":"6.975","imprint_cost_recommended_selling_quantity":"10000"}],"product_quantity_price_range_buying":[{"imprint_cost_general_buying_price":"11.395","imprint_cost_general_buying_quantity":"1"},{"imprint_cost_general_buying_price":"9.06","imprint_cost_general_buying_quantity":"10"},{"imprint_cost_general_buying_price":"7.14","imprint_cost_general_buying_quantity":"25"},{"imprint_cost_general_buying_price":"6.74","imprint_cost_general_buying_quantity":"50"},{"imprint_cost_general_buying_price":"5.985","imprint_cost_general_buying_quantity":"100"},{"imprint_cost_general_buying_price":"5.585","imprint_cost_general_buying_quantity":"250"},{"imprint_cost_general_buying_price":"5.345","imprint_cost_general_buying_quantity":"500"},{"imprint_cost_general_buying_price":"5.05","imprint_cost_general_buying_quantity":"1000"},{"imprint_cost_general_buying_price":"4.935","imprint_cost_general_buying_quantity":"2500"},{"imprint_cost_general_buying_price":"4.765","imprint_cost_general_buying_quantity":"5000"},{"imprint_cost_general_buying_price":"4.65","imprint_cost_general_buying_quantity":"10000"}],"imprint_cost_setup_costs":"54","imprint_cost_handling_costs":"0.12"}]},"aioseo_notices":[],"aioseo_head":"\n\t\t<!-- All in One SEO Pro 4.9.5.2 - aioseo.com -->\n\t<meta name=\"description\" content=\"Erlebe die perfekte Kombination aus Funktionalit\u00e4t und Umweltbewusstsein mit diesem Handtuch. Es trocknet schnell, besteht aus recyceltem Material und ist ideal f\u00fcr den Sport oder Strandausfl\u00fcge. Gestalte es individuell mit deinem Logo durch Sublimationsdruck.\" \/>\n\t<meta name=\"robots\" content=\"max-image-preview:large\" \/>\n\t<meta name=\"google-site-verification\" content=\"BBMiYHShnVBoc8v9xoHf0FXMC27otVB0wiWxw_hFRrM\" \/>\n\t<link rel=\"canonical\" href=\"https:\/\/handdoekinclusieflogo.nl\/de\/wp-json\/wp\/v2\/product\/1413\" \/>\n\t<meta name=\"generator\" content=\"All in One SEO Pro (AIOSEO) 4.9.5.2\" \/>\n\t\t<meta property=\"og:locale\" content=\"de_DE\" \/>\n\t\t<meta property=\"og:site_name\" content=\"Handdoekeninclusieflogo -\" \/>\n\t\t<meta property=\"og:type\" content=\"article\" \/>\n\t\t<meta property=\"og:title\" content=\"Schnelltrocknendes Handtuch bedrucken - R-PET - 100 x 180 cm\" \/>\n\t\t<meta property=\"og:description\" content=\"Erlebe die perfekte Kombination aus Funktionalit\u00e4t und Umweltbewusstsein mit diesem Handtuch. Es trocknet schnell, besteht aus recyceltem Material und ist ideal f\u00fcr den Sport oder Strandausfl\u00fcge. Gestalte es individuell mit deinem Logo durch Sublimationsdruck.\" \/>\n\t\t<meta property=\"og:url\" content=\"https:\/\/handdoekinclusieflogo.nl\/de\/wp-json\/wp\/v2\/product\/1413\" \/>\n\t\t<meta property=\"og:image\" content=\"https:\/\/shop.hidalgo.nl\/wp-content\/uploads\/2026\/02\/cropped-logo-handdoek.png\" \/>\n\t\t<meta property=\"og:image:secure_url\" content=\"https:\/\/shop.hidalgo.nl\/wp-content\/uploads\/2026\/02\/cropped-logo-handdoek.png\" \/>\n\t\t<meta property=\"article:published_time\" content=\"2026-02-02T10:39:10+00:00\" \/>\n\t\t<meta property=\"article:modified_time\" content=\"2026-02-17T11:59:35+00:00\" \/>\n\t\t<meta property=\"article:publisher\" content=\"https:\/\/www.facebook.com\/hidalgobagsandmore\/\" \/>\n\t\t<meta name=\"twitter:card\" content=\"summary_large_image\" \/>\n\t\t<meta name=\"twitter:site\" content=\"@Hidalgo_BV\" \/>\n\t\t<meta name=\"twitter:title\" content=\"Schnelltrocknendes Handtuch bedrucken - R-PET - 100 x 180 cm\" \/>\n\t\t<meta name=\"twitter:description\" content=\"Erlebe die perfekte Kombination aus Funktionalit\u00e4t und Umweltbewusstsein mit diesem Handtuch. Es trocknet schnell, besteht aus recyceltem Material und ist ideal f\u00fcr den Sport oder Strandausfl\u00fcge. Gestalte es individuell mit deinem Logo durch Sublimationsdruck.\" \/>\n\t\t<meta name=\"twitter:image\" content=\"https:\/\/shop.hidalgo.nl\/wp-content\/uploads\/2026\/02\/cropped-logo-handdoek.png\" \/>\n\t\t<script type=\"application\/ld+json\" class=\"aioseo-schema\">\n\t\t\t{\"@context\":\"https:\\\/\\\/schema.org\",\"@graph\":[{\"@type\":\"BreadcrumbList\",\"@id\":\"https:\\\/\\\/handdoekinclusieflogo.nl\\\/de\\\/product\\\/1413\\\/schnelltrocknendes-handtuch-bedrucken-r-pet-100-x-180-cm\\\/#breadcrumblist\",\"itemListElement\":[{\"@type\":\"ListItem\",\"@id\":\"https:\\\/\\\/handdoekinclusieflogo.nl\\\/de\\\/#listItem\",\"position\":1,\"name\":\"Home\",\"item\":\"https:\\\/\\\/handdoekinclusieflogo.nl\\\/de\\\/\",\"nextItem\":{\"@type\":\"ListItem\",\"@id\":\"https:\\\/\\\/handdoekinclusieflogo.nl\\\/shop\\\/#listItem\",\"name\":\"Shop\"}},{\"@type\":\"ListItem\",\"@id\":\"https:\\\/\\\/handdoekinclusieflogo.nl\\\/shop\\\/#listItem\",\"position\":2,\"name\":\"Shop\",\"item\":\"https:\\\/\\\/handdoekinclusieflogo.nl\\\/shop\\\/\",\"nextItem\":{\"@type\":\"ListItem\",\"@id\":\"https:\\\/\\\/handdoekinclusieflogo.nl\\\/de\\\/product-supplier\\\/a53\\\/#listItem\",\"name\":\"A53-Toppoint\"},\"previousItem\":{\"@type\":\"ListItem\",\"@id\":\"https:\\\/\\\/handdoekinclusieflogo.nl\\\/de\\\/#listItem\",\"name\":\"Home\"}},{\"@type\":\"ListItem\",\"@id\":\"https:\\\/\\\/handdoekinclusieflogo.nl\\\/de\\\/product-supplier\\\/a53\\\/#listItem\",\"position\":3,\"name\":\"A53-Toppoint\",\"item\":\"https:\\\/\\\/handdoekinclusieflogo.nl\\\/de\\\/product-supplier\\\/a53\\\/\",\"nextItem\":{\"@type\":\"ListItem\",\"@id\":\"https:\\\/\\\/handdoekinclusieflogo.nl\\\/de\\\/product\\\/1413\\\/schnelltrocknendes-handtuch-bedrucken-r-pet-100-x-180-cm\\\/#listItem\",\"name\":\"Sneldrogende handdoek R-PET 100 x 180 cm sublimatie\"},\"previousItem\":{\"@type\":\"ListItem\",\"@id\":\"https:\\\/\\\/handdoekinclusieflogo.nl\\\/shop\\\/#listItem\",\"name\":\"Shop\"}},{\"@type\":\"ListItem\",\"@id\":\"https:\\\/\\\/handdoekinclusieflogo.nl\\\/de\\\/product\\\/1413\\\/schnelltrocknendes-handtuch-bedrucken-r-pet-100-x-180-cm\\\/#listItem\",\"position\":4,\"name\":\"Sneldrogende handdoek R-PET 100 x 180 cm sublimatie\",\"previousItem\":{\"@type\":\"ListItem\",\"@id\":\"https:\\\/\\\/handdoekinclusieflogo.nl\\\/de\\\/product-supplier\\\/a53\\\/#listItem\",\"name\":\"A53-Toppoint\"}}]},{\"@type\":\"ItemPage\",\"@id\":\"https:\\\/\\\/handdoekinclusieflogo.nl\\\/de\\\/product\\\/1413\\\/schnelltrocknendes-handtuch-bedrucken-r-pet-100-x-180-cm\\\/#itempage\",\"url\":\"https:\\\/\\\/handdoekinclusieflogo.nl\\\/de\\\/product\\\/1413\\\/schnelltrocknendes-handtuch-bedrucken-r-pet-100-x-180-cm\\\/\",\"name\":\"Schnelltrocknendes Handtuch bedrucken - R-PET - 100 x 180 cm\",\"description\":\"Erlebe die perfekte Kombination aus Funktionalit\\u00e4t und Umweltbewusstsein mit diesem Handtuch. Es trocknet schnell, besteht aus recyceltem Material und ist ideal f\\u00fcr den Sport oder Strandausfl\\u00fcge. Gestalte es individuell mit deinem Logo durch Sublimationsdruck.\",\"inLanguage\":\"de-DE\",\"isPartOf\":{\"@id\":\"https:\\\/\\\/handdoekinclusieflogo.nl\\\/de\\\/#website\"},\"breadcrumb\":{\"@id\":\"https:\\\/\\\/handdoekinclusieflogo.nl\\\/de\\\/product\\\/1413\\\/schnelltrocknendes-handtuch-bedrucken-r-pet-100-x-180-cm\\\/#breadcrumblist\"},\"image\":{\"@type\":\"ImageObject\",\"url\":\"https:\\\/\\\/shop.hidalgo.nl\\\/wp-content\\\/uploads\\\/2025\\\/04\\\/735f9e9640b51c6d897bc5c5f391d23434ff911d3ff78a5004fad96057de56d2.jpg\",\"@id\":\"https:\\\/\\\/handdoekinclusieflogo.nl\\\/de\\\/product\\\/1413\\\/schnelltrocknendes-handtuch-bedrucken-r-pet-100-x-180-cm\\\/#mainImage\"},\"primaryImageOfPage\":{\"@id\":\"https:\\\/\\\/handdoekinclusieflogo.nl\\\/de\\\/product\\\/1413\\\/schnelltrocknendes-handtuch-bedrucken-r-pet-100-x-180-cm\\\/#mainImage\"},\"datePublished\":\"2026-02-02T10:39:10+00:00\",\"dateModified\":\"2026-02-17T11:59:35+00:00\"},{\"@type\":\"Organization\",\"@id\":\"https:\\\/\\\/handdoekinclusieflogo.nl\\\/de\\\/#organization\",\"name\":\"Handdoekeninclusieflogo\",\"url\":\"https:\\\/\\\/handdoekinclusieflogo.nl\\\/de\\\/\",\"telephone\":\"+31793310133\",\"logo\":{\"@type\":\"ImageObject\",\"url\":\"https:\\\/\\\/shop.hidalgo.nl\\\/wp-content\\\/uploads\\\/2026\\\/02\\\/logo-handdoek.png\",\"@id\":\"https:\\\/\\\/handdoekinclusieflogo.nl\\\/de\\\/product\\\/1413\\\/schnelltrocknendes-handtuch-bedrucken-r-pet-100-x-180-cm\\\/#organizationLogo\",\"width\":600,\"height\":264},\"image\":{\"@id\":\"https:\\\/\\\/handdoekinclusieflogo.nl\\\/de\\\/product\\\/1413\\\/schnelltrocknendes-handtuch-bedrucken-r-pet-100-x-180-cm\\\/#organizationLogo\"},\"sameAs\":[\"https:\\\/\\\/www.facebook.com\\\/hidalgobagsandmore\\\/\",\"https:\\\/\\\/x.com\\\/Hidalgo_BV\",\"https:\\\/\\\/www.instagram.com\\\/hidalgobagsandmore\",\"https:\\\/\\\/www.youtube.com\\\/@hidalgobagsandmore\",\"https:\\\/\\\/linkedin.com\\\/in\\\/rutgerblommers\"]},{\"@type\":\"WebPage\",\"@id\":\"https:\\\/\\\/handdoekinclusieflogo.nl\\\/de\\\/product\\\/1413\\\/schnelltrocknendes-handtuch-bedrucken-r-pet-100-x-180-cm\\\/#webpage\",\"url\":\"https:\\\/\\\/handdoekinclusieflogo.nl\\\/de\\\/product\\\/1413\\\/schnelltrocknendes-handtuch-bedrucken-r-pet-100-x-180-cm\\\/\",\"name\":\"Schnelltrocknendes Handtuch bedrucken - R-PET - 100 x 180 cm\",\"description\":\"Erlebe die perfekte Kombination aus Funktionalit\\u00e4t und Umweltbewusstsein mit diesem Handtuch. Es trocknet schnell, besteht aus recyceltem Material und ist ideal f\\u00fcr den Sport oder Strandausfl\\u00fcge. Gestalte es individuell mit deinem Logo durch Sublimationsdruck.\",\"inLanguage\":\"de-DE\",\"isPartOf\":{\"@id\":\"https:\\\/\\\/handdoekinclusieflogo.nl\\\/de\\\/#website\"},\"breadcrumb\":{\"@id\":\"https:\\\/\\\/handdoekinclusieflogo.nl\\\/de\\\/product\\\/1413\\\/schnelltrocknendes-handtuch-bedrucken-r-pet-100-x-180-cm\\\/#breadcrumblist\"},\"image\":{\"@type\":\"ImageObject\",\"url\":\"https:\\\/\\\/shop.hidalgo.nl\\\/wp-content\\\/uploads\\\/2025\\\/04\\\/735f9e9640b51c6d897bc5c5f391d23434ff911d3ff78a5004fad96057de56d2.jpg\",\"@id\":\"https:\\\/\\\/handdoekinclusieflogo.nl\\\/de\\\/product\\\/1413\\\/schnelltrocknendes-handtuch-bedrucken-r-pet-100-x-180-cm\\\/#mainImage\"},\"primaryImageOfPage\":{\"@id\":\"https:\\\/\\\/handdoekinclusieflogo.nl\\\/de\\\/product\\\/1413\\\/schnelltrocknendes-handtuch-bedrucken-r-pet-100-x-180-cm\\\/#mainImage\"},\"datePublished\":\"2026-02-02T10:39:10+00:00\",\"dateModified\":\"2026-02-17T11:59:35+00:00\"},{\"@type\":\"WebSite\",\"@id\":\"https:\\\/\\\/handdoekinclusieflogo.nl\\\/de\\\/#website\",\"url\":\"https:\\\/\\\/handdoekinclusieflogo.nl\\\/de\\\/\",\"name\":\"Handdoekeninclusieflogo\",\"inLanguage\":\"de-DE\",\"publisher\":{\"@id\":\"https:\\\/\\\/handdoekinclusieflogo.nl\\\/de\\\/#organization\"}}]}\n\t\t<\/script>\n\t\t<!-- All in One SEO Pro -->\r\n\t\t<title>Schnelltrocknendes Handtuch bedrucken - R-PET - 100 x 180 cm<\/title>\n\n","aioseo_head_json":{"title":"Schnelltrocknendes Handtuch bedrucken - R-PET - 100 x 180 cm","description":"Erlebe die perfekte Kombination aus Funktionalit\u00e4t und Umweltbewusstsein mit diesem Handtuch. Es trocknet schnell, besteht aus recyceltem Material und ist ideal f\u00fcr den Sport oder Strandausfl\u00fcge. Gestalte es individuell mit deinem Logo durch Sublimationsdruck.","canonical_url":"https:\/\/handdoekinclusieflogo.nl\/de\/wp-json\/wp\/v2\/product\/1413","robots":"max-image-preview:large","keywords":"","webmasterTools":{"google-site-verification":"BBMiYHShnVBoc8v9xoHf0FXMC27otVB0wiWxw_hFRrM","miscellaneous":""},"schema":{"@context":"https:\/\/schema.org","@graph":[{"@type":"BreadcrumbList","@id":"https:\/\/handdoekinclusieflogo.nl\/de\/product\/1413\/schnelltrocknendes-handtuch-bedrucken-r-pet-100-x-180-cm\/#breadcrumblist","itemListElement":[{"@type":"ListItem","@id":"https:\/\/handdoekinclusieflogo.nl\/de\/#listItem","position":1,"name":"Home","item":"https:\/\/handdoekinclusieflogo.nl\/de\/","nextItem":{"@type":"ListItem","@id":"https:\/\/handdoekinclusieflogo.nl\/shop\/#listItem","name":"Shop"}},{"@type":"ListItem","@id":"https:\/\/handdoekinclusieflogo.nl\/shop\/#listItem","position":2,"name":"Shop","item":"https:\/\/handdoekinclusieflogo.nl\/shop\/","nextItem":{"@type":"ListItem","@id":"https:\/\/handdoekinclusieflogo.nl\/de\/product-supplier\/a53\/#listItem","name":"A53-Toppoint"},"previousItem":{"@type":"ListItem","@id":"https:\/\/handdoekinclusieflogo.nl\/de\/#listItem","name":"Home"}},{"@type":"ListItem","@id":"https:\/\/handdoekinclusieflogo.nl\/de\/product-supplier\/a53\/#listItem","position":3,"name":"A53-Toppoint","item":"https:\/\/handdoekinclusieflogo.nl\/de\/product-supplier\/a53\/","nextItem":{"@type":"ListItem","@id":"https:\/\/handdoekinclusieflogo.nl\/de\/product\/1413\/schnelltrocknendes-handtuch-bedrucken-r-pet-100-x-180-cm\/#listItem","name":"Sneldrogende handdoek R-PET 100 x 180 cm sublimatie"},"previousItem":{"@type":"ListItem","@id":"https:\/\/handdoekinclusieflogo.nl\/shop\/#listItem","name":"Shop"}},{"@type":"ListItem","@id":"https:\/\/handdoekinclusieflogo.nl\/de\/product\/1413\/schnelltrocknendes-handtuch-bedrucken-r-pet-100-x-180-cm\/#listItem","position":4,"name":"Sneldrogende handdoek R-PET 100 x 180 cm sublimatie","previousItem":{"@type":"ListItem","@id":"https:\/\/handdoekinclusieflogo.nl\/de\/product-supplier\/a53\/#listItem","name":"A53-Toppoint"}}]},{"@type":"ItemPage","@id":"https:\/\/handdoekinclusieflogo.nl\/de\/product\/1413\/schnelltrocknendes-handtuch-bedrucken-r-pet-100-x-180-cm\/#itempage","url":"https:\/\/handdoekinclusieflogo.nl\/de\/product\/1413\/schnelltrocknendes-handtuch-bedrucken-r-pet-100-x-180-cm\/","name":"Schnelltrocknendes Handtuch bedrucken - R-PET - 100 x 180 cm","description":"Erlebe die perfekte Kombination aus Funktionalit\u00e4t und Umweltbewusstsein mit diesem Handtuch. Es trocknet schnell, besteht aus recyceltem Material und ist ideal f\u00fcr den Sport oder Strandausfl\u00fcge. Gestalte es individuell mit deinem Logo durch Sublimationsdruck.","inLanguage":"de-DE","isPartOf":{"@id":"https:\/\/handdoekinclusieflogo.nl\/de\/#website"},"breadcrumb":{"@id":"https:\/\/handdoekinclusieflogo.nl\/de\/product\/1413\/schnelltrocknendes-handtuch-bedrucken-r-pet-100-x-180-cm\/#breadcrumblist"},"image":{"@type":"ImageObject","url":"https:\/\/shop.hidalgo.nl\/wp-content\/uploads\/2025\/04\/735f9e9640b51c6d897bc5c5f391d23434ff911d3ff78a5004fad96057de56d2.jpg","@id":"https:\/\/handdoekinclusieflogo.nl\/de\/product\/1413\/schnelltrocknendes-handtuch-bedrucken-r-pet-100-x-180-cm\/#mainImage"},"primaryImageOfPage":{"@id":"https:\/\/handdoekinclusieflogo.nl\/de\/product\/1413\/schnelltrocknendes-handtuch-bedrucken-r-pet-100-x-180-cm\/#mainImage"},"datePublished":"2026-02-02T10:39:10+00:00","dateModified":"2026-02-17T11:59:35+00:00"},{"@type":"Organization","@id":"https:\/\/handdoekinclusieflogo.nl\/de\/#organization","name":"Handdoekeninclusieflogo","url":"https:\/\/handdoekinclusieflogo.nl\/de\/","telephone":"+31793310133","logo":{"@type":"ImageObject","url":"https:\/\/shop.hidalgo.nl\/wp-content\/uploads\/2026\/02\/logo-handdoek.png","@id":"https:\/\/handdoekinclusieflogo.nl\/de\/product\/1413\/schnelltrocknendes-handtuch-bedrucken-r-pet-100-x-180-cm\/#organizationLogo","width":600,"height":264},"image":{"@id":"https:\/\/handdoekinclusieflogo.nl\/de\/product\/1413\/schnelltrocknendes-handtuch-bedrucken-r-pet-100-x-180-cm\/#organizationLogo"},"sameAs":["https:\/\/www.facebook.com\/hidalgobagsandmore\/","https:\/\/x.com\/Hidalgo_BV","https:\/\/www.instagram.com\/hidalgobagsandmore","https:\/\/www.youtube.com\/@hidalgobagsandmore","https:\/\/linkedin.com\/in\/rutgerblommers"]},{"@type":"WebPage","@id":"https:\/\/handdoekinclusieflogo.nl\/de\/product\/1413\/schnelltrocknendes-handtuch-bedrucken-r-pet-100-x-180-cm\/#webpage","url":"https:\/\/handdoekinclusieflogo.nl\/de\/product\/1413\/schnelltrocknendes-handtuch-bedrucken-r-pet-100-x-180-cm\/","name":"Schnelltrocknendes Handtuch bedrucken - R-PET - 100 x 180 cm","description":"Erlebe die perfekte Kombination aus Funktionalit\u00e4t und Umweltbewusstsein mit diesem Handtuch. Es trocknet schnell, besteht aus recyceltem Material und ist ideal f\u00fcr den Sport oder Strandausfl\u00fcge. Gestalte es individuell mit deinem Logo durch Sublimationsdruck.","inLanguage":"de-DE","isPartOf":{"@id":"https:\/\/handdoekinclusieflogo.nl\/de\/#website"},"breadcrumb":{"@id":"https:\/\/handdoekinclusieflogo.nl\/de\/product\/1413\/schnelltrocknendes-handtuch-bedrucken-r-pet-100-x-180-cm\/#breadcrumblist"},"image":{"@type":"ImageObject","url":"https:\/\/shop.hidalgo.nl\/wp-content\/uploads\/2025\/04\/735f9e9640b51c6d897bc5c5f391d23434ff911d3ff78a5004fad96057de56d2.jpg","@id":"https:\/\/handdoekinclusieflogo.nl\/de\/product\/1413\/schnelltrocknendes-handtuch-bedrucken-r-pet-100-x-180-cm\/#mainImage"},"primaryImageOfPage":{"@id":"https:\/\/handdoekinclusieflogo.nl\/de\/product\/1413\/schnelltrocknendes-handtuch-bedrucken-r-pet-100-x-180-cm\/#mainImage"},"datePublished":"2026-02-02T10:39:10+00:00","dateModified":"2026-02-17T11:59:35+00:00"},{"@type":"WebSite","@id":"https:\/\/handdoekinclusieflogo.nl\/de\/#website","url":"https:\/\/handdoekinclusieflogo.nl\/de\/","name":"Handdoekeninclusieflogo","inLanguage":"de-DE","publisher":{"@id":"https:\/\/handdoekinclusieflogo.nl\/de\/#organization"}}]},"og:locale":"de_DE","og:site_name":"Handdoekeninclusieflogo -","og:type":"article","og:title":"Schnelltrocknendes Handtuch bedrucken - R-PET - 100 x 180 cm","og:description":"Erlebe die perfekte Kombination aus Funktionalit\u00e4t und Umweltbewusstsein mit diesem Handtuch. Es trocknet schnell, besteht aus recyceltem Material und ist ideal f\u00fcr den Sport oder Strandausfl\u00fcge. Gestalte es individuell mit deinem Logo durch Sublimationsdruck.","og:url":"https:\/\/handdoekinclusieflogo.nl\/de\/wp-json\/wp\/v2\/product\/1413","og:image":"https:\/\/shop.hidalgo.nl\/wp-content\/uploads\/2026\/02\/cropped-logo-handdoek.png","og:image:secure_url":"https:\/\/shop.hidalgo.nl\/wp-content\/uploads\/2026\/02\/cropped-logo-handdoek.png","article:published_time":"2026-02-02T10:39:10+00:00","article:modified_time":"2026-02-17T11:59:35+00:00","article:publisher":"https:\/\/www.facebook.com\/hidalgobagsandmore\/","twitter:card":"summary_large_image","twitter:site":"@Hidalgo_BV","twitter:title":"Schnelltrocknendes Handtuch bedrucken - R-PET - 100 x 180 cm","twitter:description":"Erlebe die perfekte Kombination aus Funktionalit\u00e4t und Umweltbewusstsein mit diesem Handtuch. Es trocknet schnell, besteht aus recyceltem Material und ist ideal f\u00fcr den Sport oder Strandausfl\u00fcge. Gestalte es individuell mit deinem Logo durch Sublimationsdruck.","twitter:image":"https:\/\/shop.hidalgo.nl\/wp-content\/uploads\/2026\/02\/cropped-logo-handdoek.png"},"aioseo_meta_data":{"post_id":"1413","title":null,"description":null,"keywords":null,"keyphrases":null,"primary_term":null,"canonical_url":null,"og_title":null,"og_description":null,"og_object_type":"default","og_image_type":"default","og_image_url":null,"og_image_width":null,"og_image_height":null,"og_image_custom_url":null,"og_image_custom_fields":null,"og_video":null,"og_custom_url":null,"og_article_section":null,"og_article_tags":null,"twitter_use_og":false,"twitter_card":"default","twitter_image_type":"default","twitter_image_url":null,"twitter_image_custom_url":null,"twitter_image_custom_fields":null,"twitter_title":null,"twitter_description":null,"schema":{"blockGraphs":[],"customGraphs":[],"default":{"data":{"Article":[],"Course":[],"Dataset":[],"FAQPage":[],"Movie":[],"Person":[],"Product":[],"ProductReview":[],"Car":[],"Recipe":[],"Service":[],"SoftwareApplication":[],"WebPage":[]},"graphName":"","isEnabled":true},"graphs":[]},"schema_type":"default","schema_type_options":null,"pillar_content":false,"robots_default":true,"robots_noindex":false,"robots_noarchive":false,"robots_nosnippet":false,"robots_nofollow":false,"robots_noimageindex":false,"robots_noodp":false,"robots_notranslate":false,"robots_max_snippet":null,"robots_max_videopreview":null,"robots_max_imagepreview":"large","priority":null,"frequency":null,"local_seo":null,"seo_analyzer_scan_date":"2026-02-10 14:12:28","breadcrumb_settings":null,"limit_modified_date":false,"reviewed_by":null,"open_ai":null,"ai":null,"created":"2026-02-02 10:39:36","updated":"2026-02-17 15:28:20"},"aioseo_breadcrumb":"<div class=\"aioseo-breadcrumbs\"><span class=\"aioseo-breadcrumb\">\n\t<a href=\"https:\/\/handdoekinclusieflogo.nl\/de\/\" title=\"Home\">Home<\/a>\n<\/span><span class=\"aioseo-breadcrumb-separator\">\u00bb<\/span><span class=\"aioseo-breadcrumb\">\n\t<a href=\"https:\/\/handdoekinclusieflogo.nl\/shop\/\" title=\"Shop\">Shop<\/a>\n<\/span><span class=\"aioseo-breadcrumb-separator\">\u00bb<\/span><span class=\"aioseo-breadcrumb\">\n\t<a href=\"https:\/\/handdoekinclusieflogo.nl\/de\/product-supplier\/a53\/\" title=\"A53-Toppoint\">A53-Toppoint<\/a>\n<\/span><span class=\"aioseo-breadcrumb-separator\">\u00bb<\/span><span class=\"aioseo-breadcrumb\">\n\tSneldrogende handdoek R-PET 100 x 180 cm sublimatie\n<\/span><\/div>","aioseo_breadcrumb_json":[{"label":"Home","link":"https:\/\/handdoekinclusieflogo.nl\/de\/"},{"label":"Shop","link":"https:\/\/handdoekinclusieflogo.nl\/shop\/"},{"label":"A53-Toppoint","link":"https:\/\/handdoekinclusieflogo.nl\/de\/product-supplier\/a53\/"},{"label":"Sneldrogende handdoek R-PET 100 x 180 cm sublimatie","link":"https:\/\/handdoekinclusieflogo.nl\/de\/product\/1413\/schnelltrocknendes-handtuch-bedrucken-r-pet-100-x-180-cm\/"}],"_links":{"self":[{"href":"https:\/\/handdoekinclusieflogo.nl\/de\/wp-json\/wp\/v2\/product\/1413","targetHints":{"allow":["GET"]}}],"collection":[{"href":"https:\/\/handdoekinclusieflogo.nl\/de\/wp-json\/wp\/v2\/product"}],"about":[{"href":"https:\/\/handdoekinclusieflogo.nl\/de\/wp-json\/wp\/v2\/types\/product"}],"wp:featuredmedia":[{"embeddable":true,"href":"https:\/\/handdoekinclusieflogo.nl\/de\/wp-json\/wp\/v2\/media\/1414"}],"wp:attachment":[{"href":"https:\/\/handdoekinclusieflogo.nl\/de\/wp-json\/wp\/v2\/media?parent=1413"}],"wp:term":[{"taxonomy":"product_brand","embeddable":true,"href":"https:\/\/handdoekinclusieflogo.nl\/de\/wp-json\/wp\/v2\/product_brand?post=1413"},{"taxonomy":"product_cat","embeddable":true,"href":"https:\/\/handdoekinclusieflogo.nl\/de\/wp-json\/wp\/v2\/product_cat?post=1413"},{"taxonomy":"product_tag","embeddable":true,"href":"https:\/\/handdoekinclusieflogo.nl\/de\/wp-json\/wp\/v2\/product_tag?post=1413"}],"curies":[{"name":"wp","href":"https:\/\/api.w.org\/{rel}","templated":true}]}}