{"id":1146,"date":"2026-02-02T10:36:20","date_gmt":"2026-02-02T10:36:20","guid":{"rendered":"https:\/\/handdoekeninclusieflogo.shop.hidalgo.nl\/product\/sneldrogende-outdoor-handdoek-met-custom-print\/"},"modified":"2026-02-17T11:59:36","modified_gmt":"2026-02-17T11:59:36","slug":"sneldrogende-outdoor-handdoek-met-custom-print","status":"publish","type":"product","link":"https:\/\/handdoekinclusieflogo.nl\/de\/product\/1146\/handtuch-bedrucken-schnelltrocknend-mikrofaser-70x140\/","title":{"rendered":"Sneldrogende outdoor handdoek met custom print"},"content":{"rendered":"<p>Outdoor handdoek gemaakt van sneldrogend microfiber (200g\/m\u00b2, 1400x700mm). Inclusief een custom-made full-colour print op \u00e9\u00e9n zijde. Optioneel kan de andere zijde ook bedrukt worden. Ook de kleur van de zoom is aan te passen.<\/p>\n","protected":false},"excerpt":{"rendered":"<p>Outdoor handdoek gemaakt van sneldrogend microfiber (200g\/m\u00b2, 1400x700mm). Inclusief een custom-made full-colour print op \u00e9\u00e9n zijde. Optioneel kan de andere zijde ook bedrukt worden. Ook de kleur van de zoom is aan te passen.<\/p>\n","protected":false},"featured_media":1147,"template":"","meta":{"_acf_changed":false,"om_disable_all_campaigns":false,"_monsterinsights_skip_tracking":false,"_monsterinsights_sitenote_active":false,"_monsterinsights_sitenote_note":"","_monsterinsights_sitenote_category":0,"_uf_show_specific_survey":0,"_uf_disable_surveys":false},"product_brand":[],"product_cat":[173,164,53],"product_tag":[],"class_list":{"0":"post-1146","1":"product","2":"type-product","3":"status-publish","4":"has-post-thumbnail","6":"product_supplier-a53","7":"product_cat-full-colour-sublimatie","8":"product_cat-handdoeken","9":"product_cat-handdoeken-sport-handdoeken","10":"entry","12":"first","13":"instock","14":"taxable","15":"shipping-taxable","16":"purchasable","17":"product-type-variable"},"acf":{"imprint_cost":[{"imprint_cost_key":"3e649d2dcc0ad667ad333ede9e2654b296bf3300","product_quantity_price_range":[{"imprint_cost_recommended_selling_price":"2.7375","imprint_cost_recommended_selling_quantity":"250"},{"imprint_cost_recommended_selling_price":"2.6475","imprint_cost_recommended_selling_quantity":"500"},{"imprint_cost_recommended_selling_price":"2.565","imprint_cost_recommended_selling_quantity":"1000"},{"imprint_cost_recommended_selling_price":"2.49","imprint_cost_recommended_selling_quantity":"2500"},{"imprint_cost_recommended_selling_price":"2.4075","imprint_cost_recommended_selling_quantity":"5000"},{"imprint_cost_recommended_selling_price":"2.3325","imprint_cost_recommended_selling_quantity":"10000"}],"product_quantity_price_range_buying":[{"imprint_cost_general_buying_price":"1.825","imprint_cost_general_buying_quantity":"250"},{"imprint_cost_general_buying_price":"1.765","imprint_cost_general_buying_quantity":"500"},{"imprint_cost_general_buying_price":"1.71","imprint_cost_general_buying_quantity":"1000"},{"imprint_cost_general_buying_price":"1.66","imprint_cost_general_buying_quantity":"2500"},{"imprint_cost_general_buying_price":"1.605","imprint_cost_general_buying_quantity":"5000"},{"imprint_cost_general_buying_price":"1.555","imprint_cost_general_buying_quantity":"10000"}],"imprint_cost_setup_costs":"54","imprint_cost_handling_costs":"0"}]},"aioseo_notices":[],"aioseo_head":"\n\t\t<!-- All in One SEO Pro 4.9.6.2 - aioseo.com -->\n\t<meta name=\"description\" content=\"Diese leichte Mikrofaserhandtuch ist ideal f\u00fcr deinen aktiven Lebensstil. Ob beim Fitness oder im Freien, es trocknet schnell und l\u00e4sst sich individuell bedrucken, perfekt f\u00fcr Promotionen und Events. Gestalte es mit deinem Logo und setze ein pers\u00f6nliches Statement.\" \/>\n\t<meta name=\"robots\" content=\"max-image-preview:large\" \/>\n\t<meta name=\"google-site-verification\" content=\"BBMiYHShnVBoc8v9xoHf0FXMC27otVB0wiWxw_hFRrM\" \/>\n\t<link rel=\"canonical\" href=\"https:\/\/handdoekinclusieflogo.nl\/de\/wp-json\/wp\/v2\/product\/1146\" \/>\n\t<meta name=\"generator\" content=\"All in One SEO Pro (AIOSEO) 4.9.6.2\" \/>\n\t\t<meta property=\"og:locale\" content=\"de_DE\" \/>\n\t\t<meta property=\"og:site_name\" content=\"Handdoekeninclusieflogo -\" \/>\n\t\t<meta property=\"og:type\" content=\"article\" \/>\n\t\t<meta property=\"og:title\" content=\"Handtuch bedrucken - schnelltrocknend - Mikrofaser - 70x140\" \/>\n\t\t<meta property=\"og:description\" content=\"Diese leichte Mikrofaserhandtuch ist ideal f\u00fcr deinen aktiven Lebensstil. Ob beim Fitness oder im Freien, es trocknet schnell und l\u00e4sst sich individuell bedrucken, perfekt f\u00fcr Promotionen und Events. Gestalte es mit deinem Logo und setze ein pers\u00f6nliches Statement.\" \/>\n\t\t<meta property=\"og:url\" content=\"https:\/\/handdoekinclusieflogo.nl\/de\/wp-json\/wp\/v2\/product\/1146\" \/>\n\t\t<meta property=\"og:image\" content=\"https:\/\/shop.hidalgo.nl\/wp-content\/uploads\/2026\/02\/cropped-logo-handdoek.png\" \/>\n\t\t<meta property=\"og:image:secure_url\" content=\"https:\/\/shop.hidalgo.nl\/wp-content\/uploads\/2026\/02\/cropped-logo-handdoek.png\" \/>\n\t\t<meta property=\"article:published_time\" content=\"2026-02-02T10:36:20+00:00\" \/>\n\t\t<meta property=\"article:modified_time\" content=\"2026-02-17T11:59:36+00:00\" \/>\n\t\t<meta property=\"article:publisher\" content=\"https:\/\/www.facebook.com\/hidalgobagsandmore\/\" \/>\n\t\t<meta name=\"twitter:card\" content=\"summary_large_image\" \/>\n\t\t<meta name=\"twitter:site\" content=\"@Hidalgo_BV\" \/>\n\t\t<meta name=\"twitter:title\" content=\"Handtuch bedrucken - schnelltrocknend - Mikrofaser - 70x140\" \/>\n\t\t<meta name=\"twitter:description\" content=\"Diese leichte Mikrofaserhandtuch ist ideal f\u00fcr deinen aktiven Lebensstil. Ob beim Fitness oder im Freien, es trocknet schnell und l\u00e4sst sich individuell bedrucken, perfekt f\u00fcr Promotionen und Events. Gestalte es mit deinem Logo und setze ein pers\u00f6nliches Statement.\" \/>\n\t\t<meta name=\"twitter:image\" content=\"https:\/\/shop.hidalgo.nl\/wp-content\/uploads\/2026\/02\/cropped-logo-handdoek.png\" \/>\n\t\t<script type=\"application\/ld+json\" class=\"aioseo-schema\">\n\t\t\t{\"@context\":\"https:\\\/\\\/schema.org\",\"@graph\":[{\"@type\":\"BreadcrumbList\",\"@id\":\"https:\\\/\\\/handdoekinclusieflogo.nl\\\/de\\\/product\\\/1146\\\/handtuch-bedrucken-schnelltrocknend-mikrofaser-70x140\\\/#breadcrumblist\",\"itemListElement\":[{\"@type\":\"ListItem\",\"@id\":\"https:\\\/\\\/handdoekinclusieflogo.nl\\\/de\\\/#listItem\",\"position\":1,\"name\":\"Home\",\"item\":\"https:\\\/\\\/handdoekinclusieflogo.nl\\\/de\\\/\",\"nextItem\":{\"@type\":\"ListItem\",\"@id\":\"https:\\\/\\\/handdoekinclusieflogo.nl\\\/shop\\\/#listItem\",\"name\":\"Shop\"}},{\"@type\":\"ListItem\",\"@id\":\"https:\\\/\\\/handdoekinclusieflogo.nl\\\/shop\\\/#listItem\",\"position\":2,\"name\":\"Shop\",\"item\":\"https:\\\/\\\/handdoekinclusieflogo.nl\\\/shop\\\/\",\"nextItem\":{\"@type\":\"ListItem\",\"@id\":\"https:\\\/\\\/handdoekinclusieflogo.nl\\\/de\\\/product-supplier\\\/a53\\\/#listItem\",\"name\":\"A53-Toppoint\"},\"previousItem\":{\"@type\":\"ListItem\",\"@id\":\"https:\\\/\\\/handdoekinclusieflogo.nl\\\/de\\\/#listItem\",\"name\":\"Home\"}},{\"@type\":\"ListItem\",\"@id\":\"https:\\\/\\\/handdoekinclusieflogo.nl\\\/de\\\/product-supplier\\\/a53\\\/#listItem\",\"position\":3,\"name\":\"A53-Toppoint\",\"item\":\"https:\\\/\\\/handdoekinclusieflogo.nl\\\/de\\\/product-supplier\\\/a53\\\/\",\"nextItem\":{\"@type\":\"ListItem\",\"@id\":\"https:\\\/\\\/handdoekinclusieflogo.nl\\\/de\\\/product\\\/1146\\\/handtuch-bedrucken-schnelltrocknend-mikrofaser-70x140\\\/#listItem\",\"name\":\"Sneldrogende outdoor handdoek met custom print\"},\"previousItem\":{\"@type\":\"ListItem\",\"@id\":\"https:\\\/\\\/handdoekinclusieflogo.nl\\\/shop\\\/#listItem\",\"name\":\"Shop\"}},{\"@type\":\"ListItem\",\"@id\":\"https:\\\/\\\/handdoekinclusieflogo.nl\\\/de\\\/product\\\/1146\\\/handtuch-bedrucken-schnelltrocknend-mikrofaser-70x140\\\/#listItem\",\"position\":4,\"name\":\"Sneldrogende outdoor handdoek met custom print\",\"previousItem\":{\"@type\":\"ListItem\",\"@id\":\"https:\\\/\\\/handdoekinclusieflogo.nl\\\/de\\\/product-supplier\\\/a53\\\/#listItem\",\"name\":\"A53-Toppoint\"}}]},{\"@type\":\"ItemPage\",\"@id\":\"https:\\\/\\\/handdoekinclusieflogo.nl\\\/de\\\/product\\\/1146\\\/handtuch-bedrucken-schnelltrocknend-mikrofaser-70x140\\\/#itempage\",\"url\":\"https:\\\/\\\/handdoekinclusieflogo.nl\\\/de\\\/product\\\/1146\\\/handtuch-bedrucken-schnelltrocknend-mikrofaser-70x140\\\/\",\"name\":\"Handtuch bedrucken - schnelltrocknend - Mikrofaser - 70x140\",\"description\":\"Diese leichte Mikrofaserhandtuch ist ideal f\\u00fcr deinen aktiven Lebensstil. Ob beim Fitness oder im Freien, es trocknet schnell und l\\u00e4sst sich individuell bedrucken, perfekt f\\u00fcr Promotionen und Events. Gestalte es mit deinem Logo und setze ein pers\\u00f6nliches Statement.\",\"inLanguage\":\"de-DE\",\"isPartOf\":{\"@id\":\"https:\\\/\\\/handdoekinclusieflogo.nl\\\/de\\\/#website\"},\"breadcrumb\":{\"@id\":\"https:\\\/\\\/handdoekinclusieflogo.nl\\\/de\\\/product\\\/1146\\\/handtuch-bedrucken-schnelltrocknend-mikrofaser-70x140\\\/#breadcrumblist\"},\"image\":{\"@type\":\"ImageObject\",\"url\":\"https:\\\/\\\/shop.hidalgo.nl\\\/wp-content\\\/uploads\\\/2025\\\/04\\\/26efe119b1d6d9670419c3ac9a01273ee8117725014ce9cfc82596665982b315.jpg\",\"@id\":\"https:\\\/\\\/handdoekinclusieflogo.nl\\\/de\\\/product\\\/1146\\\/handtuch-bedrucken-schnelltrocknend-mikrofaser-70x140\\\/#mainImage\"},\"primaryImageOfPage\":{\"@id\":\"https:\\\/\\\/handdoekinclusieflogo.nl\\\/de\\\/product\\\/1146\\\/handtuch-bedrucken-schnelltrocknend-mikrofaser-70x140\\\/#mainImage\"},\"datePublished\":\"2026-02-02T10:36:20+00:00\",\"dateModified\":\"2026-02-17T11:59:36+00:00\"},{\"@type\":\"Organization\",\"@id\":\"https:\\\/\\\/handdoekinclusieflogo.nl\\\/de\\\/#organization\",\"name\":\"Handdoekeninclusieflogo\",\"url\":\"https:\\\/\\\/handdoekinclusieflogo.nl\\\/de\\\/\",\"telephone\":\"+31793310133\",\"logo\":{\"@type\":\"ImageObject\",\"url\":\"https:\\\/\\\/shop.hidalgo.nl\\\/wp-content\\\/uploads\\\/2026\\\/02\\\/logo-handdoek.png\",\"@id\":\"https:\\\/\\\/handdoekinclusieflogo.nl\\\/de\\\/product\\\/1146\\\/handtuch-bedrucken-schnelltrocknend-mikrofaser-70x140\\\/#organizationLogo\",\"width\":600,\"height\":264},\"image\":{\"@id\":\"https:\\\/\\\/handdoekinclusieflogo.nl\\\/de\\\/product\\\/1146\\\/handtuch-bedrucken-schnelltrocknend-mikrofaser-70x140\\\/#organizationLogo\"},\"sameAs\":[\"https:\\\/\\\/www.facebook.com\\\/hidalgobagsandmore\\\/\",\"https:\\\/\\\/x.com\\\/Hidalgo_BV\",\"https:\\\/\\\/www.instagram.com\\\/hidalgobagsandmore\",\"https:\\\/\\\/www.youtube.com\\\/@hidalgobagsandmore\",\"https:\\\/\\\/linkedin.com\\\/in\\\/rutgerblommers\"]},{\"@type\":\"WebPage\",\"@id\":\"https:\\\/\\\/handdoekinclusieflogo.nl\\\/de\\\/product\\\/1146\\\/handtuch-bedrucken-schnelltrocknend-mikrofaser-70x140\\\/#webpage\",\"url\":\"https:\\\/\\\/handdoekinclusieflogo.nl\\\/de\\\/product\\\/1146\\\/handtuch-bedrucken-schnelltrocknend-mikrofaser-70x140\\\/\",\"name\":\"Handtuch bedrucken - schnelltrocknend - Mikrofaser - 70x140\",\"description\":\"Diese leichte Mikrofaserhandtuch ist ideal f\\u00fcr deinen aktiven Lebensstil. Ob beim Fitness oder im Freien, es trocknet schnell und l\\u00e4sst sich individuell bedrucken, perfekt f\\u00fcr Promotionen und Events. Gestalte es mit deinem Logo und setze ein pers\\u00f6nliches Statement.\",\"inLanguage\":\"de-DE\",\"isPartOf\":{\"@id\":\"https:\\\/\\\/handdoekinclusieflogo.nl\\\/de\\\/#website\"},\"breadcrumb\":{\"@id\":\"https:\\\/\\\/handdoekinclusieflogo.nl\\\/de\\\/product\\\/1146\\\/handtuch-bedrucken-schnelltrocknend-mikrofaser-70x140\\\/#breadcrumblist\"},\"image\":{\"@type\":\"ImageObject\",\"url\":\"https:\\\/\\\/shop.hidalgo.nl\\\/wp-content\\\/uploads\\\/2025\\\/04\\\/26efe119b1d6d9670419c3ac9a01273ee8117725014ce9cfc82596665982b315.jpg\",\"@id\":\"https:\\\/\\\/handdoekinclusieflogo.nl\\\/de\\\/product\\\/1146\\\/handtuch-bedrucken-schnelltrocknend-mikrofaser-70x140\\\/#mainImage\"},\"primaryImageOfPage\":{\"@id\":\"https:\\\/\\\/handdoekinclusieflogo.nl\\\/de\\\/product\\\/1146\\\/handtuch-bedrucken-schnelltrocknend-mikrofaser-70x140\\\/#mainImage\"},\"datePublished\":\"2026-02-02T10:36:20+00:00\",\"dateModified\":\"2026-02-17T11:59:36+00:00\"},{\"@type\":\"WebSite\",\"@id\":\"https:\\\/\\\/handdoekinclusieflogo.nl\\\/de\\\/#website\",\"url\":\"https:\\\/\\\/handdoekinclusieflogo.nl\\\/de\\\/\",\"name\":\"Handdoekeninclusieflogo\",\"inLanguage\":\"de-DE\",\"publisher\":{\"@id\":\"https:\\\/\\\/handdoekinclusieflogo.nl\\\/de\\\/#organization\"}}]}\n\t\t<\/script>\n\t\t<!-- All in One SEO Pro -->\r\n\t\t<title>Handtuch bedrucken - schnelltrocknend - Mikrofaser - 70x140<\/title>\n\n","aioseo_head_json":{"title":"Handtuch bedrucken - schnelltrocknend - Mikrofaser - 70x140","description":"Diese leichte Mikrofaserhandtuch ist ideal f\u00fcr deinen aktiven Lebensstil. Ob beim Fitness oder im Freien, es trocknet schnell und l\u00e4sst sich individuell bedrucken, perfekt f\u00fcr Promotionen und Events. Gestalte es mit deinem Logo und setze ein pers\u00f6nliches Statement.","canonical_url":"https:\/\/handdoekinclusieflogo.nl\/de\/wp-json\/wp\/v2\/product\/1146","robots":"max-image-preview:large","keywords":"","webmasterTools":{"google-site-verification":"BBMiYHShnVBoc8v9xoHf0FXMC27otVB0wiWxw_hFRrM","miscellaneous":""},"schema":{"@context":"https:\/\/schema.org","@graph":[{"@type":"BreadcrumbList","@id":"https:\/\/handdoekinclusieflogo.nl\/de\/product\/1146\/handtuch-bedrucken-schnelltrocknend-mikrofaser-70x140\/#breadcrumblist","itemListElement":[{"@type":"ListItem","@id":"https:\/\/handdoekinclusieflogo.nl\/de\/#listItem","position":1,"name":"Home","item":"https:\/\/handdoekinclusieflogo.nl\/de\/","nextItem":{"@type":"ListItem","@id":"https:\/\/handdoekinclusieflogo.nl\/shop\/#listItem","name":"Shop"}},{"@type":"ListItem","@id":"https:\/\/handdoekinclusieflogo.nl\/shop\/#listItem","position":2,"name":"Shop","item":"https:\/\/handdoekinclusieflogo.nl\/shop\/","nextItem":{"@type":"ListItem","@id":"https:\/\/handdoekinclusieflogo.nl\/de\/product-supplier\/a53\/#listItem","name":"A53-Toppoint"},"previousItem":{"@type":"ListItem","@id":"https:\/\/handdoekinclusieflogo.nl\/de\/#listItem","name":"Home"}},{"@type":"ListItem","@id":"https:\/\/handdoekinclusieflogo.nl\/de\/product-supplier\/a53\/#listItem","position":3,"name":"A53-Toppoint","item":"https:\/\/handdoekinclusieflogo.nl\/de\/product-supplier\/a53\/","nextItem":{"@type":"ListItem","@id":"https:\/\/handdoekinclusieflogo.nl\/de\/product\/1146\/handtuch-bedrucken-schnelltrocknend-mikrofaser-70x140\/#listItem","name":"Sneldrogende outdoor handdoek met custom print"},"previousItem":{"@type":"ListItem","@id":"https:\/\/handdoekinclusieflogo.nl\/shop\/#listItem","name":"Shop"}},{"@type":"ListItem","@id":"https:\/\/handdoekinclusieflogo.nl\/de\/product\/1146\/handtuch-bedrucken-schnelltrocknend-mikrofaser-70x140\/#listItem","position":4,"name":"Sneldrogende outdoor handdoek met custom print","previousItem":{"@type":"ListItem","@id":"https:\/\/handdoekinclusieflogo.nl\/de\/product-supplier\/a53\/#listItem","name":"A53-Toppoint"}}]},{"@type":"ItemPage","@id":"https:\/\/handdoekinclusieflogo.nl\/de\/product\/1146\/handtuch-bedrucken-schnelltrocknend-mikrofaser-70x140\/#itempage","url":"https:\/\/handdoekinclusieflogo.nl\/de\/product\/1146\/handtuch-bedrucken-schnelltrocknend-mikrofaser-70x140\/","name":"Handtuch bedrucken - schnelltrocknend - Mikrofaser - 70x140","description":"Diese leichte Mikrofaserhandtuch ist ideal f\u00fcr deinen aktiven Lebensstil. Ob beim Fitness oder im Freien, es trocknet schnell und l\u00e4sst sich individuell bedrucken, perfekt f\u00fcr Promotionen und Events. Gestalte es mit deinem Logo und setze ein pers\u00f6nliches Statement.","inLanguage":"de-DE","isPartOf":{"@id":"https:\/\/handdoekinclusieflogo.nl\/de\/#website"},"breadcrumb":{"@id":"https:\/\/handdoekinclusieflogo.nl\/de\/product\/1146\/handtuch-bedrucken-schnelltrocknend-mikrofaser-70x140\/#breadcrumblist"},"image":{"@type":"ImageObject","url":"https:\/\/shop.hidalgo.nl\/wp-content\/uploads\/2025\/04\/26efe119b1d6d9670419c3ac9a01273ee8117725014ce9cfc82596665982b315.jpg","@id":"https:\/\/handdoekinclusieflogo.nl\/de\/product\/1146\/handtuch-bedrucken-schnelltrocknend-mikrofaser-70x140\/#mainImage"},"primaryImageOfPage":{"@id":"https:\/\/handdoekinclusieflogo.nl\/de\/product\/1146\/handtuch-bedrucken-schnelltrocknend-mikrofaser-70x140\/#mainImage"},"datePublished":"2026-02-02T10:36:20+00:00","dateModified":"2026-02-17T11:59:36+00:00"},{"@type":"Organization","@id":"https:\/\/handdoekinclusieflogo.nl\/de\/#organization","name":"Handdoekeninclusieflogo","url":"https:\/\/handdoekinclusieflogo.nl\/de\/","telephone":"+31793310133","logo":{"@type":"ImageObject","url":"https:\/\/shop.hidalgo.nl\/wp-content\/uploads\/2026\/02\/logo-handdoek.png","@id":"https:\/\/handdoekinclusieflogo.nl\/de\/product\/1146\/handtuch-bedrucken-schnelltrocknend-mikrofaser-70x140\/#organizationLogo","width":600,"height":264},"image":{"@id":"https:\/\/handdoekinclusieflogo.nl\/de\/product\/1146\/handtuch-bedrucken-schnelltrocknend-mikrofaser-70x140\/#organizationLogo"},"sameAs":["https:\/\/www.facebook.com\/hidalgobagsandmore\/","https:\/\/x.com\/Hidalgo_BV","https:\/\/www.instagram.com\/hidalgobagsandmore","https:\/\/www.youtube.com\/@hidalgobagsandmore","https:\/\/linkedin.com\/in\/rutgerblommers"]},{"@type":"WebPage","@id":"https:\/\/handdoekinclusieflogo.nl\/de\/product\/1146\/handtuch-bedrucken-schnelltrocknend-mikrofaser-70x140\/#webpage","url":"https:\/\/handdoekinclusieflogo.nl\/de\/product\/1146\/handtuch-bedrucken-schnelltrocknend-mikrofaser-70x140\/","name":"Handtuch bedrucken - schnelltrocknend - Mikrofaser - 70x140","description":"Diese leichte Mikrofaserhandtuch ist ideal f\u00fcr deinen aktiven Lebensstil. Ob beim Fitness oder im Freien, es trocknet schnell und l\u00e4sst sich individuell bedrucken, perfekt f\u00fcr Promotionen und Events. Gestalte es mit deinem Logo und setze ein pers\u00f6nliches Statement.","inLanguage":"de-DE","isPartOf":{"@id":"https:\/\/handdoekinclusieflogo.nl\/de\/#website"},"breadcrumb":{"@id":"https:\/\/handdoekinclusieflogo.nl\/de\/product\/1146\/handtuch-bedrucken-schnelltrocknend-mikrofaser-70x140\/#breadcrumblist"},"image":{"@type":"ImageObject","url":"https:\/\/shop.hidalgo.nl\/wp-content\/uploads\/2025\/04\/26efe119b1d6d9670419c3ac9a01273ee8117725014ce9cfc82596665982b315.jpg","@id":"https:\/\/handdoekinclusieflogo.nl\/de\/product\/1146\/handtuch-bedrucken-schnelltrocknend-mikrofaser-70x140\/#mainImage"},"primaryImageOfPage":{"@id":"https:\/\/handdoekinclusieflogo.nl\/de\/product\/1146\/handtuch-bedrucken-schnelltrocknend-mikrofaser-70x140\/#mainImage"},"datePublished":"2026-02-02T10:36:20+00:00","dateModified":"2026-02-17T11:59:36+00:00"},{"@type":"WebSite","@id":"https:\/\/handdoekinclusieflogo.nl\/de\/#website","url":"https:\/\/handdoekinclusieflogo.nl\/de\/","name":"Handdoekeninclusieflogo","inLanguage":"de-DE","publisher":{"@id":"https:\/\/handdoekinclusieflogo.nl\/de\/#organization"}}]},"og:locale":"de_DE","og:site_name":"Handdoekeninclusieflogo -","og:type":"article","og:title":"Handtuch bedrucken - schnelltrocknend - Mikrofaser - 70x140","og:description":"Diese leichte Mikrofaserhandtuch ist ideal f\u00fcr deinen aktiven Lebensstil. Ob beim Fitness oder im Freien, es trocknet schnell und l\u00e4sst sich individuell bedrucken, perfekt f\u00fcr Promotionen und Events. Gestalte es mit deinem Logo und setze ein pers\u00f6nliches Statement.","og:url":"https:\/\/handdoekinclusieflogo.nl\/de\/wp-json\/wp\/v2\/product\/1146","og:image":"https:\/\/shop.hidalgo.nl\/wp-content\/uploads\/2026\/02\/cropped-logo-handdoek.png","og:image:secure_url":"https:\/\/shop.hidalgo.nl\/wp-content\/uploads\/2026\/02\/cropped-logo-handdoek.png","article:published_time":"2026-02-02T10:36:20+00:00","article:modified_time":"2026-02-17T11:59:36+00:00","article:publisher":"https:\/\/www.facebook.com\/hidalgobagsandmore\/","twitter:card":"summary_large_image","twitter:site":"@Hidalgo_BV","twitter:title":"Handtuch bedrucken - schnelltrocknend - Mikrofaser - 70x140","twitter:description":"Diese leichte Mikrofaserhandtuch ist ideal f\u00fcr deinen aktiven Lebensstil. Ob beim Fitness oder im Freien, es trocknet schnell und l\u00e4sst sich individuell bedrucken, perfekt f\u00fcr Promotionen und Events. Gestalte es mit deinem Logo und setze ein pers\u00f6nliches Statement.","twitter:image":"https:\/\/shop.hidalgo.nl\/wp-content\/uploads\/2026\/02\/cropped-logo-handdoek.png"},"aioseo_meta_data":{"post_id":"1146","title":null,"description":null,"keywords":null,"keyphrases":null,"primary_term":null,"canonical_url":null,"og_title":null,"og_description":null,"og_object_type":"default","og_image_type":"default","og_image_url":null,"og_image_width":null,"og_image_height":null,"og_image_custom_url":null,"og_image_custom_fields":null,"og_video":null,"og_custom_url":null,"og_article_section":null,"og_article_tags":null,"twitter_use_og":false,"twitter_card":"default","twitter_image_type":"default","twitter_image_url":null,"twitter_image_custom_url":null,"twitter_image_custom_fields":null,"twitter_title":null,"twitter_description":null,"schema":{"blockGraphs":[],"customGraphs":[],"default":{"data":{"Article":[],"Course":[],"Dataset":[],"FAQPage":[],"Movie":[],"Person":[],"Product":[],"ProductReview":[],"Car":[],"Recipe":[],"Service":[],"SoftwareApplication":[],"WebPage":[]},"graphName":"","isEnabled":true},"graphs":[]},"schema_type":"default","schema_type_options":null,"pillar_content":false,"robots_default":true,"robots_noindex":false,"robots_noarchive":false,"robots_nosnippet":false,"robots_nofollow":false,"robots_noimageindex":false,"robots_noodp":false,"robots_notranslate":false,"robots_max_snippet":null,"robots_max_videopreview":null,"robots_max_imagepreview":"large","priority":null,"frequency":null,"local_seo":null,"seo_analyzer_scan_date":"2026-02-10 13:52:24","breadcrumb_settings":null,"limit_modified_date":false,"reviewed_by":null,"open_ai":null,"ai":null,"created":"2026-02-02 10:36:30","updated":"2026-02-17 15:26:06"},"aioseo_breadcrumb":"<div class=\"aioseo-breadcrumbs\"><span class=\"aioseo-breadcrumb\">\n\t<a href=\"https:\/\/handdoekinclusieflogo.nl\/de\/\" title=\"Home\">Home<\/a>\n<\/span><span class=\"aioseo-breadcrumb-separator\">\u00bb<\/span><span class=\"aioseo-breadcrumb\">\n\t<a href=\"https:\/\/handdoekinclusieflogo.nl\/shop\/\" title=\"Shop\">Shop<\/a>\n<\/span><span class=\"aioseo-breadcrumb-separator\">\u00bb<\/span><span class=\"aioseo-breadcrumb\">\n\t<a href=\"https:\/\/handdoekinclusieflogo.nl\/de\/product-supplier\/a53\/\" title=\"A53-Toppoint\">A53-Toppoint<\/a>\n<\/span><span class=\"aioseo-breadcrumb-separator\">\u00bb<\/span><span class=\"aioseo-breadcrumb\">\n\tSneldrogende outdoor handdoek met custom print\n<\/span><\/div>","aioseo_breadcrumb_json":[{"label":"Home","link":"https:\/\/handdoekinclusieflogo.nl\/de\/"},{"label":"Shop","link":"https:\/\/handdoekinclusieflogo.nl\/shop\/"},{"label":"A53-Toppoint","link":"https:\/\/handdoekinclusieflogo.nl\/de\/product-supplier\/a53\/"},{"label":"Sneldrogende outdoor handdoek met custom print","link":"https:\/\/handdoekinclusieflogo.nl\/de\/product\/1146\/handtuch-bedrucken-schnelltrocknend-mikrofaser-70x140\/"}],"_links":{"self":[{"href":"https:\/\/handdoekinclusieflogo.nl\/de\/wp-json\/wp\/v2\/product\/1146","targetHints":{"allow":["GET"]}}],"collection":[{"href":"https:\/\/handdoekinclusieflogo.nl\/de\/wp-json\/wp\/v2\/product"}],"about":[{"href":"https:\/\/handdoekinclusieflogo.nl\/de\/wp-json\/wp\/v2\/types\/product"}],"wp:featuredmedia":[{"embeddable":true,"href":"https:\/\/handdoekinclusieflogo.nl\/de\/wp-json\/wp\/v2\/media\/1147"}],"wp:attachment":[{"href":"https:\/\/handdoekinclusieflogo.nl\/de\/wp-json\/wp\/v2\/media?parent=1146"}],"wp:term":[{"taxonomy":"product_brand","embeddable":true,"href":"https:\/\/handdoekinclusieflogo.nl\/de\/wp-json\/wp\/v2\/product_brand?post=1146"},{"taxonomy":"product_cat","embeddable":true,"href":"https:\/\/handdoekinclusieflogo.nl\/de\/wp-json\/wp\/v2\/product_cat?post=1146"},{"taxonomy":"product_tag","embeddable":true,"href":"https:\/\/handdoekinclusieflogo.nl\/de\/wp-json\/wp\/v2\/product_tag?post=1146"}],"curies":[{"name":"wp","href":"https:\/\/api.w.org\/{rel}","templated":true}]}}