{"id":2188,"date":"2026-02-05T11:05:20","date_gmt":"2026-02-05T11:05:20","guid":{"rendered":"https:\/\/handdoekeninclusieflogo.shop.hidalgo.nl\/ppp-bedingungen\/"},"modified":"2026-02-05T11:07:57","modified_gmt":"2026-02-05T11:07:57","slug":"ppp-bedingungen","status":"publish","type":"page","link":"https:\/\/handdoekinclusieflogo.nl\/de\/ppp-bedingungen\/","title":{"rendered":"PPP Bedingungen"},"content":{"rendered":"<p>Wir sind Mitglied bei PPP. Promotional Products Professionals | PPP ist der einzige Branchenverband f\u00fcr H\u00e4ndler und Lieferanten von Werbeartikeln, Gesch\u00e4fts- und Weihnachtsgeschenken. PPP ist eine professionelle, unabh\u00e4ngige Organisation, die von engagierten Managern aus der Branche gef\u00fchrt wird.   <a href=\"https:\/\/shop.hidalgo.nl\/wp-content\/uploads\/2026\/01\/2024-PPP-Leveringsvoorwaarden-Nederlands-2.pdf\" target=\"_blank\" rel=\"noopener\"><em>F\u00fcr die Bedingungen klicken Sie hier.<\/em><\/a><\/p>\n<p><a title=\"PPP Bedingungen\" href=\"https:\/\/shop.hidalgo.nl\/wp-content\/uploads\/2026\/01\/126_PPP-Code-of-Conduct-NL_invul.pdf\" target=\"_blank\" rel=\"noopener sponsored\">Um den Verhaltenskodex einzusehen, klicken Sie hier.<\/a><\/p>\n","protected":false},"excerpt":{"rendered":"<p>Wir sind Mitglied bei PPP. Promotional Products Professionals | PPP ist der einzige Branchenverband f\u00fcr H\u00e4ndler und Lieferanten von Werbeartikeln, Gesch\u00e4fts- und Weihnachtsgeschenken. PPP ist eine professionelle, unabh\u00e4ngige Organisation, die von engagierten Managern aus der Branche gef\u00fchrt wird. F\u00fcr die Bedingungen klicken Sie hier. Um den Verhaltenskodex einzusehen, klicken Sie hier.<\/p>\n","protected":false},"author":6,"featured_media":0,"parent":0,"menu_order":0,"comment_status":"closed","ping_status":"closed","template":"","meta":{"_acf_changed":false,"om_disable_all_campaigns":false,"_monsterinsights_skip_tracking":false,"_monsterinsights_sitenote_active":false,"_monsterinsights_sitenote_note":"","_monsterinsights_sitenote_category":0,"_uf_show_specific_survey":0,"_uf_disable_surveys":false,"footnotes":""},"class_list":["post-2188","page","type-page","status-publish","hentry","entry"],"acf":[],"aioseo_notices":[],"aioseo_head":"\n\t\t<!-- All in One SEO Pro 4.9.6.1 - aioseo.com -->\n\t<meta name=\"description\" content=\"Wir sind Mitglied bei PPP. Promotional Products Professionals | PPP ist der einzige Branchenverband f\u00fcr H\u00e4ndler und Lieferanten von Werbeartikeln, Gesch\u00e4fts- und Weihnachtsgeschenken. PPP ist eine professionelle, unabh\u00e4ngige Organisation, die von engagierten Managern aus der Branche gef\u00fchrt wird. F\u00fcr die Bedingungen klicken Sie hier. Um den Verhaltenskodex einzusehen, klicken Sie hier.\" \/>\n\t<meta name=\"robots\" content=\"max-image-preview:large\" \/>\n\t<meta name=\"google-site-verification\" content=\"BBMiYHShnVBoc8v9xoHf0FXMC27otVB0wiWxw_hFRrM\" \/>\n\t<link rel=\"canonical\" href=\"https:\/\/handdoekinclusieflogo.nl\/de\/wp-json\/wp\/v2\/pages\/2188\" \/>\n\t<meta name=\"generator\" content=\"All in One SEO Pro (AIOSEO) 4.9.6.1\" \/>\n\t\t<meta property=\"og:locale\" content=\"de_DE\" \/>\n\t\t<meta property=\"og:site_name\" content=\"Handdoekeninclusieflogo -\" \/>\n\t\t<meta property=\"og:type\" content=\"article\" \/>\n\t\t<meta property=\"og:title\" content=\"PPP Bedingungen - Handdoekeninclusieflogo\" \/>\n\t\t<meta property=\"og:description\" content=\"Wir sind Mitglied bei PPP. Promotional Products Professionals | PPP ist der einzige Branchenverband f\u00fcr H\u00e4ndler und Lieferanten von Werbeartikeln, Gesch\u00e4fts- und Weihnachtsgeschenken. PPP ist eine professionelle, unabh\u00e4ngige Organisation, die von engagierten Managern aus der Branche gef\u00fchrt wird. F\u00fcr die Bedingungen klicken Sie hier. Um den Verhaltenskodex einzusehen, klicken Sie hier.\" \/>\n\t\t<meta property=\"og:url\" content=\"https:\/\/handdoekinclusieflogo.nl\/de\/wp-json\/wp\/v2\/pages\/2188\" \/>\n\t\t<meta property=\"og:image\" content=\"https:\/\/shop.hidalgo.nl\/wp-content\/uploads\/2026\/02\/cropped-logo-handdoek.png\" \/>\n\t\t<meta property=\"og:image:secure_url\" content=\"https:\/\/shop.hidalgo.nl\/wp-content\/uploads\/2026\/02\/cropped-logo-handdoek.png\" \/>\n\t\t<meta property=\"article:published_time\" content=\"2026-02-05T11:05:20+00:00\" \/>\n\t\t<meta property=\"article:modified_time\" content=\"2026-02-05T11:07:57+00:00\" \/>\n\t\t<meta property=\"article:publisher\" content=\"https:\/\/www.facebook.com\/hidalgobagsandmore\/\" \/>\n\t\t<meta name=\"twitter:card\" content=\"summary_large_image\" \/>\n\t\t<meta name=\"twitter:site\" content=\"@Hidalgo_BV\" \/>\n\t\t<meta name=\"twitter:title\" content=\"PPP Bedingungen - Handdoekeninclusieflogo\" \/>\n\t\t<meta name=\"twitter:description\" content=\"Wir sind Mitglied bei PPP. Promotional Products Professionals | PPP ist der einzige Branchenverband f\u00fcr H\u00e4ndler und Lieferanten von Werbeartikeln, Gesch\u00e4fts- und Weihnachtsgeschenken. PPP ist eine professionelle, unabh\u00e4ngige Organisation, die von engagierten Managern aus der Branche gef\u00fchrt wird. F\u00fcr die Bedingungen klicken Sie hier. Um den Verhaltenskodex einzusehen, klicken Sie hier.\" \/>\n\t\t<meta name=\"twitter:creator\" content=\"@Hidalgo_BV\" \/>\n\t\t<meta name=\"twitter:image\" content=\"https:\/\/shop.hidalgo.nl\/wp-content\/uploads\/2026\/02\/cropped-logo-handdoek.png\" \/>\n\t\t<script type=\"application\/ld+json\" class=\"aioseo-schema\">\n\t\t\t{\"@context\":\"https:\\\/\\\/schema.org\",\"@graph\":[{\"@type\":\"BreadcrumbList\",\"@id\":\"https:\\\/\\\/handdoekinclusieflogo.nl\\\/de\\\/ppp-bedingungen\\\/#breadcrumblist\",\"itemListElement\":[{\"@type\":\"ListItem\",\"@id\":\"https:\\\/\\\/handdoekinclusieflogo.nl\\\/de\\\/#listItem\",\"position\":1,\"name\":\"Home\",\"item\":\"https:\\\/\\\/handdoekinclusieflogo.nl\\\/de\\\/\",\"nextItem\":{\"@type\":\"ListItem\",\"@id\":\"https:\\\/\\\/handdoekinclusieflogo.nl\\\/de\\\/ppp-bedingungen\\\/#listItem\",\"name\":\"PPP Bedingungen\"}},{\"@type\":\"ListItem\",\"@id\":\"https:\\\/\\\/handdoekinclusieflogo.nl\\\/de\\\/ppp-bedingungen\\\/#listItem\",\"position\":2,\"name\":\"PPP Bedingungen\",\"previousItem\":{\"@type\":\"ListItem\",\"@id\":\"https:\\\/\\\/handdoekinclusieflogo.nl\\\/de\\\/#listItem\",\"name\":\"Home\"}}]},{\"@type\":\"Organization\",\"@id\":\"https:\\\/\\\/handdoekinclusieflogo.nl\\\/de\\\/#organization\",\"name\":\"Handdoekeninclusieflogo\",\"url\":\"https:\\\/\\\/handdoekinclusieflogo.nl\\\/de\\\/\",\"telephone\":\"+31793310133\",\"logo\":{\"@type\":\"ImageObject\",\"url\":\"https:\\\/\\\/shop.hidalgo.nl\\\/wp-content\\\/uploads\\\/2026\\\/02\\\/logo-handdoek.png\",\"@id\":\"https:\\\/\\\/handdoekinclusieflogo.nl\\\/de\\\/ppp-bedingungen\\\/#organizationLogo\",\"width\":600,\"height\":264},\"image\":{\"@id\":\"https:\\\/\\\/handdoekinclusieflogo.nl\\\/de\\\/ppp-bedingungen\\\/#organizationLogo\"},\"sameAs\":[\"https:\\\/\\\/www.facebook.com\\\/hidalgobagsandmore\\\/\",\"https:\\\/\\\/x.com\\\/Hidalgo_BV\",\"https:\\\/\\\/www.instagram.com\\\/hidalgobagsandmore\",\"https:\\\/\\\/www.youtube.com\\\/@hidalgobagsandmore\",\"https:\\\/\\\/linkedin.com\\\/in\\\/rutgerblommers\"]},{\"@type\":\"WebPage\",\"@id\":\"https:\\\/\\\/handdoekinclusieflogo.nl\\\/de\\\/ppp-bedingungen\\\/#webpage\",\"url\":\"https:\\\/\\\/handdoekinclusieflogo.nl\\\/de\\\/ppp-bedingungen\\\/\",\"name\":\"PPP Bedingungen - Handdoekeninclusieflogo\",\"description\":\"Wir sind Mitglied bei PPP. Promotional Products Professionals | PPP ist der einzige Branchenverband f\\u00fcr H\\u00e4ndler und Lieferanten von Werbeartikeln, Gesch\\u00e4fts- und Weihnachtsgeschenken. PPP ist eine professionelle, unabh\\u00e4ngige Organisation, die von engagierten Managern aus der Branche gef\\u00fchrt wird. F\\u00fcr die Bedingungen klicken Sie hier. Um den Verhaltenskodex einzusehen, klicken Sie hier.\",\"inLanguage\":\"de-DE\",\"isPartOf\":{\"@id\":\"https:\\\/\\\/handdoekinclusieflogo.nl\\\/de\\\/#website\"},\"breadcrumb\":{\"@id\":\"https:\\\/\\\/handdoekinclusieflogo.nl\\\/de\\\/ppp-bedingungen\\\/#breadcrumblist\"},\"datePublished\":\"2026-02-05T11:05:20+00:00\",\"dateModified\":\"2026-02-05T11:07:57+00:00\"},{\"@type\":\"WebSite\",\"@id\":\"https:\\\/\\\/handdoekinclusieflogo.nl\\\/de\\\/#website\",\"url\":\"https:\\\/\\\/handdoekinclusieflogo.nl\\\/de\\\/\",\"name\":\"Handdoekeninclusieflogo\",\"inLanguage\":\"de-DE\",\"publisher\":{\"@id\":\"https:\\\/\\\/handdoekinclusieflogo.nl\\\/de\\\/#organization\"}}]}\n\t\t<\/script>\n\t\t<!-- All in One SEO Pro -->\r\n\t\t<title>PPP Bedingungen - Handdoekeninclusieflogo<\/title>\n\n","aioseo_head_json":{"title":"PPP Bedingungen - Handdoekeninclusieflogo","description":"Wir sind Mitglied bei PPP. Promotional Products Professionals | PPP ist der einzige Branchenverband f\u00fcr H\u00e4ndler und Lieferanten von Werbeartikeln, Gesch\u00e4fts- und Weihnachtsgeschenken. PPP ist eine professionelle, unabh\u00e4ngige Organisation, die von engagierten Managern aus der Branche gef\u00fchrt wird. F\u00fcr die Bedingungen klicken Sie hier. Um den Verhaltenskodex einzusehen, klicken Sie hier.","canonical_url":"https:\/\/handdoekinclusieflogo.nl\/de\/wp-json\/wp\/v2\/pages\/2188","robots":"max-image-preview:large","keywords":"","webmasterTools":{"google-site-verification":"BBMiYHShnVBoc8v9xoHf0FXMC27otVB0wiWxw_hFRrM","miscellaneous":""},"schema":{"@context":"https:\/\/schema.org","@graph":[{"@type":"BreadcrumbList","@id":"https:\/\/handdoekinclusieflogo.nl\/de\/ppp-bedingungen\/#breadcrumblist","itemListElement":[{"@type":"ListItem","@id":"https:\/\/handdoekinclusieflogo.nl\/de\/#listItem","position":1,"name":"Home","item":"https:\/\/handdoekinclusieflogo.nl\/de\/","nextItem":{"@type":"ListItem","@id":"https:\/\/handdoekinclusieflogo.nl\/de\/ppp-bedingungen\/#listItem","name":"PPP Bedingungen"}},{"@type":"ListItem","@id":"https:\/\/handdoekinclusieflogo.nl\/de\/ppp-bedingungen\/#listItem","position":2,"name":"PPP Bedingungen","previousItem":{"@type":"ListItem","@id":"https:\/\/handdoekinclusieflogo.nl\/de\/#listItem","name":"Home"}}]},{"@type":"Organization","@id":"https:\/\/handdoekinclusieflogo.nl\/de\/#organization","name":"Handdoekeninclusieflogo","url":"https:\/\/handdoekinclusieflogo.nl\/de\/","telephone":"+31793310133","logo":{"@type":"ImageObject","url":"https:\/\/shop.hidalgo.nl\/wp-content\/uploads\/2026\/02\/logo-handdoek.png","@id":"https:\/\/handdoekinclusieflogo.nl\/de\/ppp-bedingungen\/#organizationLogo","width":600,"height":264},"image":{"@id":"https:\/\/handdoekinclusieflogo.nl\/de\/ppp-bedingungen\/#organizationLogo"},"sameAs":["https:\/\/www.facebook.com\/hidalgobagsandmore\/","https:\/\/x.com\/Hidalgo_BV","https:\/\/www.instagram.com\/hidalgobagsandmore","https:\/\/www.youtube.com\/@hidalgobagsandmore","https:\/\/linkedin.com\/in\/rutgerblommers"]},{"@type":"WebPage","@id":"https:\/\/handdoekinclusieflogo.nl\/de\/ppp-bedingungen\/#webpage","url":"https:\/\/handdoekinclusieflogo.nl\/de\/ppp-bedingungen\/","name":"PPP Bedingungen - Handdoekeninclusieflogo","description":"Wir sind Mitglied bei PPP. Promotional Products Professionals | PPP ist der einzige Branchenverband f\u00fcr H\u00e4ndler und Lieferanten von Werbeartikeln, Gesch\u00e4fts- und Weihnachtsgeschenken. PPP ist eine professionelle, unabh\u00e4ngige Organisation, die von engagierten Managern aus der Branche gef\u00fchrt wird. F\u00fcr die Bedingungen klicken Sie hier. Um den Verhaltenskodex einzusehen, klicken Sie hier.","inLanguage":"de-DE","isPartOf":{"@id":"https:\/\/handdoekinclusieflogo.nl\/de\/#website"},"breadcrumb":{"@id":"https:\/\/handdoekinclusieflogo.nl\/de\/ppp-bedingungen\/#breadcrumblist"},"datePublished":"2026-02-05T11:05:20+00:00","dateModified":"2026-02-05T11:07:57+00:00"},{"@type":"WebSite","@id":"https:\/\/handdoekinclusieflogo.nl\/de\/#website","url":"https:\/\/handdoekinclusieflogo.nl\/de\/","name":"Handdoekeninclusieflogo","inLanguage":"de-DE","publisher":{"@id":"https:\/\/handdoekinclusieflogo.nl\/de\/#organization"}}]},"og:locale":"de_DE","og:site_name":"Handdoekeninclusieflogo -","og:type":"article","og:title":"PPP Bedingungen - Handdoekeninclusieflogo","og:description":"Wir sind Mitglied bei PPP. Promotional Products Professionals | PPP ist der einzige Branchenverband f\u00fcr H\u00e4ndler und Lieferanten von Werbeartikeln, Gesch\u00e4fts- und Weihnachtsgeschenken. PPP ist eine professionelle, unabh\u00e4ngige Organisation, die von engagierten Managern aus der Branche gef\u00fchrt wird. F\u00fcr die Bedingungen klicken Sie hier. Um den Verhaltenskodex einzusehen, klicken Sie hier.","og:url":"https:\/\/handdoekinclusieflogo.nl\/de\/wp-json\/wp\/v2\/pages\/2188","og:image":"https:\/\/shop.hidalgo.nl\/wp-content\/uploads\/2026\/02\/cropped-logo-handdoek.png","og:image:secure_url":"https:\/\/shop.hidalgo.nl\/wp-content\/uploads\/2026\/02\/cropped-logo-handdoek.png","article:published_time":"2026-02-05T11:05:20+00:00","article:modified_time":"2026-02-05T11:07:57+00:00","article:publisher":"https:\/\/www.facebook.com\/hidalgobagsandmore\/","twitter:card":"summary_large_image","twitter:site":"@Hidalgo_BV","twitter:title":"PPP Bedingungen - Handdoekeninclusieflogo","twitter:description":"Wir sind Mitglied bei PPP. Promotional Products Professionals | PPP ist der einzige Branchenverband f\u00fcr H\u00e4ndler und Lieferanten von Werbeartikeln, Gesch\u00e4fts- und Weihnachtsgeschenken. PPP ist eine professionelle, unabh\u00e4ngige Organisation, die von engagierten Managern aus der Branche gef\u00fchrt wird. F\u00fcr die Bedingungen klicken Sie hier. Um den Verhaltenskodex einzusehen, klicken Sie hier.","twitter:creator":"@Hidalgo_BV","twitter:image":"https:\/\/shop.hidalgo.nl\/wp-content\/uploads\/2026\/02\/cropped-logo-handdoek.png"},"aioseo_meta_data":{"post_id":"2188","title":null,"description":null,"keywords":null,"keyphrases":{"focus":{"keyphrase":"","score":0,"analysis":{"keyphraseInTitle":{"score":0,"maxScore":9,"error":1}}},"additional":[]},"primary_term":null,"canonical_url":null,"og_title":null,"og_description":null,"og_object_type":"default","og_image_type":"default","og_image_url":null,"og_image_width":null,"og_image_height":null,"og_image_custom_url":null,"og_image_custom_fields":null,"og_video":"","og_custom_url":null,"og_article_section":null,"og_article_tags":null,"twitter_use_og":false,"twitter_card":"default","twitter_image_type":"default","twitter_image_url":null,"twitter_image_custom_url":null,"twitter_image_custom_fields":null,"twitter_title":null,"twitter_description":null,"schema":{"blockGraphs":[],"customGraphs":[],"default":{"data":{"Article":[],"Course":[],"Dataset":[],"FAQPage":[],"Movie":[],"Person":[],"Product":[],"ProductReview":[],"Car":[],"Recipe":[],"Service":[],"SoftwareApplication":[],"WebPage":[]},"graphName":"WebPage","isEnabled":true},"graphs":[]},"schema_type":"default","schema_type_options":null,"pillar_content":false,"robots_default":true,"robots_noindex":false,"robots_noarchive":false,"robots_nosnippet":false,"robots_nofollow":false,"robots_noimageindex":false,"robots_noodp":false,"robots_notranslate":false,"robots_max_snippet":"-1","robots_max_videopreview":"-1","robots_max_imagepreview":"large","priority":null,"frequency":"default","local_seo":null,"seo_analyzer_scan_date":"2026-02-05 11:12:07","breadcrumb_settings":null,"limit_modified_date":false,"reviewed_by":"0","open_ai":null,"ai":{"faqs":[],"keyPoints":[],"titles":[],"descriptions":[],"socialPosts":{"email":[],"linkedin":[],"twitter":[],"facebook":[],"instagram":[]}},"created":"2026-02-05 11:07:57","updated":"2026-02-06 08:42:47"},"aioseo_breadcrumb":"<div class=\"aioseo-breadcrumbs\"><span class=\"aioseo-breadcrumb\">\n\t<a href=\"https:\/\/handdoekinclusieflogo.nl\/de\/\" title=\"Home\">Home<\/a>\n<\/span><span class=\"aioseo-breadcrumb-separator\">\u00bb<\/span><span class=\"aioseo-breadcrumb\">\n\tPPP Bedingungen\n<\/span><\/div>","aioseo_breadcrumb_json":[{"label":"Home","link":"https:\/\/handdoekinclusieflogo.nl\/de\/"},{"label":"PPP Bedingungen","link":"https:\/\/handdoekinclusieflogo.nl\/de\/ppp-bedingungen\/"}],"_links":{"self":[{"href":"https:\/\/handdoekinclusieflogo.nl\/de\/wp-json\/wp\/v2\/pages\/2188","targetHints":{"allow":["GET"]}}],"collection":[{"href":"https:\/\/handdoekinclusieflogo.nl\/de\/wp-json\/wp\/v2\/pages"}],"about":[{"href":"https:\/\/handdoekinclusieflogo.nl\/de\/wp-json\/wp\/v2\/types\/page"}],"author":[{"embeddable":true,"href":"https:\/\/handdoekinclusieflogo.nl\/de\/wp-json\/wp\/v2\/users\/6"}],"replies":[{"embeddable":true,"href":"https:\/\/handdoekinclusieflogo.nl\/de\/wp-json\/wp\/v2\/comments?post=2188"}],"version-history":[{"count":1,"href":"https:\/\/handdoekinclusieflogo.nl\/de\/wp-json\/wp\/v2\/pages\/2188\/revisions"}],"predecessor-version":[{"id":2189,"href":"https:\/\/handdoekinclusieflogo.nl\/de\/wp-json\/wp\/v2\/pages\/2188\/revisions\/2189"}],"wp:attachment":[{"href":"https:\/\/handdoekinclusieflogo.nl\/de\/wp-json\/wp\/v2\/media?parent=2188"}],"curies":[{"name":"wp","href":"https:\/\/api.w.org\/{rel}","templated":true}]}}